{"id":859,"date":"2019-05-22T20:19:02","date_gmt":"2019-05-22T18:19:02","guid":{"rendered":"https:\/\/new.fxware.pl\/produkt\/sd-zoner-4-copy\/"},"modified":"2024-01-19T21:59:30","modified_gmt":"2024-01-19T20:59:30","slug":"sd-zoner-4-upgrade","status":"publish","type":"product","link":"https:\/\/new.fxware.pl\/pl\/produkt\/sd-zoner-4-upgrade\/","title":{"rendered":"SD Zoner 4 Upgrade"},"content":{"rendered":"<p>Najnowsza wersja wska\u017anika do wyznaczania stref popytu i poda\u017cy.<\/p>\n<ul>\n<li>automatyczne rysowanie stref<\/li>\n<li>alerty na kom\u00f3rk\u0119 i e&#8217;mail<\/li>\n<li>wygoda i elastyczno\u015b\u0107 konfiguracji<\/li>\n<\/ul>\n","protected":false},"excerpt":{"rendered":"<p>Aktualizacja do najnowszej wersji wska\u017anika do wyznaczania stref popytu i poda\u017cy z Wizardem do automatycznego rysowania stref na wielu TF.<\/p>\n<p>Ta aktualizacja jest dla posiadaczy starszej wersji lub wersji na jedn\u0105 platform\u0119 lub na rachunek. Jej wykupienie rozszerza licencj\u0119 do najnowszej wersji na nazwisko i na obie platformy MT4 + MT5 jednocze\u015bnie.<\/p>\n<p>Opis produktu:\u00a0<a href=\"https:\/\/new.fxware.pl\/sd-zoner\/\" target=\"_blank\" rel=\"noopener noreferrer\">SD Zoner 4<\/a><\/p>\n<p>Podaj dane swojej obecnej licencji i zobacz mo\u017cliwe opcje aktualizacji.<\/p>\n","protected":false},"featured_media":1089,"template":"","meta":{"inline_featured_image":false},"product_brand":[],"product_cat":[43],"product_tag":[46,23,24,22],"class_list":{"0":"post-859","1":"product","2":"type-product","3":"status-publish","4":"has-post-thumbnail","6":"product_cat-aktualizacje-i-dodatki","7":"product_tag-mmd","8":"product_tag-mt4","9":"product_tag-mt5","10":"product_tag-wskaznik","11":"wcpa_has_options","13":"first","14":"instock","15":"virtual","16":"sold-individually","17":"taxable","18":"purchasable","19":"product-type-simple"},"yoast_head":"<!-- This site is optimized with the Yoast SEO plugin v27.3 - https:\/\/yoast.com\/product\/yoast-seo-wordpress\/ -->\n<title>SD Zoner 4 Upgrade - FXWare<\/title>\n<meta name=\"robots\" content=\"index, follow, max-snippet:-1, max-image-preview:large, max-video-preview:-1\" \/>\n<link rel=\"canonical\" href=\"https:\/\/new.fxware.pl\/pl\/produkt\/sd-zoner-4-upgrade\/\" \/>\n<meta property=\"og:locale\" content=\"pl_PL\" \/>\n<meta property=\"og:type\" content=\"article\" \/>\n<meta property=\"og:title\" content=\"SD Zoner 4 Upgrade - FXWare\" \/>\n<meta property=\"og:description\" content=\"Aktualizacja do najnowszej wersji wska\u017anika do wyznaczania stref popytu i poda\u017cy z Wizardem do automatycznego rysowania stref na wielu TF.  Ta aktualizacja jest dla posiadaczy starszej wersji lub wersji na jedn\u0105 platform\u0119 lub na rachunek. Jej wykupienie rozszerza licencj\u0119 do najnowszej wersji na nazwisko i na obie platformy MT4 + MT5 jednocze\u015bnie.  Opis produktu:\u00a0SD Zoner 4  Podaj dane swojej obecnej licencji i zobacz mo\u017cliwe opcje aktualizacji.\" \/>\n<meta property=\"og:url\" content=\"https:\/\/new.fxware.pl\/pl\/produkt\/sd-zoner-4-upgrade\/\" \/>\n<meta property=\"og:site_name\" content=\"FXWare\" \/>\n<meta property=\"article:publisher\" content=\"https:\/\/facebook.com\/fxwarepl\/\" \/>\n<meta property=\"article:modified_time\" content=\"2024-01-19T20:59:30+00:00\" \/>\n<meta property=\"og:image\" content=\"https:\/\/new.fxware.pl\/wp-content\/uploads\/2019\/05\/Artboard-4-product.png\" \/>\n\t<meta property=\"og:image:width\" content=\"648\" \/>\n\t<meta property=\"og:image:height\" content=\"648\" \/>\n\t<meta property=\"og:image:type\" content=\"image\/png\" \/>\n<meta name=\"twitter:card\" content=\"summary_large_image\" \/>\n<script type=\"application\/ld+json\" class=\"yoast-schema-graph\">{\"@context\":\"https:\\\/\\\/schema.org\",\"@graph\":[{\"@type\":\"WebPage\",\"@id\":\"https:\\\/\\\/new.fxware.pl\\\/produkt\\\/sd-zoner-4-upgrade\\\/\",\"url\":\"https:\\\/\\\/new.fxware.pl\\\/produkt\\\/sd-zoner-4-upgrade\\\/\",\"name\":\"SD Zoner 4 Upgrade - FXWare\",\"isPartOf\":{\"@id\":\"https:\\\/\\\/new.fxware.pl\\\/en\\\/#website\"},\"primaryImageOfPage\":{\"@id\":\"https:\\\/\\\/new.fxware.pl\\\/produkt\\\/sd-zoner-4-upgrade\\\/#primaryimage\"},\"image\":{\"@id\":\"https:\\\/\\\/new.fxware.pl\\\/produkt\\\/sd-zoner-4-upgrade\\\/#primaryimage\"},\"thumbnailUrl\":\"https:\\\/\\\/new.fxware.pl\\\/wp-content\\\/uploads\\\/2019\\\/05\\\/Artboard-4-product.png\",\"datePublished\":\"2019-05-22T18:19:02+00:00\",\"dateModified\":\"2024-01-19T20:59:30+00:00\",\"breadcrumb\":{\"@id\":\"https:\\\/\\\/new.fxware.pl\\\/produkt\\\/sd-zoner-4-upgrade\\\/#breadcrumb\"},\"inLanguage\":\"pl-PL\",\"potentialAction\":[{\"@type\":\"ReadAction\",\"target\":[\"https:\\\/\\\/new.fxware.pl\\\/produkt\\\/sd-zoner-4-upgrade\\\/\"]}]},{\"@type\":\"ImageObject\",\"inLanguage\":\"pl-PL\",\"@id\":\"https:\\\/\\\/new.fxware.pl\\\/produkt\\\/sd-zoner-4-upgrade\\\/#primaryimage\",\"url\":\"https:\\\/\\\/new.fxware.pl\\\/wp-content\\\/uploads\\\/2019\\\/05\\\/Artboard-4-product.png\",\"contentUrl\":\"https:\\\/\\\/new.fxware.pl\\\/wp-content\\\/uploads\\\/2019\\\/05\\\/Artboard-4-product.png\",\"width\":648,\"height\":648},{\"@type\":\"BreadcrumbList\",\"@id\":\"https:\\\/\\\/new.fxware.pl\\\/produkt\\\/sd-zoner-4-upgrade\\\/#breadcrumb\",\"itemListElement\":[{\"@type\":\"ListItem\",\"position\":1,\"name\":\"Strona g\u0142\u00f3wna\",\"item\":\"https:\\\/\\\/new.fxware.pl\\\/\"},{\"@type\":\"ListItem\",\"position\":2,\"name\":\"Sklep\",\"item\":\"https:\\\/\\\/new.fxware.pl\\\/pl\\\/sklep\\\/\"},{\"@type\":\"ListItem\",\"position\":3,\"name\":\"SD Zoner 4 Upgrade\"}]},{\"@type\":\"WebSite\",\"@id\":\"https:\\\/\\\/new.fxware.pl\\\/en\\\/#website\",\"url\":\"https:\\\/\\\/new.fxware.pl\\\/en\\\/\",\"name\":\"FXWare\",\"description\":\"Rozwi\u0105zania dla Trader\u00f3w\",\"publisher\":{\"@id\":\"https:\\\/\\\/new.fxware.pl\\\/en\\\/#organization\"},\"potentialAction\":[{\"@type\":\"SearchAction\",\"target\":{\"@type\":\"EntryPoint\",\"urlTemplate\":\"https:\\\/\\\/new.fxware.pl\\\/en\\\/?s={search_term_string}\"},\"query-input\":{\"@type\":\"PropertyValueSpecification\",\"valueRequired\":true,\"valueName\":\"search_term_string\"}}],\"inLanguage\":\"pl-PL\"},{\"@type\":\"Organization\",\"@id\":\"https:\\\/\\\/new.fxware.pl\\\/en\\\/#organization\",\"name\":\"FXWare - Rozwi\u0105zania Dla Inwestor\u00f3w\",\"url\":\"https:\\\/\\\/new.fxware.pl\\\/en\\\/\",\"logo\":{\"@type\":\"ImageObject\",\"inLanguage\":\"pl-PL\",\"@id\":\"https:\\\/\\\/new.fxware.pl\\\/en\\\/#\\\/schema\\\/logo\\\/image\\\/\",\"url\":\"https:\\\/\\\/new.fxware.pl\\\/wp-content\\\/uploads\\\/2019\\\/07\\\/logo-ciemne-6-kwadrat-1024x1024.png\",\"contentUrl\":\"https:\\\/\\\/new.fxware.pl\\\/wp-content\\\/uploads\\\/2019\\\/07\\\/logo-ciemne-6-kwadrat-1024x1024.png\",\"width\":1024,\"height\":1024,\"caption\":\"FXWare - Rozwi\u0105zania Dla Inwestor\u00f3w\"},\"image\":{\"@id\":\"https:\\\/\\\/new.fxware.pl\\\/en\\\/#\\\/schema\\\/logo\\\/image\\\/\"},\"sameAs\":[\"https:\\\/\\\/facebook.com\\\/fxwarepl\\\/\",\"https:\\\/\\\/www.youtube.com\\\/channel\\\/UC8dWK9a2okrHo4Lu3x2H8pA\",\"https:\\\/\\\/instagram.com\\\/fxwarepl\"]}]}<\/script>\n<!-- \/ Yoast SEO plugin. -->","yoast_head_json":{"title":"SD Zoner 4 Upgrade - FXWare","robots":{"index":"index","follow":"follow","max-snippet":"max-snippet:-1","max-image-preview":"max-image-preview:large","max-video-preview":"max-video-preview:-1"},"canonical":"https:\/\/new.fxware.pl\/pl\/produkt\/sd-zoner-4-upgrade\/","og_locale":"pl_PL","og_type":"article","og_title":"SD Zoner 4 Upgrade - FXWare","og_description":"Aktualizacja do najnowszej wersji wska\u017anika do wyznaczania stref popytu i poda\u017cy z Wizardem do automatycznego rysowania stref na wielu TF.  Ta aktualizacja jest dla posiadaczy starszej wersji lub wersji na jedn\u0105 platform\u0119 lub na rachunek. Jej wykupienie rozszerza licencj\u0119 do najnowszej wersji na nazwisko i na obie platformy MT4 + MT5 jednocze\u015bnie.  Opis produktu:\u00a0SD Zoner 4  Podaj dane swojej obecnej licencji i zobacz mo\u017cliwe opcje aktualizacji.","og_url":"https:\/\/new.fxware.pl\/pl\/produkt\/sd-zoner-4-upgrade\/","og_site_name":"FXWare","article_publisher":"https:\/\/facebook.com\/fxwarepl\/","article_modified_time":"2024-01-19T20:59:30+00:00","og_image":[{"width":648,"height":648,"url":"https:\/\/new.fxware.pl\/wp-content\/uploads\/2019\/05\/Artboard-4-product.png","type":"image\/png"}],"twitter_card":"summary_large_image","schema":{"@context":"https:\/\/schema.org","@graph":[{"@type":"WebPage","@id":"https:\/\/new.fxware.pl\/produkt\/sd-zoner-4-upgrade\/","url":"https:\/\/new.fxware.pl\/produkt\/sd-zoner-4-upgrade\/","name":"SD Zoner 4 Upgrade - FXWare","isPartOf":{"@id":"https:\/\/new.fxware.pl\/en\/#website"},"primaryImageOfPage":{"@id":"https:\/\/new.fxware.pl\/produkt\/sd-zoner-4-upgrade\/#primaryimage"},"image":{"@id":"https:\/\/new.fxware.pl\/produkt\/sd-zoner-4-upgrade\/#primaryimage"},"thumbnailUrl":"https:\/\/new.fxware.pl\/wp-content\/uploads\/2019\/05\/Artboard-4-product.png","datePublished":"2019-05-22T18:19:02+00:00","dateModified":"2024-01-19T20:59:30+00:00","breadcrumb":{"@id":"https:\/\/new.fxware.pl\/produkt\/sd-zoner-4-upgrade\/#breadcrumb"},"inLanguage":"pl-PL","potentialAction":[{"@type":"ReadAction","target":["https:\/\/new.fxware.pl\/produkt\/sd-zoner-4-upgrade\/"]}]},{"@type":"ImageObject","inLanguage":"pl-PL","@id":"https:\/\/new.fxware.pl\/produkt\/sd-zoner-4-upgrade\/#primaryimage","url":"https:\/\/new.fxware.pl\/wp-content\/uploads\/2019\/05\/Artboard-4-product.png","contentUrl":"https:\/\/new.fxware.pl\/wp-content\/uploads\/2019\/05\/Artboard-4-product.png","width":648,"height":648},{"@type":"BreadcrumbList","@id":"https:\/\/new.fxware.pl\/produkt\/sd-zoner-4-upgrade\/#breadcrumb","itemListElement":[{"@type":"ListItem","position":1,"name":"Strona g\u0142\u00f3wna","item":"https:\/\/new.fxware.pl\/"},{"@type":"ListItem","position":2,"name":"Sklep","item":"https:\/\/new.fxware.pl\/pl\/sklep\/"},{"@type":"ListItem","position":3,"name":"SD Zoner 4 Upgrade"}]},{"@type":"WebSite","@id":"https:\/\/new.fxware.pl\/en\/#website","url":"https:\/\/new.fxware.pl\/en\/","name":"FXWare","description":"Rozwi\u0105zania dla Trader\u00f3w","publisher":{"@id":"https:\/\/new.fxware.pl\/en\/#organization"},"potentialAction":[{"@type":"SearchAction","target":{"@type":"EntryPoint","urlTemplate":"https:\/\/new.fxware.pl\/en\/?s={search_term_string}"},"query-input":{"@type":"PropertyValueSpecification","valueRequired":true,"valueName":"search_term_string"}}],"inLanguage":"pl-PL"},{"@type":"Organization","@id":"https:\/\/new.fxware.pl\/en\/#organization","name":"FXWare - Rozwi\u0105zania Dla Inwestor\u00f3w","url":"https:\/\/new.fxware.pl\/en\/","logo":{"@type":"ImageObject","inLanguage":"pl-PL","@id":"https:\/\/new.fxware.pl\/en\/#\/schema\/logo\/image\/","url":"https:\/\/new.fxware.pl\/wp-content\/uploads\/2019\/07\/logo-ciemne-6-kwadrat-1024x1024.png","contentUrl":"https:\/\/new.fxware.pl\/wp-content\/uploads\/2019\/07\/logo-ciemne-6-kwadrat-1024x1024.png","width":1024,"height":1024,"caption":"FXWare - Rozwi\u0105zania Dla Inwestor\u00f3w"},"image":{"@id":"https:\/\/new.fxware.pl\/en\/#\/schema\/logo\/image\/"},"sameAs":["https:\/\/facebook.com\/fxwarepl\/","https:\/\/www.youtube.com\/channel\/UC8dWK9a2okrHo4Lu3x2H8pA","https:\/\/instagram.com\/fxwarepl"]}]}},"wcpa_form_fields":{"wcpaData":{"product":{"product_price":99,"price_html":"<span class=\"wmc-cache-pid wmc-cache-loading\" data-wmc_product_id=\"859\"><span class=\"woocommerce-Price-amount amount\"><bdi>99&nbsp;<span class=\"woocommerce-Price-currencySymbol\">&#122;&#322;<\/span><\/bdi><\/span><\/span>","original_product_price":99,"price_including_tax":99,"price_excluding_tax":99,"product_id":{"parent":859,"variation":false},"is_variable":false,"stock_status":"instock","stock_quantity":null,"parent_sku":"","product_attributes":{"pa_platforma":{"is_variation":false,"values":["mt4","mt5"]},"pa_zakres-licencji":{"is_variation":false,"values":["upgrade"]},"pa_typ-licencji":{"is_variation":false,"values":["nazwisko-wlasciciela"]}},"custom_fields":[],"is_taxable":true},"fields":{"sec_964d2a3646492f":{"extra":{"key":"sec_964d2a3646492f","section_id":"sec_964d2a3646492f","name":"Default","status":1,"cl_rule":"show","enableCl":false,"relations":[],"toggle":true,"title_tag":"h3","show_title":false,"showPrice":"default","form_id":860,"form_rules":{"exclude_from_discount":false,"fee_label":"Op\u0142ata","disp_hide_options_price":false,"disp_show_section_price":false,"disp_show_field_price":true,"layout_option":"standard","pric_use_as_fee":false,"process_fee_as":"woo_fee"},"layout_option":"standard"},"fields":[[{"type":"header","subtype":"h3","label":"Informacje o posiadanej licencji","elementId":"wcpa-header-1559392494115","cl_rule":"show","col":6,"relations":false,"active":true,"tooltip":"","gt_translate_keys":["label","tooltip"],"price_dependency":false,"cl_dependency":false,"value":""}],[{"type":"radio-group","required":true,"elementId":"wcpa-radio-group-5ce592c5d9894","label":"Jaki typ licencji posiadasz?","description":"","desc_type":true,"inline":true,"priceOptions":"different_for_all","pricingType":"custom","name":"radio-group-5ce592c5d98dc","other_text":"Other","cl_rule":"show","col":3,"values":[{"label":"rachunek","value":"1","price":"0","pimage":"","pimage_id":"","pthumb":"","gt_translate_keys":["label"]},{"label":"nazwisko","value":"2","price":"59","pimage":"","pimage_id":"","pthumb":"","gt_translate_keys":["label"]}],"relations":false,"active":true,"tooltip":"wska\u017c typ posiadanej licencji","layOut":"inline","checkUi":"","error":false,"gt_translate_keys":["label","description","tooltip"],"price_dependency":false,"cl_dependency":["radio-group-8923905698","wcpa-radio-group-1558551829931","wcpa-radio-group-1559393069705","radio_5563642141"],"value":""},{"type":"checkbox-group","required":true,"elementId":"wcpa-checkbox-group-5ce592c5d97fa","label":"Na jak\u0105 platform\u0119?","description":"","desc_type":true,"inline":true,"priceOptions":"fixed_for_all","pricingType":"custom","price":"({field.wcpa-checkbox-group-1558463825080.value}==3)?(24.50):(0)","name":"checkbox-group-5ce592c5d9849","min_options":"1","other_text":"Other","cl_rule":"show","col":3,"values":[{"label":"MT4","value":"1","price":"49","pimage":"","pimage_id":"","pthumb":"","gt_translate_keys":["label"]},{"label":"MT5","value":"2","price":"49","pimage":"","pimage_id":"","pthumb":"","gt_translate_keys":["label"]}],"relations":false,"active":true,"tooltip":"wybierz platformy, na kt\u00f3re posiadasz licencje","layOut":"inline","gt_translate_keys":["label","description","tooltip"],"price_dependency":false,"cl_dependency":["radio-group-8923905698","wcpa-radio-group-1558551829931","wcpa-radio-group-1558551829931","wcpa-radio-group-1559393069705","wcpa-radio-group-1559393069705","radio_5563642141"],"value":""}],[{"type":"text","required":true,"elementId":"wcpa-text-5ce592c5d99bd","label":"Wprowad\u017a identyfikator posiadanej licencji","description":"","desc_type":true,"placeholder":"imi\u0119 i nazwisko \/ numer rachunku","pricingType":"fixed","name":"text-5ce592c5d9a03","subtype":"text","cl_rule":"show","cl_val":"1","col":6,"relations":[{"operator":false,"rules":[{"operator":false,"rules":{"cl_field":"wcpa-radio-group-5ce592c5d9894","cl_relation":"is","cl_val":"1"}}]}],"active":true,"tooltip":"podaj dane, kt\u00f3re pozwol\u0105 nam zidentyfikowa\u0107 Twoj\u0105 licencj\u0119 (imi\u0119 i nazwisko \/ pseudonim \/ numer rachunku itp.)","gt_translate_keys":["label","placeholder","description","tooltip"],"price_dependency":false,"cl_dependency":["radio-group-8923905698","wcpa-radio-group-1558551829931","wcpa-radio-group-1559393069705","radio_5563642141"],"value":""}],[{"type":"separator","elementId":"wcpa-separator-1559399715394","cl_rule":"show","col":6,"relations":false,"active":true,"tooltip":"","gt_translate_keys":["tooltip"],"price_dependency":false,"cl_dependency":false,"value":""}],[{"type":"header","subtype":"h3","label":"Dost\u0119pne aktualizacje","elementId":"wcpa-header-1558551611742","cl_rule":"show","col":6,"relations":false,"active":true,"tooltip":"","gt_translate_keys":["label","tooltip"],"price_dependency":false,"cl_dependency":false,"value":""}],[{"label":"Aktualizacja do wersji","active":true,"required":true,"elementId":"radio-group-8923905698","description":"","tooltip":"","name":"radio-group-8923905698","enablePrice":false,"enableCl":true,"relations":[{"operator":"or","rules":[{"operator":"and","rules":{"cl_field":"wcpa-checkbox-group-5ce592c5d97fa","cl_relation":"is_not_empty","cl_val":"1"}},{"operator":"and","rules":{"cl_field":"wcpa-text-5ce592c5d99bd","cl_relation":"is_not_empty","cl_val":false}},{"operator":false,"rules":{"cl_field":"wcpa-radio-group-5ce592c5d9894","cl_relation":"is_not_empty","cl_val":false}}]}],"checkUi":"","layOut":"inline","other_text":"Other","values":[{"label":"do najnowszej wersji 4","value":"1","price":"99","pimage":"","pimage_id":"","pthumb":"","tempId":"aco_155","selected":true,"gt_translate_keys":["label"]}],"priceOptions":"fixed_for_all","pricingType":"fixed","price":"99","cl_rule":"show","col":3,"type":"radio-group","error":false,"gt_translate_keys":["label","description","tooltip"],"price_dependency":false,"cl_dependency":false,"value":""}],[{"type":"radio-group","required":true,"elementId":"wcpa-radio-group-1558551829931","label":"Wybierz dodatkow\u0105 platform\u0119","description":"","desc_type":true,"inline":true,"enablePrice":false,"priceOptions":"fixed_for_all","pricingType":"fixed","price":"99","name":"radio-group-1558551829931","other_text":"Other","enableCl":true,"cl_rule":"show","cl_val":"2","operator":"and","col":3,"values":[{"label":"MT5","value":"2","price":"99","pimage":"","pimage_id":"","pthumb":"","tempId":"aco_155","selected":true,"gt_translate_keys":["label"]}],"relations":[{"operator":"or","rules":[{"operator":"and","rules":{"cl_field":"wcpa-checkbox-group-5ce592c5d97fa","cl_relation":"is","cl_val":"1"}},{"operator":"and","rules":{"cl_field":"wcpa-checkbox-group-5ce592c5d97fa","cl_relation":"is_not","cl_val":"2"}},{"operator":"and","rules":{"cl_field":"wcpa-text-5ce592c5d99bd","cl_relation":"is_not_empty","cl_val":false}},{"operator":false,"rules":{"cl_field":"wcpa-radio-group-5ce592c5d9894","cl_relation":"is_not_empty","cl_val":false}}]}],"active":true,"tooltip":"","layOut":"inline","checkUi":"","error":false,"gt_translate_keys":["label","description","tooltip"],"price_dependency":false,"cl_dependency":false,"value":""}],[{"type":"radio-group","required":true,"elementId":"wcpa-radio-group-1559393069705","label":"Wybierz dodatkow\u0105 platform\u0119","description":"","desc_type":true,"inline":true,"enablePrice":false,"priceOptions":"fixed_for_all","pricingType":"fixed","price":"99","name":"radio-group-1559393069702","other_text":"Other","enableCl":true,"cl_rule":"show","cl_val":"1","operator":"and","col":3,"values":[{"label":"MT4","value":"1","price":"99","pimage":"","pimage_id":"","pthumb":"","tempId":"aco_185","selected":true,"gt_translate_keys":["label"]}],"relations":[{"operator":"or","rules":[{"operator":"and","rules":{"cl_field":"wcpa-checkbox-group-5ce592c5d97fa","cl_relation":"is_not","cl_val":"1"}},{"operator":"and","rules":{"cl_field":"wcpa-checkbox-group-5ce592c5d97fa","cl_relation":"is","cl_val":"2"}},{"operator":"and","rules":{"cl_field":"wcpa-text-5ce592c5d99bd","cl_relation":"is_not_empty","cl_val":false}},{"operator":false,"rules":{"cl_field":"wcpa-radio-group-5ce592c5d9894","cl_relation":"is_not_empty","cl_val":false}}]}],"active":true,"tooltip":"","layOut":"inline","checkUi":"","error":false,"gt_translate_keys":["label","description","tooltip"],"price_dependency":false,"cl_dependency":false,"value":""}],[{"active":true,"col":3,"relations":[{"operator":false,"rules":[{"operator":"and","rules":{"cl_field":"wcpa-radio-group-5ce592c5d9894","cl_relation":"is","cl_val":"1"}},{"operator":"and","rules":{"cl_field":"wcpa-checkbox-group-5ce592c5d97fa","cl_relation":"is_not_empty","cl_val":""}},{"operator":"AND","rules":{"cl_field":"wcpa-text-5ce592c5d99bd","cl_relation":"is_not_empty","cl_val":""}}]}],"cl_rule":"show","enableCl":true,"price":"","enablePrice":false,"className":"","label_position":"default","desc_position":"default","type":"radio-group","required":true,"elementId":"radio_5563642141","label":"Wybierz rozszerzenie licencji","name":"radio_5563642141","values":[{"label":"nazwisko","value":"1","selected":true,"tempId":"aco_2184","gt_translate_keys":["label"]}],"layOut":"","error":false,"checkUi":"","gt_translate_keys":["label"],"price_dependency":false,"cl_dependency":["wcpa-text-5ce592c5d9a48"],"value":""}],[{"type":"text","required":true,"elementId":"wcpa-text-5ce592c5d9a48","label":"Podaj imi\u0119 i nazwisko do licencji","description":"","desc_type":true,"placeholder":"Jan Brokerski","pricingType":"fixed","name":"text-5ce592c5d9a8d","subtype":"text","enableCl":true,"cl_rule":"show","cl_val":"1","col":6,"relations":[{"operator":false,"rules":[{"operator":false,"rules":{"cl_field":"radio_5563642141","cl_relation":"is_visible","cl_val":"1"}}]}],"active":true,"tooltip":"prosz\u0119 poda\u0107 imi\u0119 i nazwisko, na kt\u00f3re otwarte s\u0105 rachunki, polskie znaki, du\u017ce i ma\u0142e litery oraz kolejno\u015b\u0107 imi\u0119 \/ nazwisko nie maj\u0105 znaczenia","error":false,"gt_translate_keys":["label","placeholder","description","tooltip"],"price_dependency":false,"cl_dependency":false,"value":""}]]}},"config":{"price_override":"","enable_recaptcha":false,"bind_quantity":false,"quantity_bind_formula":"","disp_summ_show_option_price":false,"disp_summ_show_product_price":false,"disp_summ_show_total_price":true,"disp_summ_show_fee":false,"disp_summ_show_discount":false,"summary_title":"","options_total_label":"Cena dodatk\u00f3w","total_label":"Cena \u0142\u0105czna","options_product_label":"Cena podstawowa","fee_label":"Op\u0142ata","discount_label":"Rabat","has_price":true,"has_quantity_formula":false},"mc_unit":1,"tax_rate":1,"tax_rate_real":0,"discount":{"percentage":0,"fixed":0},"design":{"conf":{"LabelPosition":"above","DescPosition":"above","UploadField":"custom_1","QuantityFieldStyle":"default"},"css":{"LeftLabelWidth":"120px"}},"formulas":[],"clones":false,"cartKey":false}},"_links":{"self":[{"href":"https:\/\/new.fxware.pl\/pl\/wp-json\/wp\/v2\/product\/859","targetHints":{"allow":["GET"]}}],"collection":[{"href":"https:\/\/new.fxware.pl\/pl\/wp-json\/wp\/v2\/product"}],"about":[{"href":"https:\/\/new.fxware.pl\/pl\/wp-json\/wp\/v2\/types\/product"}],"wp:featuredmedia":[{"embeddable":true,"href":"https:\/\/new.fxware.pl\/pl\/wp-json\/wp\/v2\/media\/1089"}],"wp:attachment":[{"href":"https:\/\/new.fxware.pl\/pl\/wp-json\/wp\/v2\/media?parent=859"}],"wp:term":[{"taxonomy":"product_brand","embeddable":true,"href":"https:\/\/new.fxware.pl\/pl\/wp-json\/wp\/v2\/product_brand?post=859"},{"taxonomy":"product_cat","embeddable":true,"href":"https:\/\/new.fxware.pl\/pl\/wp-json\/wp\/v2\/product_cat?post=859"},{"taxonomy":"product_tag","embeddable":true,"href":"https:\/\/new.fxware.pl\/pl\/wp-json\/wp\/v2\/product_tag?post=859"}],"curies":[{"name":"wp","href":"https:\/\/api.w.org\/{rel}","templated":true}]}}