{"id":33305,"date":"2025-06-04T13:44:02","date_gmt":"2025-06-04T11:44:02","guid":{"rendered":"https:\/\/new.fxware.pl\/?post_type=product&#038;p=33305"},"modified":"2026-04-20T20:25:05","modified_gmt":"2026-04-20T18:25:05","slug":"zestaw-narzedzi-wyzwania-fibonacciego-50","status":"publish","type":"product","link":"https:\/\/new.fxware.pl\/pl\/produkt\/zestaw-narzedzi-wyzwania-fibonacciego-50\/","title":{"rendered":"Zestaw narz\u0119dzi Klubu i Wyzwania Fibonacciego -50%"},"content":{"rendered":"","protected":false},"excerpt":{"rendered":"<p>Wyj\u0105tkowy zestaw narz\u0119dzi -50% wy\u0142\u0105cznie dla trader\u00f3w Klubu oraz Wyzwania Fibonacciego. Je\u015bli nie uczestniczysz w Klubie lub w Wyzwaniu to mamy dla Ciebie inny zestaw: <a href=\"https:\/\/new.fxware.pl\/pl\/produkt\/pakiet-uniwersytecki-premium-mt4mt5-40\/\">Pakiet Uniwersytecki Premium -40%<\/a>.<\/p>\n<p>\u2705 Do\u017cywotnia licencja na nazwisko<\/p>\n<p>\u2705 Do\u017cywotnie aktualizacje<\/p>\n<p>\u2705 Panel tradingowy FX Harvest PRO<\/p>\n<p>\u26a1 MODU\u0141 FIBONACCIEGO \u26a1<\/p>\n<p>\u26a1 MODU\u0141 ALGO STRZA\u0141KI \u26a1<\/p>\n<p>\u2705 RENKO system<\/p>\n<p>\u2705 Wolumen Skumulowany<\/p>\n<p>\u2705 \u015awiece wolumenowe<\/p>\n<p>\u2705 Replikator do \u015bwiec wolumenowych<\/p>\n<p>\u2705 Platformy MT4 i MT5<\/p>\n","protected":false},"featured_media":33306,"template":"","meta":{"inline_featured_image":false},"product_brand":[],"product_cat":[68],"product_tag":[],"class_list":{"0":"post-33305","1":"product","2":"type-product","3":"status-publish","4":"has-post-thumbnail","6":"product_cat-narzedzia-dla-fibo-team-school","7":"wcpa_has_options","9":"first","10":"instock","11":"sale","12":"virtual","13":"sold-individually","14":"purchasable","15":"product-type-simple"},"yoast_head":"<!-- This site is optimized with the Yoast SEO plugin v27.3 - https:\/\/yoast.com\/product\/yoast-seo-wordpress\/ -->\n<title>Zestaw narz\u0119dzi Klubu i Wyzwania Fibonacciego -50% - FXWare<\/title>\n<meta name=\"robots\" content=\"index, follow, max-snippet:-1, max-image-preview:large, max-video-preview:-1\" \/>\n<link rel=\"canonical\" href=\"https:\/\/new.fxware.pl\/pl\/produkt\/zestaw-narzedzi-wyzwania-fibonacciego-50\/\" \/>\n<meta property=\"og:locale\" content=\"pl_PL\" \/>\n<meta property=\"og:type\" content=\"article\" \/>\n<meta property=\"og:title\" content=\"Zestaw narz\u0119dzi Klubu i Wyzwania Fibonacciego -50% - FXWare\" \/>\n<meta property=\"og:description\" content=\"Wyj\u0105tkowy zestaw narz\u0119dzi -50% wy\u0142\u0105cznie dla trader\u00f3w Klubu oraz Wyzwania Fibonacciego. Je\u015bli nie uczestniczysz w Klubie lub w Wyzwaniu to mamy dla Ciebie inny zestaw: Pakiet Uniwersytecki Premium -40%.  \u2705 Do\u017cywotnia licencja na nazwisko  \u2705 Do\u017cywotnie aktualizacje  \u2705 Panel tradingowy FX Harvest PRO  \u26a1 MODU\u0141 FIBONACCIEGO \u26a1  \u26a1 MODU\u0141 ALGO STRZA\u0141KI \u26a1  \u2705 RENKO system  \u2705 Wolumen Skumulowany  \u2705 \u015awiece wolumenowe  \u2705 Replikator do \u015bwiec wolumenowych  \u2705 Platformy MT4 i MT5\" \/>\n<meta property=\"og:url\" content=\"https:\/\/new.fxware.pl\/pl\/produkt\/zestaw-narzedzi-wyzwania-fibonacciego-50\/\" \/>\n<meta property=\"og:site_name\" content=\"FXWare\" \/>\n<meta property=\"article:publisher\" content=\"https:\/\/facebook.com\/fxwarepl\/\" \/>\n<meta property=\"article:modified_time\" content=\"2026-04-20T18:25:05+00:00\" \/>\n<meta property=\"og:image\" content=\"https:\/\/new.fxware.pl\/wp-content\/uploads\/2025\/06\/wf-zestaw-50-1000x1000-1.png\" \/>\n\t<meta property=\"og:image:width\" content=\"1000\" \/>\n\t<meta property=\"og:image:height\" content=\"1000\" \/>\n\t<meta property=\"og:image:type\" content=\"image\/png\" \/>\n<meta name=\"twitter:card\" content=\"summary_large_image\" \/>\n<script type=\"application\/ld+json\" class=\"yoast-schema-graph\">{\"@context\":\"https:\\\/\\\/schema.org\",\"@graph\":[{\"@type\":\"WebPage\",\"@id\":\"https:\\\/\\\/new.fxware.pl\\\/produkt\\\/zestaw-narzedzi-wyzwania-fibonacciego-50\\\/\",\"url\":\"https:\\\/\\\/new.fxware.pl\\\/produkt\\\/zestaw-narzedzi-wyzwania-fibonacciego-50\\\/\",\"name\":\"Zestaw narz\u0119dzi Klubu i Wyzwania Fibonacciego -50% - FXWare\",\"isPartOf\":{\"@id\":\"https:\\\/\\\/new.fxware.pl\\\/en\\\/#website\"},\"primaryImageOfPage\":{\"@id\":\"https:\\\/\\\/new.fxware.pl\\\/produkt\\\/zestaw-narzedzi-wyzwania-fibonacciego-50\\\/#primaryimage\"},\"image\":{\"@id\":\"https:\\\/\\\/new.fxware.pl\\\/produkt\\\/zestaw-narzedzi-wyzwania-fibonacciego-50\\\/#primaryimage\"},\"thumbnailUrl\":\"https:\\\/\\\/new.fxware.pl\\\/wp-content\\\/uploads\\\/2025\\\/06\\\/wf-zestaw-50-1000x1000-1.png\",\"datePublished\":\"2025-06-04T11:44:02+00:00\",\"dateModified\":\"2026-04-20T18:25:05+00:00\",\"breadcrumb\":{\"@id\":\"https:\\\/\\\/new.fxware.pl\\\/produkt\\\/zestaw-narzedzi-wyzwania-fibonacciego-50\\\/#breadcrumb\"},\"inLanguage\":\"pl-PL\",\"potentialAction\":[{\"@type\":\"ReadAction\",\"target\":[\"https:\\\/\\\/new.fxware.pl\\\/produkt\\\/zestaw-narzedzi-wyzwania-fibonacciego-50\\\/\"]}]},{\"@type\":\"ImageObject\",\"inLanguage\":\"pl-PL\",\"@id\":\"https:\\\/\\\/new.fxware.pl\\\/produkt\\\/zestaw-narzedzi-wyzwania-fibonacciego-50\\\/#primaryimage\",\"url\":\"https:\\\/\\\/new.fxware.pl\\\/wp-content\\\/uploads\\\/2025\\\/06\\\/wf-zestaw-50-1000x1000-1.png\",\"contentUrl\":\"https:\\\/\\\/new.fxware.pl\\\/wp-content\\\/uploads\\\/2025\\\/06\\\/wf-zestaw-50-1000x1000-1.png\",\"width\":1000,\"height\":1000},{\"@type\":\"BreadcrumbList\",\"@id\":\"https:\\\/\\\/new.fxware.pl\\\/produkt\\\/zestaw-narzedzi-wyzwania-fibonacciego-50\\\/#breadcrumb\",\"itemListElement\":[{\"@type\":\"ListItem\",\"position\":1,\"name\":\"Strona g\u0142\u00f3wna\",\"item\":\"https:\\\/\\\/new.fxware.pl\\\/\"},{\"@type\":\"ListItem\",\"position\":2,\"name\":\"Sklep\",\"item\":\"https:\\\/\\\/new.fxware.pl\\\/pl\\\/sklep\\\/\"},{\"@type\":\"ListItem\",\"position\":3,\"name\":\"Zestaw narz\u0119dzi Klubu i Wyzwania Fibonacciego -50%\"}]},{\"@type\":\"WebSite\",\"@id\":\"https:\\\/\\\/new.fxware.pl\\\/en\\\/#website\",\"url\":\"https:\\\/\\\/new.fxware.pl\\\/en\\\/\",\"name\":\"FXWare\",\"description\":\"Rozwi\u0105zania dla Trader\u00f3w\",\"publisher\":{\"@id\":\"https:\\\/\\\/new.fxware.pl\\\/en\\\/#organization\"},\"potentialAction\":[{\"@type\":\"SearchAction\",\"target\":{\"@type\":\"EntryPoint\",\"urlTemplate\":\"https:\\\/\\\/new.fxware.pl\\\/en\\\/?s={search_term_string}\"},\"query-input\":{\"@type\":\"PropertyValueSpecification\",\"valueRequired\":true,\"valueName\":\"search_term_string\"}}],\"inLanguage\":\"pl-PL\"},{\"@type\":\"Organization\",\"@id\":\"https:\\\/\\\/new.fxware.pl\\\/en\\\/#organization\",\"name\":\"FXWare - Rozwi\u0105zania Dla Inwestor\u00f3w\",\"url\":\"https:\\\/\\\/new.fxware.pl\\\/en\\\/\",\"logo\":{\"@type\":\"ImageObject\",\"inLanguage\":\"pl-PL\",\"@id\":\"https:\\\/\\\/new.fxware.pl\\\/en\\\/#\\\/schema\\\/logo\\\/image\\\/\",\"url\":\"https:\\\/\\\/new.fxware.pl\\\/wp-content\\\/uploads\\\/2019\\\/07\\\/logo-ciemne-6-kwadrat-1024x1024.png\",\"contentUrl\":\"https:\\\/\\\/new.fxware.pl\\\/wp-content\\\/uploads\\\/2019\\\/07\\\/logo-ciemne-6-kwadrat-1024x1024.png\",\"width\":1024,\"height\":1024,\"caption\":\"FXWare - Rozwi\u0105zania Dla Inwestor\u00f3w\"},\"image\":{\"@id\":\"https:\\\/\\\/new.fxware.pl\\\/en\\\/#\\\/schema\\\/logo\\\/image\\\/\"},\"sameAs\":[\"https:\\\/\\\/facebook.com\\\/fxwarepl\\\/\",\"https:\\\/\\\/www.youtube.com\\\/channel\\\/UC8dWK9a2okrHo4Lu3x2H8pA\",\"https:\\\/\\\/instagram.com\\\/fxwarepl\"]}]}<\/script>\n<!-- \/ Yoast SEO plugin. -->","yoast_head_json":{"title":"Zestaw narz\u0119dzi Klubu i Wyzwania Fibonacciego -50% - FXWare","robots":{"index":"index","follow":"follow","max-snippet":"max-snippet:-1","max-image-preview":"max-image-preview:large","max-video-preview":"max-video-preview:-1"},"canonical":"https:\/\/new.fxware.pl\/pl\/produkt\/zestaw-narzedzi-wyzwania-fibonacciego-50\/","og_locale":"pl_PL","og_type":"article","og_title":"Zestaw narz\u0119dzi Klubu i Wyzwania Fibonacciego -50% - FXWare","og_description":"Wyj\u0105tkowy zestaw narz\u0119dzi -50% wy\u0142\u0105cznie dla trader\u00f3w Klubu oraz Wyzwania Fibonacciego. Je\u015bli nie uczestniczysz w Klubie lub w Wyzwaniu to mamy dla Ciebie inny zestaw: Pakiet Uniwersytecki Premium -40%.  \u2705 Do\u017cywotnia licencja na nazwisko  \u2705 Do\u017cywotnie aktualizacje  \u2705 Panel tradingowy FX Harvest PRO  \u26a1 MODU\u0141 FIBONACCIEGO \u26a1  \u26a1 MODU\u0141 ALGO STRZA\u0141KI \u26a1  \u2705 RENKO system  \u2705 Wolumen Skumulowany  \u2705 \u015awiece wolumenowe  \u2705 Replikator do \u015bwiec wolumenowych  \u2705 Platformy MT4 i MT5","og_url":"https:\/\/new.fxware.pl\/pl\/produkt\/zestaw-narzedzi-wyzwania-fibonacciego-50\/","og_site_name":"FXWare","article_publisher":"https:\/\/facebook.com\/fxwarepl\/","article_modified_time":"2026-04-20T18:25:05+00:00","og_image":[{"width":1000,"height":1000,"url":"https:\/\/new.fxware.pl\/wp-content\/uploads\/2025\/06\/wf-zestaw-50-1000x1000-1.png","type":"image\/png"}],"twitter_card":"summary_large_image","schema":{"@context":"https:\/\/schema.org","@graph":[{"@type":"WebPage","@id":"https:\/\/new.fxware.pl\/produkt\/zestaw-narzedzi-wyzwania-fibonacciego-50\/","url":"https:\/\/new.fxware.pl\/produkt\/zestaw-narzedzi-wyzwania-fibonacciego-50\/","name":"Zestaw narz\u0119dzi Klubu i Wyzwania Fibonacciego -50% - FXWare","isPartOf":{"@id":"https:\/\/new.fxware.pl\/en\/#website"},"primaryImageOfPage":{"@id":"https:\/\/new.fxware.pl\/produkt\/zestaw-narzedzi-wyzwania-fibonacciego-50\/#primaryimage"},"image":{"@id":"https:\/\/new.fxware.pl\/produkt\/zestaw-narzedzi-wyzwania-fibonacciego-50\/#primaryimage"},"thumbnailUrl":"https:\/\/new.fxware.pl\/wp-content\/uploads\/2025\/06\/wf-zestaw-50-1000x1000-1.png","datePublished":"2025-06-04T11:44:02+00:00","dateModified":"2026-04-20T18:25:05+00:00","breadcrumb":{"@id":"https:\/\/new.fxware.pl\/produkt\/zestaw-narzedzi-wyzwania-fibonacciego-50\/#breadcrumb"},"inLanguage":"pl-PL","potentialAction":[{"@type":"ReadAction","target":["https:\/\/new.fxware.pl\/produkt\/zestaw-narzedzi-wyzwania-fibonacciego-50\/"]}]},{"@type":"ImageObject","inLanguage":"pl-PL","@id":"https:\/\/new.fxware.pl\/produkt\/zestaw-narzedzi-wyzwania-fibonacciego-50\/#primaryimage","url":"https:\/\/new.fxware.pl\/wp-content\/uploads\/2025\/06\/wf-zestaw-50-1000x1000-1.png","contentUrl":"https:\/\/new.fxware.pl\/wp-content\/uploads\/2025\/06\/wf-zestaw-50-1000x1000-1.png","width":1000,"height":1000},{"@type":"BreadcrumbList","@id":"https:\/\/new.fxware.pl\/produkt\/zestaw-narzedzi-wyzwania-fibonacciego-50\/#breadcrumb","itemListElement":[{"@type":"ListItem","position":1,"name":"Strona g\u0142\u00f3wna","item":"https:\/\/new.fxware.pl\/"},{"@type":"ListItem","position":2,"name":"Sklep","item":"https:\/\/new.fxware.pl\/pl\/sklep\/"},{"@type":"ListItem","position":3,"name":"Zestaw narz\u0119dzi Klubu i Wyzwania Fibonacciego -50%"}]},{"@type":"WebSite","@id":"https:\/\/new.fxware.pl\/en\/#website","url":"https:\/\/new.fxware.pl\/en\/","name":"FXWare","description":"Rozwi\u0105zania dla Trader\u00f3w","publisher":{"@id":"https:\/\/new.fxware.pl\/en\/#organization"},"potentialAction":[{"@type":"SearchAction","target":{"@type":"EntryPoint","urlTemplate":"https:\/\/new.fxware.pl\/en\/?s={search_term_string}"},"query-input":{"@type":"PropertyValueSpecification","valueRequired":true,"valueName":"search_term_string"}}],"inLanguage":"pl-PL"},{"@type":"Organization","@id":"https:\/\/new.fxware.pl\/en\/#organization","name":"FXWare - Rozwi\u0105zania Dla Inwestor\u00f3w","url":"https:\/\/new.fxware.pl\/en\/","logo":{"@type":"ImageObject","inLanguage":"pl-PL","@id":"https:\/\/new.fxware.pl\/en\/#\/schema\/logo\/image\/","url":"https:\/\/new.fxware.pl\/wp-content\/uploads\/2019\/07\/logo-ciemne-6-kwadrat-1024x1024.png","contentUrl":"https:\/\/new.fxware.pl\/wp-content\/uploads\/2019\/07\/logo-ciemne-6-kwadrat-1024x1024.png","width":1024,"height":1024,"caption":"FXWare - Rozwi\u0105zania Dla Inwestor\u00f3w"},"image":{"@id":"https:\/\/new.fxware.pl\/en\/#\/schema\/logo\/image\/"},"sameAs":["https:\/\/facebook.com\/fxwarepl\/","https:\/\/www.youtube.com\/channel\/UC8dWK9a2okrHo4Lu3x2H8pA","https:\/\/instagram.com\/fxwarepl"]}]}},"wcpa_form_fields":{"wcpaData":{"product":{"product_price":899,"price_html":"<span class=\"wmc-cache-pid wmc-cache-loading\" data-wmc_product_id=\"33305\"><del aria-hidden=\"true\"><span class=\"woocommerce-Price-amount amount\"><bdi>1 .798&nbsp;<span class=\"woocommerce-Price-currencySymbol\">&#122;&#322;<\/span><\/bdi><\/span><\/del> <span class=\"screen-reader-text\">Pierwotna cena wynosi\u0142a: 1 .798&nbsp;&#122;&#322;.<\/span><ins aria-hidden=\"true\"><span class=\"woocommerce-Price-amount amount\"><bdi>899&nbsp;<span class=\"woocommerce-Price-currencySymbol\">&#122;&#322;<\/span><\/bdi><\/span><\/ins><span class=\"screen-reader-text\">Aktualna cena: 899&nbsp;&#122;&#322;.<\/span><\/span>","original_product_price":1798,"price_including_tax":899,"price_excluding_tax":899,"product_id":{"parent":33305,"variation":false},"is_variable":false,"stock_status":"instock","stock_quantity":null,"parent_sku":"","product_attributes":[],"custom_fields":[],"is_taxable":false},"fields":{"sec_165cb58d1f346d":{"extra":{"key":"sec_165cb58d1f346d","section_id":"sec_165cb58d1f346d","name":"Default","status":1,"cl_rule":"show","enableCl":false,"relations":[],"toggle":true,"title_tag":"h3","show_title":false,"showPrice":"default","form_id":27000,"form_rules":{"exclude_from_discount":false,"fee_label":"Op\u0142ata","disp_hide_options_price":false,"disp_show_section_price":false,"disp_show_field_price":true,"layout_option":"standard","pric_use_as_fee":false,"process_fee_as":"woo_fee"},"layout_option":"standard"},"fields":[[{"type":"text","required":true,"elementId":"text_965cb58d1f3494","label":"Podaj imi\u0119 i nazwisko do licencji","description":"","desc_type":true,"placeholder":"Jan Brokerski","pricingType":"fixed","name":"text-1558468184442","subtype":"text","cl_rule":"show","cl_val":"1","requiredError":"Podaj imi\u0119 i nazwisko!","col":6,"relations":[{"operator":false,"rules":[{"operator":false,"rules":{"cl_field":"wcpa-radio-group-1558463923393","cl_relation":"is","cl_val":"1"}}]}],"active":true,"tooltip":"prosz\u0119 poda\u0107 imi\u0119 i nazwisko, na kt\u00f3re otwarte s\u0105 rachunki, polskie znaki, du\u017ce i ma\u0142e litery oraz kolejno\u015b\u0107 imi\u0119 \/ nazwisko nie maj\u0105 znaczenia","gt_translate_keys":["label","placeholder","description","tooltip","requiredError"],"price_dependency":false,"cl_dependency":false,"value":""}]]}},"config":{"price_override":"","enable_recaptcha":false,"bind_quantity":false,"quantity_bind_formula":"","disp_summ_show_option_price":false,"disp_summ_show_product_price":false,"disp_summ_show_total_price":true,"disp_summ_show_fee":false,"disp_summ_show_discount":false,"summary_title":"","options_total_label":"Cena dodatk\u00f3w","total_label":"Cena \u0142\u0105czna","options_product_label":"Cena podstawowa","fee_label":"Op\u0142ata","discount_label":"Rabat","has_price":true,"has_quantity_formula":false},"mc_unit":1,"tax_rate":1,"tax_rate_real":1,"discount":{"percentage":0,"fixed":0},"design":{"conf":{"LabelPosition":"above","DescPosition":"above","UploadField":"custom_1","QuantityFieldStyle":"default"},"css":{"LeftLabelWidth":"120px"}},"formulas":[],"clones":false,"cartKey":false}},"_links":{"self":[{"href":"https:\/\/new.fxware.pl\/pl\/wp-json\/wp\/v2\/product\/33305","targetHints":{"allow":["GET"]}}],"collection":[{"href":"https:\/\/new.fxware.pl\/pl\/wp-json\/wp\/v2\/product"}],"about":[{"href":"https:\/\/new.fxware.pl\/pl\/wp-json\/wp\/v2\/types\/product"}],"wp:featuredmedia":[{"embeddable":true,"href":"https:\/\/new.fxware.pl\/pl\/wp-json\/wp\/v2\/media\/33306"}],"wp:attachment":[{"href":"https:\/\/new.fxware.pl\/pl\/wp-json\/wp\/v2\/media?parent=33305"}],"wp:term":[{"taxonomy":"product_brand","embeddable":true,"href":"https:\/\/new.fxware.pl\/pl\/wp-json\/wp\/v2\/product_brand?post=33305"},{"taxonomy":"product_cat","embeddable":true,"href":"https:\/\/new.fxware.pl\/pl\/wp-json\/wp\/v2\/product_cat?post=33305"},{"taxonomy":"product_tag","embeddable":true,"href":"https:\/\/new.fxware.pl\/pl\/wp-json\/wp\/v2\/product_tag?post=33305"}],"curies":[{"name":"wp","href":"https:\/\/api.w.org\/{rel}","templated":true}]}}