{"id":17819,"date":"2020-10-18T21:51:52","date_gmt":"2020-10-18T20:51:52","guid":{"rendered":"https:\/\/new.fxware.pl\/?post_type=product&#038;p=17819"},"modified":"2024-02-13T18:35:33","modified_gmt":"2024-02-13T17:35:33","slug":"symulator-do-nauki-tradingu","status":"publish","type":"product","link":"https:\/\/new.fxware.pl\/pl\/produkt\/symulator-do-nauki-tradingu\/","title":{"rendered":"Symulator do nauki tradingu"},"content":{"rendered":"<p>Symulator do nauki tradingu (Forex Trading Simulator) to uniwersalne narz\u0119dzie do testowania dowolnych strategii handlu na danych historycznych na platformie MetaTrader 4.<\/p>\n<ul>\n<li>gotowy do pracy prosto &#8222;z pude\u0142ka&#8221;<\/li>\n<li>handel manualny i automatyczny<\/li>\n<li>wszystkie modu\u0142y FX Harvest PRO dost\u0119pne do test\u00f3w<\/li>\n<li>dowolny instrument, interwa\u0142 i zakres czasu (zale\u017cne od brokera)<\/li>\n<\/ul>\n","protected":false},"excerpt":{"rendered":"<p>Uniwersalne narz\u0119dzie do nauki dowolnych strategii handlu na danych historycznych na platformie MetaTrader 4. Symulator jest oparty na panelu tradingowym <a href=\"https:\/\/new.fxware.pl\/fx-harvest-pro-8\/\" target=\"_blank\" rel=\"noopener\">FX Harvest PRO<\/a>. Dzi\u0119ki temu mo\u017cesz handlowa\u0107 na danych historycznych tak, jakby\u015b handlowa\u0142 na \u017cywym rynku i wykorzystywa\u0107 w testach wszystkie opcje i modu\u0142y dodatkowe.<\/p>\n<ul>\n<li>licencja do\u017cywotnia<\/li>\n<li>licencja na nazwisko &#8211; nieograniczona liczba rachunk\u00f3w i broker\u00f3w<\/li>\n<\/ul>\n<p>Opis produktu:\u00a0<a href=\"https:\/\/new.fxware.pl\/symulator-do-nauki-tradingu\/\" target=\"_blank\" rel=\"noopener\">Symulator do nauki tradingu<\/a><\/p>\n","protected":false},"featured_media":1086,"template":"","meta":{"inline_featured_image":false},"product_brand":[],"product_cat":[19],"product_tag":[23,37],"class_list":{"0":"post-17819","1":"product","2":"type-product","3":"status-publish","4":"has-post-thumbnail","6":"product_cat-panele-transakcyjne","7":"product_tag-mt4","8":"product_tag-strategia","9":"wcpa_has_options","11":"first","12":"instock","13":"virtual","14":"sold-individually","15":"taxable","16":"purchasable","17":"product-type-simple"},"yoast_head":"<!-- This site is optimized with the Yoast SEO plugin v27.3 - https:\/\/yoast.com\/product\/yoast-seo-wordpress\/ -->\n<title>Symulator do nauki tradingu - FXWare<\/title>\n<meta name=\"robots\" content=\"index, follow, max-snippet:-1, max-image-preview:large, max-video-preview:-1\" \/>\n<link rel=\"canonical\" href=\"https:\/\/new.fxware.pl\/pl\/produkt\/symulator-do-nauki-tradingu\/\" \/>\n<meta property=\"og:locale\" content=\"pl_PL\" \/>\n<meta property=\"og:type\" content=\"article\" \/>\n<meta property=\"og:title\" content=\"Symulator do nauki tradingu - FXWare\" \/>\n<meta property=\"og:description\" content=\"Uniwersalne narz\u0119dzie do nauki dowolnych strategii handlu na danych historycznych na platformie MetaTrader 4. Symulator jest oparty na panelu tradingowym FX Harvest PRO. Dzi\u0119ki temu mo\u017cesz handlowa\u0107 na danych historycznych tak, jakby\u015b handlowa\u0142 na \u017cywym rynku i wykorzystywa\u0107 w testach wszystkie opcje i modu\u0142y dodatkowe.   licencja do\u017cywotnia  licencja na nazwisko - nieograniczona liczba rachunk\u00f3w i broker\u00f3w  Opis produktu:\u00a0Symulator do nauki tradingu\" \/>\n<meta property=\"og:url\" content=\"https:\/\/new.fxware.pl\/pl\/produkt\/symulator-do-nauki-tradingu\/\" \/>\n<meta property=\"og:site_name\" content=\"FXWare\" \/>\n<meta property=\"article:publisher\" content=\"https:\/\/facebook.com\/fxwarepl\/\" \/>\n<meta property=\"article:modified_time\" content=\"2024-02-13T17:35:33+00:00\" \/>\n<meta property=\"og:image\" content=\"https:\/\/new.fxware.pl\/wp-content\/uploads\/2019\/05\/Artboard-1-product.png\" \/>\n\t<meta property=\"og:image:width\" content=\"648\" \/>\n\t<meta property=\"og:image:height\" content=\"648\" \/>\n\t<meta property=\"og:image:type\" content=\"image\/png\" \/>\n<meta name=\"twitter:card\" content=\"summary_large_image\" \/>\n<script type=\"application\/ld+json\" class=\"yoast-schema-graph\">{\"@context\":\"https:\\\/\\\/schema.org\",\"@graph\":[{\"@type\":\"WebPage\",\"@id\":\"https:\\\/\\\/new.fxware.pl\\\/en\\\/produkt\\\/forex-trading-simulator-8-2\\\/\",\"url\":\"https:\\\/\\\/new.fxware.pl\\\/en\\\/produkt\\\/forex-trading-simulator-8-2\\\/\",\"name\":\"Symulator do nauki tradingu - FXWare\",\"isPartOf\":{\"@id\":\"https:\\\/\\\/new.fxware.pl\\\/en\\\/#website\"},\"primaryImageOfPage\":{\"@id\":\"https:\\\/\\\/new.fxware.pl\\\/en\\\/produkt\\\/forex-trading-simulator-8-2\\\/#primaryimage\"},\"image\":{\"@id\":\"https:\\\/\\\/new.fxware.pl\\\/en\\\/produkt\\\/forex-trading-simulator-8-2\\\/#primaryimage\"},\"thumbnailUrl\":\"https:\\\/\\\/new.fxware.pl\\\/wp-content\\\/uploads\\\/2019\\\/05\\\/Artboard-1-product.png\",\"datePublished\":\"2020-10-18T20:51:52+00:00\",\"dateModified\":\"2024-02-13T17:35:33+00:00\",\"breadcrumb\":{\"@id\":\"https:\\\/\\\/new.fxware.pl\\\/en\\\/produkt\\\/forex-trading-simulator-8-2\\\/#breadcrumb\"},\"inLanguage\":\"pl-PL\",\"potentialAction\":[{\"@type\":\"ReadAction\",\"target\":[\"https:\\\/\\\/new.fxware.pl\\\/en\\\/produkt\\\/forex-trading-simulator-8-2\\\/\"]}]},{\"@type\":\"ImageObject\",\"inLanguage\":\"pl-PL\",\"@id\":\"https:\\\/\\\/new.fxware.pl\\\/en\\\/produkt\\\/forex-trading-simulator-8-2\\\/#primaryimage\",\"url\":\"https:\\\/\\\/new.fxware.pl\\\/wp-content\\\/uploads\\\/2019\\\/05\\\/Artboard-1-product.png\",\"contentUrl\":\"https:\\\/\\\/new.fxware.pl\\\/wp-content\\\/uploads\\\/2019\\\/05\\\/Artboard-1-product.png\",\"width\":648,\"height\":648},{\"@type\":\"BreadcrumbList\",\"@id\":\"https:\\\/\\\/new.fxware.pl\\\/en\\\/produkt\\\/forex-trading-simulator-8-2\\\/#breadcrumb\",\"itemListElement\":[{\"@type\":\"ListItem\",\"position\":1,\"name\":\"Strona g\u0142\u00f3wna\",\"item\":\"https:\\\/\\\/new.fxware.pl\\\/\"},{\"@type\":\"ListItem\",\"position\":2,\"name\":\"Sklep\",\"item\":\"https:\\\/\\\/new.fxware.pl\\\/pl\\\/sklep\\\/\"},{\"@type\":\"ListItem\",\"position\":3,\"name\":\"Symulator do nauki tradingu\"}]},{\"@type\":\"WebSite\",\"@id\":\"https:\\\/\\\/new.fxware.pl\\\/en\\\/#website\",\"url\":\"https:\\\/\\\/new.fxware.pl\\\/en\\\/\",\"name\":\"FXWare\",\"description\":\"Rozwi\u0105zania dla Trader\u00f3w\",\"publisher\":{\"@id\":\"https:\\\/\\\/new.fxware.pl\\\/en\\\/#organization\"},\"potentialAction\":[{\"@type\":\"SearchAction\",\"target\":{\"@type\":\"EntryPoint\",\"urlTemplate\":\"https:\\\/\\\/new.fxware.pl\\\/en\\\/?s={search_term_string}\"},\"query-input\":{\"@type\":\"PropertyValueSpecification\",\"valueRequired\":true,\"valueName\":\"search_term_string\"}}],\"inLanguage\":\"pl-PL\"},{\"@type\":\"Organization\",\"@id\":\"https:\\\/\\\/new.fxware.pl\\\/en\\\/#organization\",\"name\":\"FXWare - Rozwi\u0105zania Dla Inwestor\u00f3w\",\"url\":\"https:\\\/\\\/new.fxware.pl\\\/en\\\/\",\"logo\":{\"@type\":\"ImageObject\",\"inLanguage\":\"pl-PL\",\"@id\":\"https:\\\/\\\/new.fxware.pl\\\/en\\\/#\\\/schema\\\/logo\\\/image\\\/\",\"url\":\"https:\\\/\\\/new.fxware.pl\\\/wp-content\\\/uploads\\\/2019\\\/07\\\/logo-ciemne-6-kwadrat-1024x1024.png\",\"contentUrl\":\"https:\\\/\\\/new.fxware.pl\\\/wp-content\\\/uploads\\\/2019\\\/07\\\/logo-ciemne-6-kwadrat-1024x1024.png\",\"width\":1024,\"height\":1024,\"caption\":\"FXWare - Rozwi\u0105zania Dla Inwestor\u00f3w\"},\"image\":{\"@id\":\"https:\\\/\\\/new.fxware.pl\\\/en\\\/#\\\/schema\\\/logo\\\/image\\\/\"},\"sameAs\":[\"https:\\\/\\\/facebook.com\\\/fxwarepl\\\/\",\"https:\\\/\\\/www.youtube.com\\\/channel\\\/UC8dWK9a2okrHo4Lu3x2H8pA\",\"https:\\\/\\\/instagram.com\\\/fxwarepl\"]}]}<\/script>\n<!-- \/ Yoast SEO plugin. -->","yoast_head_json":{"title":"Symulator do nauki tradingu - FXWare","robots":{"index":"index","follow":"follow","max-snippet":"max-snippet:-1","max-image-preview":"max-image-preview:large","max-video-preview":"max-video-preview:-1"},"canonical":"https:\/\/new.fxware.pl\/pl\/produkt\/symulator-do-nauki-tradingu\/","og_locale":"pl_PL","og_type":"article","og_title":"Symulator do nauki tradingu - FXWare","og_description":"Uniwersalne narz\u0119dzie do nauki dowolnych strategii handlu na danych historycznych na platformie MetaTrader 4. Symulator jest oparty na panelu tradingowym FX Harvest PRO. Dzi\u0119ki temu mo\u017cesz handlowa\u0107 na danych historycznych tak, jakby\u015b handlowa\u0142 na \u017cywym rynku i wykorzystywa\u0107 w testach wszystkie opcje i modu\u0142y dodatkowe.   licencja do\u017cywotnia  licencja na nazwisko - nieograniczona liczba rachunk\u00f3w i broker\u00f3w  Opis produktu:\u00a0Symulator do nauki tradingu","og_url":"https:\/\/new.fxware.pl\/pl\/produkt\/symulator-do-nauki-tradingu\/","og_site_name":"FXWare","article_publisher":"https:\/\/facebook.com\/fxwarepl\/","article_modified_time":"2024-02-13T17:35:33+00:00","og_image":[{"width":648,"height":648,"url":"https:\/\/new.fxware.pl\/wp-content\/uploads\/2019\/05\/Artboard-1-product.png","type":"image\/png"}],"twitter_card":"summary_large_image","schema":{"@context":"https:\/\/schema.org","@graph":[{"@type":"WebPage","@id":"https:\/\/new.fxware.pl\/en\/produkt\/forex-trading-simulator-8-2\/","url":"https:\/\/new.fxware.pl\/en\/produkt\/forex-trading-simulator-8-2\/","name":"Symulator do nauki tradingu - FXWare","isPartOf":{"@id":"https:\/\/new.fxware.pl\/en\/#website"},"primaryImageOfPage":{"@id":"https:\/\/new.fxware.pl\/en\/produkt\/forex-trading-simulator-8-2\/#primaryimage"},"image":{"@id":"https:\/\/new.fxware.pl\/en\/produkt\/forex-trading-simulator-8-2\/#primaryimage"},"thumbnailUrl":"https:\/\/new.fxware.pl\/wp-content\/uploads\/2019\/05\/Artboard-1-product.png","datePublished":"2020-10-18T20:51:52+00:00","dateModified":"2024-02-13T17:35:33+00:00","breadcrumb":{"@id":"https:\/\/new.fxware.pl\/en\/produkt\/forex-trading-simulator-8-2\/#breadcrumb"},"inLanguage":"pl-PL","potentialAction":[{"@type":"ReadAction","target":["https:\/\/new.fxware.pl\/en\/produkt\/forex-trading-simulator-8-2\/"]}]},{"@type":"ImageObject","inLanguage":"pl-PL","@id":"https:\/\/new.fxware.pl\/en\/produkt\/forex-trading-simulator-8-2\/#primaryimage","url":"https:\/\/new.fxware.pl\/wp-content\/uploads\/2019\/05\/Artboard-1-product.png","contentUrl":"https:\/\/new.fxware.pl\/wp-content\/uploads\/2019\/05\/Artboard-1-product.png","width":648,"height":648},{"@type":"BreadcrumbList","@id":"https:\/\/new.fxware.pl\/en\/produkt\/forex-trading-simulator-8-2\/#breadcrumb","itemListElement":[{"@type":"ListItem","position":1,"name":"Strona g\u0142\u00f3wna","item":"https:\/\/new.fxware.pl\/"},{"@type":"ListItem","position":2,"name":"Sklep","item":"https:\/\/new.fxware.pl\/pl\/sklep\/"},{"@type":"ListItem","position":3,"name":"Symulator do nauki tradingu"}]},{"@type":"WebSite","@id":"https:\/\/new.fxware.pl\/en\/#website","url":"https:\/\/new.fxware.pl\/en\/","name":"FXWare","description":"Rozwi\u0105zania dla Trader\u00f3w","publisher":{"@id":"https:\/\/new.fxware.pl\/en\/#organization"},"potentialAction":[{"@type":"SearchAction","target":{"@type":"EntryPoint","urlTemplate":"https:\/\/new.fxware.pl\/en\/?s={search_term_string}"},"query-input":{"@type":"PropertyValueSpecification","valueRequired":true,"valueName":"search_term_string"}}],"inLanguage":"pl-PL"},{"@type":"Organization","@id":"https:\/\/new.fxware.pl\/en\/#organization","name":"FXWare - Rozwi\u0105zania Dla Inwestor\u00f3w","url":"https:\/\/new.fxware.pl\/en\/","logo":{"@type":"ImageObject","inLanguage":"pl-PL","@id":"https:\/\/new.fxware.pl\/en\/#\/schema\/logo\/image\/","url":"https:\/\/new.fxware.pl\/wp-content\/uploads\/2019\/07\/logo-ciemne-6-kwadrat-1024x1024.png","contentUrl":"https:\/\/new.fxware.pl\/wp-content\/uploads\/2019\/07\/logo-ciemne-6-kwadrat-1024x1024.png","width":1024,"height":1024,"caption":"FXWare - Rozwi\u0105zania Dla Inwestor\u00f3w"},"image":{"@id":"https:\/\/new.fxware.pl\/en\/#\/schema\/logo\/image\/"},"sameAs":["https:\/\/facebook.com\/fxwarepl\/","https:\/\/www.youtube.com\/channel\/UC8dWK9a2okrHo4Lu3x2H8pA","https:\/\/instagram.com\/fxwarepl"]}]}},"wcpa_form_fields":{"wcpaData":{"product":{"product_price":199,"price_html":"<span class=\"wmc-cache-pid wmc-cache-loading\" data-wmc_product_id=\"17819\"><span class=\"woocommerce-Price-amount amount\"><bdi>199&nbsp;<span class=\"woocommerce-Price-currencySymbol\">&#122;&#322;<\/span><\/bdi><\/span><\/span>","original_product_price":199,"price_including_tax":199,"price_excluding_tax":199,"product_id":{"parent":17819,"variation":false},"is_variable":false,"stock_status":"instock","stock_quantity":null,"parent_sku":"","product_attributes":{"pa_platforma":{"is_variation":false,"values":["mt4","mt5"]},"pa_zakres-licencji":{"is_variation":false,"values":["nowa-licencja"]},"pa_typ-licencji":{"is_variation":false,"values":["nazwisko-wlasciciela","numer-rachunku"]}},"custom_fields":[],"is_taxable":true},"fields":{"sec_165cb58d1f346d":{"extra":{"key":"sec_165cb58d1f346d","section_id":"sec_165cb58d1f346d","name":"Default","status":1,"cl_rule":"show","enableCl":false,"relations":[],"toggle":true,"title_tag":"h3","show_title":false,"showPrice":"default","form_id":27000,"form_rules":{"exclude_from_discount":false,"fee_label":"Op\u0142ata","disp_hide_options_price":false,"disp_show_section_price":false,"disp_show_field_price":true,"layout_option":"standard","pric_use_as_fee":false,"process_fee_as":"woo_fee"},"layout_option":"standard"},"fields":[[{"type":"text","required":true,"elementId":"text_965cb58d1f3494","label":"Podaj imi\u0119 i nazwisko do licencji","description":"","desc_type":true,"placeholder":"Jan Brokerski","pricingType":"fixed","name":"text-1558468184442","subtype":"text","cl_rule":"show","cl_val":"1","requiredError":"Podaj imi\u0119 i nazwisko!","col":6,"relations":[{"operator":false,"rules":[{"operator":false,"rules":{"cl_field":"wcpa-radio-group-1558463923393","cl_relation":"is","cl_val":"1"}}]}],"active":true,"tooltip":"prosz\u0119 poda\u0107 imi\u0119 i nazwisko, na kt\u00f3re otwarte s\u0105 rachunki, polskie znaki, du\u017ce i ma\u0142e litery oraz kolejno\u015b\u0107 imi\u0119 \/ nazwisko nie maj\u0105 znaczenia","gt_translate_keys":["label","placeholder","description","tooltip","requiredError"],"price_dependency":false,"cl_dependency":false,"value":""}]]}},"config":{"price_override":"","enable_recaptcha":false,"bind_quantity":false,"quantity_bind_formula":"","disp_summ_show_option_price":false,"disp_summ_show_product_price":false,"disp_summ_show_total_price":true,"disp_summ_show_fee":false,"disp_summ_show_discount":false,"summary_title":"","options_total_label":"Cena dodatk\u00f3w","total_label":"Cena \u0142\u0105czna","options_product_label":"Cena podstawowa","fee_label":"Op\u0142ata","discount_label":"Rabat","has_price":true,"has_quantity_formula":false},"mc_unit":1,"tax_rate":1,"tax_rate_real":0,"discount":{"percentage":0,"fixed":0},"design":{"conf":{"LabelPosition":"above","DescPosition":"above","UploadField":"custom_1","QuantityFieldStyle":"default"},"css":{"LeftLabelWidth":"120px"}},"formulas":[],"clones":false,"cartKey":false}},"_links":{"self":[{"href":"https:\/\/new.fxware.pl\/pl\/wp-json\/wp\/v2\/product\/17819","targetHints":{"allow":["GET"]}}],"collection":[{"href":"https:\/\/new.fxware.pl\/pl\/wp-json\/wp\/v2\/product"}],"about":[{"href":"https:\/\/new.fxware.pl\/pl\/wp-json\/wp\/v2\/types\/product"}],"wp:featuredmedia":[{"embeddable":true,"href":"https:\/\/new.fxware.pl\/pl\/wp-json\/wp\/v2\/media\/1086"}],"wp:attachment":[{"href":"https:\/\/new.fxware.pl\/pl\/wp-json\/wp\/v2\/media?parent=17819"}],"wp:term":[{"taxonomy":"product_brand","embeddable":true,"href":"https:\/\/new.fxware.pl\/pl\/wp-json\/wp\/v2\/product_brand?post=17819"},{"taxonomy":"product_cat","embeddable":true,"href":"https:\/\/new.fxware.pl\/pl\/wp-json\/wp\/v2\/product_cat?post=17819"},{"taxonomy":"product_tag","embeddable":true,"href":"https:\/\/new.fxware.pl\/pl\/wp-json\/wp\/v2\/product_tag?post=17819"}],"curies":[{"name":"wp","href":"https:\/\/api.w.org\/{rel}","templated":true}]}}