{"id":69,"date":"2019-01-06T20:00:46","date_gmt":"2019-01-06T18:00:46","guid":{"rendered":"https:\/\/new.fxware.pl\/?page_id=69"},"modified":"2022-07-03T20:48:45","modified_gmt":"2022-07-03T19:48:45","slug":"fx-harvest-pro","status":"publish","type":"page","link":"https:\/\/new.fxware.pl\/pl\/fx-harvest-pro\/","title":{"rendered":"FX Harvest PRO 8"},"content":{"rendered":"<table style=\"border-collapse: collapse; width: 100%;\">\n<tbody>\n<tr>\n<td style=\"width: 20.9209%;\"><img decoding=\"async\" class=\"alignnone size-full wp-image-17339 aligncenter\" src=\"https:\/\/new.fxware.pl\/wp-content\/uploads\/2020\/08\/panel_1.png\" alt=\"\" width=\"113\" height=\"235\" \/><\/td>\n<td style=\"width: 79.0791%;\">&nbsp;<\/p>\n<p><img fetchpriority=\"high\" decoding=\"async\" class=\"alignnone size-full wp-image-17315 aligncenter\" src=\"https:\/\/new.fxware.pl\/wp-content\/uploads\/2020\/08\/panel_2.png\" alt=\"\" width=\"581\" height=\"96\" srcset=\"https:\/\/new.fxware.pl\/wp-content\/uploads\/2020\/08\/panel_2.png 581w, https:\/\/new.fxware.pl\/wp-content\/uploads\/2020\/08\/panel_2-416x69.png 416w, https:\/\/new.fxware.pl\/wp-content\/uploads\/2020\/08\/panel_2-300x50.png 300w\" sizes=\"(max-width: 581px) 100vw, 581px\" \/><\/td>\n<\/tr>\n<\/tbody>\n<\/table>\n<p style=\"text-align: justify;\">FX Harvest PRO to panel tradingowy przeznaczony dla terminala Metatrader 4 \/ Metatrader 5 wspomagaj\u0105cy i cz\u0119\u015bciowo automatyzuj\u0105cy trading manualny. Panel znacznie u\u0142atwia zawieranie transakcji i zarz\u0105dzanie nimi m.in. automatyzuj\u0105c stawianie SL i TP, wyliczanie wielko\u015bci pozycji, przestawianie na BE, zabezpieczanie zysku, zamykanie pozycji, ochron\u0119 rachunku &#8211; to tylko niekt\u00f3re z jego bogatych mo\u017cliwo\u015bci. Do panelu dost\u0119pne s\u0105 r\u00f3wnie\u017c modu\u0142y dodatkowe:<\/p>\n<ul>\n<li style=\"text-align: justify;\">dedykowane dla popularnych strategii MMD i CAPP<\/li>\n<li style=\"text-align: justify;\">Piramida &amp; Grid do stawiania zaawansowanych siatek zlece\u0144<\/li>\n<li style=\"text-align: justify;\">Algo do automatycznego zawierania transakcji<\/li>\n<li style=\"text-align: justify;\">Hedge do obrony stratnych pozycji<\/li>\n<li>Wizualny tester strategii<\/li>\n<\/ul>\n<p>Opis wszystkich funkcji mo\u017cna znale\u017a\u0107 instrukcji.\u00a0 Od wersji 7.6 panel dost\u0119pny jest zar\u00f3wno w polskiej jak i w angielskiej wersji j\u0119zykowej.<\/p>\n<hr \/>\n<p style=\"text-align: center;\"><strong>Filmy o FX Harvest PRO i innych naszych produktach znajdziesz na kanale YouTube<\/strong><\/p>\n<p style=\"text-align: center;\">[wp-svg-icons icon=&#8221;play&#8221; wrap=&#8221;i&#8221;]\u00a0<a href=\"http:\/\/bit.ly\/FXWareYT\" target=\"_blank\" rel=\"noopener noreferrer\"><strong>http:\/\/bit.ly\/FXWareYT<\/strong><\/a><\/p>\n<div id='gallery-1' class='gallery galleryid-69 gallery-columns-2 gallery-size-full'><figure class='gallery-item'>\n\t\t\t<div class='gallery-icon landscape'>\n\t\t\t\t<a href='https:\/\/new.fxware.pl\/wp-content\/uploads\/2019\/02\/Trades-panel.png'><img decoding=\"async\" width=\"1280\" height=\"800\" src=\"https:\/\/new.fxware.pl\/wp-content\/uploads\/2019\/02\/Trades-panel.png\" class=\"attachment-full size-full\" alt=\"\" srcset=\"https:\/\/new.fxware.pl\/wp-content\/uploads\/2019\/02\/Trades-panel.png 1280w, https:\/\/new.fxware.pl\/wp-content\/uploads\/2019\/02\/Trades-panel-416x260.png 416w, https:\/\/new.fxware.pl\/wp-content\/uploads\/2019\/02\/Trades-panel-300x188.png 300w, https:\/\/new.fxware.pl\/wp-content\/uploads\/2019\/02\/Trades-panel-768x480.png 768w, https:\/\/new.fxware.pl\/wp-content\/uploads\/2019\/02\/Trades-panel-1024x640.png 1024w\" sizes=\"(max-width: 1280px) 100vw, 1280px\" \/><\/a>\n\t\t\t<\/div><\/figure><figure class='gallery-item'>\n\t\t\t<div class='gallery-icon landscape'>\n\t\t\t\t<a href='https:\/\/new.fxware.pl\/wp-content\/uploads\/2019\/02\/Pyramid-MOD.png'><img loading=\"lazy\" decoding=\"async\" width=\"1280\" height=\"800\" src=\"https:\/\/new.fxware.pl\/wp-content\/uploads\/2019\/02\/Pyramid-MOD.png\" class=\"attachment-full size-full\" alt=\"\" srcset=\"https:\/\/new.fxware.pl\/wp-content\/uploads\/2019\/02\/Pyramid-MOD.png 1280w, https:\/\/new.fxware.pl\/wp-content\/uploads\/2019\/02\/Pyramid-MOD-416x260.png 416w, https:\/\/new.fxware.pl\/wp-content\/uploads\/2019\/02\/Pyramid-MOD-300x188.png 300w, https:\/\/new.fxware.pl\/wp-content\/uploads\/2019\/02\/Pyramid-MOD-768x480.png 768w, https:\/\/new.fxware.pl\/wp-content\/uploads\/2019\/02\/Pyramid-MOD-1024x640.png 1024w\" sizes=\"(max-width: 1280px) 100vw, 1280px\" \/><\/a>\n\t\t\t<\/div><\/figure><figure class='gallery-item'>\n\t\t\t<div class='gallery-icon landscape'>\n\t\t\t\t<a href='https:\/\/new.fxware.pl\/wp-content\/uploads\/2019\/02\/MMD-MOD.png'><img loading=\"lazy\" decoding=\"async\" width=\"1280\" height=\"800\" src=\"https:\/\/new.fxware.pl\/wp-content\/uploads\/2019\/02\/MMD-MOD.png\" class=\"attachment-full size-full\" alt=\"\" srcset=\"https:\/\/new.fxware.pl\/wp-content\/uploads\/2019\/02\/MMD-MOD.png 1280w, https:\/\/new.fxware.pl\/wp-content\/uploads\/2019\/02\/MMD-MOD-416x260.png 416w, https:\/\/new.fxware.pl\/wp-content\/uploads\/2019\/02\/MMD-MOD-300x188.png 300w, https:\/\/new.fxware.pl\/wp-content\/uploads\/2019\/02\/MMD-MOD-768x480.png 768w, https:\/\/new.fxware.pl\/wp-content\/uploads\/2019\/02\/MMD-MOD-1024x640.png 1024w\" sizes=\"(max-width: 1280px) 100vw, 1280px\" \/><\/a>\n\t\t\t<\/div><\/figure><figure class='gallery-item'>\n\t\t\t<div class='gallery-icon landscape'>\n\t\t\t\t<a href='https:\/\/new.fxware.pl\/wp-content\/uploads\/2019\/02\/Algo-MOD.png'><img loading=\"lazy\" decoding=\"async\" width=\"1280\" height=\"800\" src=\"https:\/\/new.fxware.pl\/wp-content\/uploads\/2019\/02\/Algo-MOD.png\" class=\"attachment-full size-full\" alt=\"\" srcset=\"https:\/\/new.fxware.pl\/wp-content\/uploads\/2019\/02\/Algo-MOD.png 1280w, https:\/\/new.fxware.pl\/wp-content\/uploads\/2019\/02\/Algo-MOD-416x260.png 416w, https:\/\/new.fxware.pl\/wp-content\/uploads\/2019\/02\/Algo-MOD-300x188.png 300w, https:\/\/new.fxware.pl\/wp-content\/uploads\/2019\/02\/Algo-MOD-768x480.png 768w, https:\/\/new.fxware.pl\/wp-content\/uploads\/2019\/02\/Algo-MOD-1024x640.png 1024w\" sizes=\"(max-width: 1280px) 100vw, 1280px\" \/><\/a>\n\t\t\t<\/div><\/figure>\n\t\t<\/div>\n\n<p style=\"text-align: center;\">\n","protected":false},"excerpt":{"rendered":"<p>&nbsp; FX Harvest PRO to panel tradingowy przeznaczony dla terminala Metatrader 4 \/ Metatrader 5 wspomagaj\u0105cy i cz\u0119\u015bciowo automatyzuj\u0105cy trading manualny. Panel znacznie u\u0142atwia zawieranie transakcji i zarz\u0105dzanie nimi m.in. automatyzuj\u0105c stawianie SL i TP, wyliczanie wielko\u015bci pozycji, przestawianie na BE, zabezpieczanie zysku, zamykanie pozycji, ochron\u0119 rachunku &#8211; to tylko niekt\u00f3re z jego bogatych mo\u017cliwo\u015bci. [&hellip;]<\/p>\n","protected":false},"author":3,"featured_media":0,"parent":0,"menu_order":0,"comment_status":"closed","ping_status":"closed","template":"","meta":{"inline_featured_image":false,"footnotes":""},"class_list":["post-69","page","type-page","status-publish","hentry"],"yoast_head":"<!-- This site is optimized with the Yoast SEO plugin v27.3 - https:\/\/yoast.com\/product\/yoast-seo-wordpress\/ -->\n<title>FX Harvest PRO 8 - FXWare<\/title>\n<meta name=\"robots\" content=\"index, follow, max-snippet:-1, max-image-preview:large, max-video-preview:-1\" \/>\n<link rel=\"canonical\" href=\"https:\/\/new.fxware.pl\/pl\/fx-harvest-pro\/\" \/>\n<meta property=\"og:locale\" content=\"pl_PL\" \/>\n<meta property=\"og:type\" content=\"article\" \/>\n<meta property=\"og:title\" content=\"FX Harvest PRO 8 - FXWare\" \/>\n<meta property=\"og:description\" content=\"&nbsp; FX Harvest PRO to panel tradingowy przeznaczony dla terminala Metatrader 4 \/ Metatrader 5 wspomagaj\u0105cy i cz\u0119\u015bciowo automatyzuj\u0105cy trading manualny. Panel znacznie u\u0142atwia zawieranie transakcji i zarz\u0105dzanie nimi m.in. automatyzuj\u0105c stawianie SL i TP, wyliczanie wielko\u015bci pozycji, przestawianie na BE, zabezpieczanie zysku, zamykanie pozycji, ochron\u0119 rachunku &#8211; to tylko niekt\u00f3re z jego bogatych mo\u017cliwo\u015bci. [&hellip;]\" \/>\n<meta property=\"og:url\" content=\"https:\/\/new.fxware.pl\/pl\/fx-harvest-pro\/\" \/>\n<meta property=\"og:site_name\" content=\"FXWare\" \/>\n<meta property=\"article:publisher\" content=\"https:\/\/facebook.com\/fxwarepl\/\" \/>\n<meta property=\"article:modified_time\" content=\"2022-07-03T19:48:45+00:00\" \/>\n<meta property=\"og:image\" content=\"https:\/\/new.fxware.pl\/wp-content\/uploads\/2019\/02\/Trades-panel.png\" \/>\n<meta name=\"twitter:card\" content=\"summary_large_image\" \/>\n<script type=\"application\/ld+json\" class=\"yoast-schema-graph\">{\"@context\":\"https:\\\/\\\/schema.org\",\"@graph\":[{\"@type\":\"WebPage\",\"@id\":\"https:\\\/\\\/new.fxware.pl\\\/pl\\\/fx-harvest-pro\\\/\",\"url\":\"https:\\\/\\\/new.fxware.pl\\\/pl\\\/fx-harvest-pro\\\/\",\"name\":\"FX Harvest PRO 8 - FXWare\",\"isPartOf\":{\"@id\":\"https:\\\/\\\/new.fxware.pl\\\/en\\\/#website\"},\"primaryImageOfPage\":{\"@id\":\"https:\\\/\\\/new.fxware.pl\\\/pl\\\/fx-harvest-pro\\\/#primaryimage\"},\"image\":{\"@id\":\"https:\\\/\\\/new.fxware.pl\\\/pl\\\/fx-harvest-pro\\\/#primaryimage\"},\"thumbnailUrl\":\"https:\\\/\\\/new.fxware.pl\\\/wp-content\\\/uploads\\\/2020\\\/08\\\/panel_1.png\",\"datePublished\":\"2019-01-06T18:00:46+00:00\",\"dateModified\":\"2022-07-03T19:48:45+00:00\",\"breadcrumb\":{\"@id\":\"https:\\\/\\\/new.fxware.pl\\\/pl\\\/fx-harvest-pro\\\/#breadcrumb\"},\"inLanguage\":\"pl-PL\",\"potentialAction\":[{\"@type\":\"ReadAction\",\"target\":[\"https:\\\/\\\/new.fxware.pl\\\/pl\\\/fx-harvest-pro\\\/\"]}]},{\"@type\":\"ImageObject\",\"inLanguage\":\"pl-PL\",\"@id\":\"https:\\\/\\\/new.fxware.pl\\\/pl\\\/fx-harvest-pro\\\/#primaryimage\",\"url\":\"https:\\\/\\\/new.fxware.pl\\\/wp-content\\\/uploads\\\/2020\\\/08\\\/panel_1.png\",\"contentUrl\":\"https:\\\/\\\/new.fxware.pl\\\/wp-content\\\/uploads\\\/2020\\\/08\\\/panel_1.png\"},{\"@type\":\"BreadcrumbList\",\"@id\":\"https:\\\/\\\/new.fxware.pl\\\/pl\\\/fx-harvest-pro\\\/#breadcrumb\",\"itemListElement\":[{\"@type\":\"ListItem\",\"position\":1,\"name\":\"Strona g\u0142\u00f3wna\",\"item\":\"https:\\\/\\\/new.fxware.pl\\\/\"},{\"@type\":\"ListItem\",\"position\":2,\"name\":\"FX Harvest PRO 8\"}]},{\"@type\":\"WebSite\",\"@id\":\"https:\\\/\\\/new.fxware.pl\\\/en\\\/#website\",\"url\":\"https:\\\/\\\/new.fxware.pl\\\/en\\\/\",\"name\":\"FXWare\",\"description\":\"Rozwi\u0105zania dla Trader\u00f3w\",\"publisher\":{\"@id\":\"https:\\\/\\\/new.fxware.pl\\\/en\\\/#organization\"},\"potentialAction\":[{\"@type\":\"SearchAction\",\"target\":{\"@type\":\"EntryPoint\",\"urlTemplate\":\"https:\\\/\\\/new.fxware.pl\\\/en\\\/?s={search_term_string}\"},\"query-input\":{\"@type\":\"PropertyValueSpecification\",\"valueRequired\":true,\"valueName\":\"search_term_string\"}}],\"inLanguage\":\"pl-PL\"},{\"@type\":\"Organization\",\"@id\":\"https:\\\/\\\/new.fxware.pl\\\/en\\\/#organization\",\"name\":\"FXWare - Rozwi\u0105zania Dla Inwestor\u00f3w\",\"url\":\"https:\\\/\\\/new.fxware.pl\\\/en\\\/\",\"logo\":{\"@type\":\"ImageObject\",\"inLanguage\":\"pl-PL\",\"@id\":\"https:\\\/\\\/new.fxware.pl\\\/en\\\/#\\\/schema\\\/logo\\\/image\\\/\",\"url\":\"https:\\\/\\\/new.fxware.pl\\\/wp-content\\\/uploads\\\/2019\\\/07\\\/logo-ciemne-6-kwadrat-1024x1024.png\",\"contentUrl\":\"https:\\\/\\\/new.fxware.pl\\\/wp-content\\\/uploads\\\/2019\\\/07\\\/logo-ciemne-6-kwadrat-1024x1024.png\",\"width\":1024,\"height\":1024,\"caption\":\"FXWare - Rozwi\u0105zania Dla Inwestor\u00f3w\"},\"image\":{\"@id\":\"https:\\\/\\\/new.fxware.pl\\\/en\\\/#\\\/schema\\\/logo\\\/image\\\/\"},\"sameAs\":[\"https:\\\/\\\/facebook.com\\\/fxwarepl\\\/\",\"https:\\\/\\\/www.youtube.com\\\/channel\\\/UC8dWK9a2okrHo4Lu3x2H8pA\",\"https:\\\/\\\/instagram.com\\\/fxwarepl\"]}]}<\/script>\n<!-- \/ Yoast SEO plugin. -->","yoast_head_json":{"title":"FX Harvest PRO 8 - FXWare","robots":{"index":"index","follow":"follow","max-snippet":"max-snippet:-1","max-image-preview":"max-image-preview:large","max-video-preview":"max-video-preview:-1"},"canonical":"https:\/\/new.fxware.pl\/pl\/fx-harvest-pro\/","og_locale":"pl_PL","og_type":"article","og_title":"FX Harvest PRO 8 - FXWare","og_description":"&nbsp; FX Harvest PRO to panel tradingowy przeznaczony dla terminala Metatrader 4 \/ Metatrader 5 wspomagaj\u0105cy i cz\u0119\u015bciowo automatyzuj\u0105cy trading manualny. Panel znacznie u\u0142atwia zawieranie transakcji i zarz\u0105dzanie nimi m.in. automatyzuj\u0105c stawianie SL i TP, wyliczanie wielko\u015bci pozycji, przestawianie na BE, zabezpieczanie zysku, zamykanie pozycji, ochron\u0119 rachunku &#8211; to tylko niekt\u00f3re z jego bogatych mo\u017cliwo\u015bci. [&hellip;]","og_url":"https:\/\/new.fxware.pl\/pl\/fx-harvest-pro\/","og_site_name":"FXWare","article_publisher":"https:\/\/facebook.com\/fxwarepl\/","article_modified_time":"2022-07-03T19:48:45+00:00","og_image":[{"url":"https:\/\/new.fxware.pl\/wp-content\/uploads\/2019\/02\/Trades-panel.png","type":"","width":"","height":""}],"twitter_card":"summary_large_image","schema":{"@context":"https:\/\/schema.org","@graph":[{"@type":"WebPage","@id":"https:\/\/new.fxware.pl\/pl\/fx-harvest-pro\/","url":"https:\/\/new.fxware.pl\/pl\/fx-harvest-pro\/","name":"FX Harvest PRO 8 - FXWare","isPartOf":{"@id":"https:\/\/new.fxware.pl\/en\/#website"},"primaryImageOfPage":{"@id":"https:\/\/new.fxware.pl\/pl\/fx-harvest-pro\/#primaryimage"},"image":{"@id":"https:\/\/new.fxware.pl\/pl\/fx-harvest-pro\/#primaryimage"},"thumbnailUrl":"https:\/\/new.fxware.pl\/wp-content\/uploads\/2020\/08\/panel_1.png","datePublished":"2019-01-06T18:00:46+00:00","dateModified":"2022-07-03T19:48:45+00:00","breadcrumb":{"@id":"https:\/\/new.fxware.pl\/pl\/fx-harvest-pro\/#breadcrumb"},"inLanguage":"pl-PL","potentialAction":[{"@type":"ReadAction","target":["https:\/\/new.fxware.pl\/pl\/fx-harvest-pro\/"]}]},{"@type":"ImageObject","inLanguage":"pl-PL","@id":"https:\/\/new.fxware.pl\/pl\/fx-harvest-pro\/#primaryimage","url":"https:\/\/new.fxware.pl\/wp-content\/uploads\/2020\/08\/panel_1.png","contentUrl":"https:\/\/new.fxware.pl\/wp-content\/uploads\/2020\/08\/panel_1.png"},{"@type":"BreadcrumbList","@id":"https:\/\/new.fxware.pl\/pl\/fx-harvest-pro\/#breadcrumb","itemListElement":[{"@type":"ListItem","position":1,"name":"Strona g\u0142\u00f3wna","item":"https:\/\/new.fxware.pl\/"},{"@type":"ListItem","position":2,"name":"FX Harvest PRO 8"}]},{"@type":"WebSite","@id":"https:\/\/new.fxware.pl\/en\/#website","url":"https:\/\/new.fxware.pl\/en\/","name":"FXWare","description":"Rozwi\u0105zania dla Trader\u00f3w","publisher":{"@id":"https:\/\/new.fxware.pl\/en\/#organization"},"potentialAction":[{"@type":"SearchAction","target":{"@type":"EntryPoint","urlTemplate":"https:\/\/new.fxware.pl\/en\/?s={search_term_string}"},"query-input":{"@type":"PropertyValueSpecification","valueRequired":true,"valueName":"search_term_string"}}],"inLanguage":"pl-PL"},{"@type":"Organization","@id":"https:\/\/new.fxware.pl\/en\/#organization","name":"FXWare - Rozwi\u0105zania Dla Inwestor\u00f3w","url":"https:\/\/new.fxware.pl\/en\/","logo":{"@type":"ImageObject","inLanguage":"pl-PL","@id":"https:\/\/new.fxware.pl\/en\/#\/schema\/logo\/image\/","url":"https:\/\/new.fxware.pl\/wp-content\/uploads\/2019\/07\/logo-ciemne-6-kwadrat-1024x1024.png","contentUrl":"https:\/\/new.fxware.pl\/wp-content\/uploads\/2019\/07\/logo-ciemne-6-kwadrat-1024x1024.png","width":1024,"height":1024,"caption":"FXWare - Rozwi\u0105zania Dla Inwestor\u00f3w"},"image":{"@id":"https:\/\/new.fxware.pl\/en\/#\/schema\/logo\/image\/"},"sameAs":["https:\/\/facebook.com\/fxwarepl\/","https:\/\/www.youtube.com\/channel\/UC8dWK9a2okrHo4Lu3x2H8pA","https:\/\/instagram.com\/fxwarepl"]}]}},"_links":{"self":[{"href":"https:\/\/new.fxware.pl\/pl\/wp-json\/wp\/v2\/pages\/69","targetHints":{"allow":["GET"]}}],"collection":[{"href":"https:\/\/new.fxware.pl\/pl\/wp-json\/wp\/v2\/pages"}],"about":[{"href":"https:\/\/new.fxware.pl\/pl\/wp-json\/wp\/v2\/types\/page"}],"author":[{"embeddable":true,"href":"https:\/\/new.fxware.pl\/pl\/wp-json\/wp\/v2\/users\/3"}],"replies":[{"embeddable":true,"href":"https:\/\/new.fxware.pl\/pl\/wp-json\/wp\/v2\/comments?post=69"}],"version-history":[{"count":0,"href":"https:\/\/new.fxware.pl\/pl\/wp-json\/wp\/v2\/pages\/69\/revisions"}],"wp:attachment":[{"href":"https:\/\/new.fxware.pl\/pl\/wp-json\/wp\/v2\/media?parent=69"}],"curies":[{"name":"wp","href":"https:\/\/api.w.org\/{rel}","templated":true}]}}