{"id":603,"date":"2019-02-09T17:06:07","date_gmt":"2019-02-09T15:06:07","guid":{"rendered":"https:\/\/new.fxware.pl\/fx-harvest-pro-copy\/"},"modified":"2019-05-25T18:03:19","modified_gmt":"2019-05-25T16:03:19","slug":"fx-harvest-pro-piramida-grid","status":"publish","type":"page","link":"https:\/\/new.fxware.pl\/pl\/fx-harvest-pro\/fx-harvest-pro-piramida-grid\/","title":{"rendered":"Modu\u0142 Piramida &#038; Grid"},"content":{"rendered":"<p>Modu\u0142 Piramida &amp; Grid s\u0142u\u017cy do stawiania zaawansowanych siatek zlece\u0144.<\/p>\n<p><a href=\"https:\/\/new.fxware.pl\/wp-content\/uploads\/2019\/02\/piramida.png\" target=\"_blank\" rel=\"noopener noreferrer\"><img fetchpriority=\"high\" decoding=\"async\" class=\"aligncenter wp-image-606 size-full\" src=\"https:\/\/new.fxware.pl\/wp-content\/uploads\/2019\/02\/piramida.png\" alt=\"\" width=\"1200\" height=\"628\" srcset=\"https:\/\/new.fxware.pl\/wp-content\/uploads\/2019\/02\/piramida.png 1200w, https:\/\/new.fxware.pl\/wp-content\/uploads\/2019\/02\/piramida-416x218.png 416w, https:\/\/new.fxware.pl\/wp-content\/uploads\/2019\/02\/piramida-300x157.png 300w, https:\/\/new.fxware.pl\/wp-content\/uploads\/2019\/02\/piramida-768x402.png 768w, https:\/\/new.fxware.pl\/wp-content\/uploads\/2019\/02\/piramida-1024x536.png 1024w\" sizes=\"(max-width: 1200px) 100vw, 1200px\" \/><\/a><\/p>\n<p>Mo\u017cliwo\u015bci:<\/p>\n<ul>\n<li>wyb\u00f3r ilo\u015bci poziom\u00f3w, swobodna edycja odleg\u0142o\u015bci pomi\u0119dzy nimi, lota i SL dla ka\u017cdej pozycji z osobna<\/li>\n<li>wygodna graficzna prezentacja siatki na wykresie przed jej postawieniem<\/li>\n<li>mo\u017cliwo\u015b\u0107 ustawienia wsp\u00f3lnego SL i TP dla ca\u0142ej siatki przy jej tworzeniu lub p\u00f3\u017aniejsze jego przesuni\u0119cie<\/li>\n<li>liczone ca\u0142kowite ryzyko dla siatki<\/li>\n<li>automatyczne generowanie siatek z rosn\u0105cym lub malej\u0105cym lot<\/li>\n<li>zapisywanie r\u00f3\u017cnych ustawie\u0144 siatki i mo\u017cliwo\u015b\u0107 ich p\u00f3\u017aniejszego wczytania<\/li>\n<li>tryb automatyczny &#8211; siatka zostanie uruchomiona po osi\u0105gni\u0119ciu przez cen\u0119 wybranego poziomy<\/li>\n<li>zabezpieczanie profitu dla ca\u0142ej piramidy &#8211; 7 poziom\u00f3w liczonych w punktach<\/li>\n<\/ul>\n<hr \/>\n<p style=\"text-align: center;\"><strong>Film prezentuj\u0105cy mo\u017cliwo\u015bci modu\u0142u Piramida &amp; Grid<\/strong><\/p>\n<p><em>Film najlepiej otworzy\u0107 w nowym oknie klikaj\u0105c na bia\u0142e logo YouTube w prawym dolnym naro\u017cniku i ogl\u0105da\u0107 na pe\u0142nym ekranie.<\/em><\/p>\n<p style=\"text-align: center;\"><iframe src=\"https:\/\/www.youtube.com\/embed\/omCJ6CgtyZE?rel=0&amp;controls=0&amp;showinfo=0\" width=\"560\" height=\"315\" frameborder=\"0\" allowfullscreen=\"allowfullscreen\"><span data-mce-type=\"bookmark\" style=\"display: inline-block; width: 0px; overflow: hidden; line-height: 0;\" class=\"mce_SELRES_start\">\ufeff<\/span><span data-mce-type=\"bookmark\" style=\"display: inline-block; width: 0px; overflow: hidden; line-height: 0;\" class=\"mce_SELRES_start\">\ufeff<\/span><span data-mce-type=\"bookmark\" style=\"display: inline-block; width: 0px; overflow: hidden; line-height: 0;\" class=\"mce_SELRES_start\">\ufeff<\/span><\/iframe><\/p>\n","protected":false},"excerpt":{"rendered":"<p>Modu\u0142 Piramida &amp; Grid s\u0142u\u017cy do stawiania zaawansowanych siatek zlece\u0144. Mo\u017cliwo\u015bci: wyb\u00f3r ilo\u015bci poziom\u00f3w, swobodna edycja odleg\u0142o\u015bci pomi\u0119dzy nimi, lota i SL dla ka\u017cdej pozycji z osobna wygodna graficzna prezentacja siatki na wykresie przed jej postawieniem mo\u017cliwo\u015b\u0107 ustawienia wsp\u00f3lnego SL i TP dla ca\u0142ej siatki przy jej tworzeniu lub p\u00f3\u017aniejsze jego przesuni\u0119cie liczone ca\u0142kowite ryzyko [&hellip;]<\/p>\n","protected":false},"author":3,"featured_media":0,"parent":69,"menu_order":0,"comment_status":"closed","ping_status":"closed","template":"","meta":{"inline_featured_image":false,"footnotes":""},"class_list":["post-603","page","type-page","status-publish","hentry"],"yoast_head":"<!-- This site is optimized with the Yoast SEO plugin v27.3 - https:\/\/yoast.com\/product\/yoast-seo-wordpress\/ -->\n<title>Modu\u0142 Piramida &amp; Grid - FXWare<\/title>\n<meta name=\"robots\" content=\"index, follow, max-snippet:-1, max-image-preview:large, max-video-preview:-1\" \/>\n<link rel=\"canonical\" href=\"https:\/\/new.fxware.pl\/pl\/fx-harvest-pro\/fx-harvest-pro-piramida-grid\/\" \/>\n<meta property=\"og:locale\" content=\"pl_PL\" \/>\n<meta property=\"og:type\" content=\"article\" \/>\n<meta property=\"og:title\" content=\"Modu\u0142 Piramida &amp; Grid - FXWare\" \/>\n<meta property=\"og:description\" content=\"Modu\u0142 Piramida &amp; Grid s\u0142u\u017cy do stawiania zaawansowanych siatek zlece\u0144. Mo\u017cliwo\u015bci: wyb\u00f3r ilo\u015bci poziom\u00f3w, swobodna edycja odleg\u0142o\u015bci pomi\u0119dzy nimi, lota i SL dla ka\u017cdej pozycji z osobna wygodna graficzna prezentacja siatki na wykresie przed jej postawieniem mo\u017cliwo\u015b\u0107 ustawienia wsp\u00f3lnego SL i TP dla ca\u0142ej siatki przy jej tworzeniu lub p\u00f3\u017aniejsze jego przesuni\u0119cie liczone ca\u0142kowite ryzyko [&hellip;]\" \/>\n<meta property=\"og:url\" content=\"https:\/\/new.fxware.pl\/pl\/fx-harvest-pro\/fx-harvest-pro-piramida-grid\/\" \/>\n<meta property=\"og:site_name\" content=\"FXWare\" \/>\n<meta property=\"article:publisher\" content=\"https:\/\/facebook.com\/fxwarepl\/\" \/>\n<meta property=\"article:modified_time\" content=\"2019-05-25T16:03:19+00:00\" \/>\n<meta property=\"og:image\" content=\"https:\/\/new.fxware.pl\/wp-content\/uploads\/2019\/02\/piramida.png\" \/>\n<meta name=\"twitter:card\" content=\"summary_large_image\" \/>\n<script type=\"application\/ld+json\" class=\"yoast-schema-graph\">{\"@context\":\"https:\\\/\\\/schema.org\",\"@graph\":[{\"@type\":\"WebPage\",\"@id\":\"https:\\\/\\\/new.fxware.pl\\\/pl\\\/fx-harvest-pro\\\/fx-harvest-pro-piramida-grid\\\/\",\"url\":\"https:\\\/\\\/new.fxware.pl\\\/pl\\\/fx-harvest-pro\\\/fx-harvest-pro-piramida-grid\\\/\",\"name\":\"Modu\u0142 Piramida & Grid - FXWare\",\"isPartOf\":{\"@id\":\"https:\\\/\\\/new.fxware.pl\\\/en\\\/#website\"},\"primaryImageOfPage\":{\"@id\":\"https:\\\/\\\/new.fxware.pl\\\/pl\\\/fx-harvest-pro\\\/fx-harvest-pro-piramida-grid\\\/#primaryimage\"},\"image\":{\"@id\":\"https:\\\/\\\/new.fxware.pl\\\/pl\\\/fx-harvest-pro\\\/fx-harvest-pro-piramida-grid\\\/#primaryimage\"},\"thumbnailUrl\":\"https:\\\/\\\/new.fxware.pl\\\/wp-content\\\/uploads\\\/2019\\\/02\\\/piramida.png\",\"datePublished\":\"2019-02-09T15:06:07+00:00\",\"dateModified\":\"2019-05-25T16:03:19+00:00\",\"breadcrumb\":{\"@id\":\"https:\\\/\\\/new.fxware.pl\\\/pl\\\/fx-harvest-pro\\\/fx-harvest-pro-piramida-grid\\\/#breadcrumb\"},\"inLanguage\":\"pl-PL\",\"potentialAction\":[{\"@type\":\"ReadAction\",\"target\":[\"https:\\\/\\\/new.fxware.pl\\\/pl\\\/fx-harvest-pro\\\/fx-harvest-pro-piramida-grid\\\/\"]}]},{\"@type\":\"ImageObject\",\"inLanguage\":\"pl-PL\",\"@id\":\"https:\\\/\\\/new.fxware.pl\\\/pl\\\/fx-harvest-pro\\\/fx-harvest-pro-piramida-grid\\\/#primaryimage\",\"url\":\"https:\\\/\\\/new.fxware.pl\\\/wp-content\\\/uploads\\\/2019\\\/02\\\/piramida.png\",\"contentUrl\":\"https:\\\/\\\/new.fxware.pl\\\/wp-content\\\/uploads\\\/2019\\\/02\\\/piramida.png\"},{\"@type\":\"BreadcrumbList\",\"@id\":\"https:\\\/\\\/new.fxware.pl\\\/pl\\\/fx-harvest-pro\\\/fx-harvest-pro-piramida-grid\\\/#breadcrumb\",\"itemListElement\":[{\"@type\":\"ListItem\",\"position\":1,\"name\":\"Strona g\u0142\u00f3wna\",\"item\":\"https:\\\/\\\/new.fxware.pl\\\/\"},{\"@type\":\"ListItem\",\"position\":2,\"name\":\"FX Harvest PRO 8\",\"item\":\"https:\\\/\\\/new.fxware.pl\\\/pl\\\/fx-harvest-pro\\\/\"},{\"@type\":\"ListItem\",\"position\":3,\"name\":\"Modu\u0142 Piramida &#038; Grid\"}]},{\"@type\":\"WebSite\",\"@id\":\"https:\\\/\\\/new.fxware.pl\\\/en\\\/#website\",\"url\":\"https:\\\/\\\/new.fxware.pl\\\/en\\\/\",\"name\":\"FXWare\",\"description\":\"Rozwi\u0105zania dla Trader\u00f3w\",\"publisher\":{\"@id\":\"https:\\\/\\\/new.fxware.pl\\\/en\\\/#organization\"},\"potentialAction\":[{\"@type\":\"SearchAction\",\"target\":{\"@type\":\"EntryPoint\",\"urlTemplate\":\"https:\\\/\\\/new.fxware.pl\\\/en\\\/?s={search_term_string}\"},\"query-input\":{\"@type\":\"PropertyValueSpecification\",\"valueRequired\":true,\"valueName\":\"search_term_string\"}}],\"inLanguage\":\"pl-PL\"},{\"@type\":\"Organization\",\"@id\":\"https:\\\/\\\/new.fxware.pl\\\/en\\\/#organization\",\"name\":\"FXWare - Rozwi\u0105zania Dla Inwestor\u00f3w\",\"url\":\"https:\\\/\\\/new.fxware.pl\\\/en\\\/\",\"logo\":{\"@type\":\"ImageObject\",\"inLanguage\":\"pl-PL\",\"@id\":\"https:\\\/\\\/new.fxware.pl\\\/en\\\/#\\\/schema\\\/logo\\\/image\\\/\",\"url\":\"https:\\\/\\\/new.fxware.pl\\\/wp-content\\\/uploads\\\/2019\\\/07\\\/logo-ciemne-6-kwadrat-1024x1024.png\",\"contentUrl\":\"https:\\\/\\\/new.fxware.pl\\\/wp-content\\\/uploads\\\/2019\\\/07\\\/logo-ciemne-6-kwadrat-1024x1024.png\",\"width\":1024,\"height\":1024,\"caption\":\"FXWare - Rozwi\u0105zania Dla Inwestor\u00f3w\"},\"image\":{\"@id\":\"https:\\\/\\\/new.fxware.pl\\\/en\\\/#\\\/schema\\\/logo\\\/image\\\/\"},\"sameAs\":[\"https:\\\/\\\/facebook.com\\\/fxwarepl\\\/\",\"https:\\\/\\\/www.youtube.com\\\/channel\\\/UC8dWK9a2okrHo4Lu3x2H8pA\",\"https:\\\/\\\/instagram.com\\\/fxwarepl\"]}]}<\/script>\n<!-- \/ Yoast SEO plugin. -->","yoast_head_json":{"title":"Modu\u0142 Piramida & Grid - FXWare","robots":{"index":"index","follow":"follow","max-snippet":"max-snippet:-1","max-image-preview":"max-image-preview:large","max-video-preview":"max-video-preview:-1"},"canonical":"https:\/\/new.fxware.pl\/pl\/fx-harvest-pro\/fx-harvest-pro-piramida-grid\/","og_locale":"pl_PL","og_type":"article","og_title":"Modu\u0142 Piramida & Grid - FXWare","og_description":"Modu\u0142 Piramida &amp; Grid s\u0142u\u017cy do stawiania zaawansowanych siatek zlece\u0144. Mo\u017cliwo\u015bci: wyb\u00f3r ilo\u015bci poziom\u00f3w, swobodna edycja odleg\u0142o\u015bci pomi\u0119dzy nimi, lota i SL dla ka\u017cdej pozycji z osobna wygodna graficzna prezentacja siatki na wykresie przed jej postawieniem mo\u017cliwo\u015b\u0107 ustawienia wsp\u00f3lnego SL i TP dla ca\u0142ej siatki przy jej tworzeniu lub p\u00f3\u017aniejsze jego przesuni\u0119cie liczone ca\u0142kowite ryzyko [&hellip;]","og_url":"https:\/\/new.fxware.pl\/pl\/fx-harvest-pro\/fx-harvest-pro-piramida-grid\/","og_site_name":"FXWare","article_publisher":"https:\/\/facebook.com\/fxwarepl\/","article_modified_time":"2019-05-25T16:03:19+00:00","og_image":[{"url":"https:\/\/new.fxware.pl\/wp-content\/uploads\/2019\/02\/piramida.png","type":"","width":"","height":""}],"twitter_card":"summary_large_image","schema":{"@context":"https:\/\/schema.org","@graph":[{"@type":"WebPage","@id":"https:\/\/new.fxware.pl\/pl\/fx-harvest-pro\/fx-harvest-pro-piramida-grid\/","url":"https:\/\/new.fxware.pl\/pl\/fx-harvest-pro\/fx-harvest-pro-piramida-grid\/","name":"Modu\u0142 Piramida & Grid - FXWare","isPartOf":{"@id":"https:\/\/new.fxware.pl\/en\/#website"},"primaryImageOfPage":{"@id":"https:\/\/new.fxware.pl\/pl\/fx-harvest-pro\/fx-harvest-pro-piramida-grid\/#primaryimage"},"image":{"@id":"https:\/\/new.fxware.pl\/pl\/fx-harvest-pro\/fx-harvest-pro-piramida-grid\/#primaryimage"},"thumbnailUrl":"https:\/\/new.fxware.pl\/wp-content\/uploads\/2019\/02\/piramida.png","datePublished":"2019-02-09T15:06:07+00:00","dateModified":"2019-05-25T16:03:19+00:00","breadcrumb":{"@id":"https:\/\/new.fxware.pl\/pl\/fx-harvest-pro\/fx-harvest-pro-piramida-grid\/#breadcrumb"},"inLanguage":"pl-PL","potentialAction":[{"@type":"ReadAction","target":["https:\/\/new.fxware.pl\/pl\/fx-harvest-pro\/fx-harvest-pro-piramida-grid\/"]}]},{"@type":"ImageObject","inLanguage":"pl-PL","@id":"https:\/\/new.fxware.pl\/pl\/fx-harvest-pro\/fx-harvest-pro-piramida-grid\/#primaryimage","url":"https:\/\/new.fxware.pl\/wp-content\/uploads\/2019\/02\/piramida.png","contentUrl":"https:\/\/new.fxware.pl\/wp-content\/uploads\/2019\/02\/piramida.png"},{"@type":"BreadcrumbList","@id":"https:\/\/new.fxware.pl\/pl\/fx-harvest-pro\/fx-harvest-pro-piramida-grid\/#breadcrumb","itemListElement":[{"@type":"ListItem","position":1,"name":"Strona g\u0142\u00f3wna","item":"https:\/\/new.fxware.pl\/"},{"@type":"ListItem","position":2,"name":"FX Harvest PRO 8","item":"https:\/\/new.fxware.pl\/pl\/fx-harvest-pro\/"},{"@type":"ListItem","position":3,"name":"Modu\u0142 Piramida &#038; Grid"}]},{"@type":"WebSite","@id":"https:\/\/new.fxware.pl\/en\/#website","url":"https:\/\/new.fxware.pl\/en\/","name":"FXWare","description":"Rozwi\u0105zania dla Trader\u00f3w","publisher":{"@id":"https:\/\/new.fxware.pl\/en\/#organization"},"potentialAction":[{"@type":"SearchAction","target":{"@type":"EntryPoint","urlTemplate":"https:\/\/new.fxware.pl\/en\/?s={search_term_string}"},"query-input":{"@type":"PropertyValueSpecification","valueRequired":true,"valueName":"search_term_string"}}],"inLanguage":"pl-PL"},{"@type":"Organization","@id":"https:\/\/new.fxware.pl\/en\/#organization","name":"FXWare - Rozwi\u0105zania Dla Inwestor\u00f3w","url":"https:\/\/new.fxware.pl\/en\/","logo":{"@type":"ImageObject","inLanguage":"pl-PL","@id":"https:\/\/new.fxware.pl\/en\/#\/schema\/logo\/image\/","url":"https:\/\/new.fxware.pl\/wp-content\/uploads\/2019\/07\/logo-ciemne-6-kwadrat-1024x1024.png","contentUrl":"https:\/\/new.fxware.pl\/wp-content\/uploads\/2019\/07\/logo-ciemne-6-kwadrat-1024x1024.png","width":1024,"height":1024,"caption":"FXWare - Rozwi\u0105zania Dla Inwestor\u00f3w"},"image":{"@id":"https:\/\/new.fxware.pl\/en\/#\/schema\/logo\/image\/"},"sameAs":["https:\/\/facebook.com\/fxwarepl\/","https:\/\/www.youtube.com\/channel\/UC8dWK9a2okrHo4Lu3x2H8pA","https:\/\/instagram.com\/fxwarepl"]}]}},"_links":{"self":[{"href":"https:\/\/new.fxware.pl\/pl\/wp-json\/wp\/v2\/pages\/603","targetHints":{"allow":["GET"]}}],"collection":[{"href":"https:\/\/new.fxware.pl\/pl\/wp-json\/wp\/v2\/pages"}],"about":[{"href":"https:\/\/new.fxware.pl\/pl\/wp-json\/wp\/v2\/types\/page"}],"author":[{"embeddable":true,"href":"https:\/\/new.fxware.pl\/pl\/wp-json\/wp\/v2\/users\/3"}],"replies":[{"embeddable":true,"href":"https:\/\/new.fxware.pl\/pl\/wp-json\/wp\/v2\/comments?post=603"}],"version-history":[{"count":0,"href":"https:\/\/new.fxware.pl\/pl\/wp-json\/wp\/v2\/pages\/603\/revisions"}],"up":[{"embeddable":true,"href":"https:\/\/new.fxware.pl\/pl\/wp-json\/wp\/v2\/pages\/69"}],"wp:attachment":[{"href":"https:\/\/new.fxware.pl\/pl\/wp-json\/wp\/v2\/media?parent=603"}],"curies":[{"name":"wp","href":"https:\/\/api.w.org\/{rel}","templated":true}]}}