{"id":544,"date":"2019-01-07T23:37:15","date_gmt":"2019-01-07T21:37:15","guid":{"rendered":"https:\/\/new.fxware.pl\/downloads-copy-2\/"},"modified":"2024-02-21T22:22:57","modified_gmt":"2024-02-21T21:22:57","slug":"tools","status":"publish","type":"page","link":"https:\/\/new.fxware.pl\/pl\/tools\/","title":{"rendered":"Przydatne programy"},"content":{"rendered":"<p><span style=\"color: #800080;\"><strong>MT4 ticker \/ MT4 bar<\/strong><\/span> \u2013 programy pod Windows, kt\u00f3re symuluj\u0105 ticki i pozwalaj\u0105 bezproblemowo pracowa\u0107 w MetaTrader 4 nawet je\u015bli rynek jest zamkni\u0119ty<\/p>\n<i class=\"fas fa-link \" ><\/i> <a href=\"https:\/\/fx1.net\/mt4ticker.php\" target=\"_blank\" rel=\"noopener noreferrer\">https:\/\/fx1.net\/mt4ticker.php<\/a>\u00a0 \u00a0 \u00a0 <i class=\"fas fa-link \" ><\/i> <a href=\"https:\/\/fx1.net\/mt4bar.php\" target=\"_blank\" rel=\"noopener noreferrer\">https:\/\/fx1.net\/mt4bar.php<\/a><\/p>\n<hr \/>\n<p><span style=\"color: #800080;\"><strong>NewsCal<\/strong><\/span> &#8211; kalendarz ekonomiczny dla MT4<\/p>\n<i class=\"fas fa-link \" ><\/i> <a href=\"https:\/\/www.forexfactory.com\/showthread.php?p=5143817\" target=\"_blank\" rel=\"noopener noreferrer\">https:\/\/www.forexfactory.com\/showthread.php?p=5143817<\/a><\/p>\n<hr \/>\n<p><span style=\"color: #800080;\"><strong>OrderTracer 2.0<\/strong><\/span> \u2013 wska\u017anik do MT4, kt\u00f3ry pozwala szybko pokaza\u0107 historyczne transakcje na wykresie \u2013 dost\u0119pny w plikach na grupie FB ForexCity<\/p>\n<i class=\"fas fa-link \" ><\/i> <a href=\"https:\/\/www.facebook.com\/groups\/forexcity.spolecznosc\/posts\/3064318827019798\/\" target=\"_blank\" rel=\"noopener noreferrer\">https:\/\/www.facebook.com\/groups\/forexcity.spolecznosc\/posts\/3064318827019798\/<\/a><\/p>\n<hr \/>\n<p><span style=\"color: #800080;\"><strong>Non-gap Renko Chart Creator EA<\/strong><\/span> \u2013 darmowy EA dla MT4 do generowania wykres\u00f3w RENKO<\/p>\n<i class=\"fas fa-link \" ><\/i> <a href=\"https:\/\/www.forexfactory.com\/thread\/535170-non-gap-renko-chart-creator-ea\" target=\"_blank\" rel=\"noopener noreferrer\">https:\/\/www.forexfactory.com\/thread\/535170-non-gap-renko-chart-creator-ea<\/a><\/p>\n","protected":false},"excerpt":{"rendered":"<p>MT4 ticker \/ MT4 bar \u2013 programy pod Windows, kt\u00f3re symuluj\u0105 ticki i pozwalaj\u0105 bezproblemowo pracowa\u0107 w MetaTrader 4 nawet je\u015bli rynek jest zamkni\u0119ty https:\/\/fx1.net\/mt4ticker.php\u00a0 \u00a0 \u00a0 https:\/\/fx1.net\/mt4bar.php NewsCal &#8211; kalendarz ekonomiczny dla MT4 https:\/\/www.forexfactory.com\/showthread.php?p=5143817 OrderTracer 2.0 \u2013 wska\u017anik do MT4, kt\u00f3ry pozwala szybko pokaza\u0107 historyczne transakcje na wykresie \u2013 dost\u0119pny w plikach na grupie [&hellip;]<\/p>\n","protected":false},"author":3,"featured_media":0,"parent":0,"menu_order":0,"comment_status":"closed","ping_status":"closed","template":"","meta":{"inline_featured_image":false,"footnotes":""},"class_list":["post-544","page","type-page","status-publish","hentry"],"yoast_head":"<!-- This site is optimized with the Yoast SEO plugin v27.3 - https:\/\/yoast.com\/product\/yoast-seo-wordpress\/ -->\n<title>Przydatne programy - FXWare<\/title>\n<meta name=\"robots\" content=\"index, follow, max-snippet:-1, max-image-preview:large, max-video-preview:-1\" \/>\n<link rel=\"canonical\" href=\"https:\/\/new.fxware.pl\/pl\/tools\/\" \/>\n<meta property=\"og:locale\" content=\"pl_PL\" \/>\n<meta property=\"og:type\" content=\"article\" \/>\n<meta property=\"og:title\" content=\"Przydatne programy - FXWare\" \/>\n<meta property=\"og:description\" content=\"MT4 ticker \/ MT4 bar \u2013 programy pod Windows, kt\u00f3re symuluj\u0105 ticki i pozwalaj\u0105 bezproblemowo pracowa\u0107 w MetaTrader 4 nawet je\u015bli rynek jest zamkni\u0119ty https:\/\/fx1.net\/mt4ticker.php\u00a0 \u00a0 \u00a0 https:\/\/fx1.net\/mt4bar.php NewsCal &#8211; kalendarz ekonomiczny dla MT4 https:\/\/www.forexfactory.com\/showthread.php?p=5143817 OrderTracer 2.0 \u2013 wska\u017anik do MT4, kt\u00f3ry pozwala szybko pokaza\u0107 historyczne transakcje na wykresie \u2013 dost\u0119pny w plikach na grupie [&hellip;]\" \/>\n<meta property=\"og:url\" content=\"https:\/\/new.fxware.pl\/pl\/tools\/\" \/>\n<meta property=\"og:site_name\" content=\"FXWare\" \/>\n<meta property=\"article:publisher\" content=\"https:\/\/facebook.com\/fxwarepl\/\" \/>\n<meta property=\"article:modified_time\" content=\"2024-02-21T21:22:57+00:00\" \/>\n<meta property=\"og:image\" content=\"https:\/\/new.fxware.pl\/wp-content\/uploads\/2022\/06\/FXWare-og-1200x628-1.png\" \/>\n\t<meta property=\"og:image:width\" content=\"1200\" \/>\n\t<meta property=\"og:image:height\" content=\"628\" \/>\n\t<meta property=\"og:image:type\" content=\"image\/png\" \/>\n<meta name=\"twitter:card\" content=\"summary_large_image\" \/>\n<script type=\"application\/ld+json\" class=\"yoast-schema-graph\">{\"@context\":\"https:\\\/\\\/schema.org\",\"@graph\":[{\"@type\":\"WebPage\",\"@id\":\"https:\\\/\\\/new.fxware.pl\\\/en\\\/tools\\\/\",\"url\":\"https:\\\/\\\/new.fxware.pl\\\/en\\\/tools\\\/\",\"name\":\"Przydatne programy - FXWare\",\"isPartOf\":{\"@id\":\"https:\\\/\\\/new.fxware.pl\\\/en\\\/#website\"},\"datePublished\":\"2019-01-07T21:37:15+00:00\",\"dateModified\":\"2024-02-21T21:22:57+00:00\",\"breadcrumb\":{\"@id\":\"https:\\\/\\\/new.fxware.pl\\\/en\\\/tools\\\/#breadcrumb\"},\"inLanguage\":\"pl-PL\",\"potentialAction\":[{\"@type\":\"ReadAction\",\"target\":[\"https:\\\/\\\/new.fxware.pl\\\/en\\\/tools\\\/\"]}]},{\"@type\":\"BreadcrumbList\",\"@id\":\"https:\\\/\\\/new.fxware.pl\\\/en\\\/tools\\\/#breadcrumb\",\"itemListElement\":[{\"@type\":\"ListItem\",\"position\":1,\"name\":\"Strona g\u0142\u00f3wna\",\"item\":\"https:\\\/\\\/new.fxware.pl\\\/\"},{\"@type\":\"ListItem\",\"position\":2,\"name\":\"Przydatne programy\"}]},{\"@type\":\"WebSite\",\"@id\":\"https:\\\/\\\/new.fxware.pl\\\/en\\\/#website\",\"url\":\"https:\\\/\\\/new.fxware.pl\\\/en\\\/\",\"name\":\"FXWare\",\"description\":\"Rozwi\u0105zania dla Trader\u00f3w\",\"publisher\":{\"@id\":\"https:\\\/\\\/new.fxware.pl\\\/en\\\/#organization\"},\"potentialAction\":[{\"@type\":\"SearchAction\",\"target\":{\"@type\":\"EntryPoint\",\"urlTemplate\":\"https:\\\/\\\/new.fxware.pl\\\/en\\\/?s={search_term_string}\"},\"query-input\":{\"@type\":\"PropertyValueSpecification\",\"valueRequired\":true,\"valueName\":\"search_term_string\"}}],\"inLanguage\":\"pl-PL\"},{\"@type\":\"Organization\",\"@id\":\"https:\\\/\\\/new.fxware.pl\\\/en\\\/#organization\",\"name\":\"FXWare - Rozwi\u0105zania Dla Inwestor\u00f3w\",\"url\":\"https:\\\/\\\/new.fxware.pl\\\/en\\\/\",\"logo\":{\"@type\":\"ImageObject\",\"inLanguage\":\"pl-PL\",\"@id\":\"https:\\\/\\\/new.fxware.pl\\\/en\\\/#\\\/schema\\\/logo\\\/image\\\/\",\"url\":\"https:\\\/\\\/new.fxware.pl\\\/wp-content\\\/uploads\\\/2019\\\/07\\\/logo-ciemne-6-kwadrat-1024x1024.png\",\"contentUrl\":\"https:\\\/\\\/new.fxware.pl\\\/wp-content\\\/uploads\\\/2019\\\/07\\\/logo-ciemne-6-kwadrat-1024x1024.png\",\"width\":1024,\"height\":1024,\"caption\":\"FXWare - Rozwi\u0105zania Dla Inwestor\u00f3w\"},\"image\":{\"@id\":\"https:\\\/\\\/new.fxware.pl\\\/en\\\/#\\\/schema\\\/logo\\\/image\\\/\"},\"sameAs\":[\"https:\\\/\\\/facebook.com\\\/fxwarepl\\\/\",\"https:\\\/\\\/www.youtube.com\\\/channel\\\/UC8dWK9a2okrHo4Lu3x2H8pA\",\"https:\\\/\\\/instagram.com\\\/fxwarepl\"]}]}<\/script>\n<!-- \/ Yoast SEO plugin. -->","yoast_head_json":{"title":"Przydatne programy - FXWare","robots":{"index":"index","follow":"follow","max-snippet":"max-snippet:-1","max-image-preview":"max-image-preview:large","max-video-preview":"max-video-preview:-1"},"canonical":"https:\/\/new.fxware.pl\/pl\/tools\/","og_locale":"pl_PL","og_type":"article","og_title":"Przydatne programy - FXWare","og_description":"MT4 ticker \/ MT4 bar \u2013 programy pod Windows, kt\u00f3re symuluj\u0105 ticki i pozwalaj\u0105 bezproblemowo pracowa\u0107 w MetaTrader 4 nawet je\u015bli rynek jest zamkni\u0119ty https:\/\/fx1.net\/mt4ticker.php\u00a0 \u00a0 \u00a0 https:\/\/fx1.net\/mt4bar.php NewsCal &#8211; kalendarz ekonomiczny dla MT4 https:\/\/www.forexfactory.com\/showthread.php?p=5143817 OrderTracer 2.0 \u2013 wska\u017anik do MT4, kt\u00f3ry pozwala szybko pokaza\u0107 historyczne transakcje na wykresie \u2013 dost\u0119pny w plikach na grupie [&hellip;]","og_url":"https:\/\/new.fxware.pl\/pl\/tools\/","og_site_name":"FXWare","article_publisher":"https:\/\/facebook.com\/fxwarepl\/","article_modified_time":"2024-02-21T21:22:57+00:00","og_image":[{"width":1200,"height":628,"url":"https:\/\/new.fxware.pl\/wp-content\/uploads\/2022\/06\/FXWare-og-1200x628-1.png","type":"image\/png"}],"twitter_card":"summary_large_image","schema":{"@context":"https:\/\/schema.org","@graph":[{"@type":"WebPage","@id":"https:\/\/new.fxware.pl\/en\/tools\/","url":"https:\/\/new.fxware.pl\/en\/tools\/","name":"Przydatne programy - FXWare","isPartOf":{"@id":"https:\/\/new.fxware.pl\/en\/#website"},"datePublished":"2019-01-07T21:37:15+00:00","dateModified":"2024-02-21T21:22:57+00:00","breadcrumb":{"@id":"https:\/\/new.fxware.pl\/en\/tools\/#breadcrumb"},"inLanguage":"pl-PL","potentialAction":[{"@type":"ReadAction","target":["https:\/\/new.fxware.pl\/en\/tools\/"]}]},{"@type":"BreadcrumbList","@id":"https:\/\/new.fxware.pl\/en\/tools\/#breadcrumb","itemListElement":[{"@type":"ListItem","position":1,"name":"Strona g\u0142\u00f3wna","item":"https:\/\/new.fxware.pl\/"},{"@type":"ListItem","position":2,"name":"Przydatne programy"}]},{"@type":"WebSite","@id":"https:\/\/new.fxware.pl\/en\/#website","url":"https:\/\/new.fxware.pl\/en\/","name":"FXWare","description":"Rozwi\u0105zania dla Trader\u00f3w","publisher":{"@id":"https:\/\/new.fxware.pl\/en\/#organization"},"potentialAction":[{"@type":"SearchAction","target":{"@type":"EntryPoint","urlTemplate":"https:\/\/new.fxware.pl\/en\/?s={search_term_string}"},"query-input":{"@type":"PropertyValueSpecification","valueRequired":true,"valueName":"search_term_string"}}],"inLanguage":"pl-PL"},{"@type":"Organization","@id":"https:\/\/new.fxware.pl\/en\/#organization","name":"FXWare - Rozwi\u0105zania Dla Inwestor\u00f3w","url":"https:\/\/new.fxware.pl\/en\/","logo":{"@type":"ImageObject","inLanguage":"pl-PL","@id":"https:\/\/new.fxware.pl\/en\/#\/schema\/logo\/image\/","url":"https:\/\/new.fxware.pl\/wp-content\/uploads\/2019\/07\/logo-ciemne-6-kwadrat-1024x1024.png","contentUrl":"https:\/\/new.fxware.pl\/wp-content\/uploads\/2019\/07\/logo-ciemne-6-kwadrat-1024x1024.png","width":1024,"height":1024,"caption":"FXWare - Rozwi\u0105zania Dla Inwestor\u00f3w"},"image":{"@id":"https:\/\/new.fxware.pl\/en\/#\/schema\/logo\/image\/"},"sameAs":["https:\/\/facebook.com\/fxwarepl\/","https:\/\/www.youtube.com\/channel\/UC8dWK9a2okrHo4Lu3x2H8pA","https:\/\/instagram.com\/fxwarepl"]}]}},"_links":{"self":[{"href":"https:\/\/new.fxware.pl\/pl\/wp-json\/wp\/v2\/pages\/544","targetHints":{"allow":["GET"]}}],"collection":[{"href":"https:\/\/new.fxware.pl\/pl\/wp-json\/wp\/v2\/pages"}],"about":[{"href":"https:\/\/new.fxware.pl\/pl\/wp-json\/wp\/v2\/types\/page"}],"author":[{"embeddable":true,"href":"https:\/\/new.fxware.pl\/pl\/wp-json\/wp\/v2\/users\/3"}],"replies":[{"embeddable":true,"href":"https:\/\/new.fxware.pl\/pl\/wp-json\/wp\/v2\/comments?post=544"}],"version-history":[{"count":0,"href":"https:\/\/new.fxware.pl\/pl\/wp-json\/wp\/v2\/pages\/544\/revisions"}],"wp:attachment":[{"href":"https:\/\/new.fxware.pl\/pl\/wp-json\/wp\/v2\/media?parent=544"}],"curies":[{"name":"wp","href":"https:\/\/api.w.org\/{rel}","templated":true}]}}