{"id":450,"date":"2018-12-23T17:32:30","date_gmt":"2018-12-23T15:32:30","guid":{"rendered":"https:\/\/new.fxware.pl\/sd-zoner-copy\/"},"modified":"2026-03-27T15:54:23","modified_gmt":"2026-03-27T14:54:23","slug":"replicator","status":"publish","type":"page","link":"https:\/\/new.fxware.pl\/pl\/replicator\/","title":{"rendered":"FXWare Replicator"},"content":{"rendered":"<p style=\"text-align: left;\">Je\u015bli handlujesz w oparciu o analizy prowadzone na r\u00f3\u017cnych interwa\u0142ach operuj\u0105c r\u00f3wnocze\u015bnie na wielu wykresach to wska\u017anik FXWare Replicator zaoszcz\u0119dzi ci du\u017co czasu po\u015bwi\u0119canego na <strong>kopiowanie narysowanych obiekt\u00f3w pomi\u0119dzy r\u00f3\u017cnymi wykresami tego samego instrumentu.<\/strong><\/p>\n<p style=\"text-align: left;\">Wska\u017anik oferujemy w wersji na MT4 oraz na MT5.<\/p>\n<p style=\"text-align: left;\">Wska\u017anik obs\u0142uguje wszystkie standardowe interwa\u0142y od M1 do MN oraz dodatkowo do 2 interwa\u0142\u00f3w definiowanych przez u\u017cytkownika co pozwala r\u00f3wnie\u017c kopiowa\u0107 obiekty z wykres\u00f3w offline. Obs\u0142ugiwane typy obiekt\u00f3w:<\/p>\n<ul>\n<li style=\"text-align: left;\">linie poziome<\/li>\n<li style=\"text-align: left;\">linie pionowe<\/li>\n<li style=\"text-align: left;\">linie trendu<\/li>\n<li>prostok\u0105ty<\/li>\n<li>tr\u00f3jk\u0105ty<\/li>\n<li style=\"text-align: left;\">poziomy Fibonacciego<\/li>\n<li>ekspansje Fibonacciego<\/li>\n<li style=\"text-align: left;\">teksty<\/li>\n<\/ul>\n<table style=\"border-collapse: collapse; width: 100%;\">\n<tbody>\n<tr>\n<td style=\"width: 45.8898%;\"><img fetchpriority=\"high\" decoding=\"async\" class=\"aligncenter\" src=\"https:\/\/new.fxware.pl\/wp-content\/uploads\/2018\/12\/replicator_v1.2_1200x628.png\" alt=\"\" width=\"1200\" height=\"628\" \/><\/td>\n<td style=\"width: 54.1102%;\"><img decoding=\"async\" class=\"aligncenter\" src=\"https:\/\/new.fxware.pl\/wp-content\/uploads\/2019\/01\/replicator_v1.3.png\" alt=\"\" \/><\/td>\n<\/tr>\n<tr>\n<td style=\"width: 45.8898%; text-align: center;\">Kopiowanie wiele do wielu<\/td>\n<td style=\"width: 54.1102%; text-align: center;\">Kopiowanie i odczyt w obie strony<\/td>\n<\/tr>\n<\/tbody>\n<\/table>\n<p style=\"text-align: left;\">Wystarczy narysowa\u0107 lub zmodyfikowa\u0107 jaki\u015b obiekt na jednym z wykres\u00f3w \u017ceby zmiana od razu pojawi\u0142a si\u0119 na pozosta\u0142ych wykresach. Wska\u017anik <strong>poza po\u0142o\u017ceniem obiekt\u00f3w kopiuje r\u00f3wnie\u017c ich atrybuty<\/strong> takie jak nazwa, kolor, grubo\u015b\u0107, styl, w\u0142asne poziomy fibo. Potrafi te\u017c kopiowa\u0107 obiekty narysowane nie r\u0119cznie ale przez inne wska\u017aniki.<\/p>\n<p>Na wykresie, z kt\u00f3rego zamierzamy kopiowa\u0107 obiekty umieszczamy wska\u017anik FXWare Replicator a na wykresie, na kt\u00f3ry chcemy mie\u0107 skopiowane obiekty, wska\u017anik FXWare Replicator Reader.<\/p>\n<p><a href=\"https:\/\/new.fxware.pl\/wp-content\/uploads\/2018\/12\/replicator_v1.2_ustawienia.png\"><img decoding=\"async\" class=\"aligncenter wp-image-492 size-full\" src=\"https:\/\/new.fxware.pl\/wp-content\/uploads\/2018\/12\/replicator_v1.2_ustawienia.png\" alt=\"\" width=\"804\" height=\"722\" srcset=\"https:\/\/new.fxware.pl\/wp-content\/uploads\/2018\/12\/replicator_v1.2_ustawienia.png 804w, https:\/\/new.fxware.pl\/wp-content\/uploads\/2018\/12\/replicator_v1.2_ustawienia-416x374.png 416w, https:\/\/new.fxware.pl\/wp-content\/uploads\/2018\/12\/replicator_v1.2_ustawienia-300x269.png 300w, https:\/\/new.fxware.pl\/wp-content\/uploads\/2018\/12\/replicator_v1.2_ustawienia-768x690.png 768w\" sizes=\"(max-width: 804px) 100vw, 804px\" \/><\/a><\/p>\n<p style=\"text-align: center;\"><strong>Zobacz kr\u00f3tki 5 min. film prezentuj\u0105cy mo\u017cliwo\u015bci wska\u017anika Replicator<\/strong><\/p>\n<p><em>Film najlepiej otworzy\u0107 w nowym oknie klikaj\u0105c na bia\u0142e logo YouTube w prawym dolnym naro\u017cniku i ogl\u0105da\u0107 na pe\u0142nym ekranie.<\/em><\/p>\n<p style=\"text-align: center;\"><iframe src=\"https:\/\/www.youtube.com\/embed\/75nToRWiWx8?rel=0&amp;controls=0&amp;showinfo=0\" width=\"560\" height=\"315\" frameborder=\"0\" allowfullscreen=\"allowfullscreen\"><span data-mce-type=\"bookmark\" style=\"display: inline-block; width: 0px; overflow: hidden; line-height: 0;\" class=\"mce_SELRES_start\">\ufeff<\/span><span data-mce-type=\"bookmark\" style=\"display: inline-block; width: 0px; overflow: hidden; line-height: 0;\" class=\"mce_SELRES_start\">\ufeff<\/span><span data-mce-type=\"bookmark\" style=\"display: inline-block; width: 0px; overflow: hidden; line-height: 0;\" class=\"mce_SELRES_start\">\ufeff<\/span><\/iframe><\/p>\n","protected":false},"excerpt":{"rendered":"<p>Je\u015bli handlujesz w oparciu o analizy prowadzone na r\u00f3\u017cnych interwa\u0142ach operuj\u0105c r\u00f3wnocze\u015bnie na wielu wykresach to wska\u017anik FXWare Replicator zaoszcz\u0119dzi ci du\u017co czasu po\u015bwi\u0119canego na kopiowanie narysowanych obiekt\u00f3w pomi\u0119dzy r\u00f3\u017cnymi wykresami tego samego instrumentu. Wska\u017anik oferujemy w wersji na MT4 oraz na MT5. Wska\u017anik obs\u0142uguje wszystkie standardowe interwa\u0142y od M1 do MN oraz dodatkowo do [&hellip;]<\/p>\n","protected":false},"author":3,"featured_media":0,"parent":0,"menu_order":0,"comment_status":"closed","ping_status":"closed","template":"","meta":{"inline_featured_image":false,"footnotes":""},"class_list":["post-450","page","type-page","status-publish","hentry"],"yoast_head":"<!-- This site is optimized with the Yoast SEO plugin v27.3 - https:\/\/yoast.com\/product\/yoast-seo-wordpress\/ -->\n<title>FXWare Replicator - FXWare<\/title>\n<meta name=\"robots\" content=\"index, follow, max-snippet:-1, max-image-preview:large, max-video-preview:-1\" \/>\n<link rel=\"canonical\" href=\"https:\/\/new.fxware.pl\/pl\/replicator\/\" \/>\n<meta property=\"og:locale\" content=\"pl_PL\" \/>\n<meta property=\"og:type\" content=\"article\" \/>\n<meta property=\"og:title\" content=\"FXWare Replicator - FXWare\" \/>\n<meta property=\"og:description\" content=\"Je\u015bli handlujesz w oparciu o analizy prowadzone na r\u00f3\u017cnych interwa\u0142ach operuj\u0105c r\u00f3wnocze\u015bnie na wielu wykresach to wska\u017anik FXWare Replicator zaoszcz\u0119dzi ci du\u017co czasu po\u015bwi\u0119canego na kopiowanie narysowanych obiekt\u00f3w pomi\u0119dzy r\u00f3\u017cnymi wykresami tego samego instrumentu. Wska\u017anik oferujemy w wersji na MT4 oraz na MT5. Wska\u017anik obs\u0142uguje wszystkie standardowe interwa\u0142y od M1 do MN oraz dodatkowo do [&hellip;]\" \/>\n<meta property=\"og:url\" content=\"https:\/\/new.fxware.pl\/pl\/replicator\/\" \/>\n<meta property=\"og:site_name\" content=\"FXWare\" \/>\n<meta property=\"article:publisher\" content=\"https:\/\/facebook.com\/fxwarepl\/\" \/>\n<meta property=\"article:modified_time\" content=\"2026-03-27T14:54:23+00:00\" \/>\n<meta property=\"og:image\" content=\"https:\/\/new.fxware.pl\/wp-content\/uploads\/2018\/12\/replicator_v1.2_1200x628.png\" \/>\n<meta name=\"twitter:card\" content=\"summary_large_image\" \/>\n<script type=\"application\/ld+json\" class=\"yoast-schema-graph\">{\"@context\":\"https:\\\/\\\/schema.org\",\"@graph\":[{\"@type\":\"WebPage\",\"@id\":\"https:\\\/\\\/new.fxware.pl\\\/replicator\\\/\",\"url\":\"https:\\\/\\\/new.fxware.pl\\\/replicator\\\/\",\"name\":\"FXWare Replicator - FXWare\",\"isPartOf\":{\"@id\":\"https:\\\/\\\/new.fxware.pl\\\/en\\\/#website\"},\"primaryImageOfPage\":{\"@id\":\"https:\\\/\\\/new.fxware.pl\\\/replicator\\\/#primaryimage\"},\"image\":{\"@id\":\"https:\\\/\\\/new.fxware.pl\\\/replicator\\\/#primaryimage\"},\"thumbnailUrl\":\"https:\\\/\\\/new.fxware.pl\\\/wp-content\\\/uploads\\\/2018\\\/12\\\/replicator_v1.2_1200x628.png\",\"datePublished\":\"2018-12-23T15:32:30+00:00\",\"dateModified\":\"2026-03-27T14:54:23+00:00\",\"breadcrumb\":{\"@id\":\"https:\\\/\\\/new.fxware.pl\\\/replicator\\\/#breadcrumb\"},\"inLanguage\":\"pl-PL\",\"potentialAction\":[{\"@type\":\"ReadAction\",\"target\":[\"https:\\\/\\\/new.fxware.pl\\\/replicator\\\/\"]}]},{\"@type\":\"ImageObject\",\"inLanguage\":\"pl-PL\",\"@id\":\"https:\\\/\\\/new.fxware.pl\\\/replicator\\\/#primaryimage\",\"url\":\"https:\\\/\\\/new.fxware.pl\\\/wp-content\\\/uploads\\\/2018\\\/12\\\/replicator_v1.2_1200x628.png\",\"contentUrl\":\"https:\\\/\\\/new.fxware.pl\\\/wp-content\\\/uploads\\\/2018\\\/12\\\/replicator_v1.2_1200x628.png\"},{\"@type\":\"BreadcrumbList\",\"@id\":\"https:\\\/\\\/new.fxware.pl\\\/replicator\\\/#breadcrumb\",\"itemListElement\":[{\"@type\":\"ListItem\",\"position\":1,\"name\":\"Strona g\u0142\u00f3wna\",\"item\":\"https:\\\/\\\/new.fxware.pl\\\/\"},{\"@type\":\"ListItem\",\"position\":2,\"name\":\"FXWare Replicator\"}]},{\"@type\":\"WebSite\",\"@id\":\"https:\\\/\\\/new.fxware.pl\\\/en\\\/#website\",\"url\":\"https:\\\/\\\/new.fxware.pl\\\/en\\\/\",\"name\":\"FXWare\",\"description\":\"Rozwi\u0105zania dla Trader\u00f3w\",\"publisher\":{\"@id\":\"https:\\\/\\\/new.fxware.pl\\\/en\\\/#organization\"},\"potentialAction\":[{\"@type\":\"SearchAction\",\"target\":{\"@type\":\"EntryPoint\",\"urlTemplate\":\"https:\\\/\\\/new.fxware.pl\\\/en\\\/?s={search_term_string}\"},\"query-input\":{\"@type\":\"PropertyValueSpecification\",\"valueRequired\":true,\"valueName\":\"search_term_string\"}}],\"inLanguage\":\"pl-PL\"},{\"@type\":\"Organization\",\"@id\":\"https:\\\/\\\/new.fxware.pl\\\/en\\\/#organization\",\"name\":\"FXWare - Rozwi\u0105zania Dla Inwestor\u00f3w\",\"url\":\"https:\\\/\\\/new.fxware.pl\\\/en\\\/\",\"logo\":{\"@type\":\"ImageObject\",\"inLanguage\":\"pl-PL\",\"@id\":\"https:\\\/\\\/new.fxware.pl\\\/en\\\/#\\\/schema\\\/logo\\\/image\\\/\",\"url\":\"https:\\\/\\\/new.fxware.pl\\\/wp-content\\\/uploads\\\/2019\\\/07\\\/logo-ciemne-6-kwadrat-1024x1024.png\",\"contentUrl\":\"https:\\\/\\\/new.fxware.pl\\\/wp-content\\\/uploads\\\/2019\\\/07\\\/logo-ciemne-6-kwadrat-1024x1024.png\",\"width\":1024,\"height\":1024,\"caption\":\"FXWare - Rozwi\u0105zania Dla Inwestor\u00f3w\"},\"image\":{\"@id\":\"https:\\\/\\\/new.fxware.pl\\\/en\\\/#\\\/schema\\\/logo\\\/image\\\/\"},\"sameAs\":[\"https:\\\/\\\/facebook.com\\\/fxwarepl\\\/\",\"https:\\\/\\\/www.youtube.com\\\/channel\\\/UC8dWK9a2okrHo4Lu3x2H8pA\",\"https:\\\/\\\/instagram.com\\\/fxwarepl\"]}]}<\/script>\n<!-- \/ Yoast SEO plugin. -->","yoast_head_json":{"title":"FXWare Replicator - FXWare","robots":{"index":"index","follow":"follow","max-snippet":"max-snippet:-1","max-image-preview":"max-image-preview:large","max-video-preview":"max-video-preview:-1"},"canonical":"https:\/\/new.fxware.pl\/pl\/replicator\/","og_locale":"pl_PL","og_type":"article","og_title":"FXWare Replicator - FXWare","og_description":"Je\u015bli handlujesz w oparciu o analizy prowadzone na r\u00f3\u017cnych interwa\u0142ach operuj\u0105c r\u00f3wnocze\u015bnie na wielu wykresach to wska\u017anik FXWare Replicator zaoszcz\u0119dzi ci du\u017co czasu po\u015bwi\u0119canego na kopiowanie narysowanych obiekt\u00f3w pomi\u0119dzy r\u00f3\u017cnymi wykresami tego samego instrumentu. Wska\u017anik oferujemy w wersji na MT4 oraz na MT5. Wska\u017anik obs\u0142uguje wszystkie standardowe interwa\u0142y od M1 do MN oraz dodatkowo do [&hellip;]","og_url":"https:\/\/new.fxware.pl\/pl\/replicator\/","og_site_name":"FXWare","article_publisher":"https:\/\/facebook.com\/fxwarepl\/","article_modified_time":"2026-03-27T14:54:23+00:00","og_image":[{"url":"https:\/\/new.fxware.pl\/wp-content\/uploads\/2018\/12\/replicator_v1.2_1200x628.png","type":"","width":"","height":""}],"twitter_card":"summary_large_image","schema":{"@context":"https:\/\/schema.org","@graph":[{"@type":"WebPage","@id":"https:\/\/new.fxware.pl\/replicator\/","url":"https:\/\/new.fxware.pl\/replicator\/","name":"FXWare Replicator - FXWare","isPartOf":{"@id":"https:\/\/new.fxware.pl\/en\/#website"},"primaryImageOfPage":{"@id":"https:\/\/new.fxware.pl\/replicator\/#primaryimage"},"image":{"@id":"https:\/\/new.fxware.pl\/replicator\/#primaryimage"},"thumbnailUrl":"https:\/\/new.fxware.pl\/wp-content\/uploads\/2018\/12\/replicator_v1.2_1200x628.png","datePublished":"2018-12-23T15:32:30+00:00","dateModified":"2026-03-27T14:54:23+00:00","breadcrumb":{"@id":"https:\/\/new.fxware.pl\/replicator\/#breadcrumb"},"inLanguage":"pl-PL","potentialAction":[{"@type":"ReadAction","target":["https:\/\/new.fxware.pl\/replicator\/"]}]},{"@type":"ImageObject","inLanguage":"pl-PL","@id":"https:\/\/new.fxware.pl\/replicator\/#primaryimage","url":"https:\/\/new.fxware.pl\/wp-content\/uploads\/2018\/12\/replicator_v1.2_1200x628.png","contentUrl":"https:\/\/new.fxware.pl\/wp-content\/uploads\/2018\/12\/replicator_v1.2_1200x628.png"},{"@type":"BreadcrumbList","@id":"https:\/\/new.fxware.pl\/replicator\/#breadcrumb","itemListElement":[{"@type":"ListItem","position":1,"name":"Strona g\u0142\u00f3wna","item":"https:\/\/new.fxware.pl\/"},{"@type":"ListItem","position":2,"name":"FXWare Replicator"}]},{"@type":"WebSite","@id":"https:\/\/new.fxware.pl\/en\/#website","url":"https:\/\/new.fxware.pl\/en\/","name":"FXWare","description":"Rozwi\u0105zania dla Trader\u00f3w","publisher":{"@id":"https:\/\/new.fxware.pl\/en\/#organization"},"potentialAction":[{"@type":"SearchAction","target":{"@type":"EntryPoint","urlTemplate":"https:\/\/new.fxware.pl\/en\/?s={search_term_string}"},"query-input":{"@type":"PropertyValueSpecification","valueRequired":true,"valueName":"search_term_string"}}],"inLanguage":"pl-PL"},{"@type":"Organization","@id":"https:\/\/new.fxware.pl\/en\/#organization","name":"FXWare - Rozwi\u0105zania Dla Inwestor\u00f3w","url":"https:\/\/new.fxware.pl\/en\/","logo":{"@type":"ImageObject","inLanguage":"pl-PL","@id":"https:\/\/new.fxware.pl\/en\/#\/schema\/logo\/image\/","url":"https:\/\/new.fxware.pl\/wp-content\/uploads\/2019\/07\/logo-ciemne-6-kwadrat-1024x1024.png","contentUrl":"https:\/\/new.fxware.pl\/wp-content\/uploads\/2019\/07\/logo-ciemne-6-kwadrat-1024x1024.png","width":1024,"height":1024,"caption":"FXWare - Rozwi\u0105zania Dla Inwestor\u00f3w"},"image":{"@id":"https:\/\/new.fxware.pl\/en\/#\/schema\/logo\/image\/"},"sameAs":["https:\/\/facebook.com\/fxwarepl\/","https:\/\/www.youtube.com\/channel\/UC8dWK9a2okrHo4Lu3x2H8pA","https:\/\/instagram.com\/fxwarepl"]}]}},"_links":{"self":[{"href":"https:\/\/new.fxware.pl\/pl\/wp-json\/wp\/v2\/pages\/450","targetHints":{"allow":["GET"]}}],"collection":[{"href":"https:\/\/new.fxware.pl\/pl\/wp-json\/wp\/v2\/pages"}],"about":[{"href":"https:\/\/new.fxware.pl\/pl\/wp-json\/wp\/v2\/types\/page"}],"author":[{"embeddable":true,"href":"https:\/\/new.fxware.pl\/pl\/wp-json\/wp\/v2\/users\/3"}],"replies":[{"embeddable":true,"href":"https:\/\/new.fxware.pl\/pl\/wp-json\/wp\/v2\/comments?post=450"}],"version-history":[{"count":0,"href":"https:\/\/new.fxware.pl\/pl\/wp-json\/wp\/v2\/pages\/450\/revisions"}],"wp:attachment":[{"href":"https:\/\/new.fxware.pl\/pl\/wp-json\/wp\/v2\/media?parent=450"}],"curies":[{"name":"wp","href":"https:\/\/api.w.org\/{rel}","templated":true}]}}