{"id":29553,"date":"2024-10-22T12:50:55","date_gmt":"2024-10-22T10:50:55","guid":{"rendered":"https:\/\/new.fxware.pl\/uniwersytet-fibonacciego-copy\/"},"modified":"2025-03-31T21:12:57","modified_gmt":"2025-03-31T19:12:57","slug":"scalpingai-pro","status":"publish","type":"page","link":"https:\/\/new.fxware.pl\/pl\/scalpingai-pro\/","title":{"rendered":""},"content":{"rendered":"\t\t<div data-elementor-type=\"wp-page\" data-elementor-id=\"29553\" class=\"elementor elementor-29553\" data-elementor-post-type=\"page\">\n\t\t\t\t\t\t<section class=\"elementor-section elementor-top-section elementor-element elementor-element-d1ee7da elementor-section-boxed elementor-section-height-default elementor-section-height-default\" data-id=\"d1ee7da\" data-element_type=\"section\" data-e-type=\"section\">\n\t\t\t\t\t\t<div class=\"elementor-container elementor-column-gap-default\">\n\t\t\t\t\t<div class=\"elementor-column elementor-col-100 elementor-top-column elementor-element elementor-element-bd6eab2\" data-id=\"bd6eab2\" data-element_type=\"column\" data-e-type=\"column\">\n\t\t\t<div class=\"elementor-widget-wrap elementor-element-populated\">\n\t\t\t\t\t\t<div class=\"elementor-element elementor-element-bede13a elementor-widget elementor-widget-spacer\" data-id=\"bede13a\" data-element_type=\"widget\" data-e-type=\"widget\" data-widget_type=\"spacer.default\">\n\t\t\t\t<div class=\"elementor-widget-container\">\n\t\t\t\t\t\t\t<div class=\"elementor-spacer\">\n\t\t\t<div class=\"elementor-spacer-inner\"><\/div>\n\t\t<\/div>\n\t\t\t\t\t\t<\/div>\n\t\t\t\t<\/div>\n\t\t\t\t<div class=\"elementor-element elementor-element-36a7066 elementor-widget__width-initial elementor-widget elementor-widget-heading\" data-id=\"36a7066\" data-element_type=\"widget\" data-e-type=\"widget\" data-widget_type=\"heading.default\">\n\t\t\t\t<div class=\"elementor-widget-container\">\n\t\t\t\t\t<h2 class=\"elementor-heading-title elementor-size-default\">W sprawie wersji PRO skontaktuj si\u0119 z<\/h2>\t\t\t\t<\/div>\n\t\t\t\t<\/div>\n\t\t\t\t<div class=\"elementor-element elementor-element-cbbe828 elementor-widget elementor-widget-spacer\" data-id=\"cbbe828\" data-element_type=\"widget\" data-e-type=\"widget\" data-widget_type=\"spacer.default\">\n\t\t\t\t<div class=\"elementor-widget-container\">\n\t\t\t\t\t\t\t<div class=\"elementor-spacer\">\n\t\t\t<div class=\"elementor-spacer-inner\"><\/div>\n\t\t<\/div>\n\t\t\t\t\t\t<\/div>\n\t\t\t\t<\/div>\n\t\t\t\t\t<\/div>\n\t\t<\/div>\n\t\t\t\t\t<\/div>\n\t\t<\/section>\n\t\t\t\t<section class=\"elementor-section elementor-top-section elementor-element elementor-element-343baf1 elementor-section-boxed elementor-section-height-default elementor-section-height-default\" data-id=\"343baf1\" data-element_type=\"section\" data-e-type=\"section\">\n\t\t\t\t\t\t<div class=\"elementor-container elementor-column-gap-default\">\n\t\t\t\t\t<div class=\"elementor-column elementor-col-50 elementor-top-column elementor-element elementor-element-8cb6a70\" data-id=\"8cb6a70\" data-element_type=\"column\" data-e-type=\"column\">\n\t\t\t<div class=\"elementor-widget-wrap elementor-element-populated\">\n\t\t\t\t\t\t<div class=\"elementor-element elementor-element-ceec031 elementor-widget elementor-widget-heading\" data-id=\"ceec031\" data-element_type=\"widget\" data-e-type=\"widget\" data-widget_type=\"heading.default\">\n\t\t\t\t<div class=\"elementor-widget-container\">\n\t\t\t\t\t<h2 class=\"elementor-heading-title elementor-size-default\"><a href=\"mailto:jakub@fxware.pl\u200b\"><b><u>jakub@fxware.pl<\/u><\/b><\/a><\/h2>\t\t\t\t<\/div>\n\t\t\t\t<\/div>\n\t\t\t\t\t<\/div>\n\t\t<\/div>\n\t\t\t\t<div class=\"elementor-column elementor-col-50 elementor-top-column elementor-element elementor-element-8ce00f2\" data-id=\"8ce00f2\" data-element_type=\"column\" data-e-type=\"column\">\n\t\t\t<div class=\"elementor-widget-wrap elementor-element-populated\">\n\t\t\t\t\t\t<div class=\"elementor-element elementor-element-d4cfd42 elementor-widget elementor-widget-heading\" data-id=\"d4cfd42\" data-element_type=\"widget\" data-e-type=\"widget\" data-widget_type=\"heading.default\">\n\t\t\t\t<div class=\"elementor-widget-container\">\n\t\t\t\t\t<h2 class=\"elementor-heading-title elementor-size-default\"><a href=\"https:\/\/t.me\/Jakub_FXWare\u200b\" target=\"_blank\"><b><u>https:\/\/t.me\/Jakub_FXWare<\/u><\/b><\/a><\/h2>\t\t\t\t<\/div>\n\t\t\t\t<\/div>\n\t\t\t\t\t<\/div>\n\t\t<\/div>\n\t\t\t\t\t<\/div>\n\t\t<\/section>\n\t\t\t\t<section class=\"elementor-section elementor-top-section elementor-element elementor-element-a90b4d2 elementor-section-boxed elementor-section-height-default elementor-section-height-default\" data-id=\"a90b4d2\" data-element_type=\"section\" data-e-type=\"section\">\n\t\t\t\t\t\t<div class=\"elementor-container elementor-column-gap-default\">\n\t\t\t\t\t<div class=\"elementor-column elementor-col-100 elementor-top-column elementor-element elementor-element-d30825d\" data-id=\"d30825d\" data-element_type=\"column\" data-e-type=\"column\">\n\t\t\t<div class=\"elementor-widget-wrap elementor-element-populated\">\n\t\t\t\t\t\t<div class=\"elementor-element elementor-element-137e354 elementor-widget elementor-widget-spacer\" data-id=\"137e354\" data-element_type=\"widget\" data-e-type=\"widget\" data-widget_type=\"spacer.default\">\n\t\t\t\t<div class=\"elementor-widget-container\">\n\t\t\t\t\t\t\t<div class=\"elementor-spacer\">\n\t\t\t<div class=\"elementor-spacer-inner\"><\/div>\n\t\t<\/div>\n\t\t\t\t\t\t<\/div>\n\t\t\t\t<\/div>\n\t\t\t\t\t<\/div>\n\t\t<\/div>\n\t\t\t\t\t<\/div>\n\t\t<\/section>\n\t\t\t\t<section class=\"elementor-section elementor-top-section elementor-element elementor-element-d6c05d0 elementor-section-boxed elementor-section-height-default elementor-section-height-default\" data-id=\"d6c05d0\" data-element_type=\"section\" data-e-type=\"section\">\n\t\t\t\t\t\t<div class=\"elementor-container elementor-column-gap-default\">\n\t\t\t\t\t<div class=\"elementor-column elementor-col-100 elementor-top-column elementor-element elementor-element-1c578fd\" data-id=\"1c578fd\" data-element_type=\"column\" data-e-type=\"column\">\n\t\t\t<div class=\"elementor-widget-wrap elementor-element-populated\">\n\t\t\t\t\t\t<div class=\"elementor-element elementor-element-5f2b5e5 elementor-widget elementor-widget-heading\" data-id=\"5f2b5e5\" data-element_type=\"widget\" data-e-type=\"widget\" data-widget_type=\"heading.default\">\n\t\t\t\t<div class=\"elementor-widget-container\">\n\t\t\t\t\t<h3 class=\"elementor-heading-title elementor-size-default\"><b>Mo\u017cesz te\u017c napisa\u0107 do nas u\u017cywaj\u0105c poni\u017cszego formularza<\/b><\/h3>\t\t\t\t<\/div>\n\t\t\t\t<\/div>\n\t\t\t\t\t<\/div>\n\t\t<\/div>\n\t\t\t\t\t<\/div>\n\t\t<\/section>\n\t\t\t\t<section class=\"elementor-section elementor-top-section elementor-element elementor-element-7154ca1 elementor-section-boxed elementor-section-height-default elementor-section-height-default\" data-id=\"7154ca1\" data-element_type=\"section\" data-e-type=\"section\">\n\t\t\t\t\t\t<div class=\"elementor-container elementor-column-gap-default\">\n\t\t\t\t\t<div class=\"elementor-column elementor-col-100 elementor-top-column elementor-element elementor-element-53d0c45\" data-id=\"53d0c45\" data-element_type=\"column\" data-e-type=\"column\">\n\t\t\t<div class=\"elementor-widget-wrap elementor-element-populated\">\n\t\t\t\t\t\t<div class=\"elementor-element elementor-element-eb34aa9 elementor-widget__width-initial elementor-widget-mobile__width-initial elementor-widget elementor-widget-shortcode\" data-id=\"eb34aa9\" data-element_type=\"widget\" data-e-type=\"widget\" data-widget_type=\"shortcode.default\">\n\t\t\t\t<div class=\"elementor-widget-container\">\n\t\t\t\t\t\t\t<div class=\"elementor-shortcode\">\n<div class=\"wpcf7 no-js\" id=\"wpcf7-f29556-o1\" lang=\"pl-PL\" dir=\"ltr\" data-wpcf7-id=\"29556\">\n<div class=\"screen-reader-response\"><p role=\"status\" aria-live=\"polite\" aria-atomic=\"true\"><\/p> <ul><\/ul><\/div>\n<form action=\"\/pl\/wp-json\/wp\/v2\/pages\/29553#wpcf7-f29556-o1\" method=\"post\" class=\"wpcf7-form init\" aria-label=\"Formularz kontaktowy\" novalidate=\"novalidate\" data-status=\"init\">\n<fieldset class=\"hidden-fields-container\"><input type=\"hidden\" name=\"_wpcf7\" value=\"29556\" \/><input type=\"hidden\" name=\"_wpcf7_version\" value=\"6.1.5\" \/><input type=\"hidden\" name=\"_wpcf7_locale\" value=\"pl_PL\" \/><input type=\"hidden\" name=\"_wpcf7_unit_tag\" value=\"wpcf7-f29556-o1\" \/><input type=\"hidden\" name=\"_wpcf7_container_post\" value=\"0\" \/><input type=\"hidden\" name=\"_wpcf7_posted_data_hash\" value=\"\" \/><input type=\"hidden\" name=\"_wpcf7_recaptcha_response\" value=\"\" \/>\n<\/fieldset>\n<p><label> Imi\u0119 i nazwisko*<br \/>\n<span class=\"wpcf7-form-control-wrap\" data-name=\"your-name\"><input size=\"40\" maxlength=\"400\" class=\"wpcf7-form-control wpcf7-text wpcf7-validates-as-required\" aria-required=\"true\" aria-invalid=\"false\" value=\"\" type=\"text\" name=\"your-name\" \/><\/span> <\/label>\n<\/p>\n<p><label> E-mail*<br \/>\n<span class=\"wpcf7-form-control-wrap\" data-name=\"your-email\"><input size=\"40\" maxlength=\"400\" class=\"wpcf7-form-control wpcf7-email wpcf7-validates-as-required wpcf7-text wpcf7-validates-as-email\" aria-required=\"true\" aria-invalid=\"false\" value=\"\" type=\"email\" name=\"your-email\" \/><\/span> <\/label>\n<\/p>\n<p><span class=\"wpcf7-form-control-wrap\" data-name=\"acceptance-524\"><span class=\"wpcf7-form-control wpcf7-acceptance\"><span class=\"wpcf7-list-item\"><label><input type=\"checkbox\" name=\"acceptance-524\" value=\"1\" aria-invalid=\"false\" \/><span class=\"wpcf7-list-item-label\">Wyra\u017cam zgod\u0119 na przetwarzanie moich danych osobowych przez FXWare.pl oraz przesy\u0142anie mi informacji handlowych za pomoc\u0105 \u015brodk\u00f3w komunikacji elektronicznej przez FXWare.pl na wy\u017cej podany email.*<\/span><\/label><\/span><\/span><\/span>\n<\/p>\n<p><input class=\"wpcf7-form-control wpcf7-submit has-spinner\" type=\"submit\" value=\"Wy\u015blij\" \/>\n<\/p><p style=\"display: none !important;\" class=\"akismet-fields-container\" data-prefix=\"_wpcf7_ak_\"><label>&#916;<textarea name=\"_wpcf7_ak_hp_textarea\" cols=\"45\" rows=\"8\" maxlength=\"100\"><\/textarea><\/label><input type=\"hidden\" id=\"ak_js_1\" name=\"_wpcf7_ak_js\" value=\"192\"\/><script>document.getElementById( \"ak_js_1\" ).setAttribute( \"value\", ( new Date() ).getTime() );<\/script><\/p><div class=\"wpcf7-response-output\" aria-hidden=\"true\"><\/div>\n<\/form>\n<\/div>\n<\/div>\n\t\t\t\t\t\t<\/div>\n\t\t\t\t<\/div>\n\t\t\t\t\t<\/div>\n\t\t<\/div>\n\t\t\t\t\t<\/div>\n\t\t<\/section>\n\t\t\t\t<\/div>\n\t\t","protected":false},"excerpt":{"rendered":"<p>W sprawie wersji PRO skontaktuj si\u0119 z jakub@fxware.pl https:\/\/t.me\/Jakub_FXWare Mo\u017cesz te\u017c napisa\u0107 do nas u\u017cywaj\u0105c poni\u017cszego formularza<\/p>\n","protected":false},"author":3,"featured_media":0,"parent":0,"menu_order":0,"comment_status":"closed","ping_status":"closed","template":"","meta":{"inline_featured_image":false,"footnotes":""},"class_list":["post-29553","page","type-page","status-publish","hentry"],"yoast_head":"<!-- This site is optimized with the Yoast SEO plugin v27.3 - https:\/\/yoast.com\/product\/yoast-seo-wordpress\/ -->\n<title>- FXWare<\/title>\n<meta name=\"robots\" content=\"index, follow, max-snippet:-1, max-image-preview:large, max-video-preview:-1\" \/>\n<link rel=\"canonical\" href=\"https:\/\/new.fxware.pl\/pl\/scalpingai-pro\/\" \/>\n<meta property=\"og:locale\" content=\"pl_PL\" \/>\n<meta property=\"og:type\" content=\"article\" \/>\n<meta property=\"og:title\" content=\"- FXWare\" \/>\n<meta property=\"og:description\" content=\"W sprawie wersji PRO skontaktuj si\u0119 z jakub@fxware.pl https:\/\/t.me\/Jakub_FXWare Mo\u017cesz te\u017c napisa\u0107 do nas u\u017cywaj\u0105c poni\u017cszego formularza\" \/>\n<meta property=\"og:url\" content=\"https:\/\/new.fxware.pl\/pl\/scalpingai-pro\/\" \/>\n<meta property=\"og:site_name\" content=\"FXWare\" \/>\n<meta property=\"article:publisher\" content=\"https:\/\/facebook.com\/fxwarepl\/\" \/>\n<meta property=\"article:modified_time\" content=\"2025-03-31T19:12:57+00:00\" \/>\n<meta property=\"og:image\" content=\"https:\/\/new.fxware.pl\/wp-content\/uploads\/2024\/02\/logo-1.png\" \/>\n\t<meta property=\"og:image:width\" content=\"1563\" \/>\n\t<meta property=\"og:image:height\" content=\"1563\" \/>\n\t<meta property=\"og:image:type\" content=\"image\/png\" \/>\n<meta name=\"twitter:card\" content=\"summary_large_image\" \/>\n<script type=\"application\/ld+json\" class=\"yoast-schema-graph\">{\"@context\":\"https:\\\/\\\/schema.org\",\"@graph\":[{\"@type\":\"WebPage\",\"@id\":\"https:\\\/\\\/new.fxware.pl\\\/scalpingai-pro\\\/\",\"url\":\"https:\\\/\\\/new.fxware.pl\\\/scalpingai-pro\\\/\",\"name\":\"- FXWare\",\"isPartOf\":{\"@id\":\"https:\\\/\\\/new.fxware.pl\\\/en\\\/#website\"},\"datePublished\":\"2024-10-22T10:50:55+00:00\",\"dateModified\":\"2025-03-31T19:12:57+00:00\",\"inLanguage\":\"pl-PL\",\"potentialAction\":[{\"@type\":\"ReadAction\",\"target\":[\"https:\\\/\\\/new.fxware.pl\\\/scalpingai-pro\\\/\"]}]},{\"@type\":\"WebSite\",\"@id\":\"https:\\\/\\\/new.fxware.pl\\\/en\\\/#website\",\"url\":\"https:\\\/\\\/new.fxware.pl\\\/en\\\/\",\"name\":\"FXWare\",\"description\":\"Rozwi\u0105zania dla Trader\u00f3w\",\"publisher\":{\"@id\":\"https:\\\/\\\/new.fxware.pl\\\/en\\\/#organization\"},\"potentialAction\":[{\"@type\":\"SearchAction\",\"target\":{\"@type\":\"EntryPoint\",\"urlTemplate\":\"https:\\\/\\\/new.fxware.pl\\\/en\\\/?s={search_term_string}\"},\"query-input\":{\"@type\":\"PropertyValueSpecification\",\"valueRequired\":true,\"valueName\":\"search_term_string\"}}],\"inLanguage\":\"pl-PL\"},{\"@type\":\"Organization\",\"@id\":\"https:\\\/\\\/new.fxware.pl\\\/en\\\/#organization\",\"name\":\"FXWare - Rozwi\u0105zania Dla Inwestor\u00f3w\",\"url\":\"https:\\\/\\\/new.fxware.pl\\\/en\\\/\",\"logo\":{\"@type\":\"ImageObject\",\"inLanguage\":\"pl-PL\",\"@id\":\"https:\\\/\\\/new.fxware.pl\\\/en\\\/#\\\/schema\\\/logo\\\/image\\\/\",\"url\":\"https:\\\/\\\/new.fxware.pl\\\/wp-content\\\/uploads\\\/2019\\\/07\\\/logo-ciemne-6-kwadrat-1024x1024.png\",\"contentUrl\":\"https:\\\/\\\/new.fxware.pl\\\/wp-content\\\/uploads\\\/2019\\\/07\\\/logo-ciemne-6-kwadrat-1024x1024.png\",\"width\":1024,\"height\":1024,\"caption\":\"FXWare - Rozwi\u0105zania Dla Inwestor\u00f3w\"},\"image\":{\"@id\":\"https:\\\/\\\/new.fxware.pl\\\/en\\\/#\\\/schema\\\/logo\\\/image\\\/\"},\"sameAs\":[\"https:\\\/\\\/facebook.com\\\/fxwarepl\\\/\",\"https:\\\/\\\/www.youtube.com\\\/channel\\\/UC8dWK9a2okrHo4Lu3x2H8pA\",\"https:\\\/\\\/instagram.com\\\/fxwarepl\"]}]}<\/script>\n<!-- \/ Yoast SEO plugin. -->","yoast_head_json":{"title":"- FXWare","robots":{"index":"index","follow":"follow","max-snippet":"max-snippet:-1","max-image-preview":"max-image-preview:large","max-video-preview":"max-video-preview:-1"},"canonical":"https:\/\/new.fxware.pl\/pl\/scalpingai-pro\/","og_locale":"pl_PL","og_type":"article","og_title":"- FXWare","og_description":"W sprawie wersji PRO skontaktuj si\u0119 z jakub@fxware.pl https:\/\/t.me\/Jakub_FXWare Mo\u017cesz te\u017c napisa\u0107 do nas u\u017cywaj\u0105c poni\u017cszego formularza","og_url":"https:\/\/new.fxware.pl\/pl\/scalpingai-pro\/","og_site_name":"FXWare","article_publisher":"https:\/\/facebook.com\/fxwarepl\/","article_modified_time":"2025-03-31T19:12:57+00:00","og_image":[{"width":1563,"height":1563,"url":"https:\/\/new.fxware.pl\/wp-content\/uploads\/2024\/02\/logo-1.png","type":"image\/png"}],"twitter_card":"summary_large_image","schema":{"@context":"https:\/\/schema.org","@graph":[{"@type":"WebPage","@id":"https:\/\/new.fxware.pl\/scalpingai-pro\/","url":"https:\/\/new.fxware.pl\/scalpingai-pro\/","name":"- FXWare","isPartOf":{"@id":"https:\/\/new.fxware.pl\/en\/#website"},"datePublished":"2024-10-22T10:50:55+00:00","dateModified":"2025-03-31T19:12:57+00:00","inLanguage":"pl-PL","potentialAction":[{"@type":"ReadAction","target":["https:\/\/new.fxware.pl\/scalpingai-pro\/"]}]},{"@type":"WebSite","@id":"https:\/\/new.fxware.pl\/en\/#website","url":"https:\/\/new.fxware.pl\/en\/","name":"FXWare","description":"Rozwi\u0105zania dla Trader\u00f3w","publisher":{"@id":"https:\/\/new.fxware.pl\/en\/#organization"},"potentialAction":[{"@type":"SearchAction","target":{"@type":"EntryPoint","urlTemplate":"https:\/\/new.fxware.pl\/en\/?s={search_term_string}"},"query-input":{"@type":"PropertyValueSpecification","valueRequired":true,"valueName":"search_term_string"}}],"inLanguage":"pl-PL"},{"@type":"Organization","@id":"https:\/\/new.fxware.pl\/en\/#organization","name":"FXWare - Rozwi\u0105zania Dla Inwestor\u00f3w","url":"https:\/\/new.fxware.pl\/en\/","logo":{"@type":"ImageObject","inLanguage":"pl-PL","@id":"https:\/\/new.fxware.pl\/en\/#\/schema\/logo\/image\/","url":"https:\/\/new.fxware.pl\/wp-content\/uploads\/2019\/07\/logo-ciemne-6-kwadrat-1024x1024.png","contentUrl":"https:\/\/new.fxware.pl\/wp-content\/uploads\/2019\/07\/logo-ciemne-6-kwadrat-1024x1024.png","width":1024,"height":1024,"caption":"FXWare - Rozwi\u0105zania Dla Inwestor\u00f3w"},"image":{"@id":"https:\/\/new.fxware.pl\/en\/#\/schema\/logo\/image\/"},"sameAs":["https:\/\/facebook.com\/fxwarepl\/","https:\/\/www.youtube.com\/channel\/UC8dWK9a2okrHo4Lu3x2H8pA","https:\/\/instagram.com\/fxwarepl"]}]}},"_links":{"self":[{"href":"https:\/\/new.fxware.pl\/pl\/wp-json\/wp\/v2\/pages\/29553","targetHints":{"allow":["GET"]}}],"collection":[{"href":"https:\/\/new.fxware.pl\/pl\/wp-json\/wp\/v2\/pages"}],"about":[{"href":"https:\/\/new.fxware.pl\/pl\/wp-json\/wp\/v2\/types\/page"}],"author":[{"embeddable":true,"href":"https:\/\/new.fxware.pl\/pl\/wp-json\/wp\/v2\/users\/3"}],"replies":[{"embeddable":true,"href":"https:\/\/new.fxware.pl\/pl\/wp-json\/wp\/v2\/comments?post=29553"}],"version-history":[{"count":0,"href":"https:\/\/new.fxware.pl\/pl\/wp-json\/wp\/v2\/pages\/29553\/revisions"}],"wp:attachment":[{"href":"https:\/\/new.fxware.pl\/pl\/wp-json\/wp\/v2\/media?parent=29553"}],"curies":[{"name":"wp","href":"https:\/\/api.w.org\/{rel}","templated":true}]}}