{"id":29462,"date":"2024-10-17T23:59:08","date_gmt":"2024-10-17T21:59:08","guid":{"rendered":"https:\/\/new.fxware.pl\/?page_id=29462"},"modified":"2025-09-12T13:35:38","modified_gmt":"2025-09-12T11:35:38","slug":"scalpingai","status":"publish","type":"page","link":"https:\/\/new.fxware.pl\/pl\/scalpingai\/","title":{"rendered":"FXWare MetaTrader Tools"},"content":{"rendered":"\t\t<div data-elementor-type=\"wp-page\" data-elementor-id=\"29462\" class=\"elementor elementor-29462\" data-elementor-post-type=\"page\">\n\t\t\t\t\t\t<section class=\"elementor-section elementor-top-section elementor-element elementor-element-300e119 elementor-section-boxed elementor-section-height-default elementor-section-height-default\" data-id=\"300e119\" data-element_type=\"section\" data-e-type=\"section\">\n\t\t\t\t\t\t<div class=\"elementor-container elementor-column-gap-default\">\n\t\t\t\t\t<div class=\"elementor-column elementor-col-50 elementor-top-column elementor-element elementor-element-ee6d9b0\" data-id=\"ee6d9b0\" data-element_type=\"column\" data-e-type=\"column\">\n\t\t\t<div class=\"elementor-widget-wrap elementor-element-populated\">\n\t\t\t\t\t\t<div class=\"elementor-element elementor-element-5bde47a elementor-widget elementor-widget-heading\" data-id=\"5bde47a\" data-element_type=\"widget\" data-e-type=\"widget\" data-widget_type=\"heading.default\">\n\t\t\t\t<div class=\"elementor-widget-container\">\n\t\t\t\t\t<h2 class=\"elementor-heading-title elementor-size-default\"><b>Kliknij w poni\u017cszych przycisk<\/b><br><b>\u017ceby pobra\u0107 FXWare MetaTrader Tools v 2.21.\n<\/b><br><br><b>Pakiet zawiera:<\/b><br><br><b>ScalpingAI<br>FiboManager<br>Market Scanner<\/b><\/h2>\t\t\t\t<\/div>\n\t\t\t\t<\/div>\n\t\t\t\t<div class=\"elementor-element elementor-element-6eef4a9 elementor-widget elementor-widget-spacer\" data-id=\"6eef4a9\" data-element_type=\"widget\" data-e-type=\"widget\" data-widget_type=\"spacer.default\">\n\t\t\t\t<div class=\"elementor-widget-container\">\n\t\t\t\t\t\t\t<div class=\"elementor-spacer\">\n\t\t\t<div class=\"elementor-spacer-inner\"><\/div>\n\t\t<\/div>\n\t\t\t\t\t\t<\/div>\n\t\t\t\t<\/div>\n\t\t\t\t<div class=\"elementor-element elementor-element-60f421c elementor-align-center elementor-widget elementor-widget-button\" data-id=\"60f421c\" data-element_type=\"widget\" data-e-type=\"widget\" data-widget_type=\"button.default\">\n\t\t\t\t<div class=\"elementor-widget-container\">\n\t\t\t\t\t\t\t\t\t<div class=\"elementor-button-wrapper\">\n\t\t\t\t\t<a class=\"elementor-button elementor-button-link elementor-size-sm\" href=\"https:\/\/dev.fxware.pl\/download?filename=Orbex_MetaTrader_Tools_PL_v2.21.exe&#038;param=2683AA1120577761B32E47D9EF3F9164\">\n\t\t\t\t\t\t<span class=\"elementor-button-content-wrapper\">\n\t\t\t\t\t\t<span class=\"elementor-button-icon\">\n\t\t\t\t<i aria-hidden=\"true\" class=\"fas fa-cloud-download-alt\"><\/i>\t\t\t<\/span>\n\t\t\t\t\t\t\t\t\t<span class=\"elementor-button-text\"> POBIERZ TUTAJ<\/span>\n\t\t\t\t\t<\/span>\n\t\t\t\t\t<\/a>\n\t\t\t\t<\/div>\n\t\t\t\t\t\t\t\t<\/div>\n\t\t\t\t<\/div>\n\t\t\t\t<div class=\"elementor-element elementor-element-c66c962 elementor-widget elementor-widget-spacer\" data-id=\"c66c962\" data-element_type=\"widget\" data-e-type=\"widget\" data-widget_type=\"spacer.default\">\n\t\t\t\t<div class=\"elementor-widget-container\">\n\t\t\t\t\t\t\t<div class=\"elementor-spacer\">\n\t\t\t<div class=\"elementor-spacer-inner\"><\/div>\n\t\t<\/div>\n\t\t\t\t\t\t<\/div>\n\t\t\t\t<\/div>\n\t\t\t\t<div class=\"elementor-element elementor-element-45866b0 elementor-widget elementor-widget-text-editor\" data-id=\"45866b0\" data-element_type=\"widget\" data-e-type=\"widget\" data-widget_type=\"text-editor.default\">\n\t\t\t\t<div class=\"elementor-widget-container\">\n\t\t\t\t\t\t\t\t\t<p>Opcjonalny dodatkowy plik zip dla os\u00f3b, kt\u00f3re chc\u0105 r\u0119cznie wgra\u0107 pliki do swojego MT4:<br \/><a href=\"https:\/\/dev.fxware.pl\/download?filename=Orbex_MetaTrader_Tools_PL_v2.21.zip&amp;param=2683AA1120577761B32E47D9EF3F9164\" target=\"_blank\" rel=\"noopener\">FXWare_MetaTrader_Tools_PL_v2.21.zip<\/a><\/p>\t\t\t\t\t\t\t\t<\/div>\n\t\t\t\t<\/div>\n\t\t\t\t\t<\/div>\n\t\t<\/div>\n\t\t\t\t<div class=\"elementor-column elementor-col-50 elementor-top-column elementor-element elementor-element-70808a4\" data-id=\"70808a4\" data-element_type=\"column\" data-e-type=\"column\">\n\t\t\t<div class=\"elementor-widget-wrap elementor-element-populated\">\n\t\t\t\t\t\t<div class=\"elementor-element elementor-element-9bac301 elementor-widget__width-initial elementor-widget elementor-widget-image\" data-id=\"9bac301\" data-element_type=\"widget\" data-e-type=\"widget\" data-widget_type=\"image.default\">\n\t\t\t\t<div class=\"elementor-widget-container\">\n\t\t\t\t\t\t\t\t\t\t\t\t\t\t\t<img fetchpriority=\"high\" decoding=\"async\" width=\"300\" height=\"300\" src=\"https:\/\/new.fxware.pl\/wp-content\/uploads\/2024\/10\/LOGO-1-300x300.png\" class=\"attachment-medium size-medium wp-image-29526\" alt=\"\" srcset=\"https:\/\/new.fxware.pl\/wp-content\/uploads\/2024\/10\/LOGO-1-300x300.png 300w, https:\/\/new.fxware.pl\/wp-content\/uploads\/2024\/10\/LOGO-1-324x324.png 324w, https:\/\/new.fxware.pl\/wp-content\/uploads\/2024\/10\/LOGO-1-100x100.png 100w, https:\/\/new.fxware.pl\/wp-content\/uploads\/2024\/10\/LOGO-1-416x416.png 416w, https:\/\/new.fxware.pl\/wp-content\/uploads\/2024\/10\/LOGO-1-1024x1024.png 1024w, https:\/\/new.fxware.pl\/wp-content\/uploads\/2024\/10\/LOGO-1-150x150.png 150w, https:\/\/new.fxware.pl\/wp-content\/uploads\/2024\/10\/LOGO-1-768x768.png 768w, https:\/\/new.fxware.pl\/wp-content\/uploads\/2024\/10\/LOGO-1-1536x1536.png 1536w, https:\/\/new.fxware.pl\/wp-content\/uploads\/2024\/10\/LOGO-1-12x12.png 12w, https:\/\/new.fxware.pl\/wp-content\/uploads\/2024\/10\/LOGO-1.png 1563w\" sizes=\"(max-width: 300px) 100vw, 300px\" \/>\t\t\t\t\t\t\t\t\t\t\t\t\t\t\t<\/div>\n\t\t\t\t<\/div>\n\t\t\t\t\t<\/div>\n\t\t<\/div>\n\t\t\t\t\t<\/div>\n\t\t<\/section>\n\t\t\t\t<section class=\"elementor-section elementor-top-section elementor-element elementor-element-35258ba elementor-section-boxed elementor-section-height-default elementor-section-height-default\" data-id=\"35258ba\" data-element_type=\"section\" data-e-type=\"section\">\n\t\t\t\t\t\t<div class=\"elementor-container elementor-column-gap-default\">\n\t\t\t\t\t<div class=\"elementor-column elementor-col-100 elementor-top-column elementor-element elementor-element-6e3f68b\" data-id=\"6e3f68b\" data-element_type=\"column\" data-e-type=\"column\">\n\t\t\t<div class=\"elementor-widget-wrap elementor-element-populated\">\n\t\t\t\t\t\t<div class=\"elementor-element elementor-element-89da7df elementor-widget-divider--view-line elementor-widget elementor-widget-divider\" data-id=\"89da7df\" data-element_type=\"widget\" data-e-type=\"widget\" data-widget_type=\"divider.default\">\n\t\t\t\t<div class=\"elementor-widget-container\">\n\t\t\t\t\t\t\t<div class=\"elementor-divider\">\n\t\t\t<span class=\"elementor-divider-separator\">\n\t\t\t\t\t\t<\/span>\n\t\t<\/div>\n\t\t\t\t\t\t<\/div>\n\t\t\t\t<\/div>\n\t\t\t\t\t<\/div>\n\t\t<\/div>\n\t\t\t\t\t<\/div>\n\t\t<\/section>\n\t\t\t\t<section class=\"elementor-section elementor-top-section elementor-element elementor-element-ab4bdcb elementor-section-boxed elementor-section-height-default elementor-section-height-default\" data-id=\"ab4bdcb\" data-element_type=\"section\" data-e-type=\"section\">\n\t\t\t\t\t\t<div class=\"elementor-container elementor-column-gap-default\">\n\t\t\t\t\t<div class=\"elementor-column elementor-col-100 elementor-top-column elementor-element elementor-element-6c82009\" data-id=\"6c82009\" data-element_type=\"column\" data-e-type=\"column\">\n\t\t\t<div class=\"elementor-widget-wrap elementor-element-populated\">\n\t\t\t\t\t\t<div class=\"elementor-element elementor-element-ecd05ea elementor-widget elementor-widget-heading\" data-id=\"ecd05ea\" data-element_type=\"widget\" data-e-type=\"widget\" data-widget_type=\"heading.default\">\n\t\t\t\t<div class=\"elementor-widget-container\">\n\t\t\t\t\t<h2 class=\"elementor-heading-title elementor-size-default\">Masz pytania o platformy i narz\u0119dzia? Potrzebujesz wsparcia?<br>Do\u0142\u0105cz do naszej grupy na Telegramie:<\/h2>\t\t\t\t<\/div>\n\t\t\t\t<\/div>\n\t\t\t\t\t<\/div>\n\t\t<\/div>\n\t\t\t\t\t<\/div>\n\t\t<\/section>\n\t\t\t\t<section class=\"elementor-section elementor-top-section elementor-element elementor-element-8aa34ba elementor-section-boxed elementor-section-height-default elementor-section-height-default\" data-id=\"8aa34ba\" data-element_type=\"section\" data-e-type=\"section\">\n\t\t\t\t\t\t<div class=\"elementor-container elementor-column-gap-default\">\n\t\t\t\t\t<div class=\"elementor-column elementor-col-100 elementor-top-column elementor-element elementor-element-a8dbcf9\" data-id=\"a8dbcf9\" data-element_type=\"column\" data-e-type=\"column\">\n\t\t\t<div class=\"elementor-widget-wrap elementor-element-populated\">\n\t\t\t\t\t\t<div class=\"elementor-element elementor-element-06b4c6d elementor-widget elementor-widget-heading\" data-id=\"06b4c6d\" data-element_type=\"widget\" data-e-type=\"widget\" data-widget_type=\"heading.default\">\n\t\t\t\t<div class=\"elementor-widget-container\">\n\t\t\t\t\t<h1 class=\"elementor-heading-title elementor-size-default\"><a href=\"https:\/\/t.me\/fxwaresoft\"><b>https:\/\/t.me\/fxwaresoft<\/b><\/a><\/h1>\t\t\t\t<\/div>\n\t\t\t\t<\/div>\n\t\t\t\t\t<\/div>\n\t\t<\/div>\n\t\t\t\t\t<\/div>\n\t\t<\/section>\n\t\t\t\t<\/div>\n\t\t","protected":false},"excerpt":{"rendered":"<p>Kliknij w poni\u017cszych przycisk\u017ceby pobra\u0107 FXWare MetaTrader Tools v 2.21. Pakiet zawiera: ScalpingAIFiboManagerMarket Scanner POBIERZ TUTAJ Opcjonalny dodatkowy plik zip dla os\u00f3b, kt\u00f3re chc\u0105 r\u0119cznie wgra\u0107 pliki do swojego MT4:FXWare_MetaTrader_Tools_PL_v2.21.zip Masz pytania o platformy i narz\u0119dzia? Potrzebujesz wsparcia?Do\u0142\u0105cz do naszej grupy na Telegramie: https:\/\/t.me\/fxwaresoft<\/p>\n","protected":false},"author":3,"featured_media":0,"parent":0,"menu_order":0,"comment_status":"closed","ping_status":"closed","template":"","meta":{"inline_featured_image":false,"footnotes":""},"class_list":["post-29462","page","type-page","status-publish","hentry"],"yoast_head":"<!-- This site is optimized with the Yoast SEO plugin v27.3 - https:\/\/yoast.com\/product\/yoast-seo-wordpress\/ -->\n<title>FXWare MetaTrader Tools - FXWare<\/title>\n<meta name=\"robots\" content=\"index, follow, max-snippet:-1, max-image-preview:large, max-video-preview:-1\" \/>\n<link rel=\"canonical\" href=\"https:\/\/new.fxware.pl\/pl\/scalpingai\/\" \/>\n<meta property=\"og:locale\" content=\"pl_PL\" \/>\n<meta property=\"og:type\" content=\"article\" \/>\n<meta property=\"og:title\" content=\"FXWare MetaTrader Tools - FXWare\" \/>\n<meta property=\"og:description\" content=\"Kliknij w poni\u017cszych przycisk\u017ceby pobra\u0107 FXWare MetaTrader Tools v 2.21. Pakiet zawiera: ScalpingAIFiboManagerMarket Scanner POBIERZ TUTAJ Opcjonalny dodatkowy plik zip dla os\u00f3b, kt\u00f3re chc\u0105 r\u0119cznie wgra\u0107 pliki do swojego MT4:FXWare_MetaTrader_Tools_PL_v2.21.zip Masz pytania o platformy i narz\u0119dzia? Potrzebujesz wsparcia?Do\u0142\u0105cz do naszej grupy na Telegramie: https:\/\/t.me\/fxwaresoft\" \/>\n<meta property=\"og:url\" content=\"https:\/\/new.fxware.pl\/pl\/scalpingai\/\" \/>\n<meta property=\"og:site_name\" content=\"FXWare\" \/>\n<meta property=\"article:publisher\" content=\"https:\/\/facebook.com\/fxwarepl\/\" \/>\n<meta property=\"article:modified_time\" content=\"2025-09-12T11:35:38+00:00\" \/>\n<meta property=\"og:image\" content=\"https:\/\/new.fxware.pl\/wp-content\/uploads\/2024\/10\/LOGO-1-300x300.png\" \/>\n<meta name=\"twitter:card\" content=\"summary_large_image\" \/>\n<script type=\"application\/ld+json\" class=\"yoast-schema-graph\">{\"@context\":\"https:\\\/\\\/schema.org\",\"@graph\":[{\"@type\":\"WebPage\",\"@id\":\"https:\\\/\\\/new.fxware.pl\\\/scalpingai\\\/\",\"url\":\"https:\\\/\\\/new.fxware.pl\\\/scalpingai\\\/\",\"name\":\"FXWare MetaTrader Tools - FXWare\",\"isPartOf\":{\"@id\":\"https:\\\/\\\/new.fxware.pl\\\/en\\\/#website\"},\"primaryImageOfPage\":{\"@id\":\"https:\\\/\\\/new.fxware.pl\\\/scalpingai\\\/#primaryimage\"},\"image\":{\"@id\":\"https:\\\/\\\/new.fxware.pl\\\/scalpingai\\\/#primaryimage\"},\"thumbnailUrl\":\"https:\\\/\\\/new.fxware.pl\\\/wp-content\\\/uploads\\\/2024\\\/10\\\/LOGO-1-300x300.png\",\"datePublished\":\"2024-10-17T21:59:08+00:00\",\"dateModified\":\"2025-09-12T11:35:38+00:00\",\"breadcrumb\":{\"@id\":\"https:\\\/\\\/new.fxware.pl\\\/scalpingai\\\/#breadcrumb\"},\"inLanguage\":\"pl-PL\",\"potentialAction\":[{\"@type\":\"ReadAction\",\"target\":[\"https:\\\/\\\/new.fxware.pl\\\/scalpingai\\\/\"]}]},{\"@type\":\"ImageObject\",\"inLanguage\":\"pl-PL\",\"@id\":\"https:\\\/\\\/new.fxware.pl\\\/scalpingai\\\/#primaryimage\",\"url\":\"https:\\\/\\\/new.fxware.pl\\\/wp-content\\\/uploads\\\/2024\\\/10\\\/LOGO-1-300x300.png\",\"contentUrl\":\"https:\\\/\\\/new.fxware.pl\\\/wp-content\\\/uploads\\\/2024\\\/10\\\/LOGO-1-300x300.png\"},{\"@type\":\"BreadcrumbList\",\"@id\":\"https:\\\/\\\/new.fxware.pl\\\/scalpingai\\\/#breadcrumb\",\"itemListElement\":[{\"@type\":\"ListItem\",\"position\":1,\"name\":\"Strona g\u0142\u00f3wna\",\"item\":\"https:\\\/\\\/new.fxware.pl\\\/\"},{\"@type\":\"ListItem\",\"position\":2,\"name\":\"FXWare MetaTrader Tools\"}]},{\"@type\":\"WebSite\",\"@id\":\"https:\\\/\\\/new.fxware.pl\\\/en\\\/#website\",\"url\":\"https:\\\/\\\/new.fxware.pl\\\/en\\\/\",\"name\":\"FXWare\",\"description\":\"Rozwi\u0105zania dla Trader\u00f3w\",\"publisher\":{\"@id\":\"https:\\\/\\\/new.fxware.pl\\\/en\\\/#organization\"},\"potentialAction\":[{\"@type\":\"SearchAction\",\"target\":{\"@type\":\"EntryPoint\",\"urlTemplate\":\"https:\\\/\\\/new.fxware.pl\\\/en\\\/?s={search_term_string}\"},\"query-input\":{\"@type\":\"PropertyValueSpecification\",\"valueRequired\":true,\"valueName\":\"search_term_string\"}}],\"inLanguage\":\"pl-PL\"},{\"@type\":\"Organization\",\"@id\":\"https:\\\/\\\/new.fxware.pl\\\/en\\\/#organization\",\"name\":\"FXWare - Rozwi\u0105zania Dla Inwestor\u00f3w\",\"url\":\"https:\\\/\\\/new.fxware.pl\\\/en\\\/\",\"logo\":{\"@type\":\"ImageObject\",\"inLanguage\":\"pl-PL\",\"@id\":\"https:\\\/\\\/new.fxware.pl\\\/en\\\/#\\\/schema\\\/logo\\\/image\\\/\",\"url\":\"https:\\\/\\\/new.fxware.pl\\\/wp-content\\\/uploads\\\/2019\\\/07\\\/logo-ciemne-6-kwadrat-1024x1024.png\",\"contentUrl\":\"https:\\\/\\\/new.fxware.pl\\\/wp-content\\\/uploads\\\/2019\\\/07\\\/logo-ciemne-6-kwadrat-1024x1024.png\",\"width\":1024,\"height\":1024,\"caption\":\"FXWare - Rozwi\u0105zania Dla Inwestor\u00f3w\"},\"image\":{\"@id\":\"https:\\\/\\\/new.fxware.pl\\\/en\\\/#\\\/schema\\\/logo\\\/image\\\/\"},\"sameAs\":[\"https:\\\/\\\/facebook.com\\\/fxwarepl\\\/\",\"https:\\\/\\\/www.youtube.com\\\/channel\\\/UC8dWK9a2okrHo4Lu3x2H8pA\",\"https:\\\/\\\/instagram.com\\\/fxwarepl\"]}]}<\/script>\n<!-- \/ Yoast SEO plugin. -->","yoast_head_json":{"title":"FXWare MetaTrader Tools - FXWare","robots":{"index":"index","follow":"follow","max-snippet":"max-snippet:-1","max-image-preview":"max-image-preview:large","max-video-preview":"max-video-preview:-1"},"canonical":"https:\/\/new.fxware.pl\/pl\/scalpingai\/","og_locale":"pl_PL","og_type":"article","og_title":"FXWare MetaTrader Tools - FXWare","og_description":"Kliknij w poni\u017cszych przycisk\u017ceby pobra\u0107 FXWare MetaTrader Tools v 2.21. Pakiet zawiera: ScalpingAIFiboManagerMarket Scanner POBIERZ TUTAJ Opcjonalny dodatkowy plik zip dla os\u00f3b, kt\u00f3re chc\u0105 r\u0119cznie wgra\u0107 pliki do swojego MT4:FXWare_MetaTrader_Tools_PL_v2.21.zip Masz pytania o platformy i narz\u0119dzia? Potrzebujesz wsparcia?Do\u0142\u0105cz do naszej grupy na Telegramie: https:\/\/t.me\/fxwaresoft","og_url":"https:\/\/new.fxware.pl\/pl\/scalpingai\/","og_site_name":"FXWare","article_publisher":"https:\/\/facebook.com\/fxwarepl\/","article_modified_time":"2025-09-12T11:35:38+00:00","og_image":[{"url":"https:\/\/new.fxware.pl\/wp-content\/uploads\/2024\/10\/LOGO-1-300x300.png","type":"","width":"","height":""}],"twitter_card":"summary_large_image","schema":{"@context":"https:\/\/schema.org","@graph":[{"@type":"WebPage","@id":"https:\/\/new.fxware.pl\/scalpingai\/","url":"https:\/\/new.fxware.pl\/scalpingai\/","name":"FXWare MetaTrader Tools - FXWare","isPartOf":{"@id":"https:\/\/new.fxware.pl\/en\/#website"},"primaryImageOfPage":{"@id":"https:\/\/new.fxware.pl\/scalpingai\/#primaryimage"},"image":{"@id":"https:\/\/new.fxware.pl\/scalpingai\/#primaryimage"},"thumbnailUrl":"https:\/\/new.fxware.pl\/wp-content\/uploads\/2024\/10\/LOGO-1-300x300.png","datePublished":"2024-10-17T21:59:08+00:00","dateModified":"2025-09-12T11:35:38+00:00","breadcrumb":{"@id":"https:\/\/new.fxware.pl\/scalpingai\/#breadcrumb"},"inLanguage":"pl-PL","potentialAction":[{"@type":"ReadAction","target":["https:\/\/new.fxware.pl\/scalpingai\/"]}]},{"@type":"ImageObject","inLanguage":"pl-PL","@id":"https:\/\/new.fxware.pl\/scalpingai\/#primaryimage","url":"https:\/\/new.fxware.pl\/wp-content\/uploads\/2024\/10\/LOGO-1-300x300.png","contentUrl":"https:\/\/new.fxware.pl\/wp-content\/uploads\/2024\/10\/LOGO-1-300x300.png"},{"@type":"BreadcrumbList","@id":"https:\/\/new.fxware.pl\/scalpingai\/#breadcrumb","itemListElement":[{"@type":"ListItem","position":1,"name":"Strona g\u0142\u00f3wna","item":"https:\/\/new.fxware.pl\/"},{"@type":"ListItem","position":2,"name":"FXWare MetaTrader Tools"}]},{"@type":"WebSite","@id":"https:\/\/new.fxware.pl\/en\/#website","url":"https:\/\/new.fxware.pl\/en\/","name":"FXWare","description":"Rozwi\u0105zania dla Trader\u00f3w","publisher":{"@id":"https:\/\/new.fxware.pl\/en\/#organization"},"potentialAction":[{"@type":"SearchAction","target":{"@type":"EntryPoint","urlTemplate":"https:\/\/new.fxware.pl\/en\/?s={search_term_string}"},"query-input":{"@type":"PropertyValueSpecification","valueRequired":true,"valueName":"search_term_string"}}],"inLanguage":"pl-PL"},{"@type":"Organization","@id":"https:\/\/new.fxware.pl\/en\/#organization","name":"FXWare - Rozwi\u0105zania Dla Inwestor\u00f3w","url":"https:\/\/new.fxware.pl\/en\/","logo":{"@type":"ImageObject","inLanguage":"pl-PL","@id":"https:\/\/new.fxware.pl\/en\/#\/schema\/logo\/image\/","url":"https:\/\/new.fxware.pl\/wp-content\/uploads\/2019\/07\/logo-ciemne-6-kwadrat-1024x1024.png","contentUrl":"https:\/\/new.fxware.pl\/wp-content\/uploads\/2019\/07\/logo-ciemne-6-kwadrat-1024x1024.png","width":1024,"height":1024,"caption":"FXWare - Rozwi\u0105zania Dla Inwestor\u00f3w"},"image":{"@id":"https:\/\/new.fxware.pl\/en\/#\/schema\/logo\/image\/"},"sameAs":["https:\/\/facebook.com\/fxwarepl\/","https:\/\/www.youtube.com\/channel\/UC8dWK9a2okrHo4Lu3x2H8pA","https:\/\/instagram.com\/fxwarepl"]}]}},"_links":{"self":[{"href":"https:\/\/new.fxware.pl\/pl\/wp-json\/wp\/v2\/pages\/29462","targetHints":{"allow":["GET"]}}],"collection":[{"href":"https:\/\/new.fxware.pl\/pl\/wp-json\/wp\/v2\/pages"}],"about":[{"href":"https:\/\/new.fxware.pl\/pl\/wp-json\/wp\/v2\/types\/page"}],"author":[{"embeddable":true,"href":"https:\/\/new.fxware.pl\/pl\/wp-json\/wp\/v2\/users\/3"}],"replies":[{"embeddable":true,"href":"https:\/\/new.fxware.pl\/pl\/wp-json\/wp\/v2\/comments?post=29462"}],"version-history":[{"count":0,"href":"https:\/\/new.fxware.pl\/pl\/wp-json\/wp\/v2\/pages\/29462\/revisions"}],"wp:attachment":[{"href":"https:\/\/new.fxware.pl\/pl\/wp-json\/wp\/v2\/media?parent=29462"}],"curies":[{"name":"wp","href":"https:\/\/api.w.org\/{rel}","templated":true}]}}