{"id":27378,"date":"2024-03-01T21:19:24","date_gmt":"2024-03-01T20:19:24","guid":{"rendered":"https:\/\/new.fxware.pl\/?page_id=27378"},"modified":"2024-03-03T19:20:33","modified_gmt":"2024-03-03T18:20:33","slug":"zglos-problem","status":"publish","type":"page","link":"https:\/\/new.fxware.pl\/pl\/zglos-problem\/","title":{"rendered":"Zg\u0142o\u015b problem"},"content":{"rendered":"\t\t<div data-elementor-type=\"wp-page\" data-elementor-id=\"27378\" class=\"elementor elementor-27378\" data-elementor-post-type=\"page\">\n\t\t\t\t\t\t<section class=\"elementor-section elementor-top-section elementor-element elementor-element-69b3f29 elementor-section-boxed elementor-section-height-default elementor-section-height-default\" data-id=\"69b3f29\" data-element_type=\"section\" data-e-type=\"section\">\n\t\t\t\t\t\t<div class=\"elementor-container elementor-column-gap-default\">\n\t\t\t\t\t<div class=\"elementor-column elementor-col-100 elementor-top-column elementor-element elementor-element-a065c9c\" data-id=\"a065c9c\" data-element_type=\"column\" data-e-type=\"column\">\n\t\t\t<div class=\"elementor-widget-wrap elementor-element-populated\">\n\t\t\t\t\t\t<div class=\"elementor-element elementor-element-2bd0144 elementor-widget elementor-widget-text-editor\" data-id=\"2bd0144\" data-element_type=\"widget\" data-e-type=\"widget\" data-widget_type=\"text-editor.default\">\n\t\t\t\t<div class=\"elementor-widget-container\">\n\t\t\t\t\t\t\t\t\t<p>Przed zg\u0142oszeniem problemu zapoznaj si\u0119 z instrukcj\u0105 obs\u0142ugi programu oraz informacjami na stronie\u00a0<a href=\"https:\/\/new.fxware.pl\/faq\/\" target=\"_blank\" rel=\"noopener\">POMOC<\/a>.<\/p><p>Wi\u0119cej o tym jakich informacji potrzebujemy, \u017ceby jak najszybciej rozwi\u0105za\u0107 Tw\u00f3j problem, znajdziesz w artykule\u00a0<a style=\"background-color: #ffffff;\" href=\"https:\/\/new.fxware.pl\/faq\/mam-problem-z-waszym-programem-jak-i-gdzie-go-zglosic\/\" target=\"_blank\" rel=\"noopener\">Mam problem z Waszym programem. Jak i gdzie go zg\u0142osi\u0107?<\/a><\/p>\t\t\t\t\t\t\t\t<\/div>\n\t\t\t\t<\/div>\n\t\t\t\t\t<\/div>\n\t\t<\/div>\n\t\t\t\t\t<\/div>\n\t\t<\/section>\n\t\t\t\t<section class=\"elementor-section elementor-top-section elementor-element elementor-element-22e80d7e elementor-section-boxed elementor-section-height-default elementor-section-height-default\" data-id=\"22e80d7e\" data-element_type=\"section\" data-e-type=\"section\">\n\t\t\t\t\t\t<div class=\"elementor-container elementor-column-gap-default\">\n\t\t\t\t\t<div class=\"elementor-column elementor-col-100 elementor-top-column elementor-element elementor-element-4e7af4ce\" data-id=\"4e7af4ce\" data-element_type=\"column\" data-e-type=\"column\">\n\t\t\t<div class=\"elementor-widget-wrap elementor-element-populated\">\n\t\t\t\t\t\t<div class=\"elementor-element elementor-element-3f712712 elementor-widget elementor-widget-shortcode\" data-id=\"3f712712\" data-element_type=\"widget\" data-e-type=\"widget\" data-widget_type=\"shortcode.default\">\n\t\t\t\t<div class=\"elementor-widget-container\">\n\t\t\t\t\t\t\t<div class=\"elementor-shortcode\"><script id=\"2031fc18-0e32-451d-91c4-2f51cb31ec7c\" data-yt-url=\"https:\/\/fxware.youtrack.cloud\" src=\"https:\/\/fxware.youtrack.cloud\/static\/simplified\/form\/form-entry.js\" data-theme=\"light\" data-lang=\"pl\"><\/script><\/div>\n\t\t\t\t\t\t<\/div>\n\t\t\t\t<\/div>\n\t\t\t\t\t<\/div>\n\t\t<\/div>\n\t\t\t\t\t<\/div>\n\t\t<\/section>\n\t\t\t\t<\/div>\n\t\t","protected":false},"excerpt":{"rendered":"<p>Przed zg\u0142oszeniem problemu zapoznaj si\u0119 z instrukcj\u0105 obs\u0142ugi programu oraz informacjami na stronie\u00a0POMOC. Wi\u0119cej o tym jakich informacji potrzebujemy, \u017ceby jak najszybciej rozwi\u0105za\u0107 Tw\u00f3j problem, znajdziesz w artykule\u00a0Mam problem z Waszym programem. Jak i gdzie go zg\u0142osi\u0107?<\/p>\n","protected":false},"author":3,"featured_media":0,"parent":0,"menu_order":0,"comment_status":"closed","ping_status":"closed","template":"","meta":{"inline_featured_image":false,"footnotes":""},"class_list":["post-27378","page","type-page","status-publish","hentry"],"yoast_head":"<!-- This site is optimized with the Yoast SEO plugin v27.5 - https:\/\/yoast.com\/product\/yoast-seo-wordpress\/ -->\n<title>Zg\u0142o\u015b problem - FXWare<\/title>\n<meta name=\"robots\" content=\"index, follow, max-snippet:-1, max-image-preview:large, max-video-preview:-1\" \/>\n<link rel=\"canonical\" href=\"https:\/\/new.fxware.pl\/pl\/zglos-problem\/\" \/>\n<meta property=\"og:locale\" content=\"pl_PL\" \/>\n<meta property=\"og:type\" content=\"article\" \/>\n<meta property=\"og:title\" content=\"Zg\u0142o\u015b problem - FXWare\" \/>\n<meta property=\"og:description\" content=\"Przed zg\u0142oszeniem problemu zapoznaj si\u0119 z instrukcj\u0105 obs\u0142ugi programu oraz informacjami na stronie\u00a0POMOC. Wi\u0119cej o tym jakich informacji potrzebujemy, \u017ceby jak najszybciej rozwi\u0105za\u0107 Tw\u00f3j problem, znajdziesz w artykule\u00a0Mam problem z Waszym programem. Jak i gdzie go zg\u0142osi\u0107?\" \/>\n<meta property=\"og:url\" content=\"https:\/\/new.fxware.pl\/pl\/zglos-problem\/\" \/>\n<meta property=\"og:site_name\" content=\"FXWare\" \/>\n<meta property=\"article:publisher\" content=\"https:\/\/facebook.com\/fxwarepl\/\" \/>\n<meta property=\"article:modified_time\" content=\"2024-03-03T18:20:33+00:00\" \/>\n<meta property=\"og:image\" content=\"https:\/\/new.fxware.pl\/wp-content\/uploads\/2022\/06\/FXWare-og-1200x628-1.png\" \/>\n\t<meta property=\"og:image:width\" content=\"1200\" \/>\n\t<meta property=\"og:image:height\" content=\"628\" \/>\n\t<meta property=\"og:image:type\" content=\"image\/png\" \/>\n<meta name=\"twitter:card\" content=\"summary_large_image\" \/>\n<script type=\"application\/ld+json\" class=\"yoast-schema-graph\">{\"@context\":\"https:\\\/\\\/schema.org\",\"@graph\":[{\"@type\":\"WebPage\",\"@id\":\"https:\\\/\\\/new.fxware.pl\\\/pl\\\/zglos-problem\\\/\",\"url\":\"https:\\\/\\\/new.fxware.pl\\\/pl\\\/zglos-problem\\\/\",\"name\":\"Zg\u0142o\u015b problem - FXWare\",\"isPartOf\":{\"@id\":\"https:\\\/\\\/new.fxware.pl\\\/en\\\/#website\"},\"datePublished\":\"2024-03-01T20:19:24+00:00\",\"dateModified\":\"2024-03-03T18:20:33+00:00\",\"breadcrumb\":{\"@id\":\"https:\\\/\\\/new.fxware.pl\\\/pl\\\/zglos-problem\\\/#breadcrumb\"},\"inLanguage\":\"pl-PL\",\"potentialAction\":[{\"@type\":\"ReadAction\",\"target\":[\"https:\\\/\\\/new.fxware.pl\\\/pl\\\/zglos-problem\\\/\"]}]},{\"@type\":\"BreadcrumbList\",\"@id\":\"https:\\\/\\\/new.fxware.pl\\\/pl\\\/zglos-problem\\\/#breadcrumb\",\"itemListElement\":[{\"@type\":\"ListItem\",\"position\":1,\"name\":\"Strona g\u0142\u00f3wna\",\"item\":\"https:\\\/\\\/new.fxware.pl\\\/\"},{\"@type\":\"ListItem\",\"position\":2,\"name\":\"Zg\u0142o\u015b problem\"}]},{\"@type\":\"WebSite\",\"@id\":\"https:\\\/\\\/new.fxware.pl\\\/en\\\/#website\",\"url\":\"https:\\\/\\\/new.fxware.pl\\\/en\\\/\",\"name\":\"FXWare\",\"description\":\"Rozwi\u0105zania dla Trader\u00f3w\",\"publisher\":{\"@id\":\"https:\\\/\\\/new.fxware.pl\\\/en\\\/#organization\"},\"potentialAction\":[{\"@type\":\"SearchAction\",\"target\":{\"@type\":\"EntryPoint\",\"urlTemplate\":\"https:\\\/\\\/new.fxware.pl\\\/en\\\/?s={search_term_string}\"},\"query-input\":{\"@type\":\"PropertyValueSpecification\",\"valueRequired\":true,\"valueName\":\"search_term_string\"}}],\"inLanguage\":\"pl-PL\"},{\"@type\":\"Organization\",\"@id\":\"https:\\\/\\\/new.fxware.pl\\\/en\\\/#organization\",\"name\":\"FXWare - Rozwi\u0105zania Dla Inwestor\u00f3w\",\"url\":\"https:\\\/\\\/new.fxware.pl\\\/en\\\/\",\"logo\":{\"@type\":\"ImageObject\",\"inLanguage\":\"pl-PL\",\"@id\":\"https:\\\/\\\/new.fxware.pl\\\/en\\\/#\\\/schema\\\/logo\\\/image\\\/\",\"url\":\"https:\\\/\\\/new.fxware.pl\\\/wp-content\\\/uploads\\\/2019\\\/07\\\/logo-ciemne-6-kwadrat-1024x1024.png\",\"contentUrl\":\"https:\\\/\\\/new.fxware.pl\\\/wp-content\\\/uploads\\\/2019\\\/07\\\/logo-ciemne-6-kwadrat-1024x1024.png\",\"width\":1024,\"height\":1024,\"caption\":\"FXWare - Rozwi\u0105zania Dla Inwestor\u00f3w\"},\"image\":{\"@id\":\"https:\\\/\\\/new.fxware.pl\\\/en\\\/#\\\/schema\\\/logo\\\/image\\\/\"},\"sameAs\":[\"https:\\\/\\\/facebook.com\\\/fxwarepl\\\/\",\"https:\\\/\\\/www.youtube.com\\\/channel\\\/UC8dWK9a2okrHo4Lu3x2H8pA\",\"https:\\\/\\\/instagram.com\\\/fxwarepl\"]}]}<\/script>\n<!-- \/ Yoast SEO plugin. -->","yoast_head_json":{"title":"Zg\u0142o\u015b problem - FXWare","robots":{"index":"index","follow":"follow","max-snippet":"max-snippet:-1","max-image-preview":"max-image-preview:large","max-video-preview":"max-video-preview:-1"},"canonical":"https:\/\/new.fxware.pl\/pl\/zglos-problem\/","og_locale":"pl_PL","og_type":"article","og_title":"Zg\u0142o\u015b problem - FXWare","og_description":"Przed zg\u0142oszeniem problemu zapoznaj si\u0119 z instrukcj\u0105 obs\u0142ugi programu oraz informacjami na stronie\u00a0POMOC. Wi\u0119cej o tym jakich informacji potrzebujemy, \u017ceby jak najszybciej rozwi\u0105za\u0107 Tw\u00f3j problem, znajdziesz w artykule\u00a0Mam problem z Waszym programem. Jak i gdzie go zg\u0142osi\u0107?","og_url":"https:\/\/new.fxware.pl\/pl\/zglos-problem\/","og_site_name":"FXWare","article_publisher":"https:\/\/facebook.com\/fxwarepl\/","article_modified_time":"2024-03-03T18:20:33+00:00","og_image":[{"width":1200,"height":628,"url":"https:\/\/new.fxware.pl\/wp-content\/uploads\/2022\/06\/FXWare-og-1200x628-1.png","type":"image\/png"}],"twitter_card":"summary_large_image","schema":{"@context":"https:\/\/schema.org","@graph":[{"@type":"WebPage","@id":"https:\/\/new.fxware.pl\/pl\/zglos-problem\/","url":"https:\/\/new.fxware.pl\/pl\/zglos-problem\/","name":"Zg\u0142o\u015b problem - FXWare","isPartOf":{"@id":"https:\/\/new.fxware.pl\/en\/#website"},"datePublished":"2024-03-01T20:19:24+00:00","dateModified":"2024-03-03T18:20:33+00:00","breadcrumb":{"@id":"https:\/\/new.fxware.pl\/pl\/zglos-problem\/#breadcrumb"},"inLanguage":"pl-PL","potentialAction":[{"@type":"ReadAction","target":["https:\/\/new.fxware.pl\/pl\/zglos-problem\/"]}]},{"@type":"BreadcrumbList","@id":"https:\/\/new.fxware.pl\/pl\/zglos-problem\/#breadcrumb","itemListElement":[{"@type":"ListItem","position":1,"name":"Strona g\u0142\u00f3wna","item":"https:\/\/new.fxware.pl\/"},{"@type":"ListItem","position":2,"name":"Zg\u0142o\u015b problem"}]},{"@type":"WebSite","@id":"https:\/\/new.fxware.pl\/en\/#website","url":"https:\/\/new.fxware.pl\/en\/","name":"FXWare","description":"Rozwi\u0105zania dla Trader\u00f3w","publisher":{"@id":"https:\/\/new.fxware.pl\/en\/#organization"},"potentialAction":[{"@type":"SearchAction","target":{"@type":"EntryPoint","urlTemplate":"https:\/\/new.fxware.pl\/en\/?s={search_term_string}"},"query-input":{"@type":"PropertyValueSpecification","valueRequired":true,"valueName":"search_term_string"}}],"inLanguage":"pl-PL"},{"@type":"Organization","@id":"https:\/\/new.fxware.pl\/en\/#organization","name":"FXWare - Rozwi\u0105zania Dla Inwestor\u00f3w","url":"https:\/\/new.fxware.pl\/en\/","logo":{"@type":"ImageObject","inLanguage":"pl-PL","@id":"https:\/\/new.fxware.pl\/en\/#\/schema\/logo\/image\/","url":"https:\/\/new.fxware.pl\/wp-content\/uploads\/2019\/07\/logo-ciemne-6-kwadrat-1024x1024.png","contentUrl":"https:\/\/new.fxware.pl\/wp-content\/uploads\/2019\/07\/logo-ciemne-6-kwadrat-1024x1024.png","width":1024,"height":1024,"caption":"FXWare - Rozwi\u0105zania Dla Inwestor\u00f3w"},"image":{"@id":"https:\/\/new.fxware.pl\/en\/#\/schema\/logo\/image\/"},"sameAs":["https:\/\/facebook.com\/fxwarepl\/","https:\/\/www.youtube.com\/channel\/UC8dWK9a2okrHo4Lu3x2H8pA","https:\/\/instagram.com\/fxwarepl"]}]}},"_links":{"self":[{"href":"https:\/\/new.fxware.pl\/pl\/wp-json\/wp\/v2\/pages\/27378","targetHints":{"allow":["GET"]}}],"collection":[{"href":"https:\/\/new.fxware.pl\/pl\/wp-json\/wp\/v2\/pages"}],"about":[{"href":"https:\/\/new.fxware.pl\/pl\/wp-json\/wp\/v2\/types\/page"}],"author":[{"embeddable":true,"href":"https:\/\/new.fxware.pl\/pl\/wp-json\/wp\/v2\/users\/3"}],"replies":[{"embeddable":true,"href":"https:\/\/new.fxware.pl\/pl\/wp-json\/wp\/v2\/comments?post=27378"}],"version-history":[{"count":0,"href":"https:\/\/new.fxware.pl\/pl\/wp-json\/wp\/v2\/pages\/27378\/revisions"}],"wp:attachment":[{"href":"https:\/\/new.fxware.pl\/pl\/wp-json\/wp\/v2\/media?parent=27378"}],"curies":[{"name":"wp","href":"https:\/\/api.w.org\/{rel}","templated":true}]}}