{"id":261,"date":"2018-10-12T22:07:25","date_gmt":"2018-10-12T20:07:25","guid":{"rendered":"https:\/\/new.fxware.pl\/market-scanner-mmd-copy\/"},"modified":"2023-08-04T18:32:56","modified_gmt":"2023-08-04T16:32:56","slug":"market-scanner-mmd-6","status":"publish","type":"page","link":"https:\/\/new.fxware.pl\/pl\/market-scanner-mmd-6\/","title":{"rendered":"Skaner rynku MMD 6"},"content":{"rendered":"<p style=\"text-align: center;\"><span style=\"color: #f45b15; font-size: 30px;\"><strong>Twoje w\u0142asne sygna\u0142y handlowe<\/strong><\/span><\/p>\n<p>Skaner rynku MMD 6 wykrywa kierunki poruszania si\u0119 ceny i a\u017c 3 typy sygna\u0142\u00f3w transakcyjnych w oparciu o chmury \u015brednich krocz\u0105cych i wolumen obrot\u00f3w. Dzi\u0119ki skanerowi:<\/p>\n<ul>\n<li style=\"text-align: left;\"><b>oszcz\u0119dzasz czas<\/b> &#8211; nie musisz ci\u0105gle czuwa\u0107 przy komputerze i obserwowa\u0107 wykresu, wystarczy zaczeka\u0107 na sygna\u0142, kt\u00f3ry dostaniesz jako powiadomienie na pulpicie, na kom\u00f3rk\u0119 i email<\/li>\n<li><strong>oszcz\u0119dzasz pieni\u0105dze<\/strong> &#8211; licencj\u0119 kupujesz raz i jest wa\u017cna do\u017cywotnio, \u017cadnych subskrypcji i ukrytych koszt\u00f3w<\/li>\n<li style=\"text-align: left;\"><strong>nic Ci nie umyka <\/strong>&#8211; masz przegl\u0105d bardzo wielu instrument\u00f3w i wszystkich interwa\u0142\u00f3w na raz<\/li>\n<li><strong>handlujesz zgodnie z trendem<\/strong> &#8211; mo\u017cesz wybiera\u0107 tylko najlepsze okazje i unika\u0107 zab\u00f3jczego handlu pod pr\u0105d<\/li>\n<li style=\"text-align: left;\"><strong>widzisz co si\u0119 naprawd\u0119 dzieje<\/strong> &#8211; dostajesz sygna\u0142y wolumenowe czyli najpewniejszy wska\u017anik tego co robi rynek<\/li>\n<li><strong>masz sw\u00f3j styl handlu<\/strong> &#8211; skaner dopasowujesz do w\u0142asnych preferencji<\/li>\n<\/ul>\n<div class=\"mceTemp\"><\/div>\n<p style=\"text-align: center;\"><strong>Koniecznie zobacz film o Market Scanner MMD z opisem instalacji i konfiguracji<\/strong><\/p>\n\n<p style=\"text-align: center;\"><iframe src=\"https:\/\/www.youtube.com\/embed\/MS9Jl5o4amI?rel=0&amp;controls=0&amp;showinfo=0\" width=\"560\" height=\"315\" frameborder=\"0\" allowfullscreen=\"allowfullscreen\" data-mce-fragment=\"1\"><span data-mce-type=\"bookmark\" style=\"display: inline-block; width: 0px; overflow: hidden; line-height: 0;\" class=\"mce_SELRES_start\">\ufeff<\/span><span data-mce-type=\"bookmark\" style=\"display: inline-block; width: 0px; overflow: hidden; line-height: 0;\" class=\"mce_SELRES_start\">\ufeff<\/span><span data-mce-type=\"bookmark\" style=\"display: inline-block; width: 0px; overflow: hidden; line-height: 0;\" class=\"mce_SELRES_start\">\ufeff<\/span><span data-mce-type=\"bookmark\" style=\"display: inline-block; width: 0px; overflow: hidden; line-height: 0;\" class=\"mce_SELRES_start\">\ufeff<\/span><\/iframe><\/p>\n\n<p><em>Film najlepiej otworzy\u0107 w nowym oknie klikaj\u0105c na bia\u0142e logo YouTube w prawym dolnym naro\u017cniku i ogl\u0105da\u0107 na pe\u0142nym ekranie.<\/em><\/p>\n<p>&nbsp;<\/p>\n<div class=\"su-button-center\"><a href=\"https:\/\/new.fxware.pl\/produkt\/market-scanner-mmd-6\/\" class=\"su-button su-button-style-flat\" style=\"color:#ffffff;background-color:#F45B15;border-color:#c44911;border-radius:93px\" target=\"_self\"><span style=\"color:#ffffff;padding:12px 40px;font-size:29px;line-height:44px;border-color:#f88d5c;border-radius:93px;text-shadow:none\"><i class=\"sui sui-shopping-basket\" style=\"font-size:29px;color:#ffffff\"><\/i> KUP TERAZ!<\/span><\/a><\/div>\n<p>&nbsp;<\/p>\n<figure id=\"attachment_264\" aria-describedby=\"caption-attachment-264\" style=\"width: 980px\" class=\"wp-caption aligncenter\"><img fetchpriority=\"high\" decoding=\"async\" class=\"wp-image-264 size-large\" src=\"https:\/\/new.fxware.pl\/wp-content\/uploads\/2018\/10\/Market-Scanner-MMD-6.12-1-1024x562.png\" alt=\"\" width=\"980\" height=\"538\" srcset=\"https:\/\/new.fxware.pl\/wp-content\/uploads\/2018\/10\/Market-Scanner-MMD-6.12-1-1024x562.png 1024w, https:\/\/new.fxware.pl\/wp-content\/uploads\/2018\/10\/Market-Scanner-MMD-6.12-1-416x228.png 416w, https:\/\/new.fxware.pl\/wp-content\/uploads\/2018\/10\/Market-Scanner-MMD-6.12-1-300x165.png 300w, https:\/\/new.fxware.pl\/wp-content\/uploads\/2018\/10\/Market-Scanner-MMD-6.12-1-768x421.png 768w, https:\/\/new.fxware.pl\/wp-content\/uploads\/2018\/10\/Market-Scanner-MMD-6.12-1.png 1234w\" sizes=\"(max-width: 980px) 100vw, 980px\" \/><figcaption id=\"caption-attachment-264\" class=\"wp-caption-text\">Market Scanner MMD 6<\/figcaption><\/figure>\n<p>&nbsp;<\/p>\n<p style=\"text-align: center;\"><strong>Przyk\u0142ady sygna\u0142\u00f3w<\/strong><\/p>\n<div id='gallery-1' class='gallery galleryid-261 gallery-columns-2 gallery-size-medium'><figure class='gallery-item'>\n\t\t\t<div class='gallery-icon landscape'>\n\t\t\t\t<a href='https:\/\/new.fxware.pl\/pl\/market-scanner-mmd-6\/mmd-cross-1\/'><img decoding=\"async\" width=\"300\" height=\"230\" src=\"https:\/\/new.fxware.pl\/wp-content\/uploads\/2018\/10\/mmd-cross-1-300x230.png\" class=\"attachment-medium size-medium\" alt=\"\" aria-describedby=\"gallery-1-276\" srcset=\"https:\/\/new.fxware.pl\/wp-content\/uploads\/2018\/10\/mmd-cross-1-300x230.png 300w, https:\/\/new.fxware.pl\/wp-content\/uploads\/2018\/10\/mmd-cross-1-416x319.png 416w, https:\/\/new.fxware.pl\/wp-content\/uploads\/2018\/10\/mmd-cross-1.png 490w\" sizes=\"(max-width: 300px) 100vw, 300px\" \/><\/a>\n\t\t\t<\/div>\n\t\t\t\t<figcaption class='wp-caption-text gallery-caption' id='gallery-1-276'>\n\t\t\t\tMMD Cross\n\t\t\t\t<\/figcaption><\/figure><figure class='gallery-item'>\n\t\t\t<div class='gallery-icon landscape'>\n\t\t\t\t<a href='https:\/\/new.fxware.pl\/pl\/market-scanner-mmd-6\/mmd-touch-1\/'><img decoding=\"async\" width=\"300\" height=\"230\" src=\"https:\/\/new.fxware.pl\/wp-content\/uploads\/2018\/10\/mmd-touch-1-300x230.png\" class=\"attachment-medium size-medium\" alt=\"\" aria-describedby=\"gallery-1-277\" srcset=\"https:\/\/new.fxware.pl\/wp-content\/uploads\/2018\/10\/mmd-touch-1-300x230.png 300w, https:\/\/new.fxware.pl\/wp-content\/uploads\/2018\/10\/mmd-touch-1-416x319.png 416w, https:\/\/new.fxware.pl\/wp-content\/uploads\/2018\/10\/mmd-touch-1.png 490w\" sizes=\"(max-width: 300px) 100vw, 300px\" \/><\/a>\n\t\t\t<\/div>\n\t\t\t\t<figcaption class='wp-caption-text gallery-caption' id='gallery-1-277'>\n\t\t\t\tMMD Touch\n\t\t\t\t<\/figcaption><\/figure><figure class='gallery-item'>\n\t\t\t<div class='gallery-icon landscape'>\n\t\t\t\t<a href='https:\/\/new.fxware.pl\/pl\/market-scanner-mmd-6\/candle_volume-2\/'><img loading=\"lazy\" decoding=\"async\" width=\"300\" height=\"230\" src=\"https:\/\/new.fxware.pl\/wp-content\/uploads\/2018\/10\/candle_volume-2-300x230.png\" class=\"attachment-medium size-medium\" alt=\"\" aria-describedby=\"gallery-1-269\" srcset=\"https:\/\/new.fxware.pl\/wp-content\/uploads\/2018\/10\/candle_volume-2-300x230.png 300w, https:\/\/new.fxware.pl\/wp-content\/uploads\/2018\/10\/candle_volume-2-416x319.png 416w, https:\/\/new.fxware.pl\/wp-content\/uploads\/2018\/10\/candle_volume-2.png 490w\" sizes=\"(max-width: 300px) 100vw, 300px\" \/><\/a>\n\t\t\t<\/div>\n\t\t\t\t<figcaption class='wp-caption-text gallery-caption' id='gallery-1-269'>\n\t\t\t\tSygna\u0142 wolumenowy ze wska\u017anika CandleVolume\n\t\t\t\t<\/figcaption><\/figure><figure class='gallery-item'>\n\t\t\t<div class='gallery-icon landscape'>\n\t\t\t\t<a href='https:\/\/new.fxware.pl\/pl\/market-scanner-mmd-6\/candle_volume-1-490x376\/'><img loading=\"lazy\" decoding=\"async\" width=\"300\" height=\"230\" src=\"https:\/\/new.fxware.pl\/wp-content\/uploads\/2018\/10\/candle_volume-1-490x376-300x230.png\" class=\"attachment-medium size-medium\" alt=\"\" aria-describedby=\"gallery-1-289\" srcset=\"https:\/\/new.fxware.pl\/wp-content\/uploads\/2018\/10\/candle_volume-1-490x376-300x230.png 300w, https:\/\/new.fxware.pl\/wp-content\/uploads\/2018\/10\/candle_volume-1-490x376-416x319.png 416w, https:\/\/new.fxware.pl\/wp-content\/uploads\/2018\/10\/candle_volume-1-490x376.png 490w\" sizes=\"(max-width: 300px) 100vw, 300px\" \/><\/a>\n\t\t\t<\/div>\n\t\t\t\t<figcaption class='wp-caption-text gallery-caption' id='gallery-1-289'>\n\t\t\t\tSygna\u0142 wolumenowy ze wska\u017anika CandleVolume\n\t\t\t\t<\/figcaption><\/figure>\n\t\t<\/div>\n\n<p>&nbsp;<\/p>\n<div class=\"su-button-center\"><a href=\"https:\/\/new.fxware.pl\/produkt\/market-scanner-mmd-6\/\" class=\"su-button su-button-style-flat\" style=\"color:#ffffff;background-color:#F45B15;border-color:#c44911;border-radius:93px\" target=\"_self\"><span style=\"color:#ffffff;padding:12px 40px;font-size:29px;line-height:44px;border-color:#f88d5c;border-radius:93px;text-shadow:none\"><i class=\"sui sui-shopping-basket\" style=\"font-size:29px;color:#ffffff\"><\/i> KUP TERAZ!<\/span><\/a><\/div>\n","protected":false},"excerpt":{"rendered":"<p>Twoje w\u0142asne sygna\u0142y handlowe Skaner rynku MMD 6 wykrywa kierunki poruszania si\u0119 ceny i a\u017c 3 typy sygna\u0142\u00f3w transakcyjnych w oparciu o chmury \u015brednich krocz\u0105cych i wolumen obrot\u00f3w. Dzi\u0119ki skanerowi: oszcz\u0119dzasz czas &#8211; nie musisz ci\u0105gle czuwa\u0107 przy komputerze i obserwowa\u0107 wykresu, wystarczy zaczeka\u0107 na sygna\u0142, kt\u00f3ry dostaniesz jako powiadomienie na pulpicie, na kom\u00f3rk\u0119 i [&hellip;]<\/p>\n","protected":false},"author":3,"featured_media":0,"parent":0,"menu_order":0,"comment_status":"closed","ping_status":"closed","template":"","meta":{"inline_featured_image":false,"footnotes":""},"class_list":["post-261","page","type-page","status-publish","hentry"],"yoast_head":"<!-- This site is optimized with the Yoast SEO plugin v27.3 - https:\/\/yoast.com\/product\/yoast-seo-wordpress\/ -->\n<title>Skaner rynku MMD 6 - FXWare<\/title>\n<meta name=\"robots\" content=\"index, follow, max-snippet:-1, max-image-preview:large, max-video-preview:-1\" \/>\n<link rel=\"canonical\" href=\"https:\/\/new.fxware.pl\/pl\/market-scanner-mmd-6\/\" \/>\n<meta property=\"og:locale\" content=\"pl_PL\" \/>\n<meta property=\"og:type\" content=\"article\" \/>\n<meta property=\"og:title\" content=\"Skaner rynku MMD 6 - FXWare\" \/>\n<meta property=\"og:description\" content=\"Twoje w\u0142asne sygna\u0142y handlowe Skaner rynku MMD 6 wykrywa kierunki poruszania si\u0119 ceny i a\u017c 3 typy sygna\u0142\u00f3w transakcyjnych w oparciu o chmury \u015brednich krocz\u0105cych i wolumen obrot\u00f3w. Dzi\u0119ki skanerowi: oszcz\u0119dzasz czas &#8211; nie musisz ci\u0105gle czuwa\u0107 przy komputerze i obserwowa\u0107 wykresu, wystarczy zaczeka\u0107 na sygna\u0142, kt\u00f3ry dostaniesz jako powiadomienie na pulpicie, na kom\u00f3rk\u0119 i [&hellip;]\" \/>\n<meta property=\"og:url\" content=\"https:\/\/new.fxware.pl\/pl\/market-scanner-mmd-6\/\" \/>\n<meta property=\"og:site_name\" content=\"FXWare\" \/>\n<meta property=\"article:publisher\" content=\"https:\/\/facebook.com\/fxwarepl\/\" \/>\n<meta property=\"article:modified_time\" content=\"2023-08-04T16:32:56+00:00\" \/>\n<meta property=\"og:image\" content=\"https:\/\/new.fxware.pl\/wp-content\/uploads\/2018\/10\/mmd-cross-1-300x230.png\" \/>\n<meta name=\"twitter:card\" content=\"summary_large_image\" \/>\n<script type=\"application\/ld+json\" class=\"yoast-schema-graph\">{\"@context\":\"https:\\\/\\\/schema.org\",\"@graph\":[{\"@type\":\"WebPage\",\"@id\":\"https:\\\/\\\/new.fxware.pl\\\/pl\\\/market-scanner-mmd-6\\\/\",\"url\":\"https:\\\/\\\/new.fxware.pl\\\/pl\\\/market-scanner-mmd-6\\\/\",\"name\":\"Skaner rynku MMD 6 - FXWare\",\"isPartOf\":{\"@id\":\"https:\\\/\\\/new.fxware.pl\\\/en\\\/#website\"},\"primaryImageOfPage\":{\"@id\":\"https:\\\/\\\/new.fxware.pl\\\/pl\\\/market-scanner-mmd-6\\\/#primaryimage\"},\"image\":{\"@id\":\"https:\\\/\\\/new.fxware.pl\\\/pl\\\/market-scanner-mmd-6\\\/#primaryimage\"},\"thumbnailUrl\":\"https:\\\/\\\/new.fxware.pl\\\/wp-content\\\/uploads\\\/2018\\\/10\\\/Market-Scanner-MMD-6.12-1-1024x562.png\",\"datePublished\":\"2018-10-12T20:07:25+00:00\",\"dateModified\":\"2023-08-04T16:32:56+00:00\",\"breadcrumb\":{\"@id\":\"https:\\\/\\\/new.fxware.pl\\\/pl\\\/market-scanner-mmd-6\\\/#breadcrumb\"},\"inLanguage\":\"pl-PL\",\"potentialAction\":[{\"@type\":\"ReadAction\",\"target\":[\"https:\\\/\\\/new.fxware.pl\\\/pl\\\/market-scanner-mmd-6\\\/\"]}]},{\"@type\":\"ImageObject\",\"inLanguage\":\"pl-PL\",\"@id\":\"https:\\\/\\\/new.fxware.pl\\\/pl\\\/market-scanner-mmd-6\\\/#primaryimage\",\"url\":\"https:\\\/\\\/new.fxware.pl\\\/wp-content\\\/uploads\\\/2018\\\/10\\\/Market-Scanner-MMD-6.12-1-1024x562.png\",\"contentUrl\":\"https:\\\/\\\/new.fxware.pl\\\/wp-content\\\/uploads\\\/2018\\\/10\\\/Market-Scanner-MMD-6.12-1-1024x562.png\"},{\"@type\":\"BreadcrumbList\",\"@id\":\"https:\\\/\\\/new.fxware.pl\\\/pl\\\/market-scanner-mmd-6\\\/#breadcrumb\",\"itemListElement\":[{\"@type\":\"ListItem\",\"position\":1,\"name\":\"Strona g\u0142\u00f3wna\",\"item\":\"https:\\\/\\\/new.fxware.pl\\\/\"},{\"@type\":\"ListItem\",\"position\":2,\"name\":\"Skaner rynku MMD 6\"}]},{\"@type\":\"WebSite\",\"@id\":\"https:\\\/\\\/new.fxware.pl\\\/en\\\/#website\",\"url\":\"https:\\\/\\\/new.fxware.pl\\\/en\\\/\",\"name\":\"FXWare\",\"description\":\"Rozwi\u0105zania dla Trader\u00f3w\",\"publisher\":{\"@id\":\"https:\\\/\\\/new.fxware.pl\\\/en\\\/#organization\"},\"potentialAction\":[{\"@type\":\"SearchAction\",\"target\":{\"@type\":\"EntryPoint\",\"urlTemplate\":\"https:\\\/\\\/new.fxware.pl\\\/en\\\/?s={search_term_string}\"},\"query-input\":{\"@type\":\"PropertyValueSpecification\",\"valueRequired\":true,\"valueName\":\"search_term_string\"}}],\"inLanguage\":\"pl-PL\"},{\"@type\":\"Organization\",\"@id\":\"https:\\\/\\\/new.fxware.pl\\\/en\\\/#organization\",\"name\":\"FXWare - Rozwi\u0105zania Dla Inwestor\u00f3w\",\"url\":\"https:\\\/\\\/new.fxware.pl\\\/en\\\/\",\"logo\":{\"@type\":\"ImageObject\",\"inLanguage\":\"pl-PL\",\"@id\":\"https:\\\/\\\/new.fxware.pl\\\/en\\\/#\\\/schema\\\/logo\\\/image\\\/\",\"url\":\"https:\\\/\\\/new.fxware.pl\\\/wp-content\\\/uploads\\\/2019\\\/07\\\/logo-ciemne-6-kwadrat-1024x1024.png\",\"contentUrl\":\"https:\\\/\\\/new.fxware.pl\\\/wp-content\\\/uploads\\\/2019\\\/07\\\/logo-ciemne-6-kwadrat-1024x1024.png\",\"width\":1024,\"height\":1024,\"caption\":\"FXWare - Rozwi\u0105zania Dla Inwestor\u00f3w\"},\"image\":{\"@id\":\"https:\\\/\\\/new.fxware.pl\\\/en\\\/#\\\/schema\\\/logo\\\/image\\\/\"},\"sameAs\":[\"https:\\\/\\\/facebook.com\\\/fxwarepl\\\/\",\"https:\\\/\\\/www.youtube.com\\\/channel\\\/UC8dWK9a2okrHo4Lu3x2H8pA\",\"https:\\\/\\\/instagram.com\\\/fxwarepl\"]}]}<\/script>\n<!-- \/ Yoast SEO plugin. -->","yoast_head_json":{"title":"Skaner rynku MMD 6 - FXWare","robots":{"index":"index","follow":"follow","max-snippet":"max-snippet:-1","max-image-preview":"max-image-preview:large","max-video-preview":"max-video-preview:-1"},"canonical":"https:\/\/new.fxware.pl\/pl\/market-scanner-mmd-6\/","og_locale":"pl_PL","og_type":"article","og_title":"Skaner rynku MMD 6 - FXWare","og_description":"Twoje w\u0142asne sygna\u0142y handlowe Skaner rynku MMD 6 wykrywa kierunki poruszania si\u0119 ceny i a\u017c 3 typy sygna\u0142\u00f3w transakcyjnych w oparciu o chmury \u015brednich krocz\u0105cych i wolumen obrot\u00f3w. Dzi\u0119ki skanerowi: oszcz\u0119dzasz czas &#8211; nie musisz ci\u0105gle czuwa\u0107 przy komputerze i obserwowa\u0107 wykresu, wystarczy zaczeka\u0107 na sygna\u0142, kt\u00f3ry dostaniesz jako powiadomienie na pulpicie, na kom\u00f3rk\u0119 i [&hellip;]","og_url":"https:\/\/new.fxware.pl\/pl\/market-scanner-mmd-6\/","og_site_name":"FXWare","article_publisher":"https:\/\/facebook.com\/fxwarepl\/","article_modified_time":"2023-08-04T16:32:56+00:00","og_image":[{"url":"https:\/\/new.fxware.pl\/wp-content\/uploads\/2018\/10\/mmd-cross-1-300x230.png","type":"","width":"","height":""}],"twitter_card":"summary_large_image","schema":{"@context":"https:\/\/schema.org","@graph":[{"@type":"WebPage","@id":"https:\/\/new.fxware.pl\/pl\/market-scanner-mmd-6\/","url":"https:\/\/new.fxware.pl\/pl\/market-scanner-mmd-6\/","name":"Skaner rynku MMD 6 - FXWare","isPartOf":{"@id":"https:\/\/new.fxware.pl\/en\/#website"},"primaryImageOfPage":{"@id":"https:\/\/new.fxware.pl\/pl\/market-scanner-mmd-6\/#primaryimage"},"image":{"@id":"https:\/\/new.fxware.pl\/pl\/market-scanner-mmd-6\/#primaryimage"},"thumbnailUrl":"https:\/\/new.fxware.pl\/wp-content\/uploads\/2018\/10\/Market-Scanner-MMD-6.12-1-1024x562.png","datePublished":"2018-10-12T20:07:25+00:00","dateModified":"2023-08-04T16:32:56+00:00","breadcrumb":{"@id":"https:\/\/new.fxware.pl\/pl\/market-scanner-mmd-6\/#breadcrumb"},"inLanguage":"pl-PL","potentialAction":[{"@type":"ReadAction","target":["https:\/\/new.fxware.pl\/pl\/market-scanner-mmd-6\/"]}]},{"@type":"ImageObject","inLanguage":"pl-PL","@id":"https:\/\/new.fxware.pl\/pl\/market-scanner-mmd-6\/#primaryimage","url":"https:\/\/new.fxware.pl\/wp-content\/uploads\/2018\/10\/Market-Scanner-MMD-6.12-1-1024x562.png","contentUrl":"https:\/\/new.fxware.pl\/wp-content\/uploads\/2018\/10\/Market-Scanner-MMD-6.12-1-1024x562.png"},{"@type":"BreadcrumbList","@id":"https:\/\/new.fxware.pl\/pl\/market-scanner-mmd-6\/#breadcrumb","itemListElement":[{"@type":"ListItem","position":1,"name":"Strona g\u0142\u00f3wna","item":"https:\/\/new.fxware.pl\/"},{"@type":"ListItem","position":2,"name":"Skaner rynku MMD 6"}]},{"@type":"WebSite","@id":"https:\/\/new.fxware.pl\/en\/#website","url":"https:\/\/new.fxware.pl\/en\/","name":"FXWare","description":"Rozwi\u0105zania dla Trader\u00f3w","publisher":{"@id":"https:\/\/new.fxware.pl\/en\/#organization"},"potentialAction":[{"@type":"SearchAction","target":{"@type":"EntryPoint","urlTemplate":"https:\/\/new.fxware.pl\/en\/?s={search_term_string}"},"query-input":{"@type":"PropertyValueSpecification","valueRequired":true,"valueName":"search_term_string"}}],"inLanguage":"pl-PL"},{"@type":"Organization","@id":"https:\/\/new.fxware.pl\/en\/#organization","name":"FXWare - Rozwi\u0105zania Dla Inwestor\u00f3w","url":"https:\/\/new.fxware.pl\/en\/","logo":{"@type":"ImageObject","inLanguage":"pl-PL","@id":"https:\/\/new.fxware.pl\/en\/#\/schema\/logo\/image\/","url":"https:\/\/new.fxware.pl\/wp-content\/uploads\/2019\/07\/logo-ciemne-6-kwadrat-1024x1024.png","contentUrl":"https:\/\/new.fxware.pl\/wp-content\/uploads\/2019\/07\/logo-ciemne-6-kwadrat-1024x1024.png","width":1024,"height":1024,"caption":"FXWare - Rozwi\u0105zania Dla Inwestor\u00f3w"},"image":{"@id":"https:\/\/new.fxware.pl\/en\/#\/schema\/logo\/image\/"},"sameAs":["https:\/\/facebook.com\/fxwarepl\/","https:\/\/www.youtube.com\/channel\/UC8dWK9a2okrHo4Lu3x2H8pA","https:\/\/instagram.com\/fxwarepl"]}]}},"_links":{"self":[{"href":"https:\/\/new.fxware.pl\/pl\/wp-json\/wp\/v2\/pages\/261","targetHints":{"allow":["GET"]}}],"collection":[{"href":"https:\/\/new.fxware.pl\/pl\/wp-json\/wp\/v2\/pages"}],"about":[{"href":"https:\/\/new.fxware.pl\/pl\/wp-json\/wp\/v2\/types\/page"}],"author":[{"embeddable":true,"href":"https:\/\/new.fxware.pl\/pl\/wp-json\/wp\/v2\/users\/3"}],"replies":[{"embeddable":true,"href":"https:\/\/new.fxware.pl\/pl\/wp-json\/wp\/v2\/comments?post=261"}],"version-history":[{"count":0,"href":"https:\/\/new.fxware.pl\/pl\/wp-json\/wp\/v2\/pages\/261\/revisions"}],"wp:attachment":[{"href":"https:\/\/new.fxware.pl\/pl\/wp-json\/wp\/v2\/media?parent=261"}],"curies":[{"name":"wp","href":"https:\/\/api.w.org\/{rel}","templated":true}]}}