{"id":2332,"date":"2019-06-10T18:54:45","date_gmt":"2019-06-10T16:54:45","guid":{"rendered":"https:\/\/new.fxware.pl\/downloads-free-copy\/"},"modified":"2023-10-07T02:38:59","modified_gmt":"2023-10-07T00:38:59","slug":"ichimoku-switch","status":"publish","type":"page","link":"https:\/\/new.fxware.pl\/pl\/ichimoku-switch\/","title":{"rendered":"Ichimoku switch"},"content":{"rendered":"<p>Wska\u017anik <strong>Ichimoku Switch dla MT4<\/strong>. <img decoding=\"async\" class=\"wp-image-3673 size-medium alignright\" src=\"https:\/\/new.fxware.pl\/wp-content\/uploads\/2019\/07\/ichiSwitch_2-300x157.png\" alt=\"\" width=\"300\" height=\"157\" srcset=\"https:\/\/new.fxware.pl\/wp-content\/uploads\/2019\/07\/ichiSwitch_2-300x157.png 300w, https:\/\/new.fxware.pl\/wp-content\/uploads\/2019\/07\/ichiSwitch_2-416x218.png 416w, https:\/\/new.fxware.pl\/wp-content\/uploads\/2019\/07\/ichiSwitch_2-768x402.png 768w, https:\/\/new.fxware.pl\/wp-content\/uploads\/2019\/07\/ichiSwitch_2-1024x536.png 1024w, https:\/\/new.fxware.pl\/wp-content\/uploads\/2019\/07\/ichiSwitch_2.png 1200w\" sizes=\"(max-width: 300px) 100vw, 300px\" \/>Wska\u017anik pozwala 1 przyciskiem pokazywa\u0107 i ukrywa\u0107 wska\u017anik Ichimoku. W paczce jest dodatkowo szablon ichimokukolorowy-fxw, kt\u00f3ry jest zgodny z ustawieniami Grzegorza Moskwy.<\/p>\n<i class=\"fas fa-cloud-download-alt \" ><\/i> <a href=\"https:\/\/new.fxware.pl\/wp-content\/uploads\/2019\/07\/FXWare-Ichimoku-switch-2.zip\">FXWare-Ichimoku-switch-2<\/a><\/p>\n<p>Pytania o wska\u017anik mo\u017cna zadawa\u0107 w w\u0105tkach na <i class=\"fa fa-facebook \" ><\/i> <a href=\"https:\/\/www.facebook.com\/groups\/forexcity.spolecznosc\/permalink\/2174543812663975\/\" target=\"_blank\" rel=\"noopener noreferrer\">grupie ForexCity na FB<\/a>. Dla darmowych wska\u017anik\u00f3w nie \u015bwiadczymy wsparcia przez mail lub w wiadomo\u015bciach na FB. Dzi\u0119kujemy.\u00a0<img decoding=\"async\" class=\"emoji\" draggable=\"false\" src=\"https:\/\/s.w.org\/images\/core\/emoji\/12.0.0-1\/svg\/1f642.svg\" alt=\"\ud83d\ude42\" \/><\/p>\n<p>Je\u015bli narz\u0119dzie Ci si\u0119 spodoba i uznasz je za przydatne to podziel si\u0119 nim ze znajomymi i polub nas na Facebook&#8217;u.<\/p>\n","protected":false},"excerpt":{"rendered":"<p>Wska\u017anik Ichimoku Switch dla MT4. Wska\u017anik pozwala 1 przyciskiem pokazywa\u0107 i ukrywa\u0107 wska\u017anik Ichimoku. W paczce jest dodatkowo szablon ichimokukolorowy-fxw, kt\u00f3ry jest zgodny z ustawieniami Grzegorza Moskwy. FXWare-Ichimoku-switch-2 Pytania o wska\u017anik mo\u017cna zadawa\u0107 w w\u0105tkach na grupie ForexCity na FB. Dla darmowych wska\u017anik\u00f3w nie \u015bwiadczymy wsparcia przez mail lub w wiadomo\u015bciach na FB. Dzi\u0119kujemy.\u00a0 Je\u015bli [&hellip;]<\/p>\n","protected":false},"author":3,"featured_media":0,"parent":0,"menu_order":0,"comment_status":"closed","ping_status":"closed","template":"","meta":{"inline_featured_image":false,"footnotes":""},"class_list":["post-2332","page","type-page","status-publish","hentry"],"yoast_head":"<!-- This site is optimized with the Yoast SEO plugin v27.3 - https:\/\/yoast.com\/product\/yoast-seo-wordpress\/ -->\n<title>Ichimoku switch - FXWare<\/title>\n<meta name=\"robots\" content=\"index, follow, max-snippet:-1, max-image-preview:large, max-video-preview:-1\" \/>\n<link rel=\"canonical\" href=\"https:\/\/new.fxware.pl\/pl\/ichimoku-switch\/\" \/>\n<meta property=\"og:locale\" content=\"pl_PL\" \/>\n<meta property=\"og:type\" content=\"article\" \/>\n<meta property=\"og:title\" content=\"Ichimoku switch - FXWare\" \/>\n<meta property=\"og:description\" content=\"Wska\u017anik Ichimoku Switch dla MT4. Wska\u017anik pozwala 1 przyciskiem pokazywa\u0107 i ukrywa\u0107 wska\u017anik Ichimoku. W paczce jest dodatkowo szablon ichimokukolorowy-fxw, kt\u00f3ry jest zgodny z ustawieniami Grzegorza Moskwy. FXWare-Ichimoku-switch-2 Pytania o wska\u017anik mo\u017cna zadawa\u0107 w w\u0105tkach na grupie ForexCity na FB. Dla darmowych wska\u017anik\u00f3w nie \u015bwiadczymy wsparcia przez mail lub w wiadomo\u015bciach na FB. Dzi\u0119kujemy.\u00a0 Je\u015bli [&hellip;]\" \/>\n<meta property=\"og:url\" content=\"https:\/\/new.fxware.pl\/pl\/ichimoku-switch\/\" \/>\n<meta property=\"og:site_name\" content=\"FXWare\" \/>\n<meta property=\"article:publisher\" content=\"https:\/\/facebook.com\/fxwarepl\/\" \/>\n<meta property=\"article:modified_time\" content=\"2023-10-07T00:38:59+00:00\" \/>\n<meta property=\"og:image\" content=\"https:\/\/new.fxware.pl\/wp-content\/uploads\/2019\/07\/ichiSwitch_2-300x157.png\" \/>\n<meta name=\"twitter:card\" content=\"summary_large_image\" \/>\n<script type=\"application\/ld+json\" class=\"yoast-schema-graph\">{\"@context\":\"https:\\\/\\\/schema.org\",\"@graph\":[{\"@type\":\"WebPage\",\"@id\":\"https:\\\/\\\/new.fxware.pl\\\/pl\\\/ichimoku-switch\\\/\",\"url\":\"https:\\\/\\\/new.fxware.pl\\\/pl\\\/ichimoku-switch\\\/\",\"name\":\"Ichimoku switch - FXWare\",\"isPartOf\":{\"@id\":\"https:\\\/\\\/new.fxware.pl\\\/en\\\/#website\"},\"primaryImageOfPage\":{\"@id\":\"https:\\\/\\\/new.fxware.pl\\\/pl\\\/ichimoku-switch\\\/#primaryimage\"},\"image\":{\"@id\":\"https:\\\/\\\/new.fxware.pl\\\/pl\\\/ichimoku-switch\\\/#primaryimage\"},\"thumbnailUrl\":\"https:\\\/\\\/new.fxware.pl\\\/wp-content\\\/uploads\\\/2019\\\/07\\\/ichiSwitch_2-300x157.png\",\"datePublished\":\"2019-06-10T16:54:45+00:00\",\"dateModified\":\"2023-10-07T00:38:59+00:00\",\"breadcrumb\":{\"@id\":\"https:\\\/\\\/new.fxware.pl\\\/pl\\\/ichimoku-switch\\\/#breadcrumb\"},\"inLanguage\":\"pl-PL\",\"potentialAction\":[{\"@type\":\"ReadAction\",\"target\":[\"https:\\\/\\\/new.fxware.pl\\\/pl\\\/ichimoku-switch\\\/\"]}]},{\"@type\":\"ImageObject\",\"inLanguage\":\"pl-PL\",\"@id\":\"https:\\\/\\\/new.fxware.pl\\\/pl\\\/ichimoku-switch\\\/#primaryimage\",\"url\":\"https:\\\/\\\/new.fxware.pl\\\/wp-content\\\/uploads\\\/2019\\\/07\\\/ichiSwitch_2-300x157.png\",\"contentUrl\":\"https:\\\/\\\/new.fxware.pl\\\/wp-content\\\/uploads\\\/2019\\\/07\\\/ichiSwitch_2-300x157.png\"},{\"@type\":\"BreadcrumbList\",\"@id\":\"https:\\\/\\\/new.fxware.pl\\\/pl\\\/ichimoku-switch\\\/#breadcrumb\",\"itemListElement\":[{\"@type\":\"ListItem\",\"position\":1,\"name\":\"Strona g\u0142\u00f3wna\",\"item\":\"https:\\\/\\\/new.fxware.pl\\\/\"},{\"@type\":\"ListItem\",\"position\":2,\"name\":\"Ichimoku switch\"}]},{\"@type\":\"WebSite\",\"@id\":\"https:\\\/\\\/new.fxware.pl\\\/en\\\/#website\",\"url\":\"https:\\\/\\\/new.fxware.pl\\\/en\\\/\",\"name\":\"FXWare\",\"description\":\"Rozwi\u0105zania dla Trader\u00f3w\",\"publisher\":{\"@id\":\"https:\\\/\\\/new.fxware.pl\\\/en\\\/#organization\"},\"potentialAction\":[{\"@type\":\"SearchAction\",\"target\":{\"@type\":\"EntryPoint\",\"urlTemplate\":\"https:\\\/\\\/new.fxware.pl\\\/en\\\/?s={search_term_string}\"},\"query-input\":{\"@type\":\"PropertyValueSpecification\",\"valueRequired\":true,\"valueName\":\"search_term_string\"}}],\"inLanguage\":\"pl-PL\"},{\"@type\":\"Organization\",\"@id\":\"https:\\\/\\\/new.fxware.pl\\\/en\\\/#organization\",\"name\":\"FXWare - Rozwi\u0105zania Dla Inwestor\u00f3w\",\"url\":\"https:\\\/\\\/new.fxware.pl\\\/en\\\/\",\"logo\":{\"@type\":\"ImageObject\",\"inLanguage\":\"pl-PL\",\"@id\":\"https:\\\/\\\/new.fxware.pl\\\/en\\\/#\\\/schema\\\/logo\\\/image\\\/\",\"url\":\"https:\\\/\\\/new.fxware.pl\\\/wp-content\\\/uploads\\\/2019\\\/07\\\/logo-ciemne-6-kwadrat-1024x1024.png\",\"contentUrl\":\"https:\\\/\\\/new.fxware.pl\\\/wp-content\\\/uploads\\\/2019\\\/07\\\/logo-ciemne-6-kwadrat-1024x1024.png\",\"width\":1024,\"height\":1024,\"caption\":\"FXWare - Rozwi\u0105zania Dla Inwestor\u00f3w\"},\"image\":{\"@id\":\"https:\\\/\\\/new.fxware.pl\\\/en\\\/#\\\/schema\\\/logo\\\/image\\\/\"},\"sameAs\":[\"https:\\\/\\\/facebook.com\\\/fxwarepl\\\/\",\"https:\\\/\\\/www.youtube.com\\\/channel\\\/UC8dWK9a2okrHo4Lu3x2H8pA\",\"https:\\\/\\\/instagram.com\\\/fxwarepl\"]}]}<\/script>\n<!-- \/ Yoast SEO plugin. -->","yoast_head_json":{"title":"Ichimoku switch - FXWare","robots":{"index":"index","follow":"follow","max-snippet":"max-snippet:-1","max-image-preview":"max-image-preview:large","max-video-preview":"max-video-preview:-1"},"canonical":"https:\/\/new.fxware.pl\/pl\/ichimoku-switch\/","og_locale":"pl_PL","og_type":"article","og_title":"Ichimoku switch - FXWare","og_description":"Wska\u017anik Ichimoku Switch dla MT4. Wska\u017anik pozwala 1 przyciskiem pokazywa\u0107 i ukrywa\u0107 wska\u017anik Ichimoku. W paczce jest dodatkowo szablon ichimokukolorowy-fxw, kt\u00f3ry jest zgodny z ustawieniami Grzegorza Moskwy. FXWare-Ichimoku-switch-2 Pytania o wska\u017anik mo\u017cna zadawa\u0107 w w\u0105tkach na grupie ForexCity na FB. Dla darmowych wska\u017anik\u00f3w nie \u015bwiadczymy wsparcia przez mail lub w wiadomo\u015bciach na FB. Dzi\u0119kujemy.\u00a0 Je\u015bli [&hellip;]","og_url":"https:\/\/new.fxware.pl\/pl\/ichimoku-switch\/","og_site_name":"FXWare","article_publisher":"https:\/\/facebook.com\/fxwarepl\/","article_modified_time":"2023-10-07T00:38:59+00:00","og_image":[{"url":"https:\/\/new.fxware.pl\/wp-content\/uploads\/2019\/07\/ichiSwitch_2-300x157.png","type":"","width":"","height":""}],"twitter_card":"summary_large_image","schema":{"@context":"https:\/\/schema.org","@graph":[{"@type":"WebPage","@id":"https:\/\/new.fxware.pl\/pl\/ichimoku-switch\/","url":"https:\/\/new.fxware.pl\/pl\/ichimoku-switch\/","name":"Ichimoku switch - FXWare","isPartOf":{"@id":"https:\/\/new.fxware.pl\/en\/#website"},"primaryImageOfPage":{"@id":"https:\/\/new.fxware.pl\/pl\/ichimoku-switch\/#primaryimage"},"image":{"@id":"https:\/\/new.fxware.pl\/pl\/ichimoku-switch\/#primaryimage"},"thumbnailUrl":"https:\/\/new.fxware.pl\/wp-content\/uploads\/2019\/07\/ichiSwitch_2-300x157.png","datePublished":"2019-06-10T16:54:45+00:00","dateModified":"2023-10-07T00:38:59+00:00","breadcrumb":{"@id":"https:\/\/new.fxware.pl\/pl\/ichimoku-switch\/#breadcrumb"},"inLanguage":"pl-PL","potentialAction":[{"@type":"ReadAction","target":["https:\/\/new.fxware.pl\/pl\/ichimoku-switch\/"]}]},{"@type":"ImageObject","inLanguage":"pl-PL","@id":"https:\/\/new.fxware.pl\/pl\/ichimoku-switch\/#primaryimage","url":"https:\/\/new.fxware.pl\/wp-content\/uploads\/2019\/07\/ichiSwitch_2-300x157.png","contentUrl":"https:\/\/new.fxware.pl\/wp-content\/uploads\/2019\/07\/ichiSwitch_2-300x157.png"},{"@type":"BreadcrumbList","@id":"https:\/\/new.fxware.pl\/pl\/ichimoku-switch\/#breadcrumb","itemListElement":[{"@type":"ListItem","position":1,"name":"Strona g\u0142\u00f3wna","item":"https:\/\/new.fxware.pl\/"},{"@type":"ListItem","position":2,"name":"Ichimoku switch"}]},{"@type":"WebSite","@id":"https:\/\/new.fxware.pl\/en\/#website","url":"https:\/\/new.fxware.pl\/en\/","name":"FXWare","description":"Rozwi\u0105zania dla Trader\u00f3w","publisher":{"@id":"https:\/\/new.fxware.pl\/en\/#organization"},"potentialAction":[{"@type":"SearchAction","target":{"@type":"EntryPoint","urlTemplate":"https:\/\/new.fxware.pl\/en\/?s={search_term_string}"},"query-input":{"@type":"PropertyValueSpecification","valueRequired":true,"valueName":"search_term_string"}}],"inLanguage":"pl-PL"},{"@type":"Organization","@id":"https:\/\/new.fxware.pl\/en\/#organization","name":"FXWare - Rozwi\u0105zania Dla Inwestor\u00f3w","url":"https:\/\/new.fxware.pl\/en\/","logo":{"@type":"ImageObject","inLanguage":"pl-PL","@id":"https:\/\/new.fxware.pl\/en\/#\/schema\/logo\/image\/","url":"https:\/\/new.fxware.pl\/wp-content\/uploads\/2019\/07\/logo-ciemne-6-kwadrat-1024x1024.png","contentUrl":"https:\/\/new.fxware.pl\/wp-content\/uploads\/2019\/07\/logo-ciemne-6-kwadrat-1024x1024.png","width":1024,"height":1024,"caption":"FXWare - Rozwi\u0105zania Dla Inwestor\u00f3w"},"image":{"@id":"https:\/\/new.fxware.pl\/en\/#\/schema\/logo\/image\/"},"sameAs":["https:\/\/facebook.com\/fxwarepl\/","https:\/\/www.youtube.com\/channel\/UC8dWK9a2okrHo4Lu3x2H8pA","https:\/\/instagram.com\/fxwarepl"]}]}},"_links":{"self":[{"href":"https:\/\/new.fxware.pl\/pl\/wp-json\/wp\/v2\/pages\/2332","targetHints":{"allow":["GET"]}}],"collection":[{"href":"https:\/\/new.fxware.pl\/pl\/wp-json\/wp\/v2\/pages"}],"about":[{"href":"https:\/\/new.fxware.pl\/pl\/wp-json\/wp\/v2\/types\/page"}],"author":[{"embeddable":true,"href":"https:\/\/new.fxware.pl\/pl\/wp-json\/wp\/v2\/users\/3"}],"replies":[{"embeddable":true,"href":"https:\/\/new.fxware.pl\/pl\/wp-json\/wp\/v2\/comments?post=2332"}],"version-history":[{"count":0,"href":"https:\/\/new.fxware.pl\/pl\/wp-json\/wp\/v2\/pages\/2332\/revisions"}],"wp:attachment":[{"href":"https:\/\/new.fxware.pl\/pl\/wp-json\/wp\/v2\/media?parent=2332"}],"curies":[{"name":"wp","href":"https:\/\/api.w.org\/{rel}","templated":true}]}}