{"id":154,"date":"2018-09-15T12:28:09","date_gmt":"2018-09-15T10:28:09","guid":{"rendered":"https:\/\/new.fxware.pl\/?page_id=154"},"modified":"2019-06-24T00:05:13","modified_gmt":"2019-06-23T22:05:13","slug":"sd-zoner","status":"publish","type":"page","link":"https:\/\/new.fxware.pl\/pl\/sd-zoner\/","title":{"rendered":"SD Zoner 4"},"content":{"rendered":"<p><img decoding=\"async\" class=\"size-full wp-image-2881 aligncenter\" src=\"https:\/\/new.fxware.pl\/wp-content\/uploads\/2019\/06\/SD_Zoner_4.2_Panel.png\" alt=\"\" width=\"240\" height=\"44\" \/><\/p>\n<p style=\"text-align: left;\"><span style=\"color: #800080; font-size: 14pt;\"><strong><span style=\"color: #800000; font-size: 18pt;\">WIZARD<\/span><br \/>\n<\/strong><\/span>automatycznie wykrywa i rysuje strefy<\/p>\n<p style=\"text-align: center;\"><span style=\"color: #333399; font-size: 14pt;\"><strong><span style=\"font-size: 18pt;\">ALERTY<\/span><br \/>\n<\/strong><\/span>w terminalu i na kom\u00f3rk\u0119 po dotarciu ceny do strefy<\/p>\n<p style=\"text-align: right;\"><span style=\"color: #0000ff; font-size: 14pt;\"><strong><span style=\"color: #800080; font-size: 18pt;\">SZYBKI TRADING<\/span><br \/>\n<\/strong><\/span>b\u0142yskawiczne zlecenia z FX Harvest PRO<\/p>\n<p style=\"text-align: justify;\">Je\u015bli szukasz prostej i uporz\u0105dkowanej strategii, kt\u00f3ra daje przewag\u0119 na forex to dobrze trafi\u0142e\u015b. Nasz wska\u017anik SD Zoner 4 wyznacza strefy popytu i poda\u017cy (SD) i zaoszcz\u0119dzi ci du\u017co czasu po\u015bwi\u0119canego na rysowanie stref na r\u00f3\u017cnych instrumentach i interwa\u0142ach. Uwolni Ci\u0119 te\u017c od ci\u0105g\u0142ego czekania przy monitorze pozwalaj\u0105c ustawi\u0107 osobny alert cenowy dla ka\u017cdej wybranej strefy. Wska\u017anik oferujemy w wersji na MT4 oraz na MT5.<\/p>\n<p style=\"text-align: justify;\">W wersji 4.1 dodali\u015bmy Wizarda do rysowania automatycznego rysowania stref &#8211; szybka analiza wa\u017cnych poziom\u00f3w na r\u00f3\u017cnych TF jeszcze nigdy nie by\u0142a tak prosta jak teraz! W wersji 4.2 Wizard zosta\u0142 rozbudowany o mo\u017cliwo\u015b\u0107 wyznaczania stref na wielu TFach na raz. U\u017cyj wizarda i wyznacz strefy, ustaw zlecenia oczekuj\u0105ce i po\u015bwi\u0119\u0107 czas na inne rzeczy zamiast traci\u0107 go przed monitorem. A w wersji 4.3 do\u0142o\u017cyli\u015bmy szybkie zlecenia z FX Harvest PRO.<\/p>\n<h3 style=\"text-align: center;\">Koniecznie zobacz filmy jak dzia\u0142a Wizard i jak mo\u017cna w prosty spos\u00f3b zagrywa\u0107 strefy SD!<br \/>\nW drugim filmie prezentacja szybkich zlece\u0144 z zastosowaniem duetu SD Zoner i FX Harvest PRO!<\/h3>\n<p>&nbsp;<\/p>\n<div class=\"su-youtube su-u-responsive-media-yes\"><iframe width=\"600\" height=\"400\" src=\"https:\/\/www.youtube.com\/embed\/MlHZYfqvk5o?autohide=2&amp;autoplay=0&amp;mute=0&amp;controls=1&amp;fs=1&amp;loop=0&amp;modestbranding=0&amp;rel=1&amp;showinfo=1&amp;theme=dark&amp;wmode=&amp;playsinline=0\" frameborder=\"0\" allowfullscreen allow=\"autoplay; encrypted-media; picture-in-picture\" title=\"\"><\/iframe><\/div>\n<div class=\"su-youtube su-u-responsive-media-yes\"><iframe width=\"600\" height=\"400\" src=\"https:\/\/www.youtube.com\/embed\/ID6cVkek-yQ?autohide=2&amp;autoplay=0&amp;mute=0&amp;controls=1&amp;fs=1&amp;loop=0&amp;modestbranding=0&amp;rel=1&amp;showinfo=1&amp;theme=dark&amp;wmode=&amp;playsinline=0\" frameborder=\"0\" allowfullscreen allow=\"autoplay; encrypted-media; picture-in-picture\" title=\"\"><\/iframe><\/div>\n","protected":false},"excerpt":{"rendered":"<p>WIZARD automatycznie wykrywa i rysuje strefy ALERTY w terminalu i na kom\u00f3rk\u0119 po dotarciu ceny do strefy SZYBKI TRADING b\u0142yskawiczne zlecenia z FX Harvest PRO Je\u015bli szukasz prostej i uporz\u0105dkowanej strategii, kt\u00f3ra daje przewag\u0119 na forex to dobrze trafi\u0142e\u015b. Nasz wska\u017anik SD Zoner 4 wyznacza strefy popytu i poda\u017cy (SD) i zaoszcz\u0119dzi ci du\u017co czasu [&hellip;]<\/p>\n","protected":false},"author":3,"featured_media":0,"parent":0,"menu_order":0,"comment_status":"closed","ping_status":"closed","template":"","meta":{"inline_featured_image":false,"footnotes":""},"class_list":["post-154","page","type-page","status-publish","hentry"],"yoast_head":"<!-- This site is optimized with the Yoast SEO plugin v27.3 - https:\/\/yoast.com\/product\/yoast-seo-wordpress\/ -->\n<title>SD Zoner 4 - FXWare<\/title>\n<meta name=\"robots\" content=\"index, follow, max-snippet:-1, max-image-preview:large, max-video-preview:-1\" \/>\n<link rel=\"canonical\" href=\"https:\/\/new.fxware.pl\/pl\/sd-zoner\/\" \/>\n<meta property=\"og:locale\" content=\"pl_PL\" \/>\n<meta property=\"og:type\" content=\"article\" \/>\n<meta property=\"og:title\" content=\"SD Zoner 4 - FXWare\" \/>\n<meta property=\"og:description\" content=\"WIZARD automatycznie wykrywa i rysuje strefy ALERTY w terminalu i na kom\u00f3rk\u0119 po dotarciu ceny do strefy SZYBKI TRADING b\u0142yskawiczne zlecenia z FX Harvest PRO Je\u015bli szukasz prostej i uporz\u0105dkowanej strategii, kt\u00f3ra daje przewag\u0119 na forex to dobrze trafi\u0142e\u015b. Nasz wska\u017anik SD Zoner 4 wyznacza strefy popytu i poda\u017cy (SD) i zaoszcz\u0119dzi ci du\u017co czasu [&hellip;]\" \/>\n<meta property=\"og:url\" content=\"https:\/\/new.fxware.pl\/pl\/sd-zoner\/\" \/>\n<meta property=\"og:site_name\" content=\"FXWare\" \/>\n<meta property=\"article:publisher\" content=\"https:\/\/facebook.com\/fxwarepl\/\" \/>\n<meta property=\"article:modified_time\" content=\"2019-06-23T22:05:13+00:00\" \/>\n<meta property=\"og:image\" content=\"https:\/\/new.fxware.pl\/wp-content\/uploads\/2019\/06\/SD_Zoner_4.2_Panel.png\" \/>\n<meta name=\"twitter:card\" content=\"summary_large_image\" \/>\n<script type=\"application\/ld+json\" class=\"yoast-schema-graph\">{\"@context\":\"https:\\\/\\\/schema.org\",\"@graph\":[{\"@type\":\"WebPage\",\"@id\":\"https:\\\/\\\/new.fxware.pl\\\/en\\\/sd-zoner\\\/\",\"url\":\"https:\\\/\\\/new.fxware.pl\\\/en\\\/sd-zoner\\\/\",\"name\":\"SD Zoner 4 - FXWare\",\"isPartOf\":{\"@id\":\"https:\\\/\\\/new.fxware.pl\\\/en\\\/#website\"},\"primaryImageOfPage\":{\"@id\":\"https:\\\/\\\/new.fxware.pl\\\/en\\\/sd-zoner\\\/#primaryimage\"},\"image\":{\"@id\":\"https:\\\/\\\/new.fxware.pl\\\/en\\\/sd-zoner\\\/#primaryimage\"},\"thumbnailUrl\":\"https:\\\/\\\/new.fxware.pl\\\/wp-content\\\/uploads\\\/2019\\\/06\\\/SD_Zoner_4.2_Panel.png\",\"datePublished\":\"2018-09-15T10:28:09+00:00\",\"dateModified\":\"2019-06-23T22:05:13+00:00\",\"breadcrumb\":{\"@id\":\"https:\\\/\\\/new.fxware.pl\\\/en\\\/sd-zoner\\\/#breadcrumb\"},\"inLanguage\":\"pl-PL\",\"potentialAction\":[{\"@type\":\"ReadAction\",\"target\":[\"https:\\\/\\\/new.fxware.pl\\\/en\\\/sd-zoner\\\/\"]}]},{\"@type\":\"ImageObject\",\"inLanguage\":\"pl-PL\",\"@id\":\"https:\\\/\\\/new.fxware.pl\\\/en\\\/sd-zoner\\\/#primaryimage\",\"url\":\"https:\\\/\\\/new.fxware.pl\\\/wp-content\\\/uploads\\\/2019\\\/06\\\/SD_Zoner_4.2_Panel.png\",\"contentUrl\":\"https:\\\/\\\/new.fxware.pl\\\/wp-content\\\/uploads\\\/2019\\\/06\\\/SD_Zoner_4.2_Panel.png\"},{\"@type\":\"BreadcrumbList\",\"@id\":\"https:\\\/\\\/new.fxware.pl\\\/en\\\/sd-zoner\\\/#breadcrumb\",\"itemListElement\":[{\"@type\":\"ListItem\",\"position\":1,\"name\":\"Strona g\u0142\u00f3wna\",\"item\":\"https:\\\/\\\/new.fxware.pl\\\/\"},{\"@type\":\"ListItem\",\"position\":2,\"name\":\"SD Zoner 4\"}]},{\"@type\":\"WebSite\",\"@id\":\"https:\\\/\\\/new.fxware.pl\\\/en\\\/#website\",\"url\":\"https:\\\/\\\/new.fxware.pl\\\/en\\\/\",\"name\":\"FXWare\",\"description\":\"Rozwi\u0105zania dla Trader\u00f3w\",\"publisher\":{\"@id\":\"https:\\\/\\\/new.fxware.pl\\\/en\\\/#organization\"},\"potentialAction\":[{\"@type\":\"SearchAction\",\"target\":{\"@type\":\"EntryPoint\",\"urlTemplate\":\"https:\\\/\\\/new.fxware.pl\\\/en\\\/?s={search_term_string}\"},\"query-input\":{\"@type\":\"PropertyValueSpecification\",\"valueRequired\":true,\"valueName\":\"search_term_string\"}}],\"inLanguage\":\"pl-PL\"},{\"@type\":\"Organization\",\"@id\":\"https:\\\/\\\/new.fxware.pl\\\/en\\\/#organization\",\"name\":\"FXWare - Rozwi\u0105zania Dla Inwestor\u00f3w\",\"url\":\"https:\\\/\\\/new.fxware.pl\\\/en\\\/\",\"logo\":{\"@type\":\"ImageObject\",\"inLanguage\":\"pl-PL\",\"@id\":\"https:\\\/\\\/new.fxware.pl\\\/en\\\/#\\\/schema\\\/logo\\\/image\\\/\",\"url\":\"https:\\\/\\\/new.fxware.pl\\\/wp-content\\\/uploads\\\/2019\\\/07\\\/logo-ciemne-6-kwadrat-1024x1024.png\",\"contentUrl\":\"https:\\\/\\\/new.fxware.pl\\\/wp-content\\\/uploads\\\/2019\\\/07\\\/logo-ciemne-6-kwadrat-1024x1024.png\",\"width\":1024,\"height\":1024,\"caption\":\"FXWare - Rozwi\u0105zania Dla Inwestor\u00f3w\"},\"image\":{\"@id\":\"https:\\\/\\\/new.fxware.pl\\\/en\\\/#\\\/schema\\\/logo\\\/image\\\/\"},\"sameAs\":[\"https:\\\/\\\/facebook.com\\\/fxwarepl\\\/\",\"https:\\\/\\\/www.youtube.com\\\/channel\\\/UC8dWK9a2okrHo4Lu3x2H8pA\",\"https:\\\/\\\/instagram.com\\\/fxwarepl\"]}]}<\/script>\n<!-- \/ Yoast SEO plugin. -->","yoast_head_json":{"title":"SD Zoner 4 - FXWare","robots":{"index":"index","follow":"follow","max-snippet":"max-snippet:-1","max-image-preview":"max-image-preview:large","max-video-preview":"max-video-preview:-1"},"canonical":"https:\/\/new.fxware.pl\/pl\/sd-zoner\/","og_locale":"pl_PL","og_type":"article","og_title":"SD Zoner 4 - FXWare","og_description":"WIZARD automatycznie wykrywa i rysuje strefy ALERTY w terminalu i na kom\u00f3rk\u0119 po dotarciu ceny do strefy SZYBKI TRADING b\u0142yskawiczne zlecenia z FX Harvest PRO Je\u015bli szukasz prostej i uporz\u0105dkowanej strategii, kt\u00f3ra daje przewag\u0119 na forex to dobrze trafi\u0142e\u015b. Nasz wska\u017anik SD Zoner 4 wyznacza strefy popytu i poda\u017cy (SD) i zaoszcz\u0119dzi ci du\u017co czasu [&hellip;]","og_url":"https:\/\/new.fxware.pl\/pl\/sd-zoner\/","og_site_name":"FXWare","article_publisher":"https:\/\/facebook.com\/fxwarepl\/","article_modified_time":"2019-06-23T22:05:13+00:00","og_image":[{"url":"https:\/\/new.fxware.pl\/wp-content\/uploads\/2019\/06\/SD_Zoner_4.2_Panel.png","type":"","width":"","height":""}],"twitter_card":"summary_large_image","schema":{"@context":"https:\/\/schema.org","@graph":[{"@type":"WebPage","@id":"https:\/\/new.fxware.pl\/en\/sd-zoner\/","url":"https:\/\/new.fxware.pl\/en\/sd-zoner\/","name":"SD Zoner 4 - FXWare","isPartOf":{"@id":"https:\/\/new.fxware.pl\/en\/#website"},"primaryImageOfPage":{"@id":"https:\/\/new.fxware.pl\/en\/sd-zoner\/#primaryimage"},"image":{"@id":"https:\/\/new.fxware.pl\/en\/sd-zoner\/#primaryimage"},"thumbnailUrl":"https:\/\/new.fxware.pl\/wp-content\/uploads\/2019\/06\/SD_Zoner_4.2_Panel.png","datePublished":"2018-09-15T10:28:09+00:00","dateModified":"2019-06-23T22:05:13+00:00","breadcrumb":{"@id":"https:\/\/new.fxware.pl\/en\/sd-zoner\/#breadcrumb"},"inLanguage":"pl-PL","potentialAction":[{"@type":"ReadAction","target":["https:\/\/new.fxware.pl\/en\/sd-zoner\/"]}]},{"@type":"ImageObject","inLanguage":"pl-PL","@id":"https:\/\/new.fxware.pl\/en\/sd-zoner\/#primaryimage","url":"https:\/\/new.fxware.pl\/wp-content\/uploads\/2019\/06\/SD_Zoner_4.2_Panel.png","contentUrl":"https:\/\/new.fxware.pl\/wp-content\/uploads\/2019\/06\/SD_Zoner_4.2_Panel.png"},{"@type":"BreadcrumbList","@id":"https:\/\/new.fxware.pl\/en\/sd-zoner\/#breadcrumb","itemListElement":[{"@type":"ListItem","position":1,"name":"Strona g\u0142\u00f3wna","item":"https:\/\/new.fxware.pl\/"},{"@type":"ListItem","position":2,"name":"SD Zoner 4"}]},{"@type":"WebSite","@id":"https:\/\/new.fxware.pl\/en\/#website","url":"https:\/\/new.fxware.pl\/en\/","name":"FXWare","description":"Rozwi\u0105zania dla Trader\u00f3w","publisher":{"@id":"https:\/\/new.fxware.pl\/en\/#organization"},"potentialAction":[{"@type":"SearchAction","target":{"@type":"EntryPoint","urlTemplate":"https:\/\/new.fxware.pl\/en\/?s={search_term_string}"},"query-input":{"@type":"PropertyValueSpecification","valueRequired":true,"valueName":"search_term_string"}}],"inLanguage":"pl-PL"},{"@type":"Organization","@id":"https:\/\/new.fxware.pl\/en\/#organization","name":"FXWare - Rozwi\u0105zania Dla Inwestor\u00f3w","url":"https:\/\/new.fxware.pl\/en\/","logo":{"@type":"ImageObject","inLanguage":"pl-PL","@id":"https:\/\/new.fxware.pl\/en\/#\/schema\/logo\/image\/","url":"https:\/\/new.fxware.pl\/wp-content\/uploads\/2019\/07\/logo-ciemne-6-kwadrat-1024x1024.png","contentUrl":"https:\/\/new.fxware.pl\/wp-content\/uploads\/2019\/07\/logo-ciemne-6-kwadrat-1024x1024.png","width":1024,"height":1024,"caption":"FXWare - Rozwi\u0105zania Dla Inwestor\u00f3w"},"image":{"@id":"https:\/\/new.fxware.pl\/en\/#\/schema\/logo\/image\/"},"sameAs":["https:\/\/facebook.com\/fxwarepl\/","https:\/\/www.youtube.com\/channel\/UC8dWK9a2okrHo4Lu3x2H8pA","https:\/\/instagram.com\/fxwarepl"]}]}},"_links":{"self":[{"href":"https:\/\/new.fxware.pl\/pl\/wp-json\/wp\/v2\/pages\/154","targetHints":{"allow":["GET"]}}],"collection":[{"href":"https:\/\/new.fxware.pl\/pl\/wp-json\/wp\/v2\/pages"}],"about":[{"href":"https:\/\/new.fxware.pl\/pl\/wp-json\/wp\/v2\/types\/page"}],"author":[{"embeddable":true,"href":"https:\/\/new.fxware.pl\/pl\/wp-json\/wp\/v2\/users\/3"}],"replies":[{"embeddable":true,"href":"https:\/\/new.fxware.pl\/pl\/wp-json\/wp\/v2\/comments?post=154"}],"version-history":[{"count":0,"href":"https:\/\/new.fxware.pl\/pl\/wp-json\/wp\/v2\/pages\/154\/revisions"}],"wp:attachment":[{"href":"https:\/\/new.fxware.pl\/pl\/wp-json\/wp\/v2\/media?parent=154"}],"curies":[{"name":"wp","href":"https:\/\/api.w.org\/{rel}","templated":true}]}}