{"id":892,"date":"2019-05-23T19:20:02","date_gmt":"2019-05-23T17:20:02","guid":{"rendered":"https:\/\/new.fxware.pl\/produkt\/replicator-copy\/"},"modified":"2024-01-19T21:39:29","modified_gmt":"2024-01-19T20:39:29","slug":"replicator-upgrade","status":"publish","type":"product","link":"https:\/\/new.fxware.pl\/en\/produkt\/replicator-upgrade\/","title":{"rendered":"Replicator upgrade"},"content":{"rendered":"<p>Indicator for copying objects between charts<\/p>\n<ul>\n<li>easy to install and use<\/li>\n<li>copies 7 types of objects<\/li>\n<li>supports all TFs in any combination<\/li>\n<\/ul>","protected":false},"excerpt":{"rendered":"<p>Indicator for automatic copying of objects between charts.<\/p>\n<p>This upgrade is for owners of an older version or a single platform or account version. Its purchase extends the licence to the latest version in your name and for both MT4 + MT5 platforms simultaneously.<\/p>\n<p>Product description:\u00a0<a href=\"https:\/\/new.fxware.pl\/en\/replicator-2\/\">FXWare Replicator<\/a><\/p>\n<p>Enter the details of your current licence and see possible upgrade options.<\/p>","protected":false},"featured_media":1093,"template":"","meta":{"inline_featured_image":false},"product_brand":[],"product_cat":[43],"product_tag":[23,24,36,22],"class_list":{"0":"post-892","1":"product","2":"type-product","3":"status-publish","4":"has-post-thumbnail","6":"product_cat-aktualizacje-i-dodatki","7":"product_tag-mt4","8":"product_tag-mt5","9":"product_tag-upgrade","10":"product_tag-wskaznik","11":"wcpa_has_options","13":"first","14":"instock","15":"virtual","16":"sold-individually","17":"taxable","18":"purchasable","19":"product-type-simple"},"yoast_head":"<!-- This site is optimized with the Yoast SEO plugin v27.3 - https:\/\/yoast.com\/product\/yoast-seo-wordpress\/ -->\n<title>Replicator upgrade - FXWare<\/title>\n<meta name=\"robots\" content=\"index, follow, max-snippet:-1, max-image-preview:large, max-video-preview:-1\" \/>\n<link rel=\"canonical\" href=\"https:\/\/new.fxware.pl\/en\/produkt\/replicator-upgrade\/\" \/>\n<meta property=\"og:locale\" content=\"en_GB\" \/>\n<meta property=\"og:type\" content=\"article\" \/>\n<meta property=\"og:title\" content=\"Replicator upgrade - FXWare\" \/>\n<meta property=\"og:description\" content=\"Wska\u017anik do automatycznego kopiowania obiekt\u00f3w pomi\u0119dzy wykresami.  Ta aktualizacja jest dla posiadaczy starszej wersji lub wersji na jedn\u0105 platform\u0119 lub na rachunek. Jej wykupienie rozszerza licencj\u0119 do najnowszej wersji na nazwisko i na obie platformy MT4 + MT5 jednocze\u015bnie.  Opis produktu:\u00a0FXWare Replicator  Podaj dane swojej obecnej licencji i zobacz mo\u017cliwe opcje aktualizacji.\" \/>\n<meta property=\"og:url\" content=\"https:\/\/new.fxware.pl\/en\/produkt\/replicator-upgrade\/\" \/>\n<meta property=\"og:site_name\" content=\"FXWare\" \/>\n<meta property=\"article:publisher\" content=\"https:\/\/facebook.com\/fxwarepl\/\" \/>\n<meta property=\"article:modified_time\" content=\"2024-01-19T20:39:29+00:00\" \/>\n<meta property=\"og:image\" content=\"https:\/\/new.fxware.pl\/wp-content\/uploads\/2019\/05\/Artboard-8-product.png\" \/>\n\t<meta property=\"og:image:width\" content=\"648\" \/>\n\t<meta property=\"og:image:height\" content=\"648\" \/>\n\t<meta property=\"og:image:type\" content=\"image\/png\" \/>\n<meta name=\"twitter:card\" content=\"summary_large_image\" \/>\n<script type=\"application\/ld+json\" class=\"yoast-schema-graph\">{\"@context\":\"https:\\\/\\\/schema.org\",\"@graph\":[{\"@type\":\"WebPage\",\"@id\":\"https:\\\/\\\/new.fxware.pl\\\/pl\\\/produkt\\\/replicator-upgrade\\\/\",\"url\":\"https:\\\/\\\/new.fxware.pl\\\/pl\\\/produkt\\\/replicator-upgrade\\\/\",\"name\":\"Replicator upgrade - FXWare\",\"isPartOf\":{\"@id\":\"https:\\\/\\\/new.fxware.pl\\\/en\\\/#website\"},\"primaryImageOfPage\":{\"@id\":\"https:\\\/\\\/new.fxware.pl\\\/pl\\\/produkt\\\/replicator-upgrade\\\/#primaryimage\"},\"image\":{\"@id\":\"https:\\\/\\\/new.fxware.pl\\\/pl\\\/produkt\\\/replicator-upgrade\\\/#primaryimage\"},\"thumbnailUrl\":\"https:\\\/\\\/new.fxware.pl\\\/wp-content\\\/uploads\\\/2019\\\/05\\\/Artboard-8-product.png\",\"datePublished\":\"2019-05-23T17:20:02+00:00\",\"dateModified\":\"2024-01-19T20:39:29+00:00\",\"breadcrumb\":{\"@id\":\"https:\\\/\\\/new.fxware.pl\\\/pl\\\/produkt\\\/replicator-upgrade\\\/#breadcrumb\"},\"inLanguage\":\"en-GB\",\"potentialAction\":[{\"@type\":\"ReadAction\",\"target\":[\"https:\\\/\\\/new.fxware.pl\\\/pl\\\/produkt\\\/replicator-upgrade\\\/\"]}]},{\"@type\":\"ImageObject\",\"inLanguage\":\"en-GB\",\"@id\":\"https:\\\/\\\/new.fxware.pl\\\/pl\\\/produkt\\\/replicator-upgrade\\\/#primaryimage\",\"url\":\"https:\\\/\\\/new.fxware.pl\\\/wp-content\\\/uploads\\\/2019\\\/05\\\/Artboard-8-product.png\",\"contentUrl\":\"https:\\\/\\\/new.fxware.pl\\\/wp-content\\\/uploads\\\/2019\\\/05\\\/Artboard-8-product.png\",\"width\":648,\"height\":648},{\"@type\":\"BreadcrumbList\",\"@id\":\"https:\\\/\\\/new.fxware.pl\\\/pl\\\/produkt\\\/replicator-upgrade\\\/#breadcrumb\",\"itemListElement\":[{\"@type\":\"ListItem\",\"position\":1,\"name\":\"Strona g\u0142\u00f3wna\",\"item\":\"https:\\\/\\\/new.fxware.pl\\\/\"},{\"@type\":\"ListItem\",\"position\":2,\"name\":\"Sklep\",\"item\":\"https:\\\/\\\/new.fxware.pl\\\/pl\\\/sklep\\\/\"},{\"@type\":\"ListItem\",\"position\":3,\"name\":\"Replicator upgrade\"}]},{\"@type\":\"WebSite\",\"@id\":\"https:\\\/\\\/new.fxware.pl\\\/en\\\/#website\",\"url\":\"https:\\\/\\\/new.fxware.pl\\\/en\\\/\",\"name\":\"FXWare\",\"description\":\"Rozwi\u0105zania dla Trader\u00f3w\",\"publisher\":{\"@id\":\"https:\\\/\\\/new.fxware.pl\\\/en\\\/#organization\"},\"potentialAction\":[{\"@type\":\"SearchAction\",\"target\":{\"@type\":\"EntryPoint\",\"urlTemplate\":\"https:\\\/\\\/new.fxware.pl\\\/en\\\/?s={search_term_string}\"},\"query-input\":{\"@type\":\"PropertyValueSpecification\",\"valueRequired\":true,\"valueName\":\"search_term_string\"}}],\"inLanguage\":\"en-GB\"},{\"@type\":\"Organization\",\"@id\":\"https:\\\/\\\/new.fxware.pl\\\/en\\\/#organization\",\"name\":\"FXWare - Rozwi\u0105zania Dla Inwestor\u00f3w\",\"url\":\"https:\\\/\\\/new.fxware.pl\\\/en\\\/\",\"logo\":{\"@type\":\"ImageObject\",\"inLanguage\":\"en-GB\",\"@id\":\"https:\\\/\\\/new.fxware.pl\\\/en\\\/#\\\/schema\\\/logo\\\/image\\\/\",\"url\":\"https:\\\/\\\/new.fxware.pl\\\/wp-content\\\/uploads\\\/2019\\\/07\\\/logo-ciemne-6-kwadrat-1024x1024.png\",\"contentUrl\":\"https:\\\/\\\/new.fxware.pl\\\/wp-content\\\/uploads\\\/2019\\\/07\\\/logo-ciemne-6-kwadrat-1024x1024.png\",\"width\":1024,\"height\":1024,\"caption\":\"FXWare - Rozwi\u0105zania Dla Inwestor\u00f3w\"},\"image\":{\"@id\":\"https:\\\/\\\/new.fxware.pl\\\/en\\\/#\\\/schema\\\/logo\\\/image\\\/\"},\"sameAs\":[\"https:\\\/\\\/facebook.com\\\/fxwarepl\\\/\",\"https:\\\/\\\/www.youtube.com\\\/channel\\\/UC8dWK9a2okrHo4Lu3x2H8pA\",\"https:\\\/\\\/instagram.com\\\/fxwarepl\"]}]}<\/script>\n<!-- \/ Yoast SEO plugin. -->","yoast_head_json":{"title":"Replicator upgrade - FXWare","robots":{"index":"index","follow":"follow","max-snippet":"max-snippet:-1","max-image-preview":"max-image-preview:large","max-video-preview":"max-video-preview:-1"},"canonical":"https:\/\/new.fxware.pl\/en\/produkt\/replicator-upgrade\/","og_locale":"en_GB","og_type":"article","og_title":"Replicator upgrade - FXWare","og_description":"Wska\u017anik do automatycznego kopiowania obiekt\u00f3w pomi\u0119dzy wykresami.  Ta aktualizacja jest dla posiadaczy starszej wersji lub wersji na jedn\u0105 platform\u0119 lub na rachunek. Jej wykupienie rozszerza licencj\u0119 do najnowszej wersji na nazwisko i na obie platformy MT4 + MT5 jednocze\u015bnie.  Opis produktu:\u00a0FXWare Replicator  Podaj dane swojej obecnej licencji i zobacz mo\u017cliwe opcje aktualizacji.","og_url":"https:\/\/new.fxware.pl\/en\/produkt\/replicator-upgrade\/","og_site_name":"FXWare","article_publisher":"https:\/\/facebook.com\/fxwarepl\/","article_modified_time":"2024-01-19T20:39:29+00:00","og_image":[{"width":648,"height":648,"url":"https:\/\/new.fxware.pl\/wp-content\/uploads\/2019\/05\/Artboard-8-product.png","type":"image\/png"}],"twitter_card":"summary_large_image","schema":{"@context":"https:\/\/schema.org","@graph":[{"@type":"WebPage","@id":"https:\/\/new.fxware.pl\/pl\/produkt\/replicator-upgrade\/","url":"https:\/\/new.fxware.pl\/pl\/produkt\/replicator-upgrade\/","name":"Replicator upgrade - FXWare","isPartOf":{"@id":"https:\/\/new.fxware.pl\/en\/#website"},"primaryImageOfPage":{"@id":"https:\/\/new.fxware.pl\/pl\/produkt\/replicator-upgrade\/#primaryimage"},"image":{"@id":"https:\/\/new.fxware.pl\/pl\/produkt\/replicator-upgrade\/#primaryimage"},"thumbnailUrl":"https:\/\/new.fxware.pl\/wp-content\/uploads\/2019\/05\/Artboard-8-product.png","datePublished":"2019-05-23T17:20:02+00:00","dateModified":"2024-01-19T20:39:29+00:00","breadcrumb":{"@id":"https:\/\/new.fxware.pl\/pl\/produkt\/replicator-upgrade\/#breadcrumb"},"inLanguage":"en-GB","potentialAction":[{"@type":"ReadAction","target":["https:\/\/new.fxware.pl\/pl\/produkt\/replicator-upgrade\/"]}]},{"@type":"ImageObject","inLanguage":"en-GB","@id":"https:\/\/new.fxware.pl\/pl\/produkt\/replicator-upgrade\/#primaryimage","url":"https:\/\/new.fxware.pl\/wp-content\/uploads\/2019\/05\/Artboard-8-product.png","contentUrl":"https:\/\/new.fxware.pl\/wp-content\/uploads\/2019\/05\/Artboard-8-product.png","width":648,"height":648},{"@type":"BreadcrumbList","@id":"https:\/\/new.fxware.pl\/pl\/produkt\/replicator-upgrade\/#breadcrumb","itemListElement":[{"@type":"ListItem","position":1,"name":"Strona g\u0142\u00f3wna","item":"https:\/\/new.fxware.pl\/"},{"@type":"ListItem","position":2,"name":"Sklep","item":"https:\/\/new.fxware.pl\/pl\/sklep\/"},{"@type":"ListItem","position":3,"name":"Replicator upgrade"}]},{"@type":"WebSite","@id":"https:\/\/new.fxware.pl\/en\/#website","url":"https:\/\/new.fxware.pl\/en\/","name":"FXWare","description":"Solutions for Traders","publisher":{"@id":"https:\/\/new.fxware.pl\/en\/#organization"},"potentialAction":[{"@type":"SearchAction","target":{"@type":"EntryPoint","urlTemplate":"https:\/\/new.fxware.pl\/en\/?s={search_term_string}"},"query-input":{"@type":"PropertyValueSpecification","valueRequired":true,"valueName":"search_term_string"}}],"inLanguage":"en-GB"},{"@type":"Organization","@id":"https:\/\/new.fxware.pl\/en\/#organization","name":"FXWare - Solutions for Investors","url":"https:\/\/new.fxware.pl\/en\/","logo":{"@type":"ImageObject","inLanguage":"en-GB","@id":"https:\/\/new.fxware.pl\/en\/#\/schema\/logo\/image\/","url":"https:\/\/new.fxware.pl\/wp-content\/uploads\/2019\/07\/logo-ciemne-6-kwadrat-1024x1024.png","contentUrl":"https:\/\/new.fxware.pl\/wp-content\/uploads\/2019\/07\/logo-ciemne-6-kwadrat-1024x1024.png","width":1024,"height":1024,"caption":"FXWare - Rozwi\u0105zania Dla Inwestor\u00f3w"},"image":{"@id":"https:\/\/new.fxware.pl\/en\/#\/schema\/logo\/image\/"},"sameAs":["https:\/\/facebook.com\/fxwarepl\/","https:\/\/www.youtube.com\/channel\/UC8dWK9a2okrHo4Lu3x2H8pA","https:\/\/instagram.com\/fxwarepl"]}]}},"wcpa_form_fields":{"wcpaData":{"product":{"product_price":49,"price_html":"<span class=\"wmc-cache-pid wmc-cache-loading\" data-wmc_product_id=\"892\"><span class=\"woocommerce-Price-amount amount\"><bdi>49&nbsp;<span class=\"woocommerce-Price-currencySymbol\">&#122;&#322;<\/span><\/bdi><\/span><\/span>","original_product_price":49,"price_including_tax":49,"price_excluding_tax":49,"product_id":{"parent":892,"variation":false},"is_variable":false,"stock_status":"instock","stock_quantity":null,"parent_sku":"","product_attributes":{"pa_platforma":{"is_variation":false,"values":["mt4","mt5"]},"pa_zakres-licencji":{"is_variation":false,"values":["upgrade"]},"pa_typ-licencji":{"is_variation":false,"values":["nazwisko-wlasciciela","numer-rachunku"]}},"custom_fields":[],"is_taxable":true},"fields":{"sec_264d2a4c34bf5b":{"extra":{"key":"sec_264d2a4c34bf5b","section_id":"sec_264d2a4c34bf5b","name":"Default","status":1,"cl_rule":"show","enableCl":false,"relations":[],"toggle":true,"title_tag":"h3","show_title":false,"showPrice":"default","form_id":890,"form_rules":{"exclude_from_discount":false,"fee_label":"Op\u0142ata","disp_hide_options_price":false,"disp_show_section_price":false,"disp_show_field_price":true,"layout_option":"standard","pric_use_as_fee":false,"process_fee_as":"woo_fee"},"layout_option":"standard"},"fields":[[{"type":"header","subtype":"h3","label":"Informacje o posiadanej licencji","elementId":"wcpa-header-1559405138711","cl_rule":"show","col":6,"relations":false,"active":true,"tooltip":"","gt_translate_keys":["label","tooltip"],"price_dependency":false,"cl_dependency":false,"value":""}],[{"active":true,"col":3,"relations":false,"cl_rule":"show","enableCl":false,"price":"","enablePrice":false,"className":"","label_position":"default","desc_position":"default","type":"radio-group","required":true,"elementId":"radio_2628060412","label":"Jaki typ licencji posiadasz?","name":"radio_2628060412","values":[{"label":"rachunek","value":"1","selected":false,"tempId":"aco_791","gt_translate_keys":["label"]},{"label":"nazwisko","value":"2","selected":false,"tempId":"aco_792","gt_translate_keys":["label"]}],"layOut":"inline","error":false,"checkUi":"","tooltip":"wska\u017c typ posiadanej licencji","gt_translate_keys":["label","tooltip"],"price_dependency":false,"cl_dependency":["wcpa-radio-group-1559405918407","radio_9228231384","wcpa-text-5ce592c5d9a48"],"value":""},{"type":"checkbox-group","required":true,"elementId":"wcpa-checkbox-group-5ce592c5d97fa","label":"Na jak\u0105 platform\u0119?","description":"","desc_type":true,"inline":true,"priceOptions":"fixed_for_all","pricingType":"custom","price":"({field.wcpa-checkbox-group-1558463825080.value}==3)?(24.50):(0)","name":"checkbox-group-5ce592c5d9849","min_options":"1","cl_rule":"show","col":3,"values":[{"label":"MT4","value":"1","price":"49","gt_translate_keys":["label"]},{"label":"MT5","value":"2","price":"49","gt_translate_keys":["label"]}],"relations":false,"active":true,"tooltip":"wybierz platformy, na kt\u00f3re posiadasz licencje","layOut":"inline","checkUi":"","error":false,"gt_translate_keys":["label","description","tooltip"],"price_dependency":false,"cl_dependency":["wcpa-radio-group-1559405752131","wcpa-radio-group-1559405752131","wcpa-radio-group-1559405918407","wcpa-radio-group-1559405918407","radio_9228231384","wcpa-text-5ce592c5d9a48"],"value":""}],[{"type":"text","required":true,"elementId":"wcpa-text-5ce592c5d99bd","label":"Wprowad\u017a identyfikator posiadanej licencji","description":"","desc_type":true,"placeholder":"imi\u0119 i nazwisko \/ numer rachunku","pricingType":"fixed","name":"text-5ce592c5d9a03","subtype":"text","cl_rule":"show","cl_val":"1","col":6,"relations":[{"operator":false,"rules":[{"operator":false,"rules":{"cl_field":"wcpa-radio-group-5ce592c5d9894","cl_relation":"is","cl_val":"1"}}]}],"active":true,"tooltip":"podaj dane, kt\u00f3re pozwol\u0105 nam zidentyfikowa\u0107 Twoj\u0105 licencj\u0119 (imi\u0119 i nazwisko \/ pseudonim \/ numer rachunku itp.)","error":false,"gt_translate_keys":["label","placeholder","description","tooltip"],"price_dependency":false,"cl_dependency":["wcpa-radio-group-1559405752131","wcpa-radio-group-1559405918407","radio_9228231384","wcpa-text-5ce592c5d9a48"],"value":""}],[{"type":"separator","elementId":"wcpa-separator-1559405205584","cl_rule":"show","col":6,"relations":false,"active":true,"tooltip":"","gt_translate_keys":["tooltip"],"price_dependency":false,"cl_dependency":false,"value":""}],[{"type":"header","subtype":"h3","label":"Dost\u0119pne opcje aktualizacji","elementId":"wcpa-header-1558551611742","cl_rule":"show","col":6,"relations":false,"active":true,"tooltip":"","gt_translate_keys":["label","tooltip"],"price_dependency":false,"cl_dependency":false,"value":""}],[{"type":"radio-group","required":true,"elementId":"wcpa-radio-group-1559405752131","label":"Wybierz dodatkow\u0105 platform\u0119","description":"","desc_type":true,"inline":true,"enablePrice":false,"priceOptions":"fixed_for_all","pricingType":"fixed","name":"radio-group-1559405752131","enableCl":true,"cl_rule":"show","operator":"and","cl_val":"1","col":3,"values":[{"label":"MT4","value":"option-1","price":"29","tempId":"aco_382","selected":true,"gt_translate_keys":["label"]}],"relations":[{"operator":false,"rules":[{"operator":"and","rules":{"cl_field":"wcpa-text-5ce592c5d99bd","cl_relation":"is_not_empty","cl_val":false}},{"operator":"and","rules":{"cl_field":"wcpa-checkbox-group-5ce592c5d97fa","cl_relation":"is","cl_val":"2"}},{"operator":"AND","rules":{"cl_field":"wcpa-checkbox-group-5ce592c5d97fa","cl_relation":"is_not","cl_val":"1"}}]}],"active":true,"tooltip":"","layOut":"inline","checkUi":"","error":false,"price":"49","gt_translate_keys":["label","description","tooltip"],"price_dependency":false,"cl_dependency":false,"value":""}],[{"type":"radio-group","required":true,"elementId":"wcpa-radio-group-1559405918407","label":"Wybierz dodatkow\u0105 platform\u0119","description":"","desc_type":true,"inline":true,"enablePrice":false,"priceOptions":"fixed_for_all","pricingType":"fixed","name":"radio-group-1559405918405","enableCl":true,"cl_rule":"show","operator":"and","cl_val":"2","col":3,"values":[{"label":"MT5","value":"option-1","price":"29","tempId":"aco_421","selected":true,"gt_translate_keys":["label"]}],"relations":[{"operator":false,"rules":[{"operator":"and","rules":{"cl_field":"wcpa-text-5ce592c5d99bd","cl_relation":"is_not_empty","cl_val":false}},{"operator":"and","rules":{"cl_field":"wcpa-checkbox-group-5ce592c5d97fa","cl_relation":"is","cl_val":"1"}},{"operator":"and","rules":{"cl_field":"wcpa-checkbox-group-5ce592c5d97fa","cl_relation":"is_not","cl_val":"2"}},{"operator":"AND","rules":{"cl_field":"radio_2628060412","cl_relation":"is_not_empty","cl_val":""}}]}],"active":true,"tooltip":"","layOut":"inline","checkUi":"","error":false,"price":"49","gt_translate_keys":["label","description","tooltip"],"price_dependency":false,"cl_dependency":false,"value":""}],[{"active":true,"col":3,"relations":[{"operator":false,"rules":[{"operator":"and","rules":{"cl_field":"radio_2628060412","cl_relation":"is","cl_val":"1"}},{"operator":"and","rules":{"cl_field":"wcpa-checkbox-group-5ce592c5d97fa","cl_relation":"is_not_empty","cl_val":""}},{"operator":"AND","rules":{"cl_field":"wcpa-text-5ce592c5d99bd","cl_relation":"is_not_empty","cl_val":""}}]}],"cl_rule":"show","enableCl":true,"price":"","enablePrice":false,"className":"","label_position":"default","desc_position":"default","type":"radio-group","required":true,"elementId":"radio_9228231384","label":"Wybierz rozszerzenie licencji","name":"radio_9228231384","values":[{"label":"nazwisko","value":"1","selected":true,"tempId":"aco_1763","gt_translate_keys":["label"]}],"layOut":"","error":false,"checkUi":"","gt_translate_keys":["label"],"price_dependency":false,"cl_dependency":false,"value":""}],[{"type":"text","required":true,"elementId":"wcpa-text-5ce592c5d9a48","label":"Podaj imi\u0119 i nazwisko do licencji","description":"","desc_type":true,"placeholder":"Jan Brokerski","pricingType":"fixed","name":"text-5ce592c5d9a8d","subtype":"text","enableCl":true,"cl_rule":"show","cl_val":"1","col":6,"relations":[{"operator":false,"rules":[{"operator":"and","rules":{"cl_field":"radio_2628060412","cl_relation":"is","cl_val":"1"}},{"operator":"and","rules":{"cl_field":"wcpa-checkbox-group-5ce592c5d97fa","cl_relation":"is_not_empty","cl_val":""}},{"operator":"AND","rules":{"cl_field":"wcpa-text-5ce592c5d99bd","cl_relation":"is_not_empty","cl_val":""}}]}],"active":true,"tooltip":"prosz\u0119 poda\u0107 imi\u0119 i nazwisko, na kt\u00f3re otwarte s\u0105 rachunki, polskie znaki, du\u017ce i ma\u0142e litery oraz kolejno\u015b\u0107 imi\u0119 \/ nazwisko nie maj\u0105 znaczenia","error":false,"gt_translate_keys":["label","placeholder","description","tooltip"],"price_dependency":false,"cl_dependency":false,"value":""}]]}},"config":{"price_override":"","enable_recaptcha":false,"bind_quantity":false,"quantity_bind_formula":"","disp_summ_show_option_price":false,"disp_summ_show_product_price":false,"disp_summ_show_total_price":true,"disp_summ_show_fee":false,"disp_summ_show_discount":false,"summary_title":"","options_total_label":"Cena dodatk\u00f3w","total_label":"Cena \u0142\u0105czna","options_product_label":"Cena podstawowa","fee_label":"Op\u0142ata","discount_label":"Rabat","has_price":true,"has_quantity_formula":false},"mc_unit":1,"tax_rate":1,"tax_rate_real":0,"discount":{"percentage":0,"fixed":0},"design":{"conf":{"LabelPosition":"above","DescPosition":"above","UploadField":"custom_1","QuantityFieldStyle":"default"},"css":{"LeftLabelWidth":"120px"}},"formulas":[],"clones":false,"cartKey":false}},"_links":{"self":[{"href":"https:\/\/new.fxware.pl\/en\/wp-json\/wp\/v2\/product\/892","targetHints":{"allow":["GET"]}}],"collection":[{"href":"https:\/\/new.fxware.pl\/en\/wp-json\/wp\/v2\/product"}],"about":[{"href":"https:\/\/new.fxware.pl\/en\/wp-json\/wp\/v2\/types\/product"}],"wp:featuredmedia":[{"embeddable":true,"href":"https:\/\/new.fxware.pl\/en\/wp-json\/wp\/v2\/media\/1093"}],"wp:attachment":[{"href":"https:\/\/new.fxware.pl\/en\/wp-json\/wp\/v2\/media?parent=892"}],"wp:term":[{"taxonomy":"product_brand","embeddable":true,"href":"https:\/\/new.fxware.pl\/en\/wp-json\/wp\/v2\/product_brand?post=892"},{"taxonomy":"product_cat","embeddable":true,"href":"https:\/\/new.fxware.pl\/en\/wp-json\/wp\/v2\/product_cat?post=892"},{"taxonomy":"product_tag","embeddable":true,"href":"https:\/\/new.fxware.pl\/en\/wp-json\/wp\/v2\/product_tag?post=892"}],"curies":[{"name":"wp","href":"https:\/\/api.w.org\/{rel}","templated":true}]}}