{"id":43084,"date":"2025-12-03T20:05:04","date_gmt":"2025-12-03T19:05:04","guid":{"rendered":"http:\/\/new.fxware.pl\/pl\/produkt\/wycena_indywidualna\/"},"modified":"2026-01-11T17:52:44","modified_gmt":"2026-01-11T16:52:44","slug":"individual-pricing","status":"publish","type":"product","link":"https:\/\/new.fxware.pl\/en\/produkt\/individual-pricing\/","title":{"rendered":"Individual pricing"},"content":{"rendered":"","protected":false},"excerpt":{"rendered":"<p>Enter the amount agreed upon during the individual valuation.<\/p>","protected":false},"featured_media":18523,"template":"","meta":{"inline_featured_image":false},"product_brand":[],"product_cat":[15],"product_tag":[],"class_list":{"0":"post-43084","1":"product","2":"type-product","3":"status-publish","4":"has-post-thumbnail","6":"product_cat-bez-kategorii","7":"wcpa_has_options","9":"first","10":"instock","11":"purchasable","12":"product-type-simple"},"yoast_head":"<!-- This site is optimized with the Yoast SEO plugin v27.3 - https:\/\/yoast.com\/product\/yoast-seo-wordpress\/ -->\n<title>Wycena indywidualna - FXWare<\/title>\n<meta name=\"robots\" content=\"index, follow, max-snippet:-1, max-image-preview:large, max-video-preview:-1\" \/>\n<link rel=\"canonical\" href=\"https:\/\/new.fxware.pl\/en\/produkt\/individual-pricing\/\" \/>\n<meta property=\"og:locale\" content=\"en_GB\" \/>\n<meta property=\"og:type\" content=\"article\" \/>\n<meta property=\"og:title\" content=\"Wycena indywidualna - FXWare\" \/>\n<meta property=\"og:description\" content=\"Wpisz kwot\u0119 uzgodnion\u0105 w trakcie indywidualnej wyceny.\" \/>\n<meta property=\"og:url\" content=\"https:\/\/new.fxware.pl\/en\/produkt\/individual-pricing\/\" \/>\n<meta property=\"og:site_name\" content=\"FXWare\" \/>\n<meta property=\"article:publisher\" content=\"https:\/\/facebook.com\/fxwarepl\/\" \/>\n<meta property=\"article:modified_time\" content=\"2026-01-11T16:52:44+00:00\" \/>\n<meta property=\"og:image\" content=\"https:\/\/new.fxware.pl\/wp-content\/uploads\/2021\/04\/1036606-200.png\" \/>\n\t<meta property=\"og:image:width\" content=\"200\" \/>\n\t<meta property=\"og:image:height\" content=\"200\" \/>\n\t<meta property=\"og:image:type\" content=\"image\/png\" \/>\n<meta name=\"twitter:card\" content=\"summary_large_image\" \/>\n<script type=\"application\/ld+json\" class=\"yoast-schema-graph\">{\"@context\":\"https:\\\/\\\/schema.org\",\"@graph\":[{\"@type\":\"WebPage\",\"@id\":\"https:\\\/\\\/new.fxware.pl\\\/produkt\\\/wycena_indywidualna\\\/\",\"url\":\"https:\\\/\\\/new.fxware.pl\\\/produkt\\\/wycena_indywidualna\\\/\",\"name\":\"Wycena indywidualna - FXWare\",\"isPartOf\":{\"@id\":\"https:\\\/\\\/new.fxware.pl\\\/en\\\/#website\"},\"primaryImageOfPage\":{\"@id\":\"https:\\\/\\\/new.fxware.pl\\\/produkt\\\/wycena_indywidualna\\\/#primaryimage\"},\"image\":{\"@id\":\"https:\\\/\\\/new.fxware.pl\\\/produkt\\\/wycena_indywidualna\\\/#primaryimage\"},\"thumbnailUrl\":\"https:\\\/\\\/new.fxware.pl\\\/wp-content\\\/uploads\\\/2021\\\/04\\\/1036606-200.png\",\"datePublished\":\"2025-12-03T19:05:04+00:00\",\"dateModified\":\"2026-01-11T16:52:44+00:00\",\"breadcrumb\":{\"@id\":\"https:\\\/\\\/new.fxware.pl\\\/produkt\\\/wycena_indywidualna\\\/#breadcrumb\"},\"inLanguage\":\"en-GB\",\"potentialAction\":[{\"@type\":\"ReadAction\",\"target\":[\"https:\\\/\\\/new.fxware.pl\\\/produkt\\\/wycena_indywidualna\\\/\"]}]},{\"@type\":\"ImageObject\",\"inLanguage\":\"en-GB\",\"@id\":\"https:\\\/\\\/new.fxware.pl\\\/produkt\\\/wycena_indywidualna\\\/#primaryimage\",\"url\":\"https:\\\/\\\/new.fxware.pl\\\/wp-content\\\/uploads\\\/2021\\\/04\\\/1036606-200.png\",\"contentUrl\":\"https:\\\/\\\/new.fxware.pl\\\/wp-content\\\/uploads\\\/2021\\\/04\\\/1036606-200.png\",\"width\":200,\"height\":200},{\"@type\":\"BreadcrumbList\",\"@id\":\"https:\\\/\\\/new.fxware.pl\\\/produkt\\\/wycena_indywidualna\\\/#breadcrumb\",\"itemListElement\":[{\"@type\":\"ListItem\",\"position\":1,\"name\":\"Strona g\u0142\u00f3wna\",\"item\":\"https:\\\/\\\/new.fxware.pl\\\/\"},{\"@type\":\"ListItem\",\"position\":2,\"name\":\"Sklep\",\"item\":\"https:\\\/\\\/new.fxware.pl\\\/pl\\\/sklep\\\/\"},{\"@type\":\"ListItem\",\"position\":3,\"name\":\"Wycena indywidualna\"}]},{\"@type\":\"WebSite\",\"@id\":\"https:\\\/\\\/new.fxware.pl\\\/en\\\/#website\",\"url\":\"https:\\\/\\\/new.fxware.pl\\\/en\\\/\",\"name\":\"FXWare\",\"description\":\"Rozwi\u0105zania dla Trader\u00f3w\",\"publisher\":{\"@id\":\"https:\\\/\\\/new.fxware.pl\\\/en\\\/#organization\"},\"potentialAction\":[{\"@type\":\"SearchAction\",\"target\":{\"@type\":\"EntryPoint\",\"urlTemplate\":\"https:\\\/\\\/new.fxware.pl\\\/en\\\/?s={search_term_string}\"},\"query-input\":{\"@type\":\"PropertyValueSpecification\",\"valueRequired\":true,\"valueName\":\"search_term_string\"}}],\"inLanguage\":\"en-GB\"},{\"@type\":\"Organization\",\"@id\":\"https:\\\/\\\/new.fxware.pl\\\/en\\\/#organization\",\"name\":\"FXWare - Rozwi\u0105zania Dla Inwestor\u00f3w\",\"url\":\"https:\\\/\\\/new.fxware.pl\\\/en\\\/\",\"logo\":{\"@type\":\"ImageObject\",\"inLanguage\":\"en-GB\",\"@id\":\"https:\\\/\\\/new.fxware.pl\\\/en\\\/#\\\/schema\\\/logo\\\/image\\\/\",\"url\":\"https:\\\/\\\/new.fxware.pl\\\/wp-content\\\/uploads\\\/2019\\\/07\\\/logo-ciemne-6-kwadrat-1024x1024.png\",\"contentUrl\":\"https:\\\/\\\/new.fxware.pl\\\/wp-content\\\/uploads\\\/2019\\\/07\\\/logo-ciemne-6-kwadrat-1024x1024.png\",\"width\":1024,\"height\":1024,\"caption\":\"FXWare - Rozwi\u0105zania Dla Inwestor\u00f3w\"},\"image\":{\"@id\":\"https:\\\/\\\/new.fxware.pl\\\/en\\\/#\\\/schema\\\/logo\\\/image\\\/\"},\"sameAs\":[\"https:\\\/\\\/facebook.com\\\/fxwarepl\\\/\",\"https:\\\/\\\/www.youtube.com\\\/channel\\\/UC8dWK9a2okrHo4Lu3x2H8pA\",\"https:\\\/\\\/instagram.com\\\/fxwarepl\"]}]}<\/script>\n<!-- \/ Yoast SEO plugin. -->","yoast_head_json":{"title":"Individual pricing - FXWare","robots":{"index":"index","follow":"follow","max-snippet":"max-snippet:-1","max-image-preview":"max-image-preview:large","max-video-preview":"max-video-preview:-1"},"canonical":"https:\/\/new.fxware.pl\/en\/produkt\/individual-pricing\/","og_locale":"en_GB","og_type":"article","og_title":"Wycena indywidualna - FXWare","og_description":"Wpisz kwot\u0119 uzgodnion\u0105 w trakcie indywidualnej wyceny.","og_url":"https:\/\/new.fxware.pl\/en\/produkt\/individual-pricing\/","og_site_name":"FXWare","article_publisher":"https:\/\/facebook.com\/fxwarepl\/","article_modified_time":"2026-01-11T16:52:44+00:00","og_image":[{"width":200,"height":200,"url":"https:\/\/new.fxware.pl\/wp-content\/uploads\/2021\/04\/1036606-200.png","type":"image\/png"}],"twitter_card":"summary_large_image","schema":{"@context":"https:\/\/schema.org","@graph":[{"@type":"WebPage","@id":"https:\/\/new.fxware.pl\/produkt\/wycena_indywidualna\/","url":"https:\/\/new.fxware.pl\/produkt\/wycena_indywidualna\/","name":"Individual pricing - FXWare","isPartOf":{"@id":"https:\/\/new.fxware.pl\/en\/#website"},"primaryImageOfPage":{"@id":"https:\/\/new.fxware.pl\/produkt\/wycena_indywidualna\/#primaryimage"},"image":{"@id":"https:\/\/new.fxware.pl\/produkt\/wycena_indywidualna\/#primaryimage"},"thumbnailUrl":"https:\/\/new.fxware.pl\/wp-content\/uploads\/2021\/04\/1036606-200.png","datePublished":"2025-12-03T19:05:04+00:00","dateModified":"2026-01-11T16:52:44+00:00","breadcrumb":{"@id":"https:\/\/new.fxware.pl\/produkt\/wycena_indywidualna\/#breadcrumb"},"inLanguage":"en-GB","potentialAction":[{"@type":"ReadAction","target":["https:\/\/new.fxware.pl\/produkt\/wycena_indywidualna\/"]}]},{"@type":"ImageObject","inLanguage":"en-GB","@id":"https:\/\/new.fxware.pl\/produkt\/wycena_indywidualna\/#primaryimage","url":"https:\/\/new.fxware.pl\/wp-content\/uploads\/2021\/04\/1036606-200.png","contentUrl":"https:\/\/new.fxware.pl\/wp-content\/uploads\/2021\/04\/1036606-200.png","width":200,"height":200},{"@type":"BreadcrumbList","@id":"https:\/\/new.fxware.pl\/produkt\/wycena_indywidualna\/#breadcrumb","itemListElement":[{"@type":"ListItem","position":1,"name":"Strona g\u0142\u00f3wna","item":"https:\/\/new.fxware.pl\/"},{"@type":"ListItem","position":2,"name":"Sklep","item":"https:\/\/new.fxware.pl\/pl\/sklep\/"},{"@type":"ListItem","position":3,"name":"Wycena indywidualna"}]},{"@type":"WebSite","@id":"https:\/\/new.fxware.pl\/en\/#website","url":"https:\/\/new.fxware.pl\/en\/","name":"FXWare","description":"Solutions for Traders","publisher":{"@id":"https:\/\/new.fxware.pl\/en\/#organization"},"potentialAction":[{"@type":"SearchAction","target":{"@type":"EntryPoint","urlTemplate":"https:\/\/new.fxware.pl\/en\/?s={search_term_string}"},"query-input":{"@type":"PropertyValueSpecification","valueRequired":true,"valueName":"search_term_string"}}],"inLanguage":"en-GB"},{"@type":"Organization","@id":"https:\/\/new.fxware.pl\/en\/#organization","name":"FXWare - Solutions for Investors","url":"https:\/\/new.fxware.pl\/en\/","logo":{"@type":"ImageObject","inLanguage":"en-GB","@id":"https:\/\/new.fxware.pl\/en\/#\/schema\/logo\/image\/","url":"https:\/\/new.fxware.pl\/wp-content\/uploads\/2019\/07\/logo-ciemne-6-kwadrat-1024x1024.png","contentUrl":"https:\/\/new.fxware.pl\/wp-content\/uploads\/2019\/07\/logo-ciemne-6-kwadrat-1024x1024.png","width":1024,"height":1024,"caption":"FXWare - Rozwi\u0105zania Dla Inwestor\u00f3w"},"image":{"@id":"https:\/\/new.fxware.pl\/en\/#\/schema\/logo\/image\/"},"sameAs":["https:\/\/facebook.com\/fxwarepl\/","https:\/\/www.youtube.com\/channel\/UC8dWK9a2okrHo4Lu3x2H8pA","https:\/\/instagram.com\/fxwarepl"]}]}},"wcpa_form_fields":{"wcpaData":{"product":{"product_price":0,"price_html":"<span class=\"wmc-cache-pid wmc-cache-loading\" data-wmc_product_id=\"43084\"><span class=\"woocommerce-Price-amount amount\"><bdi>0&nbsp;<span class=\"woocommerce-Price-currencySymbol\">&#122;&#322;<\/span><\/bdi><\/span><\/span>","original_product_price":0,"price_including_tax":0,"price_excluding_tax":0,"product_id":{"parent":43084,"variation":false},"is_variable":false,"stock_status":"instock","stock_quantity":null,"parent_sku":"","product_attributes":[],"custom_fields":[],"is_taxable":false},"fields":{"sec_d1bc3f6e20b9":{"extra":{"key":"sec_d1bc3f6e20b9","section_id":"sec_d1bc3f6e20b9","name":"Default","status":1,"cl_rule":"show","enableCl":false,"relations":[],"toggle":true,"title_tag":"h3","show_title":false,"showPrice":"default","form_id":43077,"form_rules":{"exclude_from_discount":false,"fee_label":"Op\u0142ata","disp_hide_options_price":false,"disp_show_section_price":false,"disp_show_field_price":true,"layout_option":"standard","pric_use_as_fee":false,"process_fee_as":"woo_fee"},"layout_option":"standard"},"fields":[[{"active":true,"col":2,"relations":[{"operator":false,"rules":[{"operator":"AND","rules":{"cl_field":"","cl_relation":"","cl_val":""}}]}],"cl_rule":"show","enableCl":false,"price":"{this.value}","enablePrice":true,"className":"","label_position":"default","desc_position":"default","type":"number","required":true,"elementId":"number_43077","label":"Kwota","name":"number_43077","value":"","error":false,"pricingType":"custom","isTemplate":false,"hideFieldIn_cart":true,"hideFieldIn_order":true,"step":"","charleft":false,"disableMC":true,"mapToCheckout":false,"description":"","enableDesign":false,"use_as_fee":false,"is_show_price":false,"min":"1","minValueError":"Kwota nie mo\u017ce by\u0107 0. Wpisz kwot\u0119 uzgodnion\u0105 przy wycenie.","gt_translate_keys":["label","description","value","minValueError"],"price_dependency":false,"cl_dependency":false},{"active":true,"col":4,"relations":false,"cl_rule":"show","enableCl":false,"price":"","enablePrice":false,"className":"","label_position":"default","desc_position":"default","type":"textarea","required":false,"elementId":"textarea_43077","label":"Dodatkowe informacje","name":"textarea_43077","value":"","rows":2,"error":false,"gt_translate_keys":["label","value"],"price_dependency":false,"cl_dependency":false}]]}},"config":{"price_override":"","enable_recaptcha":false,"bind_quantity":false,"quantity_bind_formula":"","disp_summ_show_option_price":false,"disp_summ_show_product_price":false,"disp_summ_show_total_price":true,"disp_summ_show_fee":false,"disp_summ_show_discount":false,"summary_title":"","options_total_label":"Cena dodatk\u00f3w","total_label":"Cena \u0142\u0105czna","options_product_label":"Cena podstawowa","fee_label":"Op\u0142ata","discount_label":"Rabat","has_price":true,"has_quantity_formula":false},"mc_unit":1,"tax_rate":1,"tax_rate_real":1,"discount":{"percentage":0,"fixed":0},"design":{"conf":{"LabelPosition":"above","DescPosition":"above","UploadField":"custom_1","QuantityFieldStyle":"default"},"css":{"LeftLabelWidth":"120px"}},"formulas":[],"clones":false,"cartKey":false}},"_links":{"self":[{"href":"https:\/\/new.fxware.pl\/en\/wp-json\/wp\/v2\/product\/43084","targetHints":{"allow":["GET"]}}],"collection":[{"href":"https:\/\/new.fxware.pl\/en\/wp-json\/wp\/v2\/product"}],"about":[{"href":"https:\/\/new.fxware.pl\/en\/wp-json\/wp\/v2\/types\/product"}],"wp:featuredmedia":[{"embeddable":true,"href":"https:\/\/new.fxware.pl\/en\/wp-json\/wp\/v2\/media\/18523"}],"wp:attachment":[{"href":"https:\/\/new.fxware.pl\/en\/wp-json\/wp\/v2\/media?parent=43084"}],"wp:term":[{"taxonomy":"product_brand","embeddable":true,"href":"https:\/\/new.fxware.pl\/en\/wp-json\/wp\/v2\/product_brand?post=43084"},{"taxonomy":"product_cat","embeddable":true,"href":"https:\/\/new.fxware.pl\/en\/wp-json\/wp\/v2\/product_cat?post=43084"},{"taxonomy":"product_tag","embeddable":true,"href":"https:\/\/new.fxware.pl\/en\/wp-json\/wp\/v2\/product_tag?post=43084"}],"curies":[{"name":"wp","href":"https:\/\/api.w.org\/{rel}","templated":true}]}}