{"id":27029,"date":"2024-02-13T19:01:26","date_gmt":"2024-02-13T18:01:26","guid":{"rendered":"https:\/\/new.fxware.pl\/produkt\/pakiet-uniwersytecki-profesjonalny-renko-mt4-30-copy\/"},"modified":"2025-12-14T17:32:35","modified_gmt":"2025-12-14T16:32:35","slug":"university-package-basic-mt4-3","status":"publish","type":"product","link":"https:\/\/new.fxware.pl\/en\/produkt\/university-package-basic-mt4-3\/","title":{"rendered":"Premium tool set MT4+MT5 -40%"},"content":{"rendered":"","protected":false},"excerpt":{"rendered":"","protected":false},"featured_media":31676,"template":"","meta":{"inline_featured_image":false},"product_brand":[],"product_cat":[68],"product_tag":[],"class_list":{"0":"post-27029","1":"product","2":"type-product","3":"status-publish","4":"has-post-thumbnail","6":"product_cat-narzedzia-dla-fibo-team-school","7":"wcpa_has_options","9":"first","10":"instock","11":"sale","12":"virtual","13":"sold-individually","14":"purchasable","15":"product-type-woosb"},"yoast_head":"<!-- This site is optimized with the Yoast SEO plugin v27.3 - https:\/\/yoast.com\/product\/yoast-seo-wordpress\/ -->\n<title>Zestaw narz\u0119dzi Premium MT4+MT5 -40% - FXWare<\/title>\n<meta name=\"robots\" content=\"index, follow, max-snippet:-1, max-image-preview:large, max-video-preview:-1\" \/>\n<link rel=\"canonical\" href=\"https:\/\/new.fxware.pl\/en\/produkt\/university-package-basic-mt4-3\/\" \/>\n<meta property=\"og:locale\" content=\"en_GB\" \/>\n<meta property=\"og:type\" content=\"article\" \/>\n<meta property=\"og:title\" content=\"Zestaw narz\u0119dzi Premium MT4+MT5 -40% - FXWare\" \/>\n<meta property=\"og:url\" content=\"https:\/\/new.fxware.pl\/en\/produkt\/university-package-basic-mt4-3\/\" \/>\n<meta property=\"og:site_name\" content=\"FXWare\" \/>\n<meta property=\"article:publisher\" content=\"https:\/\/facebook.com\/fxwarepl\/\" \/>\n<meta property=\"article:modified_time\" content=\"2025-12-14T16:32:35+00:00\" \/>\n<meta property=\"og:image\" content=\"https:\/\/new.fxware.pl\/wp-content\/uploads\/2024\/02\/wf-zestaw-40-1000x1000-1.png\" \/>\n\t<meta property=\"og:image:width\" content=\"1000\" \/>\n\t<meta property=\"og:image:height\" content=\"1000\" \/>\n\t<meta property=\"og:image:type\" content=\"image\/png\" \/>\n<meta name=\"twitter:card\" content=\"summary_large_image\" \/>\n<script type=\"application\/ld+json\" class=\"yoast-schema-graph\">{\"@context\":\"https:\\\/\\\/schema.org\",\"@graph\":[{\"@type\":\"WebPage\",\"@id\":\"https:\\\/\\\/new.fxware.pl\\\/pl\\\/produkt\\\/pakiet-uniwersytecki-premium-mt4mt5-40\\\/\",\"url\":\"https:\\\/\\\/new.fxware.pl\\\/pl\\\/produkt\\\/pakiet-uniwersytecki-premium-mt4mt5-40\\\/\",\"name\":\"Zestaw narz\u0119dzi Premium MT4+MT5 -40% - FXWare\",\"isPartOf\":{\"@id\":\"https:\\\/\\\/new.fxware.pl\\\/en\\\/#website\"},\"primaryImageOfPage\":{\"@id\":\"https:\\\/\\\/new.fxware.pl\\\/pl\\\/produkt\\\/pakiet-uniwersytecki-premium-mt4mt5-40\\\/#primaryimage\"},\"image\":{\"@id\":\"https:\\\/\\\/new.fxware.pl\\\/pl\\\/produkt\\\/pakiet-uniwersytecki-premium-mt4mt5-40\\\/#primaryimage\"},\"thumbnailUrl\":\"https:\\\/\\\/new.fxware.pl\\\/wp-content\\\/uploads\\\/2024\\\/02\\\/wf-zestaw-40-1000x1000-1.png\",\"datePublished\":\"2024-02-13T18:01:26+00:00\",\"dateModified\":\"2025-12-14T16:32:35+00:00\",\"breadcrumb\":{\"@id\":\"https:\\\/\\\/new.fxware.pl\\\/pl\\\/produkt\\\/pakiet-uniwersytecki-premium-mt4mt5-40\\\/#breadcrumb\"},\"inLanguage\":\"en-GB\",\"potentialAction\":[{\"@type\":\"ReadAction\",\"target\":[\"https:\\\/\\\/new.fxware.pl\\\/pl\\\/produkt\\\/pakiet-uniwersytecki-premium-mt4mt5-40\\\/\"]}]},{\"@type\":\"ImageObject\",\"inLanguage\":\"en-GB\",\"@id\":\"https:\\\/\\\/new.fxware.pl\\\/pl\\\/produkt\\\/pakiet-uniwersytecki-premium-mt4mt5-40\\\/#primaryimage\",\"url\":\"https:\\\/\\\/new.fxware.pl\\\/wp-content\\\/uploads\\\/2024\\\/02\\\/wf-zestaw-40-1000x1000-1.png\",\"contentUrl\":\"https:\\\/\\\/new.fxware.pl\\\/wp-content\\\/uploads\\\/2024\\\/02\\\/wf-zestaw-40-1000x1000-1.png\",\"width\":1000,\"height\":1000},{\"@type\":\"BreadcrumbList\",\"@id\":\"https:\\\/\\\/new.fxware.pl\\\/pl\\\/produkt\\\/pakiet-uniwersytecki-premium-mt4mt5-40\\\/#breadcrumb\",\"itemListElement\":[{\"@type\":\"ListItem\",\"position\":1,\"name\":\"Strona g\u0142\u00f3wna\",\"item\":\"https:\\\/\\\/new.fxware.pl\\\/\"},{\"@type\":\"ListItem\",\"position\":2,\"name\":\"Sklep\",\"item\":\"https:\\\/\\\/new.fxware.pl\\\/pl\\\/sklep\\\/\"},{\"@type\":\"ListItem\",\"position\":3,\"name\":\"Zestaw narz\u0119dzi Premium MT4+MT5 -40%\"}]},{\"@type\":\"WebSite\",\"@id\":\"https:\\\/\\\/new.fxware.pl\\\/en\\\/#website\",\"url\":\"https:\\\/\\\/new.fxware.pl\\\/en\\\/\",\"name\":\"FXWare\",\"description\":\"Rozwi\u0105zania dla Trader\u00f3w\",\"publisher\":{\"@id\":\"https:\\\/\\\/new.fxware.pl\\\/en\\\/#organization\"},\"potentialAction\":[{\"@type\":\"SearchAction\",\"target\":{\"@type\":\"EntryPoint\",\"urlTemplate\":\"https:\\\/\\\/new.fxware.pl\\\/en\\\/?s={search_term_string}\"},\"query-input\":{\"@type\":\"PropertyValueSpecification\",\"valueRequired\":true,\"valueName\":\"search_term_string\"}}],\"inLanguage\":\"en-GB\"},{\"@type\":\"Organization\",\"@id\":\"https:\\\/\\\/new.fxware.pl\\\/en\\\/#organization\",\"name\":\"FXWare - Rozwi\u0105zania Dla Inwestor\u00f3w\",\"url\":\"https:\\\/\\\/new.fxware.pl\\\/en\\\/\",\"logo\":{\"@type\":\"ImageObject\",\"inLanguage\":\"en-GB\",\"@id\":\"https:\\\/\\\/new.fxware.pl\\\/en\\\/#\\\/schema\\\/logo\\\/image\\\/\",\"url\":\"https:\\\/\\\/new.fxware.pl\\\/wp-content\\\/uploads\\\/2019\\\/07\\\/logo-ciemne-6-kwadrat-1024x1024.png\",\"contentUrl\":\"https:\\\/\\\/new.fxware.pl\\\/wp-content\\\/uploads\\\/2019\\\/07\\\/logo-ciemne-6-kwadrat-1024x1024.png\",\"width\":1024,\"height\":1024,\"caption\":\"FXWare - Rozwi\u0105zania Dla Inwestor\u00f3w\"},\"image\":{\"@id\":\"https:\\\/\\\/new.fxware.pl\\\/en\\\/#\\\/schema\\\/logo\\\/image\\\/\"},\"sameAs\":[\"https:\\\/\\\/facebook.com\\\/fxwarepl\\\/\",\"https:\\\/\\\/www.youtube.com\\\/channel\\\/UC8dWK9a2okrHo4Lu3x2H8pA\",\"https:\\\/\\\/instagram.com\\\/fxwarepl\"]}]}<\/script>\n<!-- \/ Yoast SEO plugin. -->","yoast_head_json":{"title":"Premium Toolkit MT4+MT5 -40% - FXWare","robots":{"index":"index","follow":"follow","max-snippet":"max-snippet:-1","max-image-preview":"max-image-preview:large","max-video-preview":"max-video-preview:-1"},"canonical":"https:\/\/new.fxware.pl\/en\/produkt\/university-package-basic-mt4-3\/","og_locale":"en_GB","og_type":"article","og_title":"Zestaw narz\u0119dzi Premium MT4+MT5 -40% - FXWare","og_url":"https:\/\/new.fxware.pl\/en\/produkt\/university-package-basic-mt4-3\/","og_site_name":"FXWare","article_publisher":"https:\/\/facebook.com\/fxwarepl\/","article_modified_time":"2025-12-14T16:32:35+00:00","og_image":[{"width":1000,"height":1000,"url":"https:\/\/new.fxware.pl\/wp-content\/uploads\/2024\/02\/wf-zestaw-40-1000x1000-1.png","type":"image\/png"}],"twitter_card":"summary_large_image","schema":{"@context":"https:\/\/schema.org","@graph":[{"@type":"WebPage","@id":"https:\/\/new.fxware.pl\/pl\/produkt\/pakiet-uniwersytecki-premium-mt4mt5-40\/","url":"https:\/\/new.fxware.pl\/pl\/produkt\/pakiet-uniwersytecki-premium-mt4mt5-40\/","name":"Premium Toolkit MT4+MT5 -40% - FXWare","isPartOf":{"@id":"https:\/\/new.fxware.pl\/en\/#website"},"primaryImageOfPage":{"@id":"https:\/\/new.fxware.pl\/pl\/produkt\/pakiet-uniwersytecki-premium-mt4mt5-40\/#primaryimage"},"image":{"@id":"https:\/\/new.fxware.pl\/pl\/produkt\/pakiet-uniwersytecki-premium-mt4mt5-40\/#primaryimage"},"thumbnailUrl":"https:\/\/new.fxware.pl\/wp-content\/uploads\/2024\/02\/wf-zestaw-40-1000x1000-1.png","datePublished":"2024-02-13T18:01:26+00:00","dateModified":"2025-12-14T16:32:35+00:00","breadcrumb":{"@id":"https:\/\/new.fxware.pl\/pl\/produkt\/pakiet-uniwersytecki-premium-mt4mt5-40\/#breadcrumb"},"inLanguage":"en-GB","potentialAction":[{"@type":"ReadAction","target":["https:\/\/new.fxware.pl\/pl\/produkt\/pakiet-uniwersytecki-premium-mt4mt5-40\/"]}]},{"@type":"ImageObject","inLanguage":"en-GB","@id":"https:\/\/new.fxware.pl\/pl\/produkt\/pakiet-uniwersytecki-premium-mt4mt5-40\/#primaryimage","url":"https:\/\/new.fxware.pl\/wp-content\/uploads\/2024\/02\/wf-zestaw-40-1000x1000-1.png","contentUrl":"https:\/\/new.fxware.pl\/wp-content\/uploads\/2024\/02\/wf-zestaw-40-1000x1000-1.png","width":1000,"height":1000},{"@type":"BreadcrumbList","@id":"https:\/\/new.fxware.pl\/pl\/produkt\/pakiet-uniwersytecki-premium-mt4mt5-40\/#breadcrumb","itemListElement":[{"@type":"ListItem","position":1,"name":"Strona g\u0142\u00f3wna","item":"https:\/\/new.fxware.pl\/"},{"@type":"ListItem","position":2,"name":"Sklep","item":"https:\/\/new.fxware.pl\/pl\/sklep\/"},{"@type":"ListItem","position":3,"name":"Zestaw narz\u0119dzi Premium MT4+MT5 -40%"}]},{"@type":"WebSite","@id":"https:\/\/new.fxware.pl\/en\/#website","url":"https:\/\/new.fxware.pl\/en\/","name":"FXWare","description":"Solutions for Traders","publisher":{"@id":"https:\/\/new.fxware.pl\/en\/#organization"},"potentialAction":[{"@type":"SearchAction","target":{"@type":"EntryPoint","urlTemplate":"https:\/\/new.fxware.pl\/en\/?s={search_term_string}"},"query-input":{"@type":"PropertyValueSpecification","valueRequired":true,"valueName":"search_term_string"}}],"inLanguage":"en-GB"},{"@type":"Organization","@id":"https:\/\/new.fxware.pl\/en\/#organization","name":"FXWare - Solutions for Investors","url":"https:\/\/new.fxware.pl\/en\/","logo":{"@type":"ImageObject","inLanguage":"en-GB","@id":"https:\/\/new.fxware.pl\/en\/#\/schema\/logo\/image\/","url":"https:\/\/new.fxware.pl\/wp-content\/uploads\/2019\/07\/logo-ciemne-6-kwadrat-1024x1024.png","contentUrl":"https:\/\/new.fxware.pl\/wp-content\/uploads\/2019\/07\/logo-ciemne-6-kwadrat-1024x1024.png","width":1024,"height":1024,"caption":"FXWare - Rozwi\u0105zania Dla Inwestor\u00f3w"},"image":{"@id":"https:\/\/new.fxware.pl\/en\/#\/schema\/logo\/image\/"},"sameAs":["https:\/\/facebook.com\/fxwarepl\/","https:\/\/www.youtube.com\/channel\/UC8dWK9a2okrHo4Lu3x2H8pA","https:\/\/instagram.com\/fxwarepl"]}]}},"wcpa_form_fields":{"wcpaData":{"product":{"product_price":949,"price_html":"<span class=\"wmc-cache-pid wmc-cache-loading\" data-wmc_product_id=\"27029\"><del aria-hidden=\"true\"><span class=\"woocommerce-Price-amount amount\"><bdi>1 .594&nbsp;<span class=\"woocommerce-Price-currencySymbol\">&#122;&#322;<\/span><\/bdi><\/span><\/del> <span class=\"screen-reader-text\">Original price was: 1 .594&nbsp;&#122;&#322;.<\/span><ins aria-hidden=\"true\"><span class=\"woocommerce-Price-amount amount\"><bdi>949&nbsp;<span class=\"woocommerce-Price-currencySymbol\">&#122;&#322;<\/span><\/bdi><\/span><\/ins><span class=\"screen-reader-text\">Current price is: 949&nbsp;&#122;&#322;.<\/span><\/span>","original_product_price":1594,"price_including_tax":949,"price_excluding_tax":949,"product_id":{"parent":27029,"variation":false},"is_variable":false,"stock_status":"instock","stock_quantity":null,"parent_sku":"","product_attributes":[],"custom_fields":[],"is_taxable":false},"fields":{"sec_265cb9394ecdd0":{"extra":{"key":"sec_265cb9394ecdd0","section_id":"sec_265cb9394ecdd0","name":"Default","status":1,"cl_rule":"show","enableCl":false,"relations":[],"toggle":true,"title_tag":"h3","show_title":false,"showPrice":"default","form_id":27011,"form_rules":{"exclude_from_discount":false,"fee_label":"Op\u0142ata","disp_hide_options_price":false,"disp_show_section_price":false,"disp_show_field_price":true,"layout_option":"standard","pric_use_as_fee":false,"process_fee_as":"woo_fee"},"layout_option":"standard"},"fields":[[{"active":true,"col":6,"relations":false,"cl_rule":"show","enableCl":false,"price":"","enablePrice":false,"className":"","label_position":"default","desc_position":"default","type":"radio-group","required":true,"elementId":"radio-group_565cb9394ecdfa","label":"Wybierz platform\u0119","name":"radio-group_565cb9394ecdfa","values":[{"label":"MT4 + MT5","value":"1","selected":true,"tempId":"aco_436","gt_translate_keys":["label"]}],"layOut":"","error":false,"checkUi":"","gt_translate_keys":["label"],"price_dependency":false,"cl_dependency":false,"value":""}]]},"sec_165cb58d1f346d":{"extra":{"key":"sec_165cb58d1f346d","section_id":"sec_165cb58d1f346d","name":"Default","status":1,"cl_rule":"show","enableCl":false,"relations":[],"toggle":true,"title_tag":"h3","show_title":false,"showPrice":"default","form_id":27000,"form_rules":{"exclude_from_discount":false,"fee_label":"Op\u0142ata","disp_hide_options_price":false,"disp_show_section_price":false,"disp_show_field_price":true,"layout_option":"standard","pric_use_as_fee":false,"process_fee_as":"woo_fee"},"layout_option":"standard"},"fields":[[{"type":"text","required":true,"elementId":"text_965cb58d1f3494","label":"Podaj imi\u0119 i nazwisko do licencji","description":"","desc_type":true,"placeholder":"Jan Brokerski","pricingType":"fixed","name":"text-1558468184442","subtype":"text","cl_rule":"show","cl_val":"1","requiredError":"Podaj imi\u0119 i nazwisko!","col":6,"relations":[{"operator":false,"rules":[{"operator":false,"rules":{"cl_field":"wcpa-radio-group-1558463923393","cl_relation":"is","cl_val":"1"}}]}],"active":true,"tooltip":"prosz\u0119 poda\u0107 imi\u0119 i nazwisko, na kt\u00f3re otwarte s\u0105 rachunki, polskie znaki, du\u017ce i ma\u0142e litery oraz kolejno\u015b\u0107 imi\u0119 \/ nazwisko nie maj\u0105 znaczenia","gt_translate_keys":["label","placeholder","description","tooltip","requiredError"],"price_dependency":false,"cl_dependency":false,"value":""}]]}},"config":{"price_override":"","enable_recaptcha":false,"bind_quantity":false,"quantity_bind_formula":"","disp_summ_show_option_price":false,"disp_summ_show_product_price":false,"disp_summ_show_total_price":true,"disp_summ_show_fee":false,"disp_summ_show_discount":false,"summary_title":"","options_total_label":"Cena dodatk\u00f3w","total_label":"Cena \u0142\u0105czna","options_product_label":"Cena podstawowa","fee_label":"Op\u0142ata","discount_label":"Rabat","has_price":true,"has_quantity_formula":false},"mc_unit":1,"tax_rate":1,"tax_rate_real":1,"discount":{"percentage":0,"fixed":0},"design":{"conf":{"LabelPosition":"above","DescPosition":"above","UploadField":"custom_1","QuantityFieldStyle":"default"},"css":{"LeftLabelWidth":"120px"}},"formulas":[],"clones":false,"cartKey":false}},"_links":{"self":[{"href":"https:\/\/new.fxware.pl\/en\/wp-json\/wp\/v2\/product\/27029","targetHints":{"allow":["GET"]}}],"collection":[{"href":"https:\/\/new.fxware.pl\/en\/wp-json\/wp\/v2\/product"}],"about":[{"href":"https:\/\/new.fxware.pl\/en\/wp-json\/wp\/v2\/types\/product"}],"wp:featuredmedia":[{"embeddable":true,"href":"https:\/\/new.fxware.pl\/en\/wp-json\/wp\/v2\/media\/31676"}],"wp:attachment":[{"href":"https:\/\/new.fxware.pl\/en\/wp-json\/wp\/v2\/media?parent=27029"}],"wp:term":[{"taxonomy":"product_brand","embeddable":true,"href":"https:\/\/new.fxware.pl\/en\/wp-json\/wp\/v2\/product_brand?post=27029"},{"taxonomy":"product_cat","embeddable":true,"href":"https:\/\/new.fxware.pl\/en\/wp-json\/wp\/v2\/product_cat?post=27029"},{"taxonomy":"product_tag","embeddable":true,"href":"https:\/\/new.fxware.pl\/en\/wp-json\/wp\/v2\/product_tag?post=27029"}],"curies":[{"name":"wp","href":"https:\/\/api.w.org\/{rel}","templated":true}]}}