{"id":27025,"date":"2024-02-13T18:38:34","date_gmt":"2024-02-13T17:38:34","guid":{"rendered":"https:\/\/new.fxware.pl\/produkt\/fx-harvest-pro-rozszerzenie-licencji-i-dodatki-copy\/"},"modified":"2024-02-13T18:43:53","modified_gmt":"2024-02-13T17:43:53","slug":"fx-harvest-pro-upgrade-2","status":"publish","type":"product","link":"https:\/\/new.fxware.pl\/en\/produkt\/fx-harvest-pro-upgrade-2\/","title":{"rendered":"RENKO System for FX Harvest PRO"},"content":{"rendered":"<p>Additional module for FX Harvest Pro - RENKO System - module for trading on RENKO charts.<\/p>","protected":false},"excerpt":{"rendered":"<p>An add-on module for the FX Harvest PRO trading panel - RENKO System. Designed for the MT4 platform.<\/p>\n<p><strong>NOTE - a FX Harvest PRO trading panel licence is required to run the module.<\/strong> If you do not have a licence then you can buy the panel with the module here: <a href=\"https:\/\/new.fxware.pl\/en\/fx-harvest-pro-8\/\">FX Harvest PRO<\/a><\/p>\n<p>Product page: <a href=\"https:\/\/new.fxware.pl\/en\/fx-harvest-pro-2\/\">FX Harvest PRO 8<\/a><\/p>","protected":false},"featured_media":1087,"template":"","meta":{"inline_featured_image":false},"product_brand":[],"product_cat":[43],"product_tag":[23,24,37],"class_list":{"0":"post-27025","1":"product","2":"type-product","3":"status-publish","4":"has-post-thumbnail","6":"product_cat-aktualizacje-i-dodatki","7":"product_tag-mt4","8":"product_tag-mt5","9":"product_tag-strategia","11":"first","12":"instock","13":"virtual","14":"sold-individually","15":"taxable","16":"purchasable","17":"product-type-simple"},"yoast_head":"<!-- This site is optimized with the Yoast SEO plugin v27.3 - https:\/\/yoast.com\/product\/yoast-seo-wordpress\/ -->\n<title>RENKO System dla FX Harvest PRO - FXWare<\/title>\n<meta name=\"robots\" content=\"index, follow, max-snippet:-1, max-image-preview:large, max-video-preview:-1\" \/>\n<link rel=\"canonical\" href=\"https:\/\/new.fxware.pl\/en\/produkt\/fx-harvest-pro-upgrade-2\/\" \/>\n<meta property=\"og:locale\" content=\"en_GB\" \/>\n<meta property=\"og:type\" content=\"article\" \/>\n<meta property=\"og:title\" content=\"RENKO System dla FX Harvest PRO - FXWare\" \/>\n<meta property=\"og:description\" content=\"Modu\u0142 dodatkowy do panelu tradingowego FX Harvest PRO - RENKO System. Przeznaczony dla platformy MT4.  UWAGA - do uruchomienia modu\u0142u wymagana jest licencja na panel tradingowy FX Harvest PRO. Je\u015bli nie posiadasz licencji to mo\u017cesz kupi\u0107 panel z modu\u0142em tutaj: FX Harvest PRO  Strona produktu: FX Harvest PRO 8\" \/>\n<meta property=\"og:url\" content=\"https:\/\/new.fxware.pl\/en\/produkt\/fx-harvest-pro-upgrade-2\/\" \/>\n<meta property=\"og:site_name\" content=\"FXWare\" \/>\n<meta property=\"article:publisher\" content=\"https:\/\/facebook.com\/fxwarepl\/\" \/>\n<meta property=\"article:modified_time\" content=\"2024-02-13T17:43:53+00:00\" \/>\n<meta property=\"og:image\" content=\"https:\/\/new.fxware.pl\/wp-content\/uploads\/2019\/05\/Artboard-2-product.png\" \/>\n\t<meta property=\"og:image:width\" content=\"648\" \/>\n\t<meta property=\"og:image:height\" content=\"648\" \/>\n\t<meta property=\"og:image:type\" content=\"image\/png\" \/>\n<meta name=\"twitter:card\" content=\"summary_large_image\" \/>\n<script type=\"application\/ld+json\" class=\"yoast-schema-graph\">{\"@context\":\"https:\\\/\\\/schema.org\",\"@graph\":[{\"@type\":\"WebPage\",\"@id\":\"https:\\\/\\\/new.fxware.pl\\\/produkt\\\/renko-system-dla-fx-harvest-pro\\\/\",\"url\":\"https:\\\/\\\/new.fxware.pl\\\/produkt\\\/renko-system-dla-fx-harvest-pro\\\/\",\"name\":\"RENKO System dla FX Harvest PRO - FXWare\",\"isPartOf\":{\"@id\":\"https:\\\/\\\/new.fxware.pl\\\/en\\\/#website\"},\"primaryImageOfPage\":{\"@id\":\"https:\\\/\\\/new.fxware.pl\\\/produkt\\\/renko-system-dla-fx-harvest-pro\\\/#primaryimage\"},\"image\":{\"@id\":\"https:\\\/\\\/new.fxware.pl\\\/produkt\\\/renko-system-dla-fx-harvest-pro\\\/#primaryimage\"},\"thumbnailUrl\":\"https:\\\/\\\/new.fxware.pl\\\/wp-content\\\/uploads\\\/2019\\\/05\\\/Artboard-2-product.png\",\"datePublished\":\"2024-02-13T17:38:34+00:00\",\"dateModified\":\"2024-02-13T17:43:53+00:00\",\"breadcrumb\":{\"@id\":\"https:\\\/\\\/new.fxware.pl\\\/produkt\\\/renko-system-dla-fx-harvest-pro\\\/#breadcrumb\"},\"inLanguage\":\"en-GB\",\"potentialAction\":[{\"@type\":\"ReadAction\",\"target\":[\"https:\\\/\\\/new.fxware.pl\\\/produkt\\\/renko-system-dla-fx-harvest-pro\\\/\"]}]},{\"@type\":\"ImageObject\",\"inLanguage\":\"en-GB\",\"@id\":\"https:\\\/\\\/new.fxware.pl\\\/produkt\\\/renko-system-dla-fx-harvest-pro\\\/#primaryimage\",\"url\":\"https:\\\/\\\/new.fxware.pl\\\/wp-content\\\/uploads\\\/2019\\\/05\\\/Artboard-2-product.png\",\"contentUrl\":\"https:\\\/\\\/new.fxware.pl\\\/wp-content\\\/uploads\\\/2019\\\/05\\\/Artboard-2-product.png\",\"width\":648,\"height\":648},{\"@type\":\"BreadcrumbList\",\"@id\":\"https:\\\/\\\/new.fxware.pl\\\/produkt\\\/renko-system-dla-fx-harvest-pro\\\/#breadcrumb\",\"itemListElement\":[{\"@type\":\"ListItem\",\"position\":1,\"name\":\"Strona g\u0142\u00f3wna\",\"item\":\"https:\\\/\\\/new.fxware.pl\\\/\"},{\"@type\":\"ListItem\",\"position\":2,\"name\":\"Sklep\",\"item\":\"https:\\\/\\\/new.fxware.pl\\\/pl\\\/sklep\\\/\"},{\"@type\":\"ListItem\",\"position\":3,\"name\":\"RENKO System dla FX Harvest PRO\"}]},{\"@type\":\"WebSite\",\"@id\":\"https:\\\/\\\/new.fxware.pl\\\/en\\\/#website\",\"url\":\"https:\\\/\\\/new.fxware.pl\\\/en\\\/\",\"name\":\"FXWare\",\"description\":\"Rozwi\u0105zania dla Trader\u00f3w\",\"publisher\":{\"@id\":\"https:\\\/\\\/new.fxware.pl\\\/en\\\/#organization\"},\"potentialAction\":[{\"@type\":\"SearchAction\",\"target\":{\"@type\":\"EntryPoint\",\"urlTemplate\":\"https:\\\/\\\/new.fxware.pl\\\/en\\\/?s={search_term_string}\"},\"query-input\":{\"@type\":\"PropertyValueSpecification\",\"valueRequired\":true,\"valueName\":\"search_term_string\"}}],\"inLanguage\":\"en-GB\"},{\"@type\":\"Organization\",\"@id\":\"https:\\\/\\\/new.fxware.pl\\\/en\\\/#organization\",\"name\":\"FXWare - Rozwi\u0105zania Dla Inwestor\u00f3w\",\"url\":\"https:\\\/\\\/new.fxware.pl\\\/en\\\/\",\"logo\":{\"@type\":\"ImageObject\",\"inLanguage\":\"en-GB\",\"@id\":\"https:\\\/\\\/new.fxware.pl\\\/en\\\/#\\\/schema\\\/logo\\\/image\\\/\",\"url\":\"https:\\\/\\\/new.fxware.pl\\\/wp-content\\\/uploads\\\/2019\\\/07\\\/logo-ciemne-6-kwadrat-1024x1024.png\",\"contentUrl\":\"https:\\\/\\\/new.fxware.pl\\\/wp-content\\\/uploads\\\/2019\\\/07\\\/logo-ciemne-6-kwadrat-1024x1024.png\",\"width\":1024,\"height\":1024,\"caption\":\"FXWare - Rozwi\u0105zania Dla Inwestor\u00f3w\"},\"image\":{\"@id\":\"https:\\\/\\\/new.fxware.pl\\\/en\\\/#\\\/schema\\\/logo\\\/image\\\/\"},\"sameAs\":[\"https:\\\/\\\/facebook.com\\\/fxwarepl\\\/\",\"https:\\\/\\\/www.youtube.com\\\/channel\\\/UC8dWK9a2okrHo4Lu3x2H8pA\",\"https:\\\/\\\/instagram.com\\\/fxwarepl\"]}]}<\/script>\n<!-- \/ Yoast SEO plugin. -->","yoast_head_json":{"title":"RENKO System for FX Harvest PRO - FXWare","robots":{"index":"index","follow":"follow","max-snippet":"max-snippet:-1","max-image-preview":"max-image-preview:large","max-video-preview":"max-video-preview:-1"},"canonical":"https:\/\/new.fxware.pl\/en\/produkt\/fx-harvest-pro-upgrade-2\/","og_locale":"en_GB","og_type":"article","og_title":"RENKO System dla FX Harvest PRO - FXWare","og_description":"Modu\u0142 dodatkowy do panelu tradingowego FX Harvest PRO - RENKO System. Przeznaczony dla platformy MT4.  UWAGA - do uruchomienia modu\u0142u wymagana jest licencja na panel tradingowy FX Harvest PRO. Je\u015bli nie posiadasz licencji to mo\u017cesz kupi\u0107 panel z modu\u0142em tutaj: FX Harvest PRO  Strona produktu: FX Harvest PRO 8","og_url":"https:\/\/new.fxware.pl\/en\/produkt\/fx-harvest-pro-upgrade-2\/","og_site_name":"FXWare","article_publisher":"https:\/\/facebook.com\/fxwarepl\/","article_modified_time":"2024-02-13T17:43:53+00:00","og_image":[{"width":648,"height":648,"url":"https:\/\/new.fxware.pl\/wp-content\/uploads\/2019\/05\/Artboard-2-product.png","type":"image\/png"}],"twitter_card":"summary_large_image","schema":{"@context":"https:\/\/schema.org","@graph":[{"@type":"WebPage","@id":"https:\/\/new.fxware.pl\/produkt\/renko-system-dla-fx-harvest-pro\/","url":"https:\/\/new.fxware.pl\/produkt\/renko-system-dla-fx-harvest-pro\/","name":"RENKO System for FX Harvest PRO - FXWare","isPartOf":{"@id":"https:\/\/new.fxware.pl\/en\/#website"},"primaryImageOfPage":{"@id":"https:\/\/new.fxware.pl\/produkt\/renko-system-dla-fx-harvest-pro\/#primaryimage"},"image":{"@id":"https:\/\/new.fxware.pl\/produkt\/renko-system-dla-fx-harvest-pro\/#primaryimage"},"thumbnailUrl":"https:\/\/new.fxware.pl\/wp-content\/uploads\/2019\/05\/Artboard-2-product.png","datePublished":"2024-02-13T17:38:34+00:00","dateModified":"2024-02-13T17:43:53+00:00","breadcrumb":{"@id":"https:\/\/new.fxware.pl\/produkt\/renko-system-dla-fx-harvest-pro\/#breadcrumb"},"inLanguage":"en-GB","potentialAction":[{"@type":"ReadAction","target":["https:\/\/new.fxware.pl\/produkt\/renko-system-dla-fx-harvest-pro\/"]}]},{"@type":"ImageObject","inLanguage":"en-GB","@id":"https:\/\/new.fxware.pl\/produkt\/renko-system-dla-fx-harvest-pro\/#primaryimage","url":"https:\/\/new.fxware.pl\/wp-content\/uploads\/2019\/05\/Artboard-2-product.png","contentUrl":"https:\/\/new.fxware.pl\/wp-content\/uploads\/2019\/05\/Artboard-2-product.png","width":648,"height":648},{"@type":"BreadcrumbList","@id":"https:\/\/new.fxware.pl\/produkt\/renko-system-dla-fx-harvest-pro\/#breadcrumb","itemListElement":[{"@type":"ListItem","position":1,"name":"Strona g\u0142\u00f3wna","item":"https:\/\/new.fxware.pl\/"},{"@type":"ListItem","position":2,"name":"Sklep","item":"https:\/\/new.fxware.pl\/pl\/sklep\/"},{"@type":"ListItem","position":3,"name":"RENKO System dla FX Harvest PRO"}]},{"@type":"WebSite","@id":"https:\/\/new.fxware.pl\/en\/#website","url":"https:\/\/new.fxware.pl\/en\/","name":"FXWare","description":"Solutions for Traders","publisher":{"@id":"https:\/\/new.fxware.pl\/en\/#organization"},"potentialAction":[{"@type":"SearchAction","target":{"@type":"EntryPoint","urlTemplate":"https:\/\/new.fxware.pl\/en\/?s={search_term_string}"},"query-input":{"@type":"PropertyValueSpecification","valueRequired":true,"valueName":"search_term_string"}}],"inLanguage":"en-GB"},{"@type":"Organization","@id":"https:\/\/new.fxware.pl\/en\/#organization","name":"FXWare - Solutions for Investors","url":"https:\/\/new.fxware.pl\/en\/","logo":{"@type":"ImageObject","inLanguage":"en-GB","@id":"https:\/\/new.fxware.pl\/en\/#\/schema\/logo\/image\/","url":"https:\/\/new.fxware.pl\/wp-content\/uploads\/2019\/07\/logo-ciemne-6-kwadrat-1024x1024.png","contentUrl":"https:\/\/new.fxware.pl\/wp-content\/uploads\/2019\/07\/logo-ciemne-6-kwadrat-1024x1024.png","width":1024,"height":1024,"caption":"FXWare - Rozwi\u0105zania Dla Inwestor\u00f3w"},"image":{"@id":"https:\/\/new.fxware.pl\/en\/#\/schema\/logo\/image\/"},"sameAs":["https:\/\/facebook.com\/fxwarepl\/","https:\/\/www.youtube.com\/channel\/UC8dWK9a2okrHo4Lu3x2H8pA","https:\/\/instagram.com\/fxwarepl"]}]}},"wcpa_form_fields":null,"_links":{"self":[{"href":"https:\/\/new.fxware.pl\/en\/wp-json\/wp\/v2\/product\/27025","targetHints":{"allow":["GET"]}}],"collection":[{"href":"https:\/\/new.fxware.pl\/en\/wp-json\/wp\/v2\/product"}],"about":[{"href":"https:\/\/new.fxware.pl\/en\/wp-json\/wp\/v2\/types\/product"}],"wp:featuredmedia":[{"embeddable":true,"href":"https:\/\/new.fxware.pl\/en\/wp-json\/wp\/v2\/media\/1087"}],"wp:attachment":[{"href":"https:\/\/new.fxware.pl\/en\/wp-json\/wp\/v2\/media?parent=27025"}],"wp:term":[{"taxonomy":"product_brand","embeddable":true,"href":"https:\/\/new.fxware.pl\/en\/wp-json\/wp\/v2\/product_brand?post=27025"},{"taxonomy":"product_cat","embeddable":true,"href":"https:\/\/new.fxware.pl\/en\/wp-json\/wp\/v2\/product_cat?post=27025"},{"taxonomy":"product_tag","embeddable":true,"href":"https:\/\/new.fxware.pl\/en\/wp-json\/wp\/v2\/product_tag?post=27025"}],"curies":[{"name":"wp","href":"https:\/\/api.w.org\/{rel}","templated":true}]}}