{"id":19882,"date":"2022-05-15T22:34:35","date_gmt":"2022-05-15T20:34:35","guid":{"rendered":"https:\/\/new.fxware.pl\/produkt\/wolumen-skumulowany-copy\/"},"modified":"2024-01-19T22:00:59","modified_gmt":"2024-01-19T21:00:59","slug":"cumulative-volume-upgrade-5x-mt5","status":"publish","type":"product","link":"https:\/\/new.fxware.pl\/en\/produkt\/cumulative-volume-upgrade-5x-mt5\/","title":{"rendered":"Cumulative volume upgrade"},"content":{"rendered":"<p>Update of the licence for the Cumulative Volume indicator to the latest version. Key changes:<\/p>\n<ul>\n<li>Version also on MT5<\/li>\n<li>works with the latest ClusterDelta indicators<\/li>\n<li>detection of divergence<\/li>\n<li>extensive control panel<\/li>\n<li>performance optimisation<\/li>\n<\/ul>","protected":false},"excerpt":{"rendered":"<p><span style=\"color: #993300;\"><strong>PLEASE NOTE - this product is an upgrade for 4.x or single platform MT4 or MT5 licence holders only.<\/strong><\/span> If you wish to purchase a new licence you must do so here: <a href=\"https:\/\/new.fxware.pl\/en\/produkt\/cumulative-volume\/\">https:\/\/new.fxware.pl\/produkt\/wolumen-skumulowany\/<\/a><\/p>\n<p>This upgrade is for owners of an older version, or a single platform or account version. Its purchase extends the licence to the latest version in your name and for both MT4 + MT5 platforms simultaneously.<\/p>\n<p><strong><span style=\"color: #f45b15;\">Also check out the special promotional offer for the Fibo toolkit:<\/span><\/strong><\/p>\n<p><a href=\"https:\/\/new.fxware.pl\/en\/pack-for-fibo-trading-lab\/\">Cumulative volume + FX Harvest PRO panel bundled cheaper by as much as 30%<\/a><\/p>\n<p>Upgrade to the latest version 5.2 of the indicator showing cumulative volume in waves. Product description:\u00a0<a href=\"https:\/\/new.fxware.pl\/en\/cumulative-volume\/\">Cumulative volume<\/a><\/p>","protected":false},"featured_media":1830,"template":"","meta":{"inline_featured_image":false},"product_brand":[],"product_cat":[43],"product_tag":[23,24,36,22],"class_list":{"0":"post-19882","1":"product","2":"type-product","3":"status-publish","4":"has-post-thumbnail","6":"product_cat-aktualizacje-i-dodatki","7":"product_tag-mt4","8":"product_tag-mt5","9":"product_tag-upgrade","10":"product_tag-wskaznik","11":"wcpa_has_options","13":"first","14":"instock","15":"virtual","16":"sold-individually","17":"taxable","18":"purchasable","19":"product-type-simple"},"yoast_head":"<!-- This site is optimized with the Yoast SEO plugin v27.3 - https:\/\/yoast.com\/product\/yoast-seo-wordpress\/ -->\n<title>Wolumen skumulowany upgrade - FXWare<\/title>\n<meta name=\"robots\" content=\"index, follow, max-snippet:-1, max-image-preview:large, max-video-preview:-1\" \/>\n<link rel=\"canonical\" href=\"https:\/\/new.fxware.pl\/en\/produkt\/cumulative-volume-upgrade-5x-mt5\/\" \/>\n<meta property=\"og:locale\" content=\"en_GB\" \/>\n<meta property=\"og:type\" content=\"article\" \/>\n<meta property=\"og:title\" content=\"Wolumen skumulowany upgrade - FXWare\" \/>\n<meta property=\"og:description\" content=\"UWAGA - ten produkt jest wy\u0142\u0105cznie aktualizacj\u0105 dla posiadaczy licencji wersji 4.x lub wersji na pojedyncz\u0105 platform\u0119 MT4 lub MT5. Je\u015bli chcesz kupi\u0107 now\u0105 licencj\u0119 musisz to zrobi\u0107 tutaj: https:\/\/new.fxware.pl\/produkt\/wolumen-skumulowany\/  Ta aktualizacja jest dla posiadaczy starszej wersji, lub wersji na jedn\u0105 platform\u0119 lub na rachunek. Jej wykupienie rozszerza licencj\u0119 do najnowszej wersji na nazwisko i na obie platformy MT4 + MT5 jednocze\u015bnie.  Zapoznaj si\u0119 te\u017c z promocyjn\u0105 ofert\u0105 specjaln\u0105 na pakiet narz\u0119dzi Fibo:      Aktualizacja do najnowszej wersja 5.2 wska\u017anika prezentuj\u0105cego wolumen skumulowany w postaci fal. Opis produktu:\u00a0Wolumen skumulowany\" \/>\n<meta property=\"og:url\" content=\"https:\/\/new.fxware.pl\/en\/produkt\/cumulative-volume-upgrade-5x-mt5\/\" \/>\n<meta property=\"og:site_name\" content=\"FXWare\" \/>\n<meta property=\"article:publisher\" content=\"https:\/\/facebook.com\/fxwarepl\/\" \/>\n<meta property=\"article:modified_time\" content=\"2024-01-19T21:00:59+00:00\" \/>\n<meta property=\"og:image\" content=\"https:\/\/new.fxware.pl\/wp-content\/uploads\/2019\/05\/Artboard-9-product.png\" \/>\n\t<meta property=\"og:image:width\" content=\"648\" \/>\n\t<meta property=\"og:image:height\" content=\"648\" \/>\n\t<meta property=\"og:image:type\" content=\"image\/png\" \/>\n<meta name=\"twitter:card\" content=\"summary_large_image\" \/>\n<script type=\"application\/ld+json\" class=\"yoast-schema-graph\">{\"@context\":\"https:\\\/\\\/schema.org\",\"@graph\":[{\"@type\":\"WebPage\",\"@id\":\"https:\\\/\\\/new.fxware.pl\\\/pl\\\/produkt\\\/wolumen-skumulowany-upgrade-5x-mt5\\\/\",\"url\":\"https:\\\/\\\/new.fxware.pl\\\/pl\\\/produkt\\\/wolumen-skumulowany-upgrade-5x-mt5\\\/\",\"name\":\"Wolumen skumulowany upgrade - FXWare\",\"isPartOf\":{\"@id\":\"https:\\\/\\\/new.fxware.pl\\\/en\\\/#website\"},\"primaryImageOfPage\":{\"@id\":\"https:\\\/\\\/new.fxware.pl\\\/pl\\\/produkt\\\/wolumen-skumulowany-upgrade-5x-mt5\\\/#primaryimage\"},\"image\":{\"@id\":\"https:\\\/\\\/new.fxware.pl\\\/pl\\\/produkt\\\/wolumen-skumulowany-upgrade-5x-mt5\\\/#primaryimage\"},\"thumbnailUrl\":\"https:\\\/\\\/new.fxware.pl\\\/wp-content\\\/uploads\\\/2019\\\/05\\\/Artboard-9-product.png\",\"datePublished\":\"2022-05-15T20:34:35+00:00\",\"dateModified\":\"2024-01-19T21:00:59+00:00\",\"breadcrumb\":{\"@id\":\"https:\\\/\\\/new.fxware.pl\\\/pl\\\/produkt\\\/wolumen-skumulowany-upgrade-5x-mt5\\\/#breadcrumb\"},\"inLanguage\":\"en-GB\",\"potentialAction\":[{\"@type\":\"ReadAction\",\"target\":[\"https:\\\/\\\/new.fxware.pl\\\/pl\\\/produkt\\\/wolumen-skumulowany-upgrade-5x-mt5\\\/\"]}]},{\"@type\":\"ImageObject\",\"inLanguage\":\"en-GB\",\"@id\":\"https:\\\/\\\/new.fxware.pl\\\/pl\\\/produkt\\\/wolumen-skumulowany-upgrade-5x-mt5\\\/#primaryimage\",\"url\":\"https:\\\/\\\/new.fxware.pl\\\/wp-content\\\/uploads\\\/2019\\\/05\\\/Artboard-9-product.png\",\"contentUrl\":\"https:\\\/\\\/new.fxware.pl\\\/wp-content\\\/uploads\\\/2019\\\/05\\\/Artboard-9-product.png\",\"width\":648,\"height\":648},{\"@type\":\"BreadcrumbList\",\"@id\":\"https:\\\/\\\/new.fxware.pl\\\/pl\\\/produkt\\\/wolumen-skumulowany-upgrade-5x-mt5\\\/#breadcrumb\",\"itemListElement\":[{\"@type\":\"ListItem\",\"position\":1,\"name\":\"Strona g\u0142\u00f3wna\",\"item\":\"https:\\\/\\\/new.fxware.pl\\\/\"},{\"@type\":\"ListItem\",\"position\":2,\"name\":\"Sklep\",\"item\":\"https:\\\/\\\/new.fxware.pl\\\/pl\\\/sklep\\\/\"},{\"@type\":\"ListItem\",\"position\":3,\"name\":\"Wolumen skumulowany upgrade\"}]},{\"@type\":\"WebSite\",\"@id\":\"https:\\\/\\\/new.fxware.pl\\\/en\\\/#website\",\"url\":\"https:\\\/\\\/new.fxware.pl\\\/en\\\/\",\"name\":\"FXWare\",\"description\":\"Rozwi\u0105zania dla Trader\u00f3w\",\"publisher\":{\"@id\":\"https:\\\/\\\/new.fxware.pl\\\/en\\\/#organization\"},\"potentialAction\":[{\"@type\":\"SearchAction\",\"target\":{\"@type\":\"EntryPoint\",\"urlTemplate\":\"https:\\\/\\\/new.fxware.pl\\\/en\\\/?s={search_term_string}\"},\"query-input\":{\"@type\":\"PropertyValueSpecification\",\"valueRequired\":true,\"valueName\":\"search_term_string\"}}],\"inLanguage\":\"en-GB\"},{\"@type\":\"Organization\",\"@id\":\"https:\\\/\\\/new.fxware.pl\\\/en\\\/#organization\",\"name\":\"FXWare - Rozwi\u0105zania Dla Inwestor\u00f3w\",\"url\":\"https:\\\/\\\/new.fxware.pl\\\/en\\\/\",\"logo\":{\"@type\":\"ImageObject\",\"inLanguage\":\"en-GB\",\"@id\":\"https:\\\/\\\/new.fxware.pl\\\/en\\\/#\\\/schema\\\/logo\\\/image\\\/\",\"url\":\"https:\\\/\\\/new.fxware.pl\\\/wp-content\\\/uploads\\\/2019\\\/07\\\/logo-ciemne-6-kwadrat-1024x1024.png\",\"contentUrl\":\"https:\\\/\\\/new.fxware.pl\\\/wp-content\\\/uploads\\\/2019\\\/07\\\/logo-ciemne-6-kwadrat-1024x1024.png\",\"width\":1024,\"height\":1024,\"caption\":\"FXWare - Rozwi\u0105zania Dla Inwestor\u00f3w\"},\"image\":{\"@id\":\"https:\\\/\\\/new.fxware.pl\\\/en\\\/#\\\/schema\\\/logo\\\/image\\\/\"},\"sameAs\":[\"https:\\\/\\\/facebook.com\\\/fxwarepl\\\/\",\"https:\\\/\\\/www.youtube.com\\\/channel\\\/UC8dWK9a2okrHo4Lu3x2H8pA\",\"https:\\\/\\\/instagram.com\\\/fxwarepl\"]}]}<\/script>\n<!-- \/ Yoast SEO plugin. -->","yoast_head_json":{"title":"Cumulative upgrade volume - FXWare","robots":{"index":"index","follow":"follow","max-snippet":"max-snippet:-1","max-image-preview":"max-image-preview:large","max-video-preview":"max-video-preview:-1"},"canonical":"https:\/\/new.fxware.pl\/en\/produkt\/cumulative-volume-upgrade-5x-mt5\/","og_locale":"en_GB","og_type":"article","og_title":"Wolumen skumulowany upgrade - FXWare","og_description":"UWAGA - ten produkt jest wy\u0142\u0105cznie aktualizacj\u0105 dla posiadaczy licencji wersji 4.x lub wersji na pojedyncz\u0105 platform\u0119 MT4 lub MT5. Je\u015bli chcesz kupi\u0107 now\u0105 licencj\u0119 musisz to zrobi\u0107 tutaj: https:\/\/new.fxware.pl\/produkt\/wolumen-skumulowany\/  Ta aktualizacja jest dla posiadaczy starszej wersji, lub wersji na jedn\u0105 platform\u0119 lub na rachunek. Jej wykupienie rozszerza licencj\u0119 do najnowszej wersji na nazwisko i na obie platformy MT4 + MT5 jednocze\u015bnie.  Zapoznaj si\u0119 te\u017c z promocyjn\u0105 ofert\u0105 specjaln\u0105 na pakiet narz\u0119dzi Fibo:      Aktualizacja do najnowszej wersja 5.2 wska\u017anika prezentuj\u0105cego wolumen skumulowany w postaci fal. Opis produktu:\u00a0Wolumen skumulowany","og_url":"https:\/\/new.fxware.pl\/en\/produkt\/cumulative-volume-upgrade-5x-mt5\/","og_site_name":"FXWare","article_publisher":"https:\/\/facebook.com\/fxwarepl\/","article_modified_time":"2024-01-19T21:00:59+00:00","og_image":[{"width":648,"height":648,"url":"https:\/\/new.fxware.pl\/wp-content\/uploads\/2019\/05\/Artboard-9-product.png","type":"image\/png"}],"twitter_card":"summary_large_image","schema":{"@context":"https:\/\/schema.org","@graph":[{"@type":"WebPage","@id":"https:\/\/new.fxware.pl\/pl\/produkt\/wolumen-skumulowany-upgrade-5x-mt5\/","url":"https:\/\/new.fxware.pl\/pl\/produkt\/wolumen-skumulowany-upgrade-5x-mt5\/","name":"Cumulative upgrade volume - FXWare","isPartOf":{"@id":"https:\/\/new.fxware.pl\/en\/#website"},"primaryImageOfPage":{"@id":"https:\/\/new.fxware.pl\/pl\/produkt\/wolumen-skumulowany-upgrade-5x-mt5\/#primaryimage"},"image":{"@id":"https:\/\/new.fxware.pl\/pl\/produkt\/wolumen-skumulowany-upgrade-5x-mt5\/#primaryimage"},"thumbnailUrl":"https:\/\/new.fxware.pl\/wp-content\/uploads\/2019\/05\/Artboard-9-product.png","datePublished":"2022-05-15T20:34:35+00:00","dateModified":"2024-01-19T21:00:59+00:00","breadcrumb":{"@id":"https:\/\/new.fxware.pl\/pl\/produkt\/wolumen-skumulowany-upgrade-5x-mt5\/#breadcrumb"},"inLanguage":"en-GB","potentialAction":[{"@type":"ReadAction","target":["https:\/\/new.fxware.pl\/pl\/produkt\/wolumen-skumulowany-upgrade-5x-mt5\/"]}]},{"@type":"ImageObject","inLanguage":"en-GB","@id":"https:\/\/new.fxware.pl\/pl\/produkt\/wolumen-skumulowany-upgrade-5x-mt5\/#primaryimage","url":"https:\/\/new.fxware.pl\/wp-content\/uploads\/2019\/05\/Artboard-9-product.png","contentUrl":"https:\/\/new.fxware.pl\/wp-content\/uploads\/2019\/05\/Artboard-9-product.png","width":648,"height":648},{"@type":"BreadcrumbList","@id":"https:\/\/new.fxware.pl\/pl\/produkt\/wolumen-skumulowany-upgrade-5x-mt5\/#breadcrumb","itemListElement":[{"@type":"ListItem","position":1,"name":"Strona g\u0142\u00f3wna","item":"https:\/\/new.fxware.pl\/"},{"@type":"ListItem","position":2,"name":"Sklep","item":"https:\/\/new.fxware.pl\/pl\/sklep\/"},{"@type":"ListItem","position":3,"name":"Wolumen skumulowany upgrade"}]},{"@type":"WebSite","@id":"https:\/\/new.fxware.pl\/en\/#website","url":"https:\/\/new.fxware.pl\/en\/","name":"FXWare","description":"Solutions for Traders","publisher":{"@id":"https:\/\/new.fxware.pl\/en\/#organization"},"potentialAction":[{"@type":"SearchAction","target":{"@type":"EntryPoint","urlTemplate":"https:\/\/new.fxware.pl\/en\/?s={search_term_string}"},"query-input":{"@type":"PropertyValueSpecification","valueRequired":true,"valueName":"search_term_string"}}],"inLanguage":"en-GB"},{"@type":"Organization","@id":"https:\/\/new.fxware.pl\/en\/#organization","name":"FXWare - Solutions for Investors","url":"https:\/\/new.fxware.pl\/en\/","logo":{"@type":"ImageObject","inLanguage":"en-GB","@id":"https:\/\/new.fxware.pl\/en\/#\/schema\/logo\/image\/","url":"https:\/\/new.fxware.pl\/wp-content\/uploads\/2019\/07\/logo-ciemne-6-kwadrat-1024x1024.png","contentUrl":"https:\/\/new.fxware.pl\/wp-content\/uploads\/2019\/07\/logo-ciemne-6-kwadrat-1024x1024.png","width":1024,"height":1024,"caption":"FXWare - Rozwi\u0105zania Dla Inwestor\u00f3w"},"image":{"@id":"https:\/\/new.fxware.pl\/en\/#\/schema\/logo\/image\/"},"sameAs":["https:\/\/facebook.com\/fxwarepl\/","https:\/\/www.youtube.com\/channel\/UC8dWK9a2okrHo4Lu3x2H8pA","https:\/\/instagram.com\/fxwarepl"]}]}},"wcpa_form_fields":{"wcpaData":{"product":{"product_price":99,"price_html":"<span class=\"wmc-cache-pid wmc-cache-loading\" data-wmc_product_id=\"19882\"><span class=\"woocommerce-Price-amount amount\"><bdi>99&nbsp;<span class=\"woocommerce-Price-currencySymbol\">&#122;&#322;<\/span><\/bdi><\/span><\/span>","original_product_price":99,"price_including_tax":99,"price_excluding_tax":99,"product_id":{"parent":19882,"variation":false},"is_variable":false,"stock_status":"instock","stock_quantity":null,"parent_sku":"","product_attributes":{"pa_platforma":{"is_variation":false,"values":["mt4"]},"pa_zakres-licencji":{"is_variation":false,"values":["nowa-licencja"]},"pa_typ-licencji":{"is_variation":false,"values":["nazwisko-wlasciciela","numer-rachunku"]}},"custom_fields":[],"is_taxable":true},"fields":{"sec_965aae318ae187":{"extra":{"key":"sec_965aae318ae187","section_id":"sec_965aae318ae187","name":"Default","status":1,"cl_rule":"show","enableCl":false,"relations":[],"toggle":true,"title_tag":"h3","show_title":false,"showPrice":"default","form_id":19880,"form_rules":{"exclude_from_discount":false,"fee_label":"Op\u0142ata","disp_hide_options_price":false,"disp_show_section_price":false,"disp_show_field_price":true,"layout_option":"standard","pric_use_as_fee":false,"process_fee_as":"woo_fee"},"layout_option":"standard"},"fields":[[{"type":"header","subtype":"h3","label":"Informacje o posiadanej licencji","elementId":"wcpa-header-1559392494115","cl_rule":"show","col":6,"relations":false,"active":true,"tooltip":"","gt_translate_keys":["label","tooltip"],"price_dependency":false,"cl_dependency":false,"value":""}],[{"active":true,"col":3,"relations":false,"cl_rule":"show","enableCl":false,"price":"","enablePrice":false,"className":"","label_position":"default","desc_position":"default","type":"radio-group","required":true,"elementId":"radio_9810156930","label":"Jaki typ licencji posiadasz?","name":"radio_9810156930","values":[{"label":"rachunek","value":"1","selected":false,"tempId":"aco_85","gt_translate_keys":["label"]},{"label":"nazwisko","value":"2","selected":false,"tempId":"aco_86","gt_translate_keys":["label"]}],"layOut":"inline","error":false,"checkUi":"","tooltip":"wska\u017c typ posiadanej licencji","gt_translate_keys":["label","tooltip"],"price_dependency":false,"cl_dependency":["radio-group-9857823918","radio_8313411537","radio-group-8375299662","radio-group-8395381694"],"value":""},{"active":true,"col":3,"relations":false,"cl_rule":"show","enableCl":false,"price":"","enablePrice":false,"className":"","label_position":"default","desc_position":"default","type":"checkbox-group","required":true,"elementId":"checkgroup_8165056151","label":"Na jak\u0105 platform\u0119?","name":"checkgroup_8165056151","values":[{"label":"MT4","value":"1","selected":false,"tempId":"aco_230","gt_translate_keys":["label"]},{"label":"MT5","value":"2","selected":false,"tempId":"aco_231","gt_translate_keys":["label"]}],"layOut":"inline","error":false,"checkUi":"","description":"","tooltip":"wybierz platformy, na kt\u00f3re posiadasz licencje","gt_translate_keys":["label","description","tooltip"],"price_dependency":false,"cl_dependency":["radio-group-9857823918","radio_8313411537","radio_8313411537","radio-group-8375299662","radio-group-8375299662","radio-group-8395381694"],"value":""}],[{"type":"text","required":true,"elementId":"wcpa-text-5ce592c5d99bd","label":"Wprowad\u017a identyfikator posiadanej licencji","description":"","desc_type":true,"placeholder":"imi\u0119 i nazwisko \/ numer rachunku","pricingType":"fixed","name":"text-5ce592c5d9a03","subtype":"text","cl_rule":"show","col":6,"relations":[{"operator":false,"rules":[{"operator":false,"rules":{"cl_field":"0","cl_relation":"is","cl_val":false}}]}],"active":true,"tooltip":"podaj dane, kt\u00f3re pozwol\u0105 nam zidentyfikowa\u0107 Twoj\u0105 licencj\u0119 (imi\u0119 i nazwisko \/ pseudonim itp.)","error":false,"gt_translate_keys":["label","placeholder","description","tooltip"],"price_dependency":false,"cl_dependency":["radio-group-9857823918","radio_8313411537","radio-group-8375299662","radio-group-8395381694"],"value":""}],[{"type":"separator","elementId":"wcpa-separator-1559399715394","cl_rule":"show","col":6,"relations":false,"active":true,"tooltip":"","gt_translate_keys":["tooltip"],"price_dependency":false,"cl_dependency":false,"value":""}],[{"type":"header","subtype":"h3","label":"Dost\u0119pne opcje aktualizacji","elementId":"wcpa-header-1558551611742","cl_rule":"show","col":6,"relations":false,"active":true,"tooltip":"","error":false,"gt_translate_keys":["label","tooltip"],"price_dependency":false,"cl_dependency":false,"value":""}],[{"label":"Aktualizacja do wersji","active":true,"required":true,"elementId":"radio-group-9857823918","name":"radio-group-9857823918","label_position":"default","desc_position":"default","enablePrice":false,"className":"","enableCl":true,"relations":[{"operator":false,"rules":[{"operator":"and","rules":{"cl_field":"radio_9810156930","cl_relation":"is_not_empty","cl_val":"1"}},{"operator":"and","rules":{"cl_field":"checkgroup_8165056151","cl_relation":"is_not_empty","cl_val":"2"}},{"operator":false,"rules":{"cl_field":"wcpa-text-5ce592c5d99bd","cl_relation":"is_not_empty","cl_val":""}}]}],"checkUi":"","layOut":"","values":[{"label":"do najnowszej wersji 5","value":"1","selected":true,"tempId":"aco_580","gt_translate_keys":["label"]}],"price":"","cl_rule":"show","col":6,"type":"radio-group","error":false,"gt_translate_keys":["label"],"price_dependency":false,"cl_dependency":false,"value":""}],[{"active":true,"col":6,"relations":[{"operator":false,"rules":[{"operator":"and","rules":{"cl_field":"radio_9810156930","cl_relation":"is_not_empty","cl_val":""}},{"operator":"and","rules":{"cl_field":"checkgroup_8165056151","cl_relation":"is_not","cl_val":"1"}},{"operator":"and","rules":{"cl_field":"checkgroup_8165056151","cl_relation":"is","cl_val":"2"}},{"operator":"AND","rules":{"cl_field":"wcpa-text-5ce592c5d99bd","cl_relation":"is_not_empty","cl_val":""}}]}],"cl_rule":"show","enableCl":true,"price":"","enablePrice":false,"className":"","label_position":"default","desc_position":"default","type":"radio-group","required":true,"elementId":"radio_8313411537","label":"Wybierz dodatkow\u0105 platform\u0119","name":"radio_8313411537","values":[{"label":"MT4","value":"Option - 1","selected":true,"tempId":"aco_580","gt_translate_keys":["label"]}],"layOut":"","error":false,"checkUi":"","gt_translate_keys":["label"],"price_dependency":false,"cl_dependency":false,"value":""}],[{"label":"Wybierz dodatkow\u0105 platform\u0119","active":true,"required":true,"elementId":"radio-group-8375299662","name":"radio-group-8375299662","label_position":"default","desc_position":"default","enablePrice":false,"className":"","enableCl":true,"relations":[{"operator":false,"rules":[{"operator":"and","rules":{"cl_field":"radio_9810156930","cl_relation":"is_not_empty","cl_val":""}},{"operator":"and","rules":{"cl_field":"checkgroup_8165056151","cl_relation":"is_not","cl_val":"2"}},{"operator":"and","rules":{"cl_field":"checkgroup_8165056151","cl_relation":"is","cl_val":"1"}},{"operator":"AND","rules":{"cl_field":"wcpa-text-5ce592c5d99bd","cl_relation":"is_not_empty","cl_val":""}}]}],"checkUi":"","layOut":"","values":[{"label":"MT5","value":"Option - 1","selected":true,"tempId":"aco_580","gt_translate_keys":["label"]}],"price":"","cl_rule":"show","col":6,"type":"radio-group","error":false,"gt_translate_keys":["label"],"price_dependency":false,"cl_dependency":false,"value":""}],[{"label":"Wybierz rozszerzenie licencji","active":true,"required":true,"elementId":"radio-group-8395381694","name":"radio-group-8395381694","label_position":"default","desc_position":"default","enablePrice":false,"className":"","enableCl":true,"relations":[{"operator":false,"rules":[{"operator":"and","rules":{"cl_field":"radio_9810156930","cl_relation":"is","cl_val":"1"}},{"operator":"and","rules":{"cl_field":"checkgroup_8165056151","cl_relation":"is_not_empty","cl_val":"2"}},{"operator":false,"rules":{"cl_field":"wcpa-text-5ce592c5d99bd","cl_relation":"is_not_empty","cl_val":""}}]}],"checkUi":"","layOut":"","values":[{"label":"nazwisko","value":"1","selected":true,"tempId":"aco_580","gt_translate_keys":["label"]}],"price":"","cl_rule":"show","col":6,"type":"radio-group","error":false,"gt_translate_keys":["label"],"price_dependency":false,"cl_dependency":["text_4601131017"],"value":""}],[{"active":true,"col":6,"relations":[{"operator":false,"rules":[{"operator":"AND","rules":{"cl_field":"radio-group-8395381694","cl_relation":"is_visible","cl_val":""}}]}],"cl_rule":"show","enableCl":true,"price":"","enablePrice":false,"className":"","label_position":"default","desc_position":"default","type":"text","subtype":"text","required":true,"elementId":"text_4601131017","label":"Podaj imi\u0119 i nazwisko do licencji","name":"text_4601131017","value":"","error":false,"placeholder":"Jan Brokerski","tooltip":"prosz\u0119 poda\u0107 imi\u0119 i nazwisko, na kt\u00f3re otwarte s\u0105 rachunki, polskie znaki, du\u017ce i ma\u0142e litery oraz kolejno\u015b\u0107 imi\u0119 \/ nazwisko nie maj\u0105 znaczenia","gt_translate_keys":["label","placeholder","value","tooltip"],"price_dependency":false,"cl_dependency":false}]]}},"config":{"price_override":"","enable_recaptcha":false,"bind_quantity":false,"quantity_bind_formula":"","disp_summ_show_option_price":false,"disp_summ_show_product_price":false,"disp_summ_show_total_price":true,"disp_summ_show_fee":false,"disp_summ_show_discount":false,"summary_title":"","options_total_label":"Cena dodatk\u00f3w","total_label":"Cena \u0142\u0105czna","options_product_label":"Cena podstawowa","fee_label":"Op\u0142ata","discount_label":"Rabat","has_price":true,"has_quantity_formula":false},"mc_unit":1,"tax_rate":1,"tax_rate_real":0,"discount":{"percentage":0,"fixed":0},"design":{"conf":{"LabelPosition":"above","DescPosition":"above","UploadField":"custom_1","QuantityFieldStyle":"default"},"css":{"LeftLabelWidth":"120px"}},"formulas":[],"clones":false,"cartKey":false}},"_links":{"self":[{"href":"https:\/\/new.fxware.pl\/en\/wp-json\/wp\/v2\/product\/19882","targetHints":{"allow":["GET"]}}],"collection":[{"href":"https:\/\/new.fxware.pl\/en\/wp-json\/wp\/v2\/product"}],"about":[{"href":"https:\/\/new.fxware.pl\/en\/wp-json\/wp\/v2\/types\/product"}],"wp:featuredmedia":[{"embeddable":true,"href":"https:\/\/new.fxware.pl\/en\/wp-json\/wp\/v2\/media\/1830"}],"wp:attachment":[{"href":"https:\/\/new.fxware.pl\/en\/wp-json\/wp\/v2\/media?parent=19882"}],"wp:term":[{"taxonomy":"product_brand","embeddable":true,"href":"https:\/\/new.fxware.pl\/en\/wp-json\/wp\/v2\/product_brand?post=19882"},{"taxonomy":"product_cat","embeddable":true,"href":"https:\/\/new.fxware.pl\/en\/wp-json\/wp\/v2\/product_cat?post=19882"},{"taxonomy":"product_tag","embeddable":true,"href":"https:\/\/new.fxware.pl\/en\/wp-json\/wp\/v2\/product_tag?post=19882"}],"curies":[{"name":"wp","href":"https:\/\/api.w.org\/{rel}","templated":true}]}}