{"id":1052,"date":"2019-05-25T17:29:13","date_gmt":"2019-05-25T15:29:13","guid":{"rendered":"https:\/\/new.fxware.pl\/produkt\/fx-harvest-pro-7-copy\/"},"modified":"2024-01-21T23:10:06","modified_gmt":"2024-01-21T22:10:06","slug":"fx-harvest-pro-upgrade","status":"publish","type":"product","link":"https:\/\/new.fxware.pl\/en\/produkt\/fx-harvest-pro-upgrade\/","title":{"rendered":"FX Harvest Pro licence extension and add-ons"},"content":{"rendered":"<p>Update and additional modules for FX Harvest Pro<\/p>\n<ul>\n<li>Upgrade to the latest versions<\/li>\n<li>CAPP - strategy automation by Michal Zabawa<\/li>\n<li>MMD - automation of schemes by Mariusz Drozdowski<\/li>\n<li>Pyramid &amp; Grid - placing advanced order grids<\/li>\n<li>Algo - automated trading options<\/li>\n<li>Hedge - loss-leader module<\/li>\n<li>Forex Trading Simulator (Forex &amp; CFD Strategy Tester)<\/li>\n<li>RENKO System - module for trading on RENKO charts<\/li>\n<\/ul>","protected":false},"excerpt":{"rendered":"<p>Upgrade to the latest versions and additional modules for the best panel for MT4\/MT5.<\/p>\n<p>Product page: <a href=\"https:\/\/new.fxware.pl\/en\/fx-harvest-pro-2\/\">FX Harvest PRO 8<\/a><\/p>\n<p><strong>Start by entering your current licence details to see what modules and upgrade options are available to you.<\/strong><\/p>","protected":false},"featured_media":1087,"template":"","meta":{"inline_featured_image":false},"product_brand":[],"product_cat":[43],"product_tag":[23,24,37],"class_list":{"0":"post-1052","1":"product","2":"type-product","3":"status-publish","4":"has-post-thumbnail","6":"product_cat-aktualizacje-i-dodatki","7":"product_tag-mt4","8":"product_tag-mt5","9":"product_tag-strategia","10":"wcpa_has_options","12":"first","13":"instock","14":"virtual","15":"sold-individually","16":"taxable","17":"purchasable","18":"product-type-simple"},"yoast_head":"<!-- This site is optimized with the Yoast SEO plugin v27.3 - https:\/\/yoast.com\/product\/yoast-seo-wordpress\/ -->\n<title>FX Harvest Pro rozszerzenie licencji i dodatki - FXWare<\/title>\n<meta name=\"robots\" content=\"index, follow, max-snippet:-1, max-image-preview:large, max-video-preview:-1\" \/>\n<link rel=\"canonical\" href=\"https:\/\/new.fxware.pl\/en\/produkt\/fx-harvest-pro-upgrade\/\" \/>\n<meta property=\"og:locale\" content=\"en_GB\" \/>\n<meta property=\"og:type\" content=\"article\" \/>\n<meta property=\"og:title\" content=\"FX Harvest Pro rozszerzenie licencji i dodatki - FXWare\" \/>\n<meta property=\"og:description\" content=\"Aktualizacja do najnowszych wersji i dodatkowe modu\u0142y do najlepszego panelu do MT4\/MT5.  Strona produktu: FX Harvest PRO 8  Zacznij od wprowadzenia danych swojej obecnej licencji \u017ceby zobaczy\u0107 jakie s\u0105 dost\u0119pne dla Ciebie modu\u0142y i opcje aktualizacji.\" \/>\n<meta property=\"og:url\" content=\"https:\/\/new.fxware.pl\/en\/produkt\/fx-harvest-pro-upgrade\/\" \/>\n<meta property=\"og:site_name\" content=\"FXWare\" \/>\n<meta property=\"article:publisher\" content=\"https:\/\/facebook.com\/fxwarepl\/\" \/>\n<meta property=\"article:modified_time\" content=\"2024-01-21T22:10:06+00:00\" \/>\n<meta property=\"og:image\" content=\"https:\/\/new.fxware.pl\/wp-content\/uploads\/2019\/05\/Artboard-2-product.png\" \/>\n\t<meta property=\"og:image:width\" content=\"648\" \/>\n\t<meta property=\"og:image:height\" content=\"648\" \/>\n\t<meta property=\"og:image:type\" content=\"image\/png\" \/>\n<meta name=\"twitter:card\" content=\"summary_large_image\" \/>\n<script type=\"application\/ld+json\" class=\"yoast-schema-graph\">{\"@context\":\"https:\\\/\\\/schema.org\",\"@graph\":[{\"@type\":\"WebPage\",\"@id\":\"https:\\\/\\\/new.fxware.pl\\\/pl\\\/produkt\\\/fx-harvest-pro-rozszerzenie-licencji-i-dodatki\\\/\",\"url\":\"https:\\\/\\\/new.fxware.pl\\\/pl\\\/produkt\\\/fx-harvest-pro-rozszerzenie-licencji-i-dodatki\\\/\",\"name\":\"FX Harvest Pro rozszerzenie licencji i dodatki - FXWare\",\"isPartOf\":{\"@id\":\"https:\\\/\\\/new.fxware.pl\\\/en\\\/#website\"},\"primaryImageOfPage\":{\"@id\":\"https:\\\/\\\/new.fxware.pl\\\/pl\\\/produkt\\\/fx-harvest-pro-rozszerzenie-licencji-i-dodatki\\\/#primaryimage\"},\"image\":{\"@id\":\"https:\\\/\\\/new.fxware.pl\\\/pl\\\/produkt\\\/fx-harvest-pro-rozszerzenie-licencji-i-dodatki\\\/#primaryimage\"},\"thumbnailUrl\":\"https:\\\/\\\/new.fxware.pl\\\/wp-content\\\/uploads\\\/2019\\\/05\\\/Artboard-2-product.png\",\"datePublished\":\"2019-05-25T15:29:13+00:00\",\"dateModified\":\"2024-01-21T22:10:06+00:00\",\"breadcrumb\":{\"@id\":\"https:\\\/\\\/new.fxware.pl\\\/pl\\\/produkt\\\/fx-harvest-pro-rozszerzenie-licencji-i-dodatki\\\/#breadcrumb\"},\"inLanguage\":\"en-GB\",\"potentialAction\":[{\"@type\":\"ReadAction\",\"target\":[\"https:\\\/\\\/new.fxware.pl\\\/pl\\\/produkt\\\/fx-harvest-pro-rozszerzenie-licencji-i-dodatki\\\/\"]}]},{\"@type\":\"ImageObject\",\"inLanguage\":\"en-GB\",\"@id\":\"https:\\\/\\\/new.fxware.pl\\\/pl\\\/produkt\\\/fx-harvest-pro-rozszerzenie-licencji-i-dodatki\\\/#primaryimage\",\"url\":\"https:\\\/\\\/new.fxware.pl\\\/wp-content\\\/uploads\\\/2019\\\/05\\\/Artboard-2-product.png\",\"contentUrl\":\"https:\\\/\\\/new.fxware.pl\\\/wp-content\\\/uploads\\\/2019\\\/05\\\/Artboard-2-product.png\",\"width\":648,\"height\":648},{\"@type\":\"BreadcrumbList\",\"@id\":\"https:\\\/\\\/new.fxware.pl\\\/pl\\\/produkt\\\/fx-harvest-pro-rozszerzenie-licencji-i-dodatki\\\/#breadcrumb\",\"itemListElement\":[{\"@type\":\"ListItem\",\"position\":1,\"name\":\"Strona g\u0142\u00f3wna\",\"item\":\"https:\\\/\\\/new.fxware.pl\\\/\"},{\"@type\":\"ListItem\",\"position\":2,\"name\":\"Sklep\",\"item\":\"https:\\\/\\\/new.fxware.pl\\\/pl\\\/sklep\\\/\"},{\"@type\":\"ListItem\",\"position\":3,\"name\":\"FX Harvest Pro rozszerzenie licencji i dodatki\"}]},{\"@type\":\"WebSite\",\"@id\":\"https:\\\/\\\/new.fxware.pl\\\/en\\\/#website\",\"url\":\"https:\\\/\\\/new.fxware.pl\\\/en\\\/\",\"name\":\"FXWare\",\"description\":\"Rozwi\u0105zania dla Trader\u00f3w\",\"publisher\":{\"@id\":\"https:\\\/\\\/new.fxware.pl\\\/en\\\/#organization\"},\"potentialAction\":[{\"@type\":\"SearchAction\",\"target\":{\"@type\":\"EntryPoint\",\"urlTemplate\":\"https:\\\/\\\/new.fxware.pl\\\/en\\\/?s={search_term_string}\"},\"query-input\":{\"@type\":\"PropertyValueSpecification\",\"valueRequired\":true,\"valueName\":\"search_term_string\"}}],\"inLanguage\":\"en-GB\"},{\"@type\":\"Organization\",\"@id\":\"https:\\\/\\\/new.fxware.pl\\\/en\\\/#organization\",\"name\":\"FXWare - Rozwi\u0105zania Dla Inwestor\u00f3w\",\"url\":\"https:\\\/\\\/new.fxware.pl\\\/en\\\/\",\"logo\":{\"@type\":\"ImageObject\",\"inLanguage\":\"en-GB\",\"@id\":\"https:\\\/\\\/new.fxware.pl\\\/en\\\/#\\\/schema\\\/logo\\\/image\\\/\",\"url\":\"https:\\\/\\\/new.fxware.pl\\\/wp-content\\\/uploads\\\/2019\\\/07\\\/logo-ciemne-6-kwadrat-1024x1024.png\",\"contentUrl\":\"https:\\\/\\\/new.fxware.pl\\\/wp-content\\\/uploads\\\/2019\\\/07\\\/logo-ciemne-6-kwadrat-1024x1024.png\",\"width\":1024,\"height\":1024,\"caption\":\"FXWare - Rozwi\u0105zania Dla Inwestor\u00f3w\"},\"image\":{\"@id\":\"https:\\\/\\\/new.fxware.pl\\\/en\\\/#\\\/schema\\\/logo\\\/image\\\/\"},\"sameAs\":[\"https:\\\/\\\/facebook.com\\\/fxwarepl\\\/\",\"https:\\\/\\\/www.youtube.com\\\/channel\\\/UC8dWK9a2okrHo4Lu3x2H8pA\",\"https:\\\/\\\/instagram.com\\\/fxwarepl\"]}]}<\/script>\n<!-- \/ Yoast SEO plugin. -->","yoast_head_json":{"title":"FX Harvest Pro licence extension and add-ons - FXWare","robots":{"index":"index","follow":"follow","max-snippet":"max-snippet:-1","max-image-preview":"max-image-preview:large","max-video-preview":"max-video-preview:-1"},"canonical":"https:\/\/new.fxware.pl\/en\/produkt\/fx-harvest-pro-upgrade\/","og_locale":"en_GB","og_type":"article","og_title":"FX Harvest Pro rozszerzenie licencji i dodatki - FXWare","og_description":"Aktualizacja do najnowszych wersji i dodatkowe modu\u0142y do najlepszego panelu do MT4\/MT5.  Strona produktu: FX Harvest PRO 8  Zacznij od wprowadzenia danych swojej obecnej licencji \u017ceby zobaczy\u0107 jakie s\u0105 dost\u0119pne dla Ciebie modu\u0142y i opcje aktualizacji.","og_url":"https:\/\/new.fxware.pl\/en\/produkt\/fx-harvest-pro-upgrade\/","og_site_name":"FXWare","article_publisher":"https:\/\/facebook.com\/fxwarepl\/","article_modified_time":"2024-01-21T22:10:06+00:00","og_image":[{"width":648,"height":648,"url":"https:\/\/new.fxware.pl\/wp-content\/uploads\/2019\/05\/Artboard-2-product.png","type":"image\/png"}],"twitter_card":"summary_large_image","schema":{"@context":"https:\/\/schema.org","@graph":[{"@type":"WebPage","@id":"https:\/\/new.fxware.pl\/pl\/produkt\/fx-harvest-pro-rozszerzenie-licencji-i-dodatki\/","url":"https:\/\/new.fxware.pl\/pl\/produkt\/fx-harvest-pro-rozszerzenie-licencji-i-dodatki\/","name":"FX Harvest Pro licence extension and add-ons - FXWare","isPartOf":{"@id":"https:\/\/new.fxware.pl\/en\/#website"},"primaryImageOfPage":{"@id":"https:\/\/new.fxware.pl\/pl\/produkt\/fx-harvest-pro-rozszerzenie-licencji-i-dodatki\/#primaryimage"},"image":{"@id":"https:\/\/new.fxware.pl\/pl\/produkt\/fx-harvest-pro-rozszerzenie-licencji-i-dodatki\/#primaryimage"},"thumbnailUrl":"https:\/\/new.fxware.pl\/wp-content\/uploads\/2019\/05\/Artboard-2-product.png","datePublished":"2019-05-25T15:29:13+00:00","dateModified":"2024-01-21T22:10:06+00:00","breadcrumb":{"@id":"https:\/\/new.fxware.pl\/pl\/produkt\/fx-harvest-pro-rozszerzenie-licencji-i-dodatki\/#breadcrumb"},"inLanguage":"en-GB","potentialAction":[{"@type":"ReadAction","target":["https:\/\/new.fxware.pl\/pl\/produkt\/fx-harvest-pro-rozszerzenie-licencji-i-dodatki\/"]}]},{"@type":"ImageObject","inLanguage":"en-GB","@id":"https:\/\/new.fxware.pl\/pl\/produkt\/fx-harvest-pro-rozszerzenie-licencji-i-dodatki\/#primaryimage","url":"https:\/\/new.fxware.pl\/wp-content\/uploads\/2019\/05\/Artboard-2-product.png","contentUrl":"https:\/\/new.fxware.pl\/wp-content\/uploads\/2019\/05\/Artboard-2-product.png","width":648,"height":648},{"@type":"BreadcrumbList","@id":"https:\/\/new.fxware.pl\/pl\/produkt\/fx-harvest-pro-rozszerzenie-licencji-i-dodatki\/#breadcrumb","itemListElement":[{"@type":"ListItem","position":1,"name":"Strona g\u0142\u00f3wna","item":"https:\/\/new.fxware.pl\/"},{"@type":"ListItem","position":2,"name":"Sklep","item":"https:\/\/new.fxware.pl\/pl\/sklep\/"},{"@type":"ListItem","position":3,"name":"FX Harvest Pro rozszerzenie licencji i dodatki"}]},{"@type":"WebSite","@id":"https:\/\/new.fxware.pl\/en\/#website","url":"https:\/\/new.fxware.pl\/en\/","name":"FXWare","description":"Solutions for Traders","publisher":{"@id":"https:\/\/new.fxware.pl\/en\/#organization"},"potentialAction":[{"@type":"SearchAction","target":{"@type":"EntryPoint","urlTemplate":"https:\/\/new.fxware.pl\/en\/?s={search_term_string}"},"query-input":{"@type":"PropertyValueSpecification","valueRequired":true,"valueName":"search_term_string"}}],"inLanguage":"en-GB"},{"@type":"Organization","@id":"https:\/\/new.fxware.pl\/en\/#organization","name":"FXWare - Solutions for Investors","url":"https:\/\/new.fxware.pl\/en\/","logo":{"@type":"ImageObject","inLanguage":"en-GB","@id":"https:\/\/new.fxware.pl\/en\/#\/schema\/logo\/image\/","url":"https:\/\/new.fxware.pl\/wp-content\/uploads\/2019\/07\/logo-ciemne-6-kwadrat-1024x1024.png","contentUrl":"https:\/\/new.fxware.pl\/wp-content\/uploads\/2019\/07\/logo-ciemne-6-kwadrat-1024x1024.png","width":1024,"height":1024,"caption":"FXWare - Rozwi\u0105zania Dla Inwestor\u00f3w"},"image":{"@id":"https:\/\/new.fxware.pl\/en\/#\/schema\/logo\/image\/"},"sameAs":["https:\/\/facebook.com\/fxwarepl\/","https:\/\/www.youtube.com\/channel\/UC8dWK9a2okrHo4Lu3x2H8pA","https:\/\/instagram.com\/fxwarepl"]}]}},"wcpa_form_fields":{"wcpaData":{"product":{"product_price":99,"price_html":"<span class=\"wmc-cache-pid wmc-cache-loading\" data-wmc_product_id=\"1052\"><span class=\"woocommerce-Price-amount amount\"><bdi>99&nbsp;<span class=\"woocommerce-Price-currencySymbol\">&#122;&#322;<\/span><\/bdi><\/span><\/span>","original_product_price":99,"price_including_tax":99,"price_excluding_tax":99,"product_id":{"parent":1052,"variation":false},"is_variable":false,"stock_status":"instock","stock_quantity":null,"parent_sku":"","product_attributes":{"pa_platforma":{"is_variation":false,"values":["mt4"]},"pa_zakres-licencji":{"is_variation":false,"values":["nowa-licencja"]},"pa_typ-licencji":{"is_variation":false,"values":["nazwisko-wlasciciela","numer-rachunku"]}},"custom_fields":[],"is_taxable":true},"fields":{"sec_564d2a6b4cd429":{"extra":{"key":"sec_564d2a6b4cd429","section_id":"sec_564d2a6b4cd429","name":"Default","status":1,"cl_rule":"show","enableCl":false,"relations":[],"toggle":true,"title_tag":"h3","show_title":false,"showPrice":"default","form_id":1054,"form_rules":{"exclude_from_discount":false,"fee_label":"Op\u0142ata","disp_hide_options_price":false,"disp_show_section_price":false,"disp_show_field_price":true,"layout_option":"standard","pric_use_as_fee":false,"process_fee_as":"woo_fee"},"layout_option":"standard"},"fields":[[{"type":"header","subtype":"h3","label":"Informacje o posiadanej licencji","elementId":"wcpa-header-1559399485268","cl_rule":"show","col":6,"relations":false,"active":true,"tooltip":"","gt_translate_keys":["label","tooltip"],"price_dependency":false,"cl_dependency":false,"value":""}],[{"type":"radio-group","required":true,"elementId":"wcpa-radio-group-1558798581727","label":"Jaki typ licencji posiadasz?","description":"","desc_type":true,"inline":true,"priceOptions":"different_for_all","pricingType":"fixed","name":"radio-group-1558798581727","other_text":"Other","cl_rule":"show","col":"3","values":[{"label":"rachunek","value":"1","price":"","pimage":"","pimage_id":"","pthumb":"","gt_translate_keys":["label"]},{"label":"nazwisko","value":"2","price":"","pimage":"","pimage_id":"","pthumb":"","gt_translate_keys":["label"]}],"relations":false,"active":true,"tooltip":"typ posiadanej licencji","layOut":"inline","checkUi":"","error":false,"gt_translate_keys":["label","description","tooltip"],"price_dependency":false,"cl_dependency":["wcpa-checkbox-group-1609331874828","checkgroup_1528762912","checkbox-group-7726401447","wcpa-checkbox-group-5ce9600fdc13f","wcpa-radio-group-1582478270789"],"value":""},{"type":"checkbox-group","required":true,"elementId":"wcpa-checkbox-group-1582479810802","label":"Na jak\u0105 platform\u0119?","description":"","desc_type":true,"inline":true,"priceOptions":"different_for_all","pricingType":"fixed","name":"checkbox-group-1582479810802","other_text":"Other","cl_rule":"show","col":"3","values":[{"label":"MT4","value":"1","price":"","pimage":"","pimage_id":"","pthumb":"","gt_translate_keys":["label"]},{"label":"MT5","value":"2","price":"","pimage":"","pimage_id":"","pthumb":"","gt_translate_keys":["label"]}],"relations":false,"active":true,"tooltip":"wybierz platformy, na kt\u00f3re posiadasz licencj\u0119","layOut":"inline","checkUi":"","error":false,"gt_translate_keys":["label","description","tooltip"],"price_dependency":false,"cl_dependency":["wcpa-checkbox-group-1609331874828","checkgroup_1528762912","checkgroup_1528762912","checkbox-group-7726401447","checkbox-group-7726401447","wcpa-checkbox-group-5ce9600fdc13f","wcpa-radio-group-1582478270789"],"value":""}],[{"type":"text","required":true,"elementId":"wcpa-text-1558798464002","label":"Wprowad\u017a identyfikator licencji","description":"","desc_type":true,"placeholder":"imi\u0119 i nazwisko \/ numer rachunku","pricingType":"fixed","name":"text-1558798464002","subtype":"text","cl_rule":"show","col":6,"relations":false,"active":true,"tooltip":"podaj dane, kt\u00f3re pozwol\u0105 nam zidentyfikowa\u0107 Twoj\u0105 licencj\u0119 (imi\u0119 i nazwisko \/ numer rachunku)","gt_translate_keys":["label","placeholder","description","tooltip"],"price_dependency":false,"cl_dependency":["wcpa-checkbox-group-1609331874828","checkgroup_1528762912","checkbox-group-7726401447","wcpa-checkbox-group-5ce9600fdc13f","wcpa-radio-group-1582478270789"],"value":""}],[{"type":"separator","elementId":"wcpa-separator-1558798864372","cl_rule":"show","col":6,"relations":false,"active":true,"tooltip":"","gt_translate_keys":["tooltip"],"price_dependency":false,"cl_dependency":false,"value":""}],[{"type":"header","subtype":"h3","label":"Dost\u0119pne opcje aktualizacji","elementId":"wcpa-header-1558798871411","cl_rule":"show","col":6,"relations":false,"active":true,"tooltip":"","gt_translate_keys":["label","tooltip"],"price_dependency":false,"cl_dependency":false,"value":""}],[{"type":"checkbox-group","elementId":"wcpa-checkbox-group-1609331874828","label":"Wybierz rozszerzenie typu licencji","description":"","desc_type":true,"enablePrice":true,"priceOptions":"different_for_all","pricingType":"fixed","name":"checkbox-group-1609331874828","other_text":"Other","enableCl":true,"cl_rule":"show","cl_val":"1","operator":"and","col":6,"values":[{"label":"nazwisko w\u0142a\u015bciciela","value":"option-1","price":"99","pimage":"","pimage_id":"","pthumb":"","tempId":"aco_1197","gt_translate_keys":["label"]}],"relations":[{"operator":false,"rules":[{"operator":"and","rules":{"cl_field":"wcpa-radio-group-1558798581727","cl_relation":"is","cl_val":"1"}},{"operator":"and","rules":{"cl_field":"wcpa-checkbox-group-1582479810802","cl_relation":"is_not_empty","cl_val":false}},{"operator":false,"rules":{"cl_field":"wcpa-text-1558798464002","cl_relation":"is_not_empty","cl_val":false}}]}],"price":0,"active":true,"tooltip":"wybierz je\u015bli chcesz rozszerzy\u0107 licencj\u0119 na wersj\u0119 na nazwisko","layOut":"","checkUi":"","error":false,"gt_translate_keys":["label","description","tooltip"],"price_dependency":false,"cl_dependency":["wcpa-text-5ce9600fdc024"],"value":""}],[{"active":true,"col":6,"relations":[{"operator":false,"rules":[{"operator":"and","rules":{"cl_field":"wcpa-checkbox-group-1582479810802","cl_relation":"is","cl_val":"2"}},{"operator":"and","rules":{"cl_field":"wcpa-checkbox-group-1582479810802","cl_relation":"is_not","cl_val":"1"}},{"operator":"and","rules":{"cl_field":"wcpa-radio-group-1558798581727","cl_relation":"is_not_empty","cl_val":""}},{"operator":"AND","rules":{"cl_field":"wcpa-text-1558798464002","cl_relation":"is_not_empty","cl_val":""}}]}],"cl_rule":"show","enableCl":true,"price":"99","enablePrice":true,"className":"","label_position":"default","desc_position":"default","type":"checkbox-group","required":false,"elementId":"checkgroup_1528762912","label":"Wybierz dodatkow\u0105 platform\u0119","name":"checkgroup_1528762912","values":[{"label":"MT4","value":"1","selected":false,"tempId":"aco_1339","gt_translate_keys":["label"]}],"layOut":"","error":false,"checkUi":"","priceOptions":"fixed_for_all","pricingType":"fixed","gt_translate_keys":["label"],"price_dependency":false,"cl_dependency":false,"value":""}],[{"label":"Wybierz dodatkow\u0105 platform\u0119","active":true,"required":false,"elementId":"checkbox-group-7726401447","name":"checkbox-group-7726401447","label_position":"default","desc_position":"default","enablePrice":true,"className":"","enableCl":true,"relations":[{"operator":false,"rules":[{"operator":"and","rules":{"cl_field":"wcpa-checkbox-group-1582479810802","cl_relation":"is_not","cl_val":"2"}},{"operator":"and","rules":{"cl_field":"wcpa-checkbox-group-1582479810802","cl_relation":"is","cl_val":"1"}},{"operator":"and","rules":{"cl_field":"wcpa-radio-group-1558798581727","cl_relation":"is_not_empty","cl_val":""}},{"operator":"AND","rules":{"cl_field":"wcpa-text-1558798464002","cl_relation":"is_not_empty","cl_val":""}}]}],"checkUi":"","layOut":"","values":[{"label":"MT5","value":"1","selected":false,"tempId":"aco_1339","gt_translate_keys":["label"]}],"priceOptions":"fixed_for_all","pricingType":"fixed","price":"99","cl_rule":"show","col":6,"type":"checkbox-group","error":false,"gt_translate_keys":["label"],"price_dependency":false,"cl_dependency":false,"value":""}],[{"type":"text","required":true,"elementId":"wcpa-text-5ce9600fdc024","label":"Podaj imi\u0119 i nazwisko do licencji","description":"","desc_type":true,"placeholder":"Jan Brokerski","pricingType":"fixed","name":"text-5ce9600fdc069","subtype":"text","enableCl":true,"cl_rule":"show","cl_val":"option-1","col":6,"relations":[{"operator":false,"rules":[{"operator":false,"rules":{"cl_field":"wcpa-checkbox-group-1609331874828","cl_relation":"is","cl_val":"option-1"}}]}],"active":true,"tooltip":"prosz\u0119 poda\u0107 imi\u0119 i nazwisko, na kt\u00f3re otwarte s\u0105 rachunki, polskie znaki, du\u017ce i ma\u0142e litery oraz kolejno\u015b\u0107 imi\u0119 \/ nazwisko nie maj\u0105 znaczenia","gt_translate_keys":["label","placeholder","description","tooltip"],"price_dependency":false,"cl_dependency":false,"value":""}],[{"type":"checkbox-group","elementId":"wcpa-checkbox-group-5ce9600fdc13f","label":"Wybierz modu\u0142y dodatkowe","description":"UWAGA! Modu\u0142y CAPP, Tester i Renko s\u0105 przeznaczone tylko dla platformy MT4.","enablePrice":true,"priceOptions":"different_for_all","pricingType":"fixed","name":"checkbox-group-5ce9600fdc188","other_text":"Other","enableCl":true,"cl_rule":"show","operator":"and","col":6,"values":[{"label":"CAPP","value":"49","price":"149","pimage":"","pimage_id":"","pthumb":"","tempId":"aco_1239","gt_translate_keys":["label"]},{"label":"MMD","value":"50","price":"149","pimage":"","pimage_id":"","pthumb":"","tempId":"aco_1240","gt_translate_keys":["label"]},{"label":"Piramida&Grid","value":"1","price":"149","pimage":"","pimage_id":"","pthumb":"","tempId":"aco_1241","gt_translate_keys":["label"]},{"label":"Algo","value":"2","price":"149","pimage":"","pimage_id":"","pthumb":"","tempId":"aco_1242","gt_translate_keys":["label"]},{"label":"Hedge","value":"3","price":"149","pimage":"","pimage_id":"","pthumb":"","tempId":"aco_1243","gt_translate_keys":["label"]},{"label":"Simulator \/ Tester","value":"4","price":"199","pimage":"","pimage_id":"","pthumb":"","tempId":"aco_1244","gt_translate_keys":["label"]},{"label":"Renko","value":"5","selected":false,"tempId":"aco_639","price":"199","gt_translate_keys":["label"]}],"relations":[{"operator":false,"rules":[{"operator":"and","rules":{"cl_field":"wcpa-text-1558798464002","cl_relation":"is_not_empty","cl_val":false}},{"operator":"and","rules":{"cl_field":"wcpa-radio-group-1558798581727","cl_relation":"is_not_empty","cl_val":false}},{"operator":false,"rules":{"cl_field":"wcpa-checkbox-group-1582479810802","cl_relation":"is_not_empty","cl_val":false}}]}],"price":0,"active":true,"tooltip":"","layOut":"","checkUi":"","error":false,"isTemplate":false,"mapToCheckout":false,"gt_translate_keys":["label","description","tooltip"],"price_dependency":false,"cl_dependency":false,"value":""}],[{"type":"radio-group","required":true,"elementId":"wcpa-radio-group-1582478270789","label":"Wybierz okres darmowych aktualizacji","description":"","desc_type":true,"enablePrice":true,"priceOptions":"different_for_all","pricingType":"custom","name":"radio-group-1582478270787","other_text":"Other","enableCl":true,"cl_rule":"show","operator":"or","cl_val":"option-1","col":6,"values":[{"label":"3 miesi\u0105ce","value":"1","price":"0","pimage":"","pimage_id":"","pthumb":"","tempId":"aco_1517","gt_translate_keys":["label"]},{"label":"12 miesi\u0119cy","value":"2","price":"99","pimage":"","pimage_id":"","pthumb":"","tempId":"aco_1518","gt_translate_keys":["label"]},{"label":"do\u017cywotnie","value":"3","price":"199","pimage":"","pimage_id":"","pthumb":"","tempId":"aco_1519","gt_translate_keys":["label"]},{"label":"posiadam ju\u017c subskrypcj\u0119","value":"4","selected":false,"tempId":"aco_19","price":"0","gt_translate_keys":["label"]}],"relations":[{"operator":"and","rules":[{"operator":"and","rules":{"cl_field":"wcpa-text-1558798464002","cl_relation":"is_not_empty","cl_val":false}},{"operator":"and","rules":{"cl_field":"wcpa-radio-group-1558798581727","cl_relation":"is_not_empty","cl_val":false}},{"operator":false,"rules":{"cl_field":"wcpa-checkbox-group-1582479810802","cl_relation":"is_not_empty","cl_val":false}}]}],"price":0,"active":true,"tooltip":"przez podany okres b\u0119dziesz m\u00f3g\u0142 pobiera\u0107 wszystkie aktualizacje bez dodatkowych op\u0142at","layOut":"","error":false,"checkUi":"","isTemplate":false,"gt_translate_keys":["label","description","tooltip"],"price_dependency":false,"cl_dependency":false,"value":""}]]}},"config":{"price_override":"if_gt_zero","enable_recaptcha":false,"bind_quantity":false,"quantity_bind_formula":"","disp_summ_show_option_price":false,"disp_summ_show_product_price":false,"disp_summ_show_total_price":true,"disp_summ_show_fee":false,"disp_summ_show_discount":false,"summary_title":"","options_total_label":"Cena dodatk\u00f3w","total_label":"Cena \u0142\u0105czna","options_product_label":"Cena podstawowa","fee_label":"Op\u0142ata","discount_label":"Rabat","has_price":true,"has_quantity_formula":false},"mc_unit":1,"tax_rate":1,"tax_rate_real":0,"discount":{"percentage":0,"fixed":0},"design":{"conf":{"LabelPosition":"above","DescPosition":"above","UploadField":"custom_1","QuantityFieldStyle":"default"},"css":{"LeftLabelWidth":"120px"}},"formulas":[],"clones":false,"cartKey":false}},"_links":{"self":[{"href":"https:\/\/new.fxware.pl\/en\/wp-json\/wp\/v2\/product\/1052","targetHints":{"allow":["GET"]}}],"collection":[{"href":"https:\/\/new.fxware.pl\/en\/wp-json\/wp\/v2\/product"}],"about":[{"href":"https:\/\/new.fxware.pl\/en\/wp-json\/wp\/v2\/types\/product"}],"wp:featuredmedia":[{"embeddable":true,"href":"https:\/\/new.fxware.pl\/en\/wp-json\/wp\/v2\/media\/1087"}],"wp:attachment":[{"href":"https:\/\/new.fxware.pl\/en\/wp-json\/wp\/v2\/media?parent=1052"}],"wp:term":[{"taxonomy":"product_brand","embeddable":true,"href":"https:\/\/new.fxware.pl\/en\/wp-json\/wp\/v2\/product_brand?post=1052"},{"taxonomy":"product_cat","embeddable":true,"href":"https:\/\/new.fxware.pl\/en\/wp-json\/wp\/v2\/product_cat?post=1052"},{"taxonomy":"product_tag","embeddable":true,"href":"https:\/\/new.fxware.pl\/en\/wp-json\/wp\/v2\/product_tag?post=1052"}],"curies":[{"name":"wp","href":"https:\/\/api.w.org\/{rel}","templated":true}]}}