{"id":8332,"date":"2019-10-08T19:58:15","date_gmt":"2019-10-08T17:58:15","guid":{"rendered":"https:\/\/new.fxware.pl\/candle-fibo-copy\/"},"modified":"2023-10-07T02:40:53","modified_gmt":"2023-10-07T00:40:53","slug":"mts-atr-label","status":"publish","type":"page","link":"https:\/\/new.fxware.pl\/en\/mts-atr-label\/","title":{"rendered":"MTS ATR Label"},"content":{"rendered":"<p>Indicator <strong>FXWare Multisymbol ATR Label<\/strong>.<img fetchpriority=\"high\" decoding=\"async\" class=\"wp-image-8341 alignright\" src=\"https:\/\/new.fxware.pl\/wp-content\/uploads\/2019\/10\/FXWare_MTS_ATR_lab-300x165.png\" alt=\"\" width=\"382\" height=\"210\" srcset=\"https:\/\/new.fxware.pl\/wp-content\/uploads\/2019\/10\/FXWare_MTS_ATR_lab-300x165.png 300w, https:\/\/new.fxware.pl\/wp-content\/uploads\/2019\/10\/FXWare_MTS_ATR_lab-416x229.png 416w, https:\/\/new.fxware.pl\/wp-content\/uploads\/2019\/10\/FXWare_MTS_ATR_lab-768x422.png 768w, https:\/\/new.fxware.pl\/wp-content\/uploads\/2019\/10\/FXWare_MTS_ATR_lab.png 909w\" sizes=\"(max-width: 382px) 100vw, 382px\" \/> The indicator displays a list of selected instruments on the screen, together with the current ATR (Average True Range) value indicating the current volatility of the instrument. <b>This allows you to select an instrument whose volatility at any given time matches the strategy you are pursuing.<\/b> Separate thresholds between low, medium and high ATR can be entered for each instrument. The indicator also generates alerts in the terminal and on mobile. The indicator is designed for Metatrader 4.<\/p>\n<p>Rules for entering symbols and thresholds:<\/p>\n<ul>\n<li>symbolList: list of instruments to be monitored, to be entered separated by commas, semicolons or the pipe character |<\/li>\n<li>pointsMediumList: list of thresholds separating the low ATR level from the medium one (in points) - to be entered separated by commas, semicolons or pipe | signs, the order must follow the list of instruments<\/li>\n<li>pointsHighList: list of thresholds separating medium level ATR from high level (in points) - typing rules as for pointsMediumList<\/li>\n<\/ul>\n<i class=\"fas fa-cloud-download-alt\" ><\/i> <a href=\"https:\/\/new.fxware.pl\/wp-content\/uploads\/2019\/10\/FXWare-MS-ATR-v1.2.zip\">FXWare-MS-ATR-v1.2<\/a><\/p>\n<p>Questions about the indicator can be asked at <i class=\"fa fa-facebook\" ><\/i> <a href=\"https:\/\/www.facebook.com\/groups\/forexcity.spolecznosc\/\" target=\"_blank\" rel=\"noopener noreferrer\">ForexCity group on FB<\/a>. For free indicators we do not provide support by email or in messages on FB. Thank you.\u00a0<img decoding=\"async\" class=\"emoji\" draggable=\"false\" src=\"https:\/\/s.w.org\/images\/core\/emoji\/12.0.0-1\/svg\/1f642.svg\" alt=\"\ud83d\ude42\" \/><\/p>\n<p>If you like the tool and find it useful then share it with your friends and like us on Facebook.<\/p>","protected":false},"excerpt":{"rendered":"<p>Wska\u017anik FXWare Multisymbol ATR Label. Wska\u017anik wy\u015bwietla na ekranie list\u0119 wybranych instrument\u00f3w wraz z aktualn\u0105 warto\u015bci\u0105 ATR (Average True Range) okre\u015blaj\u0105c\u0105 bie\u017c\u0105c\u0105 zmienno\u015b\u0107 danego instrumentu. Dzi\u0119ki temu mo\u017cna wybra\u0107 instrument, kt\u00f3rego zmienno\u015b\u0107 w danym momencie jest dopasowana do realizowanej strategii. Dla ka\u017cdego instrumentu mo\u017cna wprowadzi\u0107 osobne progi pomi\u0119dzy niskim, \u015brednim i wysokim ATR. Wska\u017anik generuje [&hellip;]<\/p>\n","protected":false},"author":3,"featured_media":0,"parent":0,"menu_order":0,"comment_status":"closed","ping_status":"closed","template":"","meta":{"inline_featured_image":false,"footnotes":""},"class_list":["post-8332","page","type-page","status-publish","hentry"],"yoast_head":"<!-- This site is optimized with the Yoast SEO plugin v27.3 - https:\/\/yoast.com\/product\/yoast-seo-wordpress\/ -->\n<title>MTS ATR Label - FXWare<\/title>\n<meta name=\"robots\" content=\"index, follow, max-snippet:-1, max-image-preview:large, max-video-preview:-1\" \/>\n<link rel=\"canonical\" href=\"https:\/\/new.fxware.pl\/en\/mts-atr-label\/\" \/>\n<meta property=\"og:locale\" content=\"en_GB\" \/>\n<meta property=\"og:type\" content=\"article\" \/>\n<meta property=\"og:title\" content=\"MTS ATR Label - FXWare\" \/>\n<meta property=\"og:description\" content=\"Wska\u017anik FXWare Multisymbol ATR Label. Wska\u017anik wy\u015bwietla na ekranie list\u0119 wybranych instrument\u00f3w wraz z aktualn\u0105 warto\u015bci\u0105 ATR (Average True Range) okre\u015blaj\u0105c\u0105 bie\u017c\u0105c\u0105 zmienno\u015b\u0107 danego instrumentu. Dzi\u0119ki temu mo\u017cna wybra\u0107 instrument, kt\u00f3rego zmienno\u015b\u0107 w danym momencie jest dopasowana do realizowanej strategii. Dla ka\u017cdego instrumentu mo\u017cna wprowadzi\u0107 osobne progi pomi\u0119dzy niskim, \u015brednim i wysokim ATR. Wska\u017anik generuje [&hellip;]\" \/>\n<meta property=\"og:url\" content=\"https:\/\/new.fxware.pl\/en\/mts-atr-label\/\" \/>\n<meta property=\"og:site_name\" content=\"FXWare\" \/>\n<meta property=\"article:publisher\" content=\"https:\/\/facebook.com\/fxwarepl\/\" \/>\n<meta property=\"article:modified_time\" content=\"2023-10-07T00:40:53+00:00\" \/>\n<meta property=\"og:image\" content=\"https:\/\/new.fxware.pl\/wp-content\/uploads\/2019\/10\/FXWare_MTS_ATR_lab-300x165.png\" \/>\n<meta name=\"twitter:card\" content=\"summary_large_image\" \/>\n<script type=\"application\/ld+json\" class=\"yoast-schema-graph\">{\"@context\":\"https:\\\/\\\/schema.org\",\"@graph\":[{\"@type\":\"WebPage\",\"@id\":\"https:\\\/\\\/new.fxware.pl\\\/en\\\/mts-atr-label\\\/\",\"url\":\"https:\\\/\\\/new.fxware.pl\\\/en\\\/mts-atr-label\\\/\",\"name\":\"MTS ATR Label - FXWare\",\"isPartOf\":{\"@id\":\"https:\\\/\\\/new.fxware.pl\\\/en\\\/#website\"},\"primaryImageOfPage\":{\"@id\":\"https:\\\/\\\/new.fxware.pl\\\/en\\\/mts-atr-label\\\/#primaryimage\"},\"image\":{\"@id\":\"https:\\\/\\\/new.fxware.pl\\\/en\\\/mts-atr-label\\\/#primaryimage\"},\"thumbnailUrl\":\"https:\\\/\\\/new.fxware.pl\\\/wp-content\\\/uploads\\\/2019\\\/10\\\/FXWare_MTS_ATR_lab-300x165.png\",\"datePublished\":\"2019-10-08T17:58:15+00:00\",\"dateModified\":\"2023-10-07T00:40:53+00:00\",\"breadcrumb\":{\"@id\":\"https:\\\/\\\/new.fxware.pl\\\/en\\\/mts-atr-label\\\/#breadcrumb\"},\"inLanguage\":\"en-GB\",\"potentialAction\":[{\"@type\":\"ReadAction\",\"target\":[\"https:\\\/\\\/new.fxware.pl\\\/en\\\/mts-atr-label\\\/\"]}]},{\"@type\":\"ImageObject\",\"inLanguage\":\"en-GB\",\"@id\":\"https:\\\/\\\/new.fxware.pl\\\/en\\\/mts-atr-label\\\/#primaryimage\",\"url\":\"https:\\\/\\\/new.fxware.pl\\\/wp-content\\\/uploads\\\/2019\\\/10\\\/FXWare_MTS_ATR_lab-300x165.png\",\"contentUrl\":\"https:\\\/\\\/new.fxware.pl\\\/wp-content\\\/uploads\\\/2019\\\/10\\\/FXWare_MTS_ATR_lab-300x165.png\"},{\"@type\":\"BreadcrumbList\",\"@id\":\"https:\\\/\\\/new.fxware.pl\\\/en\\\/mts-atr-label\\\/#breadcrumb\",\"itemListElement\":[{\"@type\":\"ListItem\",\"position\":1,\"name\":\"Strona g\u0142\u00f3wna\",\"item\":\"https:\\\/\\\/new.fxware.pl\\\/\"},{\"@type\":\"ListItem\",\"position\":2,\"name\":\"MTS ATR Label\"}]},{\"@type\":\"WebSite\",\"@id\":\"https:\\\/\\\/new.fxware.pl\\\/en\\\/#website\",\"url\":\"https:\\\/\\\/new.fxware.pl\\\/en\\\/\",\"name\":\"FXWare\",\"description\":\"Rozwi\u0105zania dla Trader\u00f3w\",\"publisher\":{\"@id\":\"https:\\\/\\\/new.fxware.pl\\\/en\\\/#organization\"},\"potentialAction\":[{\"@type\":\"SearchAction\",\"target\":{\"@type\":\"EntryPoint\",\"urlTemplate\":\"https:\\\/\\\/new.fxware.pl\\\/en\\\/?s={search_term_string}\"},\"query-input\":{\"@type\":\"PropertyValueSpecification\",\"valueRequired\":true,\"valueName\":\"search_term_string\"}}],\"inLanguage\":\"en-GB\"},{\"@type\":\"Organization\",\"@id\":\"https:\\\/\\\/new.fxware.pl\\\/en\\\/#organization\",\"name\":\"FXWare - Rozwi\u0105zania Dla Inwestor\u00f3w\",\"url\":\"https:\\\/\\\/new.fxware.pl\\\/en\\\/\",\"logo\":{\"@type\":\"ImageObject\",\"inLanguage\":\"en-GB\",\"@id\":\"https:\\\/\\\/new.fxware.pl\\\/en\\\/#\\\/schema\\\/logo\\\/image\\\/\",\"url\":\"https:\\\/\\\/new.fxware.pl\\\/wp-content\\\/uploads\\\/2019\\\/07\\\/logo-ciemne-6-kwadrat-1024x1024.png\",\"contentUrl\":\"https:\\\/\\\/new.fxware.pl\\\/wp-content\\\/uploads\\\/2019\\\/07\\\/logo-ciemne-6-kwadrat-1024x1024.png\",\"width\":1024,\"height\":1024,\"caption\":\"FXWare - Rozwi\u0105zania Dla Inwestor\u00f3w\"},\"image\":{\"@id\":\"https:\\\/\\\/new.fxware.pl\\\/en\\\/#\\\/schema\\\/logo\\\/image\\\/\"},\"sameAs\":[\"https:\\\/\\\/facebook.com\\\/fxwarepl\\\/\",\"https:\\\/\\\/www.youtube.com\\\/channel\\\/UC8dWK9a2okrHo4Lu3x2H8pA\",\"https:\\\/\\\/instagram.com\\\/fxwarepl\"]}]}<\/script>\n<!-- \/ Yoast SEO plugin. -->","yoast_head_json":{"title":"MTS ATR Label - FXWare","robots":{"index":"index","follow":"follow","max-snippet":"max-snippet:-1","max-image-preview":"max-image-preview:large","max-video-preview":"max-video-preview:-1"},"canonical":"https:\/\/new.fxware.pl\/en\/mts-atr-label\/","og_locale":"en_GB","og_type":"article","og_title":"MTS ATR Label - FXWare","og_description":"Wska\u017anik FXWare Multisymbol ATR Label. Wska\u017anik wy\u015bwietla na ekranie list\u0119 wybranych instrument\u00f3w wraz z aktualn\u0105 warto\u015bci\u0105 ATR (Average True Range) okre\u015blaj\u0105c\u0105 bie\u017c\u0105c\u0105 zmienno\u015b\u0107 danego instrumentu. Dzi\u0119ki temu mo\u017cna wybra\u0107 instrument, kt\u00f3rego zmienno\u015b\u0107 w danym momencie jest dopasowana do realizowanej strategii. Dla ka\u017cdego instrumentu mo\u017cna wprowadzi\u0107 osobne progi pomi\u0119dzy niskim, \u015brednim i wysokim ATR. Wska\u017anik generuje [&hellip;]","og_url":"https:\/\/new.fxware.pl\/en\/mts-atr-label\/","og_site_name":"FXWare","article_publisher":"https:\/\/facebook.com\/fxwarepl\/","article_modified_time":"2023-10-07T00:40:53+00:00","og_image":[{"url":"https:\/\/new.fxware.pl\/wp-content\/uploads\/2019\/10\/FXWare_MTS_ATR_lab-300x165.png","type":"","width":"","height":""}],"twitter_card":"summary_large_image","schema":{"@context":"https:\/\/schema.org","@graph":[{"@type":"WebPage","@id":"https:\/\/new.fxware.pl\/en\/mts-atr-label\/","url":"https:\/\/new.fxware.pl\/en\/mts-atr-label\/","name":"MTS ATR Label - FXWare","isPartOf":{"@id":"https:\/\/new.fxware.pl\/en\/#website"},"primaryImageOfPage":{"@id":"https:\/\/new.fxware.pl\/en\/mts-atr-label\/#primaryimage"},"image":{"@id":"https:\/\/new.fxware.pl\/en\/mts-atr-label\/#primaryimage"},"thumbnailUrl":"https:\/\/new.fxware.pl\/wp-content\/uploads\/2019\/10\/FXWare_MTS_ATR_lab-300x165.png","datePublished":"2019-10-08T17:58:15+00:00","dateModified":"2023-10-07T00:40:53+00:00","breadcrumb":{"@id":"https:\/\/new.fxware.pl\/en\/mts-atr-label\/#breadcrumb"},"inLanguage":"en-GB","potentialAction":[{"@type":"ReadAction","target":["https:\/\/new.fxware.pl\/en\/mts-atr-label\/"]}]},{"@type":"ImageObject","inLanguage":"en-GB","@id":"https:\/\/new.fxware.pl\/en\/mts-atr-label\/#primaryimage","url":"https:\/\/new.fxware.pl\/wp-content\/uploads\/2019\/10\/FXWare_MTS_ATR_lab-300x165.png","contentUrl":"https:\/\/new.fxware.pl\/wp-content\/uploads\/2019\/10\/FXWare_MTS_ATR_lab-300x165.png"},{"@type":"BreadcrumbList","@id":"https:\/\/new.fxware.pl\/en\/mts-atr-label\/#breadcrumb","itemListElement":[{"@type":"ListItem","position":1,"name":"Strona g\u0142\u00f3wna","item":"https:\/\/new.fxware.pl\/"},{"@type":"ListItem","position":2,"name":"MTS ATR Label"}]},{"@type":"WebSite","@id":"https:\/\/new.fxware.pl\/en\/#website","url":"https:\/\/new.fxware.pl\/en\/","name":"FXWare","description":"Solutions for Traders","publisher":{"@id":"https:\/\/new.fxware.pl\/en\/#organization"},"potentialAction":[{"@type":"SearchAction","target":{"@type":"EntryPoint","urlTemplate":"https:\/\/new.fxware.pl\/en\/?s={search_term_string}"},"query-input":{"@type":"PropertyValueSpecification","valueRequired":true,"valueName":"search_term_string"}}],"inLanguage":"en-GB"},{"@type":"Organization","@id":"https:\/\/new.fxware.pl\/en\/#organization","name":"FXWare - Solutions for Investors","url":"https:\/\/new.fxware.pl\/en\/","logo":{"@type":"ImageObject","inLanguage":"en-GB","@id":"https:\/\/new.fxware.pl\/en\/#\/schema\/logo\/image\/","url":"https:\/\/new.fxware.pl\/wp-content\/uploads\/2019\/07\/logo-ciemne-6-kwadrat-1024x1024.png","contentUrl":"https:\/\/new.fxware.pl\/wp-content\/uploads\/2019\/07\/logo-ciemne-6-kwadrat-1024x1024.png","width":1024,"height":1024,"caption":"FXWare - Rozwi\u0105zania Dla Inwestor\u00f3w"},"image":{"@id":"https:\/\/new.fxware.pl\/en\/#\/schema\/logo\/image\/"},"sameAs":["https:\/\/facebook.com\/fxwarepl\/","https:\/\/www.youtube.com\/channel\/UC8dWK9a2okrHo4Lu3x2H8pA","https:\/\/instagram.com\/fxwarepl"]}]}},"_links":{"self":[{"href":"https:\/\/new.fxware.pl\/en\/wp-json\/wp\/v2\/pages\/8332","targetHints":{"allow":["GET"]}}],"collection":[{"href":"https:\/\/new.fxware.pl\/en\/wp-json\/wp\/v2\/pages"}],"about":[{"href":"https:\/\/new.fxware.pl\/en\/wp-json\/wp\/v2\/types\/page"}],"author":[{"embeddable":true,"href":"https:\/\/new.fxware.pl\/en\/wp-json\/wp\/v2\/users\/3"}],"replies":[{"embeddable":true,"href":"https:\/\/new.fxware.pl\/en\/wp-json\/wp\/v2\/comments?post=8332"}],"version-history":[{"count":0,"href":"https:\/\/new.fxware.pl\/en\/wp-json\/wp\/v2\/pages\/8332\/revisions"}],"wp:attachment":[{"href":"https:\/\/new.fxware.pl\/en\/wp-json\/wp\/v2\/media?parent=8332"}],"curies":[{"name":"wp","href":"https:\/\/api.w.org\/{rel}","templated":true}]}}