{"id":532,"date":"2019-01-06T21:41:05","date_gmt":"2019-01-06T19:41:05","guid":{"rendered":"https:\/\/new.fxware.pl\/pakiet-mmd-copy\/"},"modified":"2019-06-12T12:24:28","modified_gmt":"2019-06-12T10:24:28","slug":"vmfx-10","status":"publish","type":"page","link":"https:\/\/new.fxware.pl\/en\/vmfx-10\/","title":{"rendered":"Promotion for VMFX -10%"},"content":{"rendered":"<h3><\/h3>\n<h3 style=\"text-align: center;\"><span style=\"color: #f45b15;\">Special for VMFX people, all FXWare products cheaper by 10%!<\/span><\/h3>\n<p>&nbsp;<\/p>\n<p style=\"text-align: center;\">When shopping in our shop, use the coupon below to get a discount -10% on your entire shopping basket.<\/p>\n<h2 style=\"text-align: center;\"><span style=\"color: #279095;\">fxw-10-vmfx<\/span><\/h2>\n<p>&nbsp;<\/p>\n<p>&nbsp;<\/p>","protected":false},"excerpt":{"rendered":"<p>Special for VMFX people, all FXWare products cheaper by 10%!   When buying from our shop, use the coupon below to get a -10% discount on your entire shopping basket. fxw-10-vmfx &nbsp; &nbsp;<\/p>","protected":false},"author":3,"featured_media":0,"parent":0,"menu_order":0,"comment_status":"closed","ping_status":"closed","template":"","meta":{"inline_featured_image":false,"footnotes":""},"class_list":["post-532","page","type-page","status-publish","hentry"],"yoast_head":"<!-- This site is optimized with the Yoast SEO plugin v27.3 - https:\/\/yoast.com\/product\/yoast-seo-wordpress\/ -->\n<title>Promocja dla VMFX -10% - FXWare<\/title>\n<meta name=\"robots\" content=\"index, follow, max-snippet:-1, max-image-preview:large, max-video-preview:-1\" \/>\n<link rel=\"canonical\" href=\"https:\/\/new.fxware.pl\/en\/vmfx-10\/\" \/>\n<meta property=\"og:locale\" content=\"en_GB\" \/>\n<meta property=\"og:type\" content=\"article\" \/>\n<meta property=\"og:title\" content=\"Promocja dla VMFX -10% - FXWare\" \/>\n<meta property=\"og:description\" content=\"Specjalnie dla os\u00f3b z grupy VMFX wszystkie produkty FXWare ta\u0144sze o 10%! &nbsp; Kupuj\u0105c w naszym sklepie u\u017cyj poni\u017cszego kuponu aby uzyska\u0107 zni\u017ck\u0119 -10% na ca\u0142y koszyk zakup\u00f3w. fxw-10-vmfx &nbsp; &nbsp;\" \/>\n<meta property=\"og:url\" content=\"https:\/\/new.fxware.pl\/en\/vmfx-10\/\" \/>\n<meta property=\"og:site_name\" content=\"FXWare\" \/>\n<meta property=\"article:publisher\" content=\"https:\/\/facebook.com\/fxwarepl\/\" \/>\n<meta property=\"article:modified_time\" content=\"2019-06-12T10:24:28+00:00\" \/>\n<meta property=\"og:image\" content=\"https:\/\/new.fxware.pl\/wp-content\/uploads\/2022\/06\/FXWare-og-1200x628-1.png\" \/>\n\t<meta property=\"og:image:width\" content=\"1200\" \/>\n\t<meta property=\"og:image:height\" content=\"628\" \/>\n\t<meta property=\"og:image:type\" content=\"image\/png\" \/>\n<meta name=\"twitter:card\" content=\"summary_large_image\" \/>\n<script type=\"application\/ld+json\" class=\"yoast-schema-graph\">{\"@context\":\"https:\\\/\\\/schema.org\",\"@graph\":[{\"@type\":\"WebPage\",\"@id\":\"https:\\\/\\\/new.fxware.pl\\\/en\\\/vmfx-10\\\/\",\"url\":\"https:\\\/\\\/new.fxware.pl\\\/en\\\/vmfx-10\\\/\",\"name\":\"Promocja dla VMFX -10% - FXWare\",\"isPartOf\":{\"@id\":\"https:\\\/\\\/new.fxware.pl\\\/en\\\/#website\"},\"datePublished\":\"2019-01-06T19:41:05+00:00\",\"dateModified\":\"2019-06-12T10:24:28+00:00\",\"breadcrumb\":{\"@id\":\"https:\\\/\\\/new.fxware.pl\\\/en\\\/vmfx-10\\\/#breadcrumb\"},\"inLanguage\":\"en-GB\",\"potentialAction\":[{\"@type\":\"ReadAction\",\"target\":[\"https:\\\/\\\/new.fxware.pl\\\/en\\\/vmfx-10\\\/\"]}]},{\"@type\":\"BreadcrumbList\",\"@id\":\"https:\\\/\\\/new.fxware.pl\\\/en\\\/vmfx-10\\\/#breadcrumb\",\"itemListElement\":[{\"@type\":\"ListItem\",\"position\":1,\"name\":\"Strona g\u0142\u00f3wna\",\"item\":\"https:\\\/\\\/new.fxware.pl\\\/\"},{\"@type\":\"ListItem\",\"position\":2,\"name\":\"Promocja dla VMFX -10%\"}]},{\"@type\":\"WebSite\",\"@id\":\"https:\\\/\\\/new.fxware.pl\\\/en\\\/#website\",\"url\":\"https:\\\/\\\/new.fxware.pl\\\/en\\\/\",\"name\":\"FXWare\",\"description\":\"Rozwi\u0105zania dla Trader\u00f3w\",\"publisher\":{\"@id\":\"https:\\\/\\\/new.fxware.pl\\\/en\\\/#organization\"},\"potentialAction\":[{\"@type\":\"SearchAction\",\"target\":{\"@type\":\"EntryPoint\",\"urlTemplate\":\"https:\\\/\\\/new.fxware.pl\\\/en\\\/?s={search_term_string}\"},\"query-input\":{\"@type\":\"PropertyValueSpecification\",\"valueRequired\":true,\"valueName\":\"search_term_string\"}}],\"inLanguage\":\"en-GB\"},{\"@type\":\"Organization\",\"@id\":\"https:\\\/\\\/new.fxware.pl\\\/en\\\/#organization\",\"name\":\"FXWare - Rozwi\u0105zania Dla Inwestor\u00f3w\",\"url\":\"https:\\\/\\\/new.fxware.pl\\\/en\\\/\",\"logo\":{\"@type\":\"ImageObject\",\"inLanguage\":\"en-GB\",\"@id\":\"https:\\\/\\\/new.fxware.pl\\\/en\\\/#\\\/schema\\\/logo\\\/image\\\/\",\"url\":\"https:\\\/\\\/new.fxware.pl\\\/wp-content\\\/uploads\\\/2019\\\/07\\\/logo-ciemne-6-kwadrat-1024x1024.png\",\"contentUrl\":\"https:\\\/\\\/new.fxware.pl\\\/wp-content\\\/uploads\\\/2019\\\/07\\\/logo-ciemne-6-kwadrat-1024x1024.png\",\"width\":1024,\"height\":1024,\"caption\":\"FXWare - Rozwi\u0105zania Dla Inwestor\u00f3w\"},\"image\":{\"@id\":\"https:\\\/\\\/new.fxware.pl\\\/en\\\/#\\\/schema\\\/logo\\\/image\\\/\"},\"sameAs\":[\"https:\\\/\\\/facebook.com\\\/fxwarepl\\\/\",\"https:\\\/\\\/www.youtube.com\\\/channel\\\/UC8dWK9a2okrHo4Lu3x2H8pA\",\"https:\\\/\\\/instagram.com\\\/fxwarepl\"]}]}<\/script>\n<!-- \/ Yoast SEO plugin. -->","yoast_head_json":{"title":"Promotion for VMFX -10% - FXWare","robots":{"index":"index","follow":"follow","max-snippet":"max-snippet:-1","max-image-preview":"max-image-preview:large","max-video-preview":"max-video-preview:-1"},"canonical":"https:\/\/new.fxware.pl\/en\/vmfx-10\/","og_locale":"en_GB","og_type":"article","og_title":"Promocja dla VMFX -10% - FXWare","og_description":"Specjalnie dla os\u00f3b z grupy VMFX wszystkie produkty FXWare ta\u0144sze o 10%! &nbsp; Kupuj\u0105c w naszym sklepie u\u017cyj poni\u017cszego kuponu aby uzyska\u0107 zni\u017ck\u0119 -10% na ca\u0142y koszyk zakup\u00f3w. fxw-10-vmfx &nbsp; &nbsp;","og_url":"https:\/\/new.fxware.pl\/en\/vmfx-10\/","og_site_name":"FXWare","article_publisher":"https:\/\/facebook.com\/fxwarepl\/","article_modified_time":"2019-06-12T10:24:28+00:00","og_image":[{"width":1200,"height":628,"url":"https:\/\/new.fxware.pl\/wp-content\/uploads\/2022\/06\/FXWare-og-1200x628-1.png","type":"image\/png"}],"twitter_card":"summary_large_image","schema":{"@context":"https:\/\/schema.org","@graph":[{"@type":"WebPage","@id":"https:\/\/new.fxware.pl\/en\/vmfx-10\/","url":"https:\/\/new.fxware.pl\/en\/vmfx-10\/","name":"Promotion for VMFX -10% - FXWare","isPartOf":{"@id":"https:\/\/new.fxware.pl\/en\/#website"},"datePublished":"2019-01-06T19:41:05+00:00","dateModified":"2019-06-12T10:24:28+00:00","breadcrumb":{"@id":"https:\/\/new.fxware.pl\/en\/vmfx-10\/#breadcrumb"},"inLanguage":"en-GB","potentialAction":[{"@type":"ReadAction","target":["https:\/\/new.fxware.pl\/en\/vmfx-10\/"]}]},{"@type":"BreadcrumbList","@id":"https:\/\/new.fxware.pl\/en\/vmfx-10\/#breadcrumb","itemListElement":[{"@type":"ListItem","position":1,"name":"Strona g\u0142\u00f3wna","item":"https:\/\/new.fxware.pl\/"},{"@type":"ListItem","position":2,"name":"Promocja dla VMFX -10%"}]},{"@type":"WebSite","@id":"https:\/\/new.fxware.pl\/en\/#website","url":"https:\/\/new.fxware.pl\/en\/","name":"FXWare","description":"Solutions for Traders","publisher":{"@id":"https:\/\/new.fxware.pl\/en\/#organization"},"potentialAction":[{"@type":"SearchAction","target":{"@type":"EntryPoint","urlTemplate":"https:\/\/new.fxware.pl\/en\/?s={search_term_string}"},"query-input":{"@type":"PropertyValueSpecification","valueRequired":true,"valueName":"search_term_string"}}],"inLanguage":"en-GB"},{"@type":"Organization","@id":"https:\/\/new.fxware.pl\/en\/#organization","name":"FXWare - Solutions for Investors","url":"https:\/\/new.fxware.pl\/en\/","logo":{"@type":"ImageObject","inLanguage":"en-GB","@id":"https:\/\/new.fxware.pl\/en\/#\/schema\/logo\/image\/","url":"https:\/\/new.fxware.pl\/wp-content\/uploads\/2019\/07\/logo-ciemne-6-kwadrat-1024x1024.png","contentUrl":"https:\/\/new.fxware.pl\/wp-content\/uploads\/2019\/07\/logo-ciemne-6-kwadrat-1024x1024.png","width":1024,"height":1024,"caption":"FXWare - Rozwi\u0105zania Dla Inwestor\u00f3w"},"image":{"@id":"https:\/\/new.fxware.pl\/en\/#\/schema\/logo\/image\/"},"sameAs":["https:\/\/facebook.com\/fxwarepl\/","https:\/\/www.youtube.com\/channel\/UC8dWK9a2okrHo4Lu3x2H8pA","https:\/\/instagram.com\/fxwarepl"]}]}},"_links":{"self":[{"href":"https:\/\/new.fxware.pl\/en\/wp-json\/wp\/v2\/pages\/532","targetHints":{"allow":["GET"]}}],"collection":[{"href":"https:\/\/new.fxware.pl\/en\/wp-json\/wp\/v2\/pages"}],"about":[{"href":"https:\/\/new.fxware.pl\/en\/wp-json\/wp\/v2\/types\/page"}],"author":[{"embeddable":true,"href":"https:\/\/new.fxware.pl\/en\/wp-json\/wp\/v2\/users\/3"}],"replies":[{"embeddable":true,"href":"https:\/\/new.fxware.pl\/en\/wp-json\/wp\/v2\/comments?post=532"}],"version-history":[{"count":0,"href":"https:\/\/new.fxware.pl\/en\/wp-json\/wp\/v2\/pages\/532\/revisions"}],"wp:attachment":[{"href":"https:\/\/new.fxware.pl\/en\/wp-json\/wp\/v2\/media?parent=532"}],"curies":[{"name":"wp","href":"https:\/\/api.w.org\/{rel}","templated":true}]}}