{"id":2334,"date":"2019-06-10T18:55:16","date_gmt":"2019-06-10T16:55:16","guid":{"rendered":"https:\/\/new.fxware.pl\/downloads-free-copy-copy\/"},"modified":"2023-10-07T02:40:21","modified_gmt":"2023-10-07T00:40:21","slug":"multi-fibo","status":"publish","type":"page","link":"https:\/\/new.fxware.pl\/en\/multi-fibo\/","title":{"rendered":"Multi Fibo"},"content":{"rendered":"<p>Indicator <strong>MultiFibo<\/strong>where you can <a href=\"https:\/\/new.fxware.pl\/wp-content\/uploads\/2019\/01\/MultiFibo.png\"><img decoding=\"async\" class=\"alignright size-medium wp-image-554\" src=\"https:\/\/new.fxware.pl\/wp-content\/uploads\/2019\/01\/MultiFibo-300x157.png\" alt=\"\" width=\"300\" height=\"157\" srcset=\"https:\/\/new.fxware.pl\/wp-content\/uploads\/2019\/01\/MultiFibo-300x157.png 300w, https:\/\/new.fxware.pl\/wp-content\/uploads\/2019\/01\/MultiFibo-416x218.png 416w, https:\/\/new.fxware.pl\/wp-content\/uploads\/2019\/01\/MultiFibo-768x402.png 768w, https:\/\/new.fxware.pl\/wp-content\/uploads\/2019\/01\/MultiFibo-1024x536.png 1024w, https:\/\/new.fxware.pl\/wp-content\/uploads\/2019\/01\/MultiFibo.png 1200w\" sizes=\"(max-width: 300px) 100vw, 300px\" \/><\/a>define up to 5 different fibo grids and insert them into the chart using the buttons. The indicator can work in H and L price recognition mode on the visible part of the chart stretching the grid automatically from peak to bottom. Versions for MT4 and MT5 included in the package.<\/p>\n<i class=\"fas fa-cloud-download-alt\" ><\/i> <a href=\"https:\/\/new.fxware.pl\/wp-content\/uploads\/2019\/01\/FXWare-Multi-Fibo.zip\">FXWare-Multi-Fibo<\/a><\/p>\n<p>Questions about the indicator can be asked in the group <i class=\"fa fa-facebook\" ><\/i> <a href=\"https:\/\/www.facebook.com\/groups\/2262389784045873\/\" target=\"_blank\" rel=\"noopener noreferrer\">VMFX<\/a> on FB or on <i class=\"fa fa-facebook\" ><\/i> <a href=\"https:\/\/www.facebook.com\/fxwarepl\/photos\/a.1357263470990940\/2178178212232791\" target=\"_blank\" rel=\"noopener noreferrer\">FXWare FB page<\/a>. For free indicators we do not provide support by email or in messages on FB. Thank you. <img decoding=\"async\" class=\"emoji\" draggable=\"false\" src=\"https:\/\/s.w.org\/images\/core\/emoji\/12.0.0-1\/svg\/1f642.svg\" alt=\"\ud83d\ude42\" \/><\/p>\n<p>If you like the tool and find it useful then share it with your friends and like us on Facebook.<\/p>\n<p>&nbsp;<\/p>","protected":false},"excerpt":{"rendered":"<p>Wska\u017anik MultiFibo, w kt\u00f3rym mo\u017cna zdefiniowa\u0107 do 5 r\u00f3\u017cnych siatek fibo i wrzuca\u0107 je na wykres za pomoc\u0105 przycisk\u00f3w. Wska\u017anik mo\u017ce pracowa\u0107 w trybie rozpoznawania cen H i L na widocznej cz\u0119\u015bci wykresu rozci\u0105gaj\u0105c siatk\u0119 automatycznie od szczytu do do\u0142ka. W paczce wersje dla MT4 i MT5. FXWare-Multi-Fibo Pytania o wska\u017anik mo\u017cna zadawa\u0107 na grupie [&hellip;]<\/p>\n","protected":false},"author":3,"featured_media":0,"parent":0,"menu_order":0,"comment_status":"closed","ping_status":"closed","template":"","meta":{"inline_featured_image":false,"footnotes":""},"class_list":["post-2334","page","type-page","status-publish","hentry"],"yoast_head":"<!-- This site is optimized with the Yoast SEO plugin v27.3 - https:\/\/yoast.com\/product\/yoast-seo-wordpress\/ -->\n<title>Multi Fibo - FXWare<\/title>\n<meta name=\"robots\" content=\"index, follow, max-snippet:-1, max-image-preview:large, max-video-preview:-1\" \/>\n<link rel=\"canonical\" href=\"https:\/\/new.fxware.pl\/en\/multi-fibo\/\" \/>\n<meta property=\"og:locale\" content=\"en_GB\" \/>\n<meta property=\"og:type\" content=\"article\" \/>\n<meta property=\"og:title\" content=\"Multi Fibo - FXWare\" \/>\n<meta property=\"og:description\" content=\"Wska\u017anik MultiFibo, w kt\u00f3rym mo\u017cna zdefiniowa\u0107 do 5 r\u00f3\u017cnych siatek fibo i wrzuca\u0107 je na wykres za pomoc\u0105 przycisk\u00f3w. Wska\u017anik mo\u017ce pracowa\u0107 w trybie rozpoznawania cen H i L na widocznej cz\u0119\u015bci wykresu rozci\u0105gaj\u0105c siatk\u0119 automatycznie od szczytu do do\u0142ka. W paczce wersje dla MT4 i MT5. FXWare-Multi-Fibo Pytania o wska\u017anik mo\u017cna zadawa\u0107 na grupie [&hellip;]\" \/>\n<meta property=\"og:url\" content=\"https:\/\/new.fxware.pl\/en\/multi-fibo\/\" \/>\n<meta property=\"og:site_name\" content=\"FXWare\" \/>\n<meta property=\"article:publisher\" content=\"https:\/\/facebook.com\/fxwarepl\/\" \/>\n<meta property=\"article:modified_time\" content=\"2023-10-07T00:40:21+00:00\" \/>\n<meta property=\"og:image\" content=\"https:\/\/new.fxware.pl\/wp-content\/uploads\/2019\/01\/MultiFibo-300x157.png\" \/>\n<meta name=\"twitter:card\" content=\"summary_large_image\" \/>\n<script type=\"application\/ld+json\" class=\"yoast-schema-graph\">{\"@context\":\"https:\\\/\\\/schema.org\",\"@graph\":[{\"@type\":\"WebPage\",\"@id\":\"https:\\\/\\\/new.fxware.pl\\\/pl\\\/multi-fibo\\\/\",\"url\":\"https:\\\/\\\/new.fxware.pl\\\/pl\\\/multi-fibo\\\/\",\"name\":\"Multi Fibo - FXWare\",\"isPartOf\":{\"@id\":\"https:\\\/\\\/new.fxware.pl\\\/en\\\/#website\"},\"primaryImageOfPage\":{\"@id\":\"https:\\\/\\\/new.fxware.pl\\\/pl\\\/multi-fibo\\\/#primaryimage\"},\"image\":{\"@id\":\"https:\\\/\\\/new.fxware.pl\\\/pl\\\/multi-fibo\\\/#primaryimage\"},\"thumbnailUrl\":\"https:\\\/\\\/new.fxware.pl\\\/wp-content\\\/uploads\\\/2019\\\/01\\\/MultiFibo-300x157.png\",\"datePublished\":\"2019-06-10T16:55:16+00:00\",\"dateModified\":\"2023-10-07T00:40:21+00:00\",\"breadcrumb\":{\"@id\":\"https:\\\/\\\/new.fxware.pl\\\/pl\\\/multi-fibo\\\/#breadcrumb\"},\"inLanguage\":\"en-GB\",\"potentialAction\":[{\"@type\":\"ReadAction\",\"target\":[\"https:\\\/\\\/new.fxware.pl\\\/pl\\\/multi-fibo\\\/\"]}]},{\"@type\":\"ImageObject\",\"inLanguage\":\"en-GB\",\"@id\":\"https:\\\/\\\/new.fxware.pl\\\/pl\\\/multi-fibo\\\/#primaryimage\",\"url\":\"https:\\\/\\\/new.fxware.pl\\\/wp-content\\\/uploads\\\/2019\\\/01\\\/MultiFibo-300x157.png\",\"contentUrl\":\"https:\\\/\\\/new.fxware.pl\\\/wp-content\\\/uploads\\\/2019\\\/01\\\/MultiFibo-300x157.png\"},{\"@type\":\"BreadcrumbList\",\"@id\":\"https:\\\/\\\/new.fxware.pl\\\/pl\\\/multi-fibo\\\/#breadcrumb\",\"itemListElement\":[{\"@type\":\"ListItem\",\"position\":1,\"name\":\"Strona g\u0142\u00f3wna\",\"item\":\"https:\\\/\\\/new.fxware.pl\\\/\"},{\"@type\":\"ListItem\",\"position\":2,\"name\":\"Multi Fibo\"}]},{\"@type\":\"WebSite\",\"@id\":\"https:\\\/\\\/new.fxware.pl\\\/en\\\/#website\",\"url\":\"https:\\\/\\\/new.fxware.pl\\\/en\\\/\",\"name\":\"FXWare\",\"description\":\"Rozwi\u0105zania dla Trader\u00f3w\",\"publisher\":{\"@id\":\"https:\\\/\\\/new.fxware.pl\\\/en\\\/#organization\"},\"potentialAction\":[{\"@type\":\"SearchAction\",\"target\":{\"@type\":\"EntryPoint\",\"urlTemplate\":\"https:\\\/\\\/new.fxware.pl\\\/en\\\/?s={search_term_string}\"},\"query-input\":{\"@type\":\"PropertyValueSpecification\",\"valueRequired\":true,\"valueName\":\"search_term_string\"}}],\"inLanguage\":\"en-GB\"},{\"@type\":\"Organization\",\"@id\":\"https:\\\/\\\/new.fxware.pl\\\/en\\\/#organization\",\"name\":\"FXWare - Rozwi\u0105zania Dla Inwestor\u00f3w\",\"url\":\"https:\\\/\\\/new.fxware.pl\\\/en\\\/\",\"logo\":{\"@type\":\"ImageObject\",\"inLanguage\":\"en-GB\",\"@id\":\"https:\\\/\\\/new.fxware.pl\\\/en\\\/#\\\/schema\\\/logo\\\/image\\\/\",\"url\":\"https:\\\/\\\/new.fxware.pl\\\/wp-content\\\/uploads\\\/2019\\\/07\\\/logo-ciemne-6-kwadrat-1024x1024.png\",\"contentUrl\":\"https:\\\/\\\/new.fxware.pl\\\/wp-content\\\/uploads\\\/2019\\\/07\\\/logo-ciemne-6-kwadrat-1024x1024.png\",\"width\":1024,\"height\":1024,\"caption\":\"FXWare - Rozwi\u0105zania Dla Inwestor\u00f3w\"},\"image\":{\"@id\":\"https:\\\/\\\/new.fxware.pl\\\/en\\\/#\\\/schema\\\/logo\\\/image\\\/\"},\"sameAs\":[\"https:\\\/\\\/facebook.com\\\/fxwarepl\\\/\",\"https:\\\/\\\/www.youtube.com\\\/channel\\\/UC8dWK9a2okrHo4Lu3x2H8pA\",\"https:\\\/\\\/instagram.com\\\/fxwarepl\"]}]}<\/script>\n<!-- \/ Yoast SEO plugin. -->","yoast_head_json":{"title":"Multi Fibo - FXWare","robots":{"index":"index","follow":"follow","max-snippet":"max-snippet:-1","max-image-preview":"max-image-preview:large","max-video-preview":"max-video-preview:-1"},"canonical":"https:\/\/new.fxware.pl\/en\/multi-fibo\/","og_locale":"en_GB","og_type":"article","og_title":"Multi Fibo - FXWare","og_description":"Wska\u017anik MultiFibo, w kt\u00f3rym mo\u017cna zdefiniowa\u0107 do 5 r\u00f3\u017cnych siatek fibo i wrzuca\u0107 je na wykres za pomoc\u0105 przycisk\u00f3w. Wska\u017anik mo\u017ce pracowa\u0107 w trybie rozpoznawania cen H i L na widocznej cz\u0119\u015bci wykresu rozci\u0105gaj\u0105c siatk\u0119 automatycznie od szczytu do do\u0142ka. W paczce wersje dla MT4 i MT5. FXWare-Multi-Fibo Pytania o wska\u017anik mo\u017cna zadawa\u0107 na grupie [&hellip;]","og_url":"https:\/\/new.fxware.pl\/en\/multi-fibo\/","og_site_name":"FXWare","article_publisher":"https:\/\/facebook.com\/fxwarepl\/","article_modified_time":"2023-10-07T00:40:21+00:00","og_image":[{"url":"https:\/\/new.fxware.pl\/wp-content\/uploads\/2019\/01\/MultiFibo-300x157.png","type":"","width":"","height":""}],"twitter_card":"summary_large_image","schema":{"@context":"https:\/\/schema.org","@graph":[{"@type":"WebPage","@id":"https:\/\/new.fxware.pl\/pl\/multi-fibo\/","url":"https:\/\/new.fxware.pl\/pl\/multi-fibo\/","name":"Multi Fibo - FXWare","isPartOf":{"@id":"https:\/\/new.fxware.pl\/en\/#website"},"primaryImageOfPage":{"@id":"https:\/\/new.fxware.pl\/pl\/multi-fibo\/#primaryimage"},"image":{"@id":"https:\/\/new.fxware.pl\/pl\/multi-fibo\/#primaryimage"},"thumbnailUrl":"https:\/\/new.fxware.pl\/wp-content\/uploads\/2019\/01\/MultiFibo-300x157.png","datePublished":"2019-06-10T16:55:16+00:00","dateModified":"2023-10-07T00:40:21+00:00","breadcrumb":{"@id":"https:\/\/new.fxware.pl\/pl\/multi-fibo\/#breadcrumb"},"inLanguage":"en-GB","potentialAction":[{"@type":"ReadAction","target":["https:\/\/new.fxware.pl\/pl\/multi-fibo\/"]}]},{"@type":"ImageObject","inLanguage":"en-GB","@id":"https:\/\/new.fxware.pl\/pl\/multi-fibo\/#primaryimage","url":"https:\/\/new.fxware.pl\/wp-content\/uploads\/2019\/01\/MultiFibo-300x157.png","contentUrl":"https:\/\/new.fxware.pl\/wp-content\/uploads\/2019\/01\/MultiFibo-300x157.png"},{"@type":"BreadcrumbList","@id":"https:\/\/new.fxware.pl\/pl\/multi-fibo\/#breadcrumb","itemListElement":[{"@type":"ListItem","position":1,"name":"Strona g\u0142\u00f3wna","item":"https:\/\/new.fxware.pl\/"},{"@type":"ListItem","position":2,"name":"Multi Fibo"}]},{"@type":"WebSite","@id":"https:\/\/new.fxware.pl\/en\/#website","url":"https:\/\/new.fxware.pl\/en\/","name":"FXWare","description":"Solutions for Traders","publisher":{"@id":"https:\/\/new.fxware.pl\/en\/#organization"},"potentialAction":[{"@type":"SearchAction","target":{"@type":"EntryPoint","urlTemplate":"https:\/\/new.fxware.pl\/en\/?s={search_term_string}"},"query-input":{"@type":"PropertyValueSpecification","valueRequired":true,"valueName":"search_term_string"}}],"inLanguage":"en-GB"},{"@type":"Organization","@id":"https:\/\/new.fxware.pl\/en\/#organization","name":"FXWare - Solutions for Investors","url":"https:\/\/new.fxware.pl\/en\/","logo":{"@type":"ImageObject","inLanguage":"en-GB","@id":"https:\/\/new.fxware.pl\/en\/#\/schema\/logo\/image\/","url":"https:\/\/new.fxware.pl\/wp-content\/uploads\/2019\/07\/logo-ciemne-6-kwadrat-1024x1024.png","contentUrl":"https:\/\/new.fxware.pl\/wp-content\/uploads\/2019\/07\/logo-ciemne-6-kwadrat-1024x1024.png","width":1024,"height":1024,"caption":"FXWare - Rozwi\u0105zania Dla Inwestor\u00f3w"},"image":{"@id":"https:\/\/new.fxware.pl\/en\/#\/schema\/logo\/image\/"},"sameAs":["https:\/\/facebook.com\/fxwarepl\/","https:\/\/www.youtube.com\/channel\/UC8dWK9a2okrHo4Lu3x2H8pA","https:\/\/instagram.com\/fxwarepl"]}]}},"_links":{"self":[{"href":"https:\/\/new.fxware.pl\/en\/wp-json\/wp\/v2\/pages\/2334","targetHints":{"allow":["GET"]}}],"collection":[{"href":"https:\/\/new.fxware.pl\/en\/wp-json\/wp\/v2\/pages"}],"about":[{"href":"https:\/\/new.fxware.pl\/en\/wp-json\/wp\/v2\/types\/page"}],"author":[{"embeddable":true,"href":"https:\/\/new.fxware.pl\/en\/wp-json\/wp\/v2\/users\/3"}],"replies":[{"embeddable":true,"href":"https:\/\/new.fxware.pl\/en\/wp-json\/wp\/v2\/comments?post=2334"}],"version-history":[{"count":0,"href":"https:\/\/new.fxware.pl\/en\/wp-json\/wp\/v2\/pages\/2334\/revisions"}],"wp:attachment":[{"href":"https:\/\/new.fxware.pl\/en\/wp-json\/wp\/v2\/media?parent=2334"}],"curies":[{"name":"wp","href":"https:\/\/api.w.org\/{rel}","templated":true}]}}