{"id":21537,"date":"2022-10-27T17:48:50","date_gmt":"2022-10-27T16:48:50","guid":{"rendered":"https:\/\/new.fxware.pl\/autofibo-copy\/"},"modified":"2022-10-27T17:56:58","modified_gmt":"2022-10-27T16:56:58","slug":"scripts","status":"publish","type":"page","link":"https:\/\/new.fxware.pl\/en\/scripts\/","title":{"rendered":"Examples of scripts"},"content":{"rendered":"<p>Przyk\u0142adowe skrypty na platform\u0119 MT4:<\/p>\n<ul>\n<li>kasuj_obiekty &#8211; skrypt usuwa z wykresu wszystkie obiekty narysowane przez u\u017cytkownika, mo\u017ca wybra\u0107 r\u00f3wnie\u017c czy maj\u0105 zosta\u0107 usuni\u0119te obiekty &#8222;ukryte&#8221;;<\/li>\n<li>kasuj_obiekty_juz &#8211; skrypt od razu usuwa z wykresu wszystkie obiekty narysowane przez u\u017cytkownika;<\/li>\n<li>zamknij_transakcje &#8211; skrypt zamyka wszystkie otwarte transakcje na danym instrumencie, mo\u017cna wybra\u0107 czy ma pomija\u0107 zlecenia oczekuj\u0105ce STOP i LIMIT;<\/li>\n<li>zamknij_transakcje_juz &#8211; skrypt zamyka wszystkie otwarte transakcje (w tym zlecenia oczekuj\u0105ce) na danym instrumencie;<\/li>\n<\/ul>\n[wp-svg-icons icon=&#8221;download&#8221; wrap=&#8221;i&#8221;]<strong> <a href=\"https:\/\/new.fxware.pl\/download\/free\/FXWare-Skrypty.zip\" target=\"_blank\" rel=\"noopener\">Pobierz przyk\u0142ady skrypt\u00f3w<\/a><\/strong><\/p>\n<p><strong>Skrypty przeznaczone s\u0105 na platform\u0119 MT4<\/strong>. Nale\u017cy umie\u015bci\u0107 je w katalogu Scripts w folderze danych MT4 i zrestartowa\u0107 platform\u0119. Po restarcie przeci\u0105gn\u0105\u0107 skrypt z listy na wykres lub uruchomi\u0107 go przez 2-krotne klikni\u0119cie myszk\u0105.<\/p>\n<p>Je\u015bli narz\u0119dzie Ci si\u0119 spodoba i uznasz je za przydatne to podziel si\u0119 nim ze znajomymi i polub nas na [wp-svg-icons icon=&#8221;facebook-2&#8243; wrap=&#8221;i&#8221;] <a href=\"https:\/\/www.facebook.com\/fxwarepl\/\" target=\"_blank\" rel=\"noopener noreferrer\">Facebook&#8217;u<\/a>.<\/p>\n<p>Pytania o wska\u017anik mo\u017cna zadawa\u0107 na <a href=\"https:\/\/t.me\/fxwaresoft\" target=\"_blank\" rel=\"noopener\">grupie FXWare na Telegramie<\/a>. Dla darmowych program\u00f3w nie \u015bwiadczymy wsparcia przez mail lub w wiadomo\u015bciach na FB. Dzi\u0119kujemy. <img decoding=\"async\" class=\"emoji\" src=\"https:\/\/s.w.org\/images\/core\/emoji\/12.0.0-1\/svg\/1f642.svg\" alt=\"\ud83d\ude42\" \/><\/p>\n","protected":false},"excerpt":{"rendered":"<p>Przyk\u0142adowe skrypty na platform\u0119 MT4: kasuj_obiekty &#8211; skrypt usuwa z wykresu wszystkie obiekty narysowane przez u\u017cytkownika, mo\u017ca wybra\u0107 r\u00f3wnie\u017c czy maj\u0105 zosta\u0107 usuni\u0119te obiekty &#8222;ukryte&#8221;; kasuj_obiekty_juz &#8211; skrypt od razu usuwa z wykresu wszystkie obiekty narysowane przez u\u017cytkownika; zamknij_transakcje &#8211; skrypt zamyka wszystkie otwarte transakcje na danym instrumencie, mo\u017cna wybra\u0107 czy ma pomija\u0107 zlecenia oczekuj\u0105ce [&hellip;]<\/p>\n","protected":false},"author":3,"featured_media":0,"parent":0,"menu_order":0,"comment_status":"closed","ping_status":"closed","template":"","meta":{"inline_featured_image":false,"footnotes":""},"class_list":["post-21537","page","type-page","status-publish","hentry"],"yoast_head":"<!-- This site is optimized with the Yoast SEO plugin v27.3 - https:\/\/yoast.com\/product\/yoast-seo-wordpress\/ -->\n<title>Przyk\u0142ady skrypt\u00f3w - FXWare<\/title>\n<meta name=\"robots\" content=\"index, follow, max-snippet:-1, max-image-preview:large, max-video-preview:-1\" \/>\n<link rel=\"canonical\" href=\"https:\/\/new.fxware.pl\/en\/scripts\/\" \/>\n<meta property=\"og:locale\" content=\"en_GB\" \/>\n<meta property=\"og:type\" content=\"article\" \/>\n<meta property=\"og:title\" content=\"Przyk\u0142ady skrypt\u00f3w - FXWare\" \/>\n<meta property=\"og:description\" content=\"Przyk\u0142adowe skrypty na platform\u0119 MT4: kasuj_obiekty &#8211; skrypt usuwa z wykresu wszystkie obiekty narysowane przez u\u017cytkownika, mo\u017ca wybra\u0107 r\u00f3wnie\u017c czy maj\u0105 zosta\u0107 usuni\u0119te obiekty &#8222;ukryte&#8221;; kasuj_obiekty_juz &#8211; skrypt od razu usuwa z wykresu wszystkie obiekty narysowane przez u\u017cytkownika; zamknij_transakcje &#8211; skrypt zamyka wszystkie otwarte transakcje na danym instrumencie, mo\u017cna wybra\u0107 czy ma pomija\u0107 zlecenia oczekuj\u0105ce [&hellip;]\" \/>\n<meta property=\"og:url\" content=\"https:\/\/new.fxware.pl\/en\/scripts\/\" \/>\n<meta property=\"og:site_name\" content=\"FXWare\" \/>\n<meta property=\"article:publisher\" content=\"https:\/\/facebook.com\/fxwarepl\/\" \/>\n<meta property=\"article:modified_time\" content=\"2022-10-27T16:56:58+00:00\" \/>\n<meta property=\"og:image\" content=\"https:\/\/s.w.org\/images\/core\/emoji\/12.0.0-1\/svg\/1f642.svg\" \/>\n<meta name=\"twitter:card\" content=\"summary_large_image\" \/>\n<script type=\"application\/ld+json\" class=\"yoast-schema-graph\">{\"@context\":\"https:\\\/\\\/schema.org\",\"@graph\":[{\"@type\":\"WebPage\",\"@id\":\"https:\\\/\\\/new.fxware.pl\\\/pl\\\/skrypty\\\/\",\"url\":\"https:\\\/\\\/new.fxware.pl\\\/pl\\\/skrypty\\\/\",\"name\":\"Przyk\u0142ady skrypt\u00f3w - FXWare\",\"isPartOf\":{\"@id\":\"https:\\\/\\\/new.fxware.pl\\\/en\\\/#website\"},\"primaryImageOfPage\":{\"@id\":\"https:\\\/\\\/new.fxware.pl\\\/pl\\\/skrypty\\\/#primaryimage\"},\"image\":{\"@id\":\"https:\\\/\\\/new.fxware.pl\\\/pl\\\/skrypty\\\/#primaryimage\"},\"thumbnailUrl\":\"https:\\\/\\\/s.w.org\\\/images\\\/core\\\/emoji\\\/12.0.0-1\\\/svg\\\/1f642.svg\",\"datePublished\":\"2022-10-27T16:48:50+00:00\",\"dateModified\":\"2022-10-27T16:56:58+00:00\",\"breadcrumb\":{\"@id\":\"https:\\\/\\\/new.fxware.pl\\\/pl\\\/skrypty\\\/#breadcrumb\"},\"inLanguage\":\"en-GB\",\"potentialAction\":[{\"@type\":\"ReadAction\",\"target\":[\"https:\\\/\\\/new.fxware.pl\\\/pl\\\/skrypty\\\/\"]}]},{\"@type\":\"ImageObject\",\"inLanguage\":\"en-GB\",\"@id\":\"https:\\\/\\\/new.fxware.pl\\\/pl\\\/skrypty\\\/#primaryimage\",\"url\":\"https:\\\/\\\/s.w.org\\\/images\\\/core\\\/emoji\\\/12.0.0-1\\\/svg\\\/1f642.svg\",\"contentUrl\":\"https:\\\/\\\/s.w.org\\\/images\\\/core\\\/emoji\\\/12.0.0-1\\\/svg\\\/1f642.svg\"},{\"@type\":\"BreadcrumbList\",\"@id\":\"https:\\\/\\\/new.fxware.pl\\\/pl\\\/skrypty\\\/#breadcrumb\",\"itemListElement\":[{\"@type\":\"ListItem\",\"position\":1,\"name\":\"Strona g\u0142\u00f3wna\",\"item\":\"https:\\\/\\\/new.fxware.pl\\\/\"},{\"@type\":\"ListItem\",\"position\":2,\"name\":\"Przyk\u0142ady skrypt\u00f3w\"}]},{\"@type\":\"WebSite\",\"@id\":\"https:\\\/\\\/new.fxware.pl\\\/en\\\/#website\",\"url\":\"https:\\\/\\\/new.fxware.pl\\\/en\\\/\",\"name\":\"FXWare\",\"description\":\"Rozwi\u0105zania dla Trader\u00f3w\",\"publisher\":{\"@id\":\"https:\\\/\\\/new.fxware.pl\\\/en\\\/#organization\"},\"potentialAction\":[{\"@type\":\"SearchAction\",\"target\":{\"@type\":\"EntryPoint\",\"urlTemplate\":\"https:\\\/\\\/new.fxware.pl\\\/en\\\/?s={search_term_string}\"},\"query-input\":{\"@type\":\"PropertyValueSpecification\",\"valueRequired\":true,\"valueName\":\"search_term_string\"}}],\"inLanguage\":\"en-GB\"},{\"@type\":\"Organization\",\"@id\":\"https:\\\/\\\/new.fxware.pl\\\/en\\\/#organization\",\"name\":\"FXWare - Rozwi\u0105zania Dla Inwestor\u00f3w\",\"url\":\"https:\\\/\\\/new.fxware.pl\\\/en\\\/\",\"logo\":{\"@type\":\"ImageObject\",\"inLanguage\":\"en-GB\",\"@id\":\"https:\\\/\\\/new.fxware.pl\\\/en\\\/#\\\/schema\\\/logo\\\/image\\\/\",\"url\":\"https:\\\/\\\/new.fxware.pl\\\/wp-content\\\/uploads\\\/2019\\\/07\\\/logo-ciemne-6-kwadrat-1024x1024.png\",\"contentUrl\":\"https:\\\/\\\/new.fxware.pl\\\/wp-content\\\/uploads\\\/2019\\\/07\\\/logo-ciemne-6-kwadrat-1024x1024.png\",\"width\":1024,\"height\":1024,\"caption\":\"FXWare - Rozwi\u0105zania Dla Inwestor\u00f3w\"},\"image\":{\"@id\":\"https:\\\/\\\/new.fxware.pl\\\/en\\\/#\\\/schema\\\/logo\\\/image\\\/\"},\"sameAs\":[\"https:\\\/\\\/facebook.com\\\/fxwarepl\\\/\",\"https:\\\/\\\/www.youtube.com\\\/channel\\\/UC8dWK9a2okrHo4Lu3x2H8pA\",\"https:\\\/\\\/instagram.com\\\/fxwarepl\"]}]}<\/script>\n<!-- \/ Yoast SEO plugin. -->","yoast_head_json":{"title":"Script examples - FXWare","robots":{"index":"index","follow":"follow","max-snippet":"max-snippet:-1","max-image-preview":"max-image-preview:large","max-video-preview":"max-video-preview:-1"},"canonical":"https:\/\/new.fxware.pl\/en\/scripts\/","og_locale":"en_GB","og_type":"article","og_title":"Przyk\u0142ady skrypt\u00f3w - FXWare","og_description":"Przyk\u0142adowe skrypty na platform\u0119 MT4: kasuj_obiekty &#8211; skrypt usuwa z wykresu wszystkie obiekty narysowane przez u\u017cytkownika, mo\u017ca wybra\u0107 r\u00f3wnie\u017c czy maj\u0105 zosta\u0107 usuni\u0119te obiekty &#8222;ukryte&#8221;; kasuj_obiekty_juz &#8211; skrypt od razu usuwa z wykresu wszystkie obiekty narysowane przez u\u017cytkownika; zamknij_transakcje &#8211; skrypt zamyka wszystkie otwarte transakcje na danym instrumencie, mo\u017cna wybra\u0107 czy ma pomija\u0107 zlecenia oczekuj\u0105ce [&hellip;]","og_url":"https:\/\/new.fxware.pl\/en\/scripts\/","og_site_name":"FXWare","article_publisher":"https:\/\/facebook.com\/fxwarepl\/","article_modified_time":"2022-10-27T16:56:58+00:00","og_image":[{"url":"https:\/\/s.w.org\/images\/core\/emoji\/12.0.0-1\/svg\/1f642.svg","type":"","width":"","height":""}],"twitter_card":"summary_large_image","schema":{"@context":"https:\/\/schema.org","@graph":[{"@type":"WebPage","@id":"https:\/\/new.fxware.pl\/pl\/skrypty\/","url":"https:\/\/new.fxware.pl\/pl\/skrypty\/","name":"Script examples - FXWare","isPartOf":{"@id":"https:\/\/new.fxware.pl\/en\/#website"},"primaryImageOfPage":{"@id":"https:\/\/new.fxware.pl\/pl\/skrypty\/#primaryimage"},"image":{"@id":"https:\/\/new.fxware.pl\/pl\/skrypty\/#primaryimage"},"thumbnailUrl":"https:\/\/s.w.org\/images\/core\/emoji\/12.0.0-1\/svg\/1f642.svg","datePublished":"2022-10-27T16:48:50+00:00","dateModified":"2022-10-27T16:56:58+00:00","breadcrumb":{"@id":"https:\/\/new.fxware.pl\/pl\/skrypty\/#breadcrumb"},"inLanguage":"en-GB","potentialAction":[{"@type":"ReadAction","target":["https:\/\/new.fxware.pl\/pl\/skrypty\/"]}]},{"@type":"ImageObject","inLanguage":"en-GB","@id":"https:\/\/new.fxware.pl\/pl\/skrypty\/#primaryimage","url":"https:\/\/s.w.org\/images\/core\/emoji\/12.0.0-1\/svg\/1f642.svg","contentUrl":"https:\/\/s.w.org\/images\/core\/emoji\/12.0.0-1\/svg\/1f642.svg"},{"@type":"BreadcrumbList","@id":"https:\/\/new.fxware.pl\/pl\/skrypty\/#breadcrumb","itemListElement":[{"@type":"ListItem","position":1,"name":"Strona g\u0142\u00f3wna","item":"https:\/\/new.fxware.pl\/"},{"@type":"ListItem","position":2,"name":"Przyk\u0142ady skrypt\u00f3w"}]},{"@type":"WebSite","@id":"https:\/\/new.fxware.pl\/en\/#website","url":"https:\/\/new.fxware.pl\/en\/","name":"FXWare","description":"Solutions for Traders","publisher":{"@id":"https:\/\/new.fxware.pl\/en\/#organization"},"potentialAction":[{"@type":"SearchAction","target":{"@type":"EntryPoint","urlTemplate":"https:\/\/new.fxware.pl\/en\/?s={search_term_string}"},"query-input":{"@type":"PropertyValueSpecification","valueRequired":true,"valueName":"search_term_string"}}],"inLanguage":"en-GB"},{"@type":"Organization","@id":"https:\/\/new.fxware.pl\/en\/#organization","name":"FXWare - Solutions for Investors","url":"https:\/\/new.fxware.pl\/en\/","logo":{"@type":"ImageObject","inLanguage":"en-GB","@id":"https:\/\/new.fxware.pl\/en\/#\/schema\/logo\/image\/","url":"https:\/\/new.fxware.pl\/wp-content\/uploads\/2019\/07\/logo-ciemne-6-kwadrat-1024x1024.png","contentUrl":"https:\/\/new.fxware.pl\/wp-content\/uploads\/2019\/07\/logo-ciemne-6-kwadrat-1024x1024.png","width":1024,"height":1024,"caption":"FXWare - Rozwi\u0105zania Dla Inwestor\u00f3w"},"image":{"@id":"https:\/\/new.fxware.pl\/en\/#\/schema\/logo\/image\/"},"sameAs":["https:\/\/facebook.com\/fxwarepl\/","https:\/\/www.youtube.com\/channel\/UC8dWK9a2okrHo4Lu3x2H8pA","https:\/\/instagram.com\/fxwarepl"]}]}},"_links":{"self":[{"href":"https:\/\/new.fxware.pl\/en\/wp-json\/wp\/v2\/pages\/21537","targetHints":{"allow":["GET"]}}],"collection":[{"href":"https:\/\/new.fxware.pl\/en\/wp-json\/wp\/v2\/pages"}],"about":[{"href":"https:\/\/new.fxware.pl\/en\/wp-json\/wp\/v2\/types\/page"}],"author":[{"embeddable":true,"href":"https:\/\/new.fxware.pl\/en\/wp-json\/wp\/v2\/users\/3"}],"replies":[{"embeddable":true,"href":"https:\/\/new.fxware.pl\/en\/wp-json\/wp\/v2\/comments?post=21537"}],"version-history":[{"count":0,"href":"https:\/\/new.fxware.pl\/en\/wp-json\/wp\/v2\/pages\/21537\/revisions"}],"wp:attachment":[{"href":"https:\/\/new.fxware.pl\/en\/wp-json\/wp\/v2\/media?parent=21537"}],"curies":[{"name":"wp","href":"https:\/\/api.w.org\/{rel}","templated":true}]}}