{"id":2,"date":"2018-09-04T14:00:36","date_gmt":"2018-09-04T14:00:36","guid":{"rendered":"https:\/\/new.fxware.pl\/?page_id=2"},"modified":"2026-03-30T00:20:03","modified_gmt":"2026-03-29T22:20:03","slug":"sample-page","status":"publish","type":"page","link":"https:\/\/new.fxware.pl\/en\/","title":{"rendered":""},"content":{"rendered":"<div data-elementor-type=\"wp-post\" data-elementor-id=\"2\" class=\"elementor elementor-2\" data-elementor-post-type=\"page\">\n\t\t\t\t\t\t<section class=\"elementor-section elementor-top-section elementor-element elementor-element-8670dc6 elementor-section-height-min-height elementor-section-boxed elementor-section-height-default elementor-section-items-middle\" data-id=\"8670dc6\" data-element_type=\"section\" data-e-type=\"section\">\n\t\t\t\t\t\t<div class=\"elementor-container elementor-column-gap-default\">\n\t\t\t\t\t<div class=\"elementor-column elementor-col-100 elementor-top-column elementor-element elementor-element-a2c7ed0\" data-id=\"a2c7ed0\" data-element_type=\"column\" data-e-type=\"column\">\n\t\t\t<div class=\"elementor-widget-wrap elementor-element-populated\">\n\t\t\t\t\t\t<div class=\"elementor-element elementor-element-d542d9e elementor-widget elementor-widget-spacer\" data-id=\"d542d9e\" data-element_type=\"widget\" data-e-type=\"widget\" data-widget_type=\"spacer.default\">\n\t\t\t\t<div class=\"elementor-widget-container\">\n\t\t\t\t\t\t\t<div class=\"elementor-spacer\">\n\t\t\t<div class=\"elementor-spacer-inner\"><\/div>\n\t\t<\/div>\n\t\t\t\t\t\t<\/div>\n\t\t\t\t<\/div>\n\t\t\t\t\t<\/div>\n\t\t<\/div>\n\t\t\t\t\t<\/div>\n\t\t<\/section>\n\t\t\t\t<section class=\"elementor-section elementor-top-section elementor-element elementor-element-638c112e elementor-section-boxed elementor-section-height-default elementor-section-height-default\" data-id=\"638c112e\" data-element_type=\"section\" data-e-type=\"section\">\n\t\t\t\t\t\t<div class=\"elementor-container elementor-column-gap-default\">\n\t\t\t\t\t<div class=\"elementor-column elementor-col-100 elementor-top-column elementor-element elementor-element-170076d5\" data-id=\"170076d5\" data-element_type=\"column\" data-e-type=\"column\">\n\t\t\t<div class=\"elementor-widget-wrap elementor-element-populated\">\n\t\t\t\t\t\t<div class=\"elementor-element elementor-element-245b9266 animated-slow elementor-widget elementor-widget-heading\" data-id=\"245b9266\" data-element_type=\"widget\" data-e-type=\"widget\" data-settings=\"{&quot;_animation&quot;:&quot;none&quot;}\" data-widget_type=\"heading.default\">\n\t\t\t\t<div class=\"elementor-widget-container\">\n\t\t\t\t\t<h1 class=\"elementor-heading-title elementor-size-default\">WELCOME!<\/h1>\t\t\t\t<\/div>\n\t\t\t\t<\/div>\n\t\t\t\t<div class=\"elementor-element elementor-element-1212ee70 animated-slow elementor-widget elementor-widget-text-editor\" data-id=\"1212ee70\" data-element_type=\"widget\" data-e-type=\"widget\" data-settings=\"{&quot;_animation&quot;:&quot;none&quot;}\" data-widget_type=\"text-editor.default\">\n\t\t\t\t<div class=\"elementor-widget-container\">\n\t\t\t\t\t\t\t\t\t<p style=\"text-align: center;\">We are delighted that you have visited our website.<br>We are a company that since 2015 has been offering tools for forex and CFD traders using platforms <em>Metatrader 4<\/em> i <em>Metatrader 5<\/em>.&nbsp;<\/p>\n<p style=\"text-align: center;\">See how we can help you become <span style=\"color: #f45b15;\"><strong>a better trader<\/strong><\/span><br>and as a result <span style=\"color: #f45b15;\"><strong>achieve your dream results!<\/strong><\/span><\/p>\t\t\t\t\t\t\t\t<\/div>\n\t\t\t\t<\/div>\n\t\t\t\t\t<\/div>\n\t\t<\/div>\n\t\t\t\t\t<\/div>\n\t\t<\/section>\n\t\t\t\t<section class=\"elementor-section elementor-top-section elementor-element elementor-element-7e5166a4 elementor-section-boxed elementor-section-height-default elementor-section-height-default\" data-id=\"7e5166a4\" data-element_type=\"section\" data-e-type=\"section\" data-settings=\"{&quot;animation&quot;:&quot;none&quot;}\">\n\t\t\t\t\t\t<div class=\"elementor-container elementor-column-gap-default\">\n\t\t\t\t\t<div class=\"elementor-column elementor-col-50 elementor-top-column elementor-element elementor-element-46a30d91\" data-id=\"46a30d91\" data-element_type=\"column\" data-e-type=\"column\">\n\t\t\t<div class=\"elementor-widget-wrap elementor-element-populated\">\n\t\t\t\t\t\t<div class=\"elementor-element elementor-element-78bc2ada elementor-invisible elementor-widget elementor-widget-image\" data-id=\"78bc2ada\" data-element_type=\"widget\" data-e-type=\"widget\" data-settings=\"{&quot;_animation&quot;:&quot;zoomIn&quot;}\" data-widget_type=\"image.default\">\n\t\t\t\t<div class=\"elementor-widget-container\">\n\t\t\t\t\t\t\t\t\t\t\t\t\t\t\t\t<a href=\"https:\/\/new.fxware.pl\/en\/fx-harvest-pro-8\/\">\n\t\t\t\t\t\t\t<img fetchpriority=\"high\" decoding=\"async\" width=\"648\" height=\"648\" src=\"https:\/\/new.fxware.pl\/wp-content\/uploads\/2019\/05\/Artboard-1-product.png\" class=\"elementor-animation-grow attachment-large size-large wp-image-1086\" alt=\"\" srcset=\"https:\/\/new.fxware.pl\/wp-content\/uploads\/2019\/05\/Artboard-1-product.png 648w, https:\/\/new.fxware.pl\/wp-content\/uploads\/2019\/05\/Artboard-1-product-324x324.png 324w, https:\/\/new.fxware.pl\/wp-content\/uploads\/2019\/05\/Artboard-1-product-100x100.png 100w, https:\/\/new.fxware.pl\/wp-content\/uploads\/2019\/05\/Artboard-1-product-416x416.png 416w, https:\/\/new.fxware.pl\/wp-content\/uploads\/2019\/05\/Artboard-1-product-150x150.png 150w, https:\/\/new.fxware.pl\/wp-content\/uploads\/2019\/05\/Artboard-1-product-300x300.png 300w\" sizes=\"(max-width: 648px) 100vw, 648px\" \/>\t\t\t\t\t\t\t\t<\/a>\n\t\t\t\t\t\t\t\t\t\t\t\t\t\t\t<\/div>\n\t\t\t\t<\/div>\n\t\t\t\t<div class=\"elementor-element elementor-element-58d3647a elementor-widget elementor-widget-heading\" data-id=\"58d3647a\" data-element_type=\"widget\" data-e-type=\"widget\" data-settings=\"{&quot;_animation&quot;:&quot;none&quot;}\" data-widget_type=\"heading.default\">\n\t\t\t\t<div class=\"elementor-widget-container\">\n\t\t\t\t\t<h2 class=\"elementor-heading-title elementor-size-default\">TRADE COMFORTABLY<\/h2>\t\t\t\t<\/div>\n\t\t\t\t<\/div>\n\t\t\t\t<div class=\"elementor-element elementor-element-515569ca elementor-widget elementor-widget-text-editor\" data-id=\"515569ca\" data-element_type=\"widget\" data-e-type=\"widget\" data-settings=\"{&quot;_animation&quot;:&quot;none&quot;}\" data-widget_type=\"text-editor.default\">\n\t\t\t\t<div class=\"elementor-widget-container\">\n\t\t\t\t\t\t\t\t\t<p style=\"text-align: center;\">FX Harvest PRO trading panel supports you in your day-to-day market operations by automating and simplifying many tasks<\/p><p style=\"text-align: center;\">calculates risk, hedges trades, opens positions while you can focus on market analysis<\/p>\t\t\t\t\t\t\t\t<\/div>\n\t\t\t\t<\/div>\n\t\t\t\t\t<\/div>\n\t\t<\/div>\n\t\t\t\t<div class=\"elementor-column elementor-col-50 elementor-top-column elementor-element elementor-element-b8a35e2\" data-id=\"b8a35e2\" data-element_type=\"column\" data-e-type=\"column\">\n\t\t\t<div class=\"elementor-widget-wrap elementor-element-populated\">\n\t\t\t\t\t\t<div class=\"elementor-element elementor-element-16a9ce05 elementor-invisible elementor-widget elementor-widget-image\" data-id=\"16a9ce05\" data-element_type=\"widget\" data-e-type=\"widget\" data-settings=\"{&quot;_animation&quot;:&quot;zoomIn&quot;}\" data-widget_type=\"image.default\">\n\t\t\t\t<div class=\"elementor-widget-container\">\n\t\t\t\t\t\t\t\t\t\t\t\t\t\t\t\t<a href=\"https:\/\/new.fxware.pl\/en\/shop\/\">\n\t\t\t\t\t\t\t<img decoding=\"async\" width=\"648\" height=\"648\" src=\"https:\/\/new.fxware.pl\/wp-content\/uploads\/2019\/06\/odkrywaj.png\" class=\"elementor-animation-grow attachment-large size-large wp-image-2269\" alt=\"\" srcset=\"https:\/\/new.fxware.pl\/wp-content\/uploads\/2019\/06\/odkrywaj.png 648w, https:\/\/new.fxware.pl\/wp-content\/uploads\/2019\/06\/odkrywaj-324x324.png 324w, https:\/\/new.fxware.pl\/wp-content\/uploads\/2019\/06\/odkrywaj-100x100.png 100w, https:\/\/new.fxware.pl\/wp-content\/uploads\/2019\/06\/odkrywaj-416x416.png 416w, https:\/\/new.fxware.pl\/wp-content\/uploads\/2019\/06\/odkrywaj-150x150.png 150w, https:\/\/new.fxware.pl\/wp-content\/uploads\/2019\/06\/odkrywaj-300x300.png 300w\" sizes=\"(max-width: 648px) 100vw, 648px\" \/>\t\t\t\t\t\t\t\t<\/a>\n\t\t\t\t\t\t\t\t\t\t\t\t\t\t\t<\/div>\n\t\t\t\t<\/div>\n\t\t\t\t<div class=\"elementor-element elementor-element-1309215f elementor-widget elementor-widget-heading\" data-id=\"1309215f\" data-element_type=\"widget\" data-e-type=\"widget\" data-settings=\"{&quot;_animation&quot;:&quot;none&quot;}\" data-widget_type=\"heading.default\">\n\t\t\t\t<div class=\"elementor-widget-container\">\n\t\t\t\t\t<h2 class=\"elementor-heading-title elementor-size-default\"><br>EXPLORE THE POSSIBILITIES<\/h2>\t\t\t\t<\/div>\n\t\t\t\t<\/div>\n\t\t\t\t<div class=\"elementor-element elementor-element-7b5e1131 elementor-widget elementor-widget-text-editor\" data-id=\"7b5e1131\" data-element_type=\"widget\" data-e-type=\"widget\" data-settings=\"{&quot;_animation&quot;:&quot;none&quot;}\" data-widget_type=\"text-editor.default\">\n\t\t\t\t<div class=\"elementor-widget-container\">\n\t\t\t\t\t\t\t\t\t<p style=\"text-align: center;\">not yet familiar with the possibilities of the CAPP and MMD strategies? join the large number of traders who apply them using our solutions.<\/p><p style=\"text-align: center;\">Discover how easy it is to analyse the market with SD Zoner, manage positions with FX Harvest, search for opportunities with Market Scanner MMD<\/p>\t\t\t\t\t\t\t\t<\/div>\n\t\t\t\t<\/div>\n\t\t\t\t\t<\/div>\n\t\t<\/div>\n\t\t\t\t\t<\/div>\n\t\t<\/section>\n\t\t\t\t<section class=\"elementor-section elementor-top-section elementor-element elementor-element-3651f61f elementor-section-boxed elementor-section-height-default elementor-section-height-default\" data-id=\"3651f61f\" data-element_type=\"section\" data-e-type=\"section\">\n\t\t\t\t\t\t<div class=\"elementor-container elementor-column-gap-default\">\n\t\t\t\t\t<div class=\"elementor-column elementor-col-100 elementor-top-column elementor-element elementor-element-779c0cf1\" data-id=\"779c0cf1\" data-element_type=\"column\" data-e-type=\"column\">\n\t\t\t<div class=\"elementor-widget-wrap\">\n\t\t\t\t\t\t\t<\/div>\n\t\t<\/div>\n\t\t\t\t\t<\/div>\n\t\t<\/section>\n\t\t\t\t<section class=\"elementor-section elementor-top-section elementor-element elementor-element-1c800395 elementor-section-boxed elementor-section-height-default elementor-section-height-default\" data-id=\"1c800395\" data-element_type=\"section\" data-e-type=\"section\" data-settings=\"{&quot;animation&quot;:&quot;none&quot;}\">\n\t\t\t\t\t\t<div class=\"elementor-container elementor-column-gap-default\">\n\t\t\t\t\t<div class=\"elementor-column elementor-col-50 elementor-top-column elementor-element elementor-element-930d3a2\" data-id=\"930d3a2\" data-element_type=\"column\" data-e-type=\"column\">\n\t\t\t<div class=\"elementor-widget-wrap elementor-element-populated\">\n\t\t\t\t\t\t<div class=\"elementor-element elementor-element-abdb4e3 elementor-invisible elementor-widget elementor-widget-image\" data-id=\"abdb4e3\" data-element_type=\"widget\" data-e-type=\"widget\" data-settings=\"{&quot;_animation&quot;:&quot;zoomIn&quot;}\" data-widget_type=\"image.default\">\n\t\t\t\t<div class=\"elementor-widget-container\">\n\t\t\t\t\t\t\t\t\t\t\t\t\t\t\t\t<a href=\"https:\/\/new.fxware.pl\/en\/market-scanner-mmd-6-2\/\">\n\t\t\t\t\t\t\t<img decoding=\"async\" width=\"648\" height=\"648\" src=\"https:\/\/new.fxware.pl\/wp-content\/uploads\/2019\/05\/Artboard-5-product.png\" class=\"elementor-animation-grow attachment-large size-large wp-image-1356\" alt=\"\" srcset=\"https:\/\/new.fxware.pl\/wp-content\/uploads\/2019\/05\/Artboard-5-product.png 648w, https:\/\/new.fxware.pl\/wp-content\/uploads\/2019\/05\/Artboard-5-product-324x324.png 324w, https:\/\/new.fxware.pl\/wp-content\/uploads\/2019\/05\/Artboard-5-product-100x100.png 100w, https:\/\/new.fxware.pl\/wp-content\/uploads\/2019\/05\/Artboard-5-product-416x416.png 416w, https:\/\/new.fxware.pl\/wp-content\/uploads\/2019\/05\/Artboard-5-product-150x150.png 150w, https:\/\/new.fxware.pl\/wp-content\/uploads\/2019\/05\/Artboard-5-product-300x300.png 300w\" sizes=\"(max-width: 648px) 100vw, 648px\" \/>\t\t\t\t\t\t\t\t<\/a>\n\t\t\t\t\t\t\t\t\t\t\t\t\t\t\t<\/div>\n\t\t\t\t<\/div>\n\t\t\t\t<div class=\"elementor-element elementor-element-c9d1abe elementor-widget elementor-widget-heading\" data-id=\"c9d1abe\" data-element_type=\"widget\" data-e-type=\"widget\" data-settings=\"{&quot;_animation&quot;:&quot;none&quot;}\" data-widget_type=\"heading.default\">\n\t\t\t\t<div class=\"elementor-widget-container\">\n\t\t\t\t\t<h2 class=\"elementor-heading-title elementor-size-default\">SAVE TIME<\/h2>\t\t\t\t<\/div>\n\t\t\t\t<\/div>\n\t\t\t\t<div class=\"elementor-element elementor-element-5b05667 elementor-widget elementor-widget-text-editor\" data-id=\"5b05667\" data-element_type=\"widget\" data-e-type=\"widget\" data-settings=\"{&quot;_animation&quot;:&quot;none&quot;}\" data-widget_type=\"text-editor.default\">\n\t\t\t\t<div class=\"elementor-widget-container\">\n\t\t\t\t\t\t\t\t\t<p style=\"text-align: center;\">Market Scanner MMD 6 is able to track 70 instruments simultaneously on 7 TF searching for 5 signals<\/p><p style=\"text-align: center;\">up to 2,450 combinations checked in real time to find you the best deals and deliver them straight to your phone<\/p>\t\t\t\t\t\t\t\t<\/div>\n\t\t\t\t<\/div>\n\t\t\t\t\t<\/div>\n\t\t<\/div>\n\t\t\t\t<div class=\"elementor-column elementor-col-50 elementor-top-column elementor-element elementor-element-2ed820\" data-id=\"2ed820\" data-element_type=\"column\" data-e-type=\"column\">\n\t\t\t<div class=\"elementor-widget-wrap elementor-element-populated\">\n\t\t\t\t\t\t<div class=\"elementor-element elementor-element-21daf7bb elementor-invisible elementor-widget elementor-widget-image\" data-id=\"21daf7bb\" data-element_type=\"widget\" data-e-type=\"widget\" data-settings=\"{&quot;_animation&quot;:&quot;zoomIn&quot;}\" data-widget_type=\"image.default\">\n\t\t\t\t<div class=\"elementor-widget-container\">\n\t\t\t\t\t\t\t\t\t\t\t\t\t\t\t\t<a href=\"https:\/\/new.fxware.pl\/en\/fx-harvest-pro-8\/\">\n\t\t\t\t\t\t\t<img loading=\"lazy\" decoding=\"async\" width=\"648\" height=\"648\" src=\"https:\/\/new.fxware.pl\/wp-content\/uploads\/2019\/06\/ochrona.png\" class=\"elementor-animation-grow attachment-full size-full wp-image-2265\" alt=\"\" srcset=\"https:\/\/new.fxware.pl\/wp-content\/uploads\/2019\/06\/ochrona.png 648w, https:\/\/new.fxware.pl\/wp-content\/uploads\/2019\/06\/ochrona-324x324.png 324w, https:\/\/new.fxware.pl\/wp-content\/uploads\/2019\/06\/ochrona-100x100.png 100w, https:\/\/new.fxware.pl\/wp-content\/uploads\/2019\/06\/ochrona-416x416.png 416w, https:\/\/new.fxware.pl\/wp-content\/uploads\/2019\/06\/ochrona-150x150.png 150w, https:\/\/new.fxware.pl\/wp-content\/uploads\/2019\/06\/ochrona-300x300.png 300w\" sizes=\"(max-width: 648px) 100vw, 648px\" \/>\t\t\t\t\t\t\t\t<\/a>\n\t\t\t\t\t\t\t\t\t\t\t\t\t\t\t<\/div>\n\t\t\t\t<\/div>\n\t\t\t\t<div class=\"elementor-element elementor-element-1df81b6e elementor-widget elementor-widget-heading\" data-id=\"1df81b6e\" data-element_type=\"widget\" data-e-type=\"widget\" data-settings=\"{&quot;_animation&quot;:&quot;none&quot;}\" data-widget_type=\"heading.default\">\n\t\t\t\t<div class=\"elementor-widget-container\">\n\t\t\t\t\t<h2 class=\"elementor-heading-title elementor-size-default\">MANAGE RISK<\/h2>\t\t\t\t<\/div>\n\t\t\t\t<\/div>\n\t\t\t\t<div class=\"elementor-element elementor-element-5069eb9e elementor-widget elementor-widget-text-editor\" data-id=\"5069eb9e\" data-element_type=\"widget\" data-e-type=\"widget\" data-settings=\"{&quot;_animation&quot;:&quot;none&quot;}\" data-widget_type=\"text-editor.default\">\n\t\t\t\t<div class=\"elementor-widget-container\">\n\t\t\t\t\t\t\t\t\t<p style=\"text-align: center;\">FX Harvest PRO has built-in account protection mechanisms that activate when the balance falls below a designated level, closing the trade<\/p><p style=\"text-align: center;\">everything so that you do not have to worry about exceeding significant risk levels<\/p>\t\t\t\t\t\t\t\t<\/div>\n\t\t\t\t<\/div>\n\t\t\t\t\t<\/div>\n\t\t<\/div>\n\t\t\t\t\t<\/div>\n\t\t<\/section>\n\t\t\t\t<\/div>","protected":false},"excerpt":{"rendered":"<p>WITAJ! Cieszymy si\u0119, \u017ce zawita\u0142e\u015b na nasz\u0105 stron\u0119.Jeste\u015bmy firm\u0105, kt\u00f3ra od 2015 roku oferuje narz\u0119dzia dla trader\u00f3w forex i CFD korzystaj\u0105cych z platform Metatrader 4 i Metatrader 5.&nbsp; Zobacz w jaki spos\u00f3b mo\u017cemy Ci pom\u00f3c sta\u0107 si\u0119 lepszym traderema w efekcie osi\u0105gn\u0105\u0107 wymarzone wyniki! HANDLUJ WYGODNIE\u200b panel transakcyjny FX Harvest PRO wspiera w codziennych zmaganiach [&hellip;]<\/p>\n","protected":false},"author":3,"featured_media":0,"parent":0,"menu_order":0,"comment_status":"closed","ping_status":"open","template":"","meta":{"inline_featured_image":false,"footnotes":""},"class_list":["post-2","page","type-page","status-publish","hentry"],"yoast_head":"<!-- This site is optimized with the Yoast SEO plugin v27.5 - https:\/\/yoast.com\/product\/yoast-seo-wordpress\/ -->\n<title>- FXWare<\/title>\n<meta name=\"robots\" content=\"index, follow, max-snippet:-1, max-image-preview:large, max-video-preview:-1\" \/>\n<link rel=\"canonical\" href=\"https:\/\/new.fxware.pl\/en\/\" \/>\n<meta property=\"og:locale\" content=\"en_GB\" \/>\n<meta property=\"og:type\" content=\"article\" \/>\n<meta property=\"og:title\" content=\"- FXWare\" \/>\n<meta property=\"og:description\" content=\"WITAJ! Cieszymy si\u0119, \u017ce zawita\u0142e\u015b na nasz\u0105 stron\u0119.Jeste\u015bmy firm\u0105, kt\u00f3ra od 2015 roku oferuje narz\u0119dzia dla trader\u00f3w forex i CFD korzystaj\u0105cych z platform Metatrader 4 i Metatrader 5.&nbsp; Zobacz w jaki spos\u00f3b mo\u017cemy Ci pom\u00f3c sta\u0107 si\u0119 lepszym traderema w efekcie osi\u0105gn\u0105\u0107 wymarzone wyniki! HANDLUJ WYGODNIE\u200b panel transakcyjny FX Harvest PRO wspiera w codziennych zmaganiach [&hellip;]\" \/>\n<meta property=\"og:url\" content=\"https:\/\/new.fxware.pl\/en\/\" \/>\n<meta property=\"og:site_name\" content=\"FXWare\" \/>\n<meta property=\"article:publisher\" content=\"https:\/\/facebook.com\/fxwarepl\/\" \/>\n<meta property=\"article:modified_time\" content=\"2026-03-29T22:20:03+00:00\" \/>\n<meta property=\"og:image\" content=\"https:\/\/new.fxware.pl\/wp-content\/uploads\/2022\/11\/black-friday-50-1200x648-1.png\" \/>\n\t<meta property=\"og:image:width\" content=\"1200\" \/>\n\t<meta property=\"og:image:height\" content=\"628\" \/>\n\t<meta property=\"og:image:type\" content=\"image\/png\" \/>\n<meta name=\"twitter:card\" content=\"summary_large_image\" \/>\n<script type=\"application\/ld+json\" class=\"yoast-schema-graph\">{\"@context\":\"https:\\\/\\\/schema.org\",\"@graph\":[{\"@type\":\"WebPage\",\"@id\":\"https:\\\/\\\/new.fxware.pl\\\/\",\"url\":\"https:\\\/\\\/new.fxware.pl\\\/\",\"name\":\"- FXWare\",\"isPartOf\":{\"@id\":\"https:\\\/\\\/new.fxware.pl\\\/en\\\/#website\"},\"primaryImageOfPage\":{\"@id\":\"https:\\\/\\\/new.fxware.pl\\\/#primaryimage\"},\"image\":{\"@id\":\"https:\\\/\\\/new.fxware.pl\\\/#primaryimage\"},\"thumbnailUrl\":\"https:\\\/\\\/new.fxware.pl\\\/wp-content\\\/uploads\\\/2019\\\/05\\\/Artboard-1-product.png\",\"datePublished\":\"2018-09-04T14:00:36+00:00\",\"dateModified\":\"2026-03-29T22:20:03+00:00\",\"inLanguage\":\"en-GB\",\"potentialAction\":[{\"@type\":\"ReadAction\",\"target\":[\"https:\\\/\\\/new.fxware.pl\\\/\"]}]},{\"@type\":\"ImageObject\",\"inLanguage\":\"en-GB\",\"@id\":\"https:\\\/\\\/new.fxware.pl\\\/#primaryimage\",\"url\":\"https:\\\/\\\/new.fxware.pl\\\/wp-content\\\/uploads\\\/2019\\\/05\\\/Artboard-1-product.png\",\"contentUrl\":\"https:\\\/\\\/new.fxware.pl\\\/wp-content\\\/uploads\\\/2019\\\/05\\\/Artboard-1-product.png\"},{\"@type\":\"WebSite\",\"@id\":\"https:\\\/\\\/new.fxware.pl\\\/en\\\/#website\",\"url\":\"https:\\\/\\\/new.fxware.pl\\\/en\\\/\",\"name\":\"FXWare\",\"description\":\"Rozwi\u0105zania dla Trader\u00f3w\",\"publisher\":{\"@id\":\"https:\\\/\\\/new.fxware.pl\\\/en\\\/#organization\"},\"potentialAction\":[{\"@type\":\"SearchAction\",\"target\":{\"@type\":\"EntryPoint\",\"urlTemplate\":\"https:\\\/\\\/new.fxware.pl\\\/en\\\/?s={search_term_string}\"},\"query-input\":{\"@type\":\"PropertyValueSpecification\",\"valueRequired\":true,\"valueName\":\"search_term_string\"}}],\"inLanguage\":\"en-GB\"},{\"@type\":\"Organization\",\"@id\":\"https:\\\/\\\/new.fxware.pl\\\/en\\\/#organization\",\"name\":\"FXWare - Rozwi\u0105zania Dla Inwestor\u00f3w\",\"url\":\"https:\\\/\\\/new.fxware.pl\\\/en\\\/\",\"logo\":{\"@type\":\"ImageObject\",\"inLanguage\":\"en-GB\",\"@id\":\"https:\\\/\\\/new.fxware.pl\\\/en\\\/#\\\/schema\\\/logo\\\/image\\\/\",\"url\":\"https:\\\/\\\/new.fxware.pl\\\/wp-content\\\/uploads\\\/2019\\\/07\\\/logo-ciemne-6-kwadrat-1024x1024.png\",\"contentUrl\":\"https:\\\/\\\/new.fxware.pl\\\/wp-content\\\/uploads\\\/2019\\\/07\\\/logo-ciemne-6-kwadrat-1024x1024.png\",\"width\":1024,\"height\":1024,\"caption\":\"FXWare - Rozwi\u0105zania Dla Inwestor\u00f3w\"},\"image\":{\"@id\":\"https:\\\/\\\/new.fxware.pl\\\/en\\\/#\\\/schema\\\/logo\\\/image\\\/\"},\"sameAs\":[\"https:\\\/\\\/facebook.com\\\/fxwarepl\\\/\",\"https:\\\/\\\/www.youtube.com\\\/channel\\\/UC8dWK9a2okrHo4Lu3x2H8pA\",\"https:\\\/\\\/instagram.com\\\/fxwarepl\"]}]}<\/script>\n<!-- \/ Yoast SEO plugin. -->","yoast_head_json":{"title":"- FXWare","robots":{"index":"index","follow":"follow","max-snippet":"max-snippet:-1","max-image-preview":"max-image-preview:large","max-video-preview":"max-video-preview:-1"},"canonical":"https:\/\/new.fxware.pl\/en\/","og_locale":"en_GB","og_type":"article","og_title":"- FXWare","og_description":"WITAJ! Cieszymy si\u0119, \u017ce zawita\u0142e\u015b na nasz\u0105 stron\u0119.Jeste\u015bmy firm\u0105, kt\u00f3ra od 2015 roku oferuje narz\u0119dzia dla trader\u00f3w forex i CFD korzystaj\u0105cych z platform Metatrader 4 i Metatrader 5.&nbsp; Zobacz w jaki spos\u00f3b mo\u017cemy Ci pom\u00f3c sta\u0107 si\u0119 lepszym traderema w efekcie osi\u0105gn\u0105\u0107 wymarzone wyniki! HANDLUJ WYGODNIE\u200b panel transakcyjny FX Harvest PRO wspiera w codziennych zmaganiach [&hellip;]","og_url":"https:\/\/new.fxware.pl\/en\/","og_site_name":"FXWare","article_publisher":"https:\/\/facebook.com\/fxwarepl\/","article_modified_time":"2026-03-29T22:20:03+00:00","og_image":[{"width":1200,"height":628,"url":"https:\/\/new.fxware.pl\/wp-content\/uploads\/2022\/11\/black-friday-50-1200x648-1.png","type":"image\/png"}],"twitter_card":"summary_large_image","schema":{"@context":"https:\/\/schema.org","@graph":[{"@type":"WebPage","@id":"https:\/\/new.fxware.pl\/","url":"https:\/\/new.fxware.pl\/","name":"- FXWare","isPartOf":{"@id":"https:\/\/new.fxware.pl\/en\/#website"},"primaryImageOfPage":{"@id":"https:\/\/new.fxware.pl\/#primaryimage"},"image":{"@id":"https:\/\/new.fxware.pl\/#primaryimage"},"thumbnailUrl":"https:\/\/new.fxware.pl\/wp-content\/uploads\/2019\/05\/Artboard-1-product.png","datePublished":"2018-09-04T14:00:36+00:00","dateModified":"2026-03-29T22:20:03+00:00","inLanguage":"en-GB","potentialAction":[{"@type":"ReadAction","target":["https:\/\/new.fxware.pl\/"]}]},{"@type":"ImageObject","inLanguage":"en-GB","@id":"https:\/\/new.fxware.pl\/#primaryimage","url":"https:\/\/new.fxware.pl\/wp-content\/uploads\/2019\/05\/Artboard-1-product.png","contentUrl":"https:\/\/new.fxware.pl\/wp-content\/uploads\/2019\/05\/Artboard-1-product.png"},{"@type":"WebSite","@id":"https:\/\/new.fxware.pl\/en\/#website","url":"https:\/\/new.fxware.pl\/en\/","name":"FXWare","description":"Solutions for Traders","publisher":{"@id":"https:\/\/new.fxware.pl\/en\/#organization"},"potentialAction":[{"@type":"SearchAction","target":{"@type":"EntryPoint","urlTemplate":"https:\/\/new.fxware.pl\/en\/?s={search_term_string}"},"query-input":{"@type":"PropertyValueSpecification","valueRequired":true,"valueName":"search_term_string"}}],"inLanguage":"en-GB"},{"@type":"Organization","@id":"https:\/\/new.fxware.pl\/en\/#organization","name":"FXWare - Solutions for Investors","url":"https:\/\/new.fxware.pl\/en\/","logo":{"@type":"ImageObject","inLanguage":"en-GB","@id":"https:\/\/new.fxware.pl\/en\/#\/schema\/logo\/image\/","url":"https:\/\/new.fxware.pl\/wp-content\/uploads\/2019\/07\/logo-ciemne-6-kwadrat-1024x1024.png","contentUrl":"https:\/\/new.fxware.pl\/wp-content\/uploads\/2019\/07\/logo-ciemne-6-kwadrat-1024x1024.png","width":1024,"height":1024,"caption":"FXWare - Rozwi\u0105zania Dla Inwestor\u00f3w"},"image":{"@id":"https:\/\/new.fxware.pl\/en\/#\/schema\/logo\/image\/"},"sameAs":["https:\/\/facebook.com\/fxwarepl\/","https:\/\/www.youtube.com\/channel\/UC8dWK9a2okrHo4Lu3x2H8pA","https:\/\/instagram.com\/fxwarepl"]}]}},"_links":{"self":[{"href":"https:\/\/new.fxware.pl\/en\/wp-json\/wp\/v2\/pages\/2","targetHints":{"allow":["GET"]}}],"collection":[{"href":"https:\/\/new.fxware.pl\/en\/wp-json\/wp\/v2\/pages"}],"about":[{"href":"https:\/\/new.fxware.pl\/en\/wp-json\/wp\/v2\/types\/page"}],"author":[{"embeddable":true,"href":"https:\/\/new.fxware.pl\/en\/wp-json\/wp\/v2\/users\/3"}],"replies":[{"embeddable":true,"href":"https:\/\/new.fxware.pl\/en\/wp-json\/wp\/v2\/comments?post=2"}],"version-history":[{"count":0,"href":"https:\/\/new.fxware.pl\/en\/wp-json\/wp\/v2\/pages\/2\/revisions"}],"wp:attachment":[{"href":"https:\/\/new.fxware.pl\/en\/wp-json\/wp\/v2\/media?parent=2"}],"curies":[{"name":"wp","href":"https:\/\/api.w.org\/{rel}","templated":true}]}}