{"id":13705,"date":"2020-01-19T19:22:59","date_gmt":"2020-01-19T17:22:59","guid":{"rendered":"https:\/\/new.fxware.pl\/fx-harvest-pro-copy\/"},"modified":"2023-08-09T01:05:09","modified_gmt":"2023-08-08T23:05:09","slug":"m1armor-2","status":"publish","type":"page","link":"https:\/\/new.fxware.pl\/en\/m1armor-2\/","title":{"rendered":"M1 Armor"},"content":{"rendered":"<div data-elementor-type=\"wp-page\" data-elementor-id=\"13705\" class=\"elementor elementor-13705\" data-elementor-post-type=\"page\">\n\t\t\t\t\t\t<section class=\"elementor-section elementor-top-section elementor-element elementor-element-7a292138 elementor-section-boxed elementor-section-height-default elementor-section-height-default\" data-id=\"7a292138\" data-element_type=\"section\" data-e-type=\"section\">\n\t\t\t\t\t\t<div class=\"elementor-container elementor-column-gap-default\">\n\t\t\t\t\t<div class=\"elementor-column elementor-col-100 elementor-top-column elementor-element elementor-element-37e9bb6d\" data-id=\"37e9bb6d\" data-element_type=\"column\" data-e-type=\"column\">\n\t\t\t<div class=\"elementor-widget-wrap elementor-element-populated\">\n\t\t\t\t\t\t<div class=\"elementor-element elementor-element-1db7eb2 elementor-widget elementor-widget-text-editor\" data-id=\"1db7eb2\" data-element_type=\"widget\" data-e-type=\"widget\" data-widget_type=\"text-editor.default\">\n\t\t\t\t<div class=\"elementor-widget-container\">\n\t\t\t\t\t\t\t\t\t<p style=\"text-align: justify;\">M1 Armor is a package of 2 indicators and a market scanner to support intraday trading according to the strategy of Temet Nosce, an experienced trader with many years of experience, leader of a group of\u00a0<i class=\"fab fa-facebook\" ><\/i>\u00a0<a style=\"background-color: #ffffff;\" href=\"https:\/\/www.facebook.com\/groups\/1623176324599960\/\" target=\"_blank\" rel=\"noopener\">M1 Trading Office \/\/ M1 Fund<\/a><\/p>\t\t\t\t\t\t\t\t<\/div>\n\t\t\t\t<\/div>\n\t\t\t\t<div class=\"elementor-element elementor-element-5809f00 elementor-invisible elementor-widget elementor-widget-image\" data-id=\"5809f00\" data-element_type=\"widget\" data-e-type=\"widget\" data-settings=\"{&quot;_animation&quot;:&quot;zoomIn&quot;}\" data-widget_type=\"image.default\">\n\t\t\t\t<div class=\"elementor-widget-container\">\n\t\t\t\t\t\t\t\t\t\t\t\t\t\t\t\t<a href=\"https:\/\/new.fxware.pl\/wp-content\/uploads\/2020\/01\/M1_armor_1200x628.png\" data-elementor-open-lightbox=\"yes\" data-elementor-lightbox-title=\"M1_armor_1200x628\" data-e-action-hash=\"#elementor-action%3Aaction%3Dlightbox%26settings%3DeyJpZCI6MTM3MzMsInVybCI6Imh0dHBzOlwvXC9uZXcuZnh3YXJlLnBsXC93cC1jb250ZW50XC91cGxvYWRzXC8yMDIwXC8wMVwvTTFfYXJtb3JfMTIwMHg2MjgucG5nIn0%3D\">\n\t\t\t\t\t\t\t<img fetchpriority=\"high\" decoding=\"async\" width=\"768\" height=\"402\" src=\"https:\/\/new.fxware.pl\/wp-content\/uploads\/2020\/01\/M1_armor_1200x628-768x402.png\" class=\"attachment-medium_large size-medium_large wp-image-13733\" alt=\"M1 Armor\" srcset=\"https:\/\/new.fxware.pl\/wp-content\/uploads\/2020\/01\/M1_armor_1200x628-768x402.png 768w, https:\/\/new.fxware.pl\/wp-content\/uploads\/2020\/01\/M1_armor_1200x628-416x218.png 416w, https:\/\/new.fxware.pl\/wp-content\/uploads\/2020\/01\/M1_armor_1200x628-300x157.png 300w, https:\/\/new.fxware.pl\/wp-content\/uploads\/2020\/01\/M1_armor_1200x628-1024x536.png 1024w, https:\/\/new.fxware.pl\/wp-content\/uploads\/2020\/01\/M1_armor_1200x628.png 1200w\" sizes=\"(max-width: 768px) 100vw, 768px\" \/>\t\t\t\t\t\t\t\t<\/a>\n\t\t\t\t\t\t\t\t\t\t\t\t\t\t\t<\/div>\n\t\t\t\t<\/div>\n\t\t\t\t<div class=\"elementor-element elementor-element-dfa2418 elementor-widget elementor-widget-spacer\" data-id=\"dfa2418\" data-element_type=\"widget\" data-e-type=\"widget\" data-widget_type=\"spacer.default\">\n\t\t\t\t<div class=\"elementor-widget-container\">\n\t\t\t\t\t\t\t<div class=\"elementor-spacer\">\n\t\t\t<div class=\"elementor-spacer-inner\"><\/div>\n\t\t<\/div>\n\t\t\t\t\t\t<\/div>\n\t\t\t\t<\/div>\n\t\t\t\t\t<\/div>\n\t\t<\/div>\n\t\t\t\t\t<\/div>\n\t\t<\/section>\n\t\t\t\t<section class=\"elementor-section elementor-top-section elementor-element elementor-element-ed06021 elementor-section-boxed elementor-section-height-default elementor-section-height-default\" data-id=\"ed06021\" data-element_type=\"section\" data-e-type=\"section\">\n\t\t\t\t\t\t<div class=\"elementor-container elementor-column-gap-default\">\n\t\t\t\t\t<div class=\"elementor-column elementor-col-50 elementor-top-column elementor-element elementor-element-64bf549\" data-id=\"64bf549\" data-element_type=\"column\" data-e-type=\"column\">\n\t\t\t<div class=\"elementor-widget-wrap elementor-element-populated\">\n\t\t\t\t\t\t<div class=\"elementor-element elementor-element-7966a81 elementor-invisible elementor-widget elementor-widget-text-editor\" data-id=\"7966a81\" data-element_type=\"widget\" data-e-type=\"widget\" data-settings=\"{&quot;_animation&quot;:&quot;fadeIn&quot;}\" data-widget_type=\"text-editor.default\">\n\t\t\t\t<div class=\"elementor-widget-container\">\n\t\t\t\t\t\t\t\t\t<table style=\"border-collapse: collapse; width: 100%;\">\n<tbody>\n<tr>\n<td style=\"width: 99.5798%; background-color: #d4b31b; text-align: center;\"><span style=\"color: #ffffff;\"><b>M1 Auto UHVA<\/b><\/span><\/td>\n<\/tr>\n<tr>\n<td style=\"width: 99.5798%;\">\n<ul>\n<li>automatic designation of zones of highest turnover - zones act as strong supports and resistances in an intraday perspective - price ranges in which the biggest players trade<\/li>\n<li>works with real volume (requires ClusterDelta premium package) and ticker volume<\/li>\n<li>marks the zones from the M1, M5 and M15 intervals of the current and previous day<\/li>\n<li>available on MT4 and MT5<\/li>\n<\/ul>\n<\/td>\n<\/tr>\n<\/tbody>\n<\/table>\t\t\t\t\t\t\t\t<\/div>\n\t\t\t\t<\/div>\n\t\t\t\t\t<\/div>\n\t\t<\/div>\n\t\t\t\t<div class=\"elementor-column elementor-col-50 elementor-top-column elementor-element elementor-element-e9bd58c\" data-id=\"e9bd58c\" data-element_type=\"column\" data-e-type=\"column\">\n\t\t\t<div class=\"elementor-widget-wrap elementor-element-populated\">\n\t\t\t\t\t\t<div class=\"elementor-element elementor-element-7eb4b37 elementor-invisible elementor-widget elementor-widget-text-editor\" data-id=\"7eb4b37\" data-element_type=\"widget\" data-e-type=\"widget\" data-settings=\"{&quot;_animation&quot;:&quot;fadeIn&quot;}\" data-widget_type=\"text-editor.default\">\n\t\t\t\t<div class=\"elementor-widget-container\">\n\t\t\t\t\t\t\t\t\t<table style=\"border-collapse: collapse; width: 100%;\"><tbody><tr><td style=\"width: 100%; background-color: #279095; text-align: center;\"><span style=\"color: #ffffff;\"><b>M1 MTF Kijun<\/b><\/span><\/td><\/tr><tr><td style=\"width: 100%;\"><ul><li>determination of Kijun levels (key component of Ichimoku) from multiple intervals simultaneously: from M5 to W1<\/li><li>The kijun is the 50% level of price over the last x periods - it works very well as a directional indicator to identify the direction in which the market is moving cross-sectionally<\/li><li>available on MT4 and MT5<\/li><\/ul><\/td><\/tr><\/tbody><\/table>\t\t\t\t\t\t\t\t<\/div>\n\t\t\t\t<\/div>\n\t\t\t\t\t<\/div>\n\t\t<\/div>\n\t\t\t\t\t<\/div>\n\t\t<\/section>\n\t\t\t\t<section class=\"elementor-section elementor-top-section elementor-element elementor-element-2e7aad5 elementor-section-boxed elementor-section-height-default elementor-section-height-default\" data-id=\"2e7aad5\" data-element_type=\"section\" data-e-type=\"section\">\n\t\t\t\t\t\t<div class=\"elementor-container elementor-column-gap-default\">\n\t\t\t\t\t<div class=\"elementor-column elementor-col-50 elementor-top-column elementor-element elementor-element-27a007c\" data-id=\"27a007c\" data-element_type=\"column\" data-e-type=\"column\">\n\t\t\t<div class=\"elementor-widget-wrap elementor-element-populated\">\n\t\t\t\t\t\t<div class=\"elementor-element elementor-element-84892a7 elementor-invisible elementor-widget elementor-widget-text-editor\" data-id=\"84892a7\" data-element_type=\"widget\" data-e-type=\"widget\" data-settings=\"{&quot;_animation&quot;:&quot;fadeIn&quot;}\" data-widget_type=\"text-editor.default\">\n\t\t\t\t<div class=\"elementor-widget-container\">\n\t\t\t\t\t\t\t\t\t<table style=\"border-collapse: collapse; width: 372.8px;\"><tbody><tr><td style=\"text-align: center; background-color: #f45b15; width: 372.8px;\"><span style=\"color: #ffffff;\"><span style=\"font-weight: bold;\">Kijun Scanner<\/span><\/span><\/td><\/tr><tr><td style=\"width: 372.8px;\"><ul><li>shows market direction on multiple intervals and instruments simultaneously<\/li><li>the direction indicator is the position of the price relative to the current Kijun level<\/li><li>available on MT4 and MT5<\/li><\/ul><\/td><\/tr><\/tbody><\/table>\t\t\t\t\t\t\t\t<\/div>\n\t\t\t\t<\/div>\n\t\t\t\t\t<\/div>\n\t\t<\/div>\n\t\t\t\t<div class=\"elementor-column elementor-col-50 elementor-top-column elementor-element elementor-element-41ade49\" data-id=\"41ade49\" data-element_type=\"column\" data-e-type=\"column\">\n\t\t\t<div class=\"elementor-widget-wrap elementor-element-populated\">\n\t\t\t\t\t\t<div class=\"elementor-element elementor-element-0f546ba elementor-invisible elementor-widget elementor-widget-image\" data-id=\"0f546ba\" data-element_type=\"widget\" data-e-type=\"widget\" data-settings=\"{&quot;_animation&quot;:&quot;fadeIn&quot;}\" data-widget_type=\"image.default\">\n\t\t\t\t<div class=\"elementor-widget-container\">\n\t\t\t\t\t\t\t\t\t\t\t\t\t\t\t<img decoding=\"async\" width=\"404\" height=\"415\" src=\"https:\/\/new.fxware.pl\/wp-content\/uploads\/2020\/02\/Kijun_scanner.png\" class=\"attachment-full size-full wp-image-15532\" alt=\"\" srcset=\"https:\/\/new.fxware.pl\/wp-content\/uploads\/2020\/02\/Kijun_scanner.png 404w, https:\/\/new.fxware.pl\/wp-content\/uploads\/2020\/02\/Kijun_scanner-292x300.png 292w\" sizes=\"(max-width: 404px) 100vw, 404px\" \/>\t\t\t\t\t\t\t\t\t\t\t\t\t\t\t<\/div>\n\t\t\t\t<\/div>\n\t\t\t\t\t<\/div>\n\t\t<\/div>\n\t\t\t\t\t<\/div>\n\t\t<\/section>\n\t\t\t\t<section class=\"elementor-section elementor-top-section elementor-element elementor-element-4310ab6 elementor-section-boxed elementor-section-height-default elementor-section-height-default\" data-id=\"4310ab6\" data-element_type=\"section\" data-e-type=\"section\">\n\t\t\t\t\t\t<div class=\"elementor-container elementor-column-gap-default\">\n\t\t\t\t\t<div class=\"elementor-column elementor-col-100 elementor-top-column elementor-element elementor-element-d848a94\" data-id=\"d848a94\" data-element_type=\"column\" data-e-type=\"column\">\n\t\t\t<div class=\"elementor-widget-wrap elementor-element-populated\">\n\t\t\t\t\t\t<div class=\"elementor-element elementor-element-563ed39 elementor-widget elementor-widget-text-editor\" data-id=\"563ed39\" data-element_type=\"widget\" data-e-type=\"widget\" data-widget_type=\"text-editor.default\">\n\t\t\t\t<div class=\"elementor-widget-container\">\n\t\t\t\t\t\t\t\t\t<p>More information about the M1 strategy can be found on the group <i class=\"fab fa-facebook\" ><\/i> <strong><a href=\"https:\/\/www.facebook.com\/groups\/1623176324599960\/\" target=\"_blank\" rel=\"noopener noreferrer\">M1 Trading Office \/\/ M1 Fund<\/a><\/strong><\/p>\t\t\t\t\t\t\t\t<\/div>\n\t\t\t\t<\/div>\n\t\t\t\t\t<\/div>\n\t\t<\/div>\n\t\t\t\t\t<\/div>\n\t\t<\/section>\n\t\t\t\t<\/div>","protected":false},"excerpt":{"rendered":"<p>M1 Armor to pakiet 2 wska\u017anik\u00f3w oraz skanera rynkowego wspomagaj\u0105cych handel intraday wg strategii Temeta Nosce, do\u015bwiadczonego tradera z wieloletnim sta\u017cem, lidera grupy\u00a0\u00a0M1 Trading Office \/\/ M1 Fund M1 Auto UHVA automatycznie wyznaczanie stref najwy\u017cszego obrotu \u2013 strefy dzia\u0142aj\u0105 jak silne wsparcia i opory w perspektywie intraday \u2013 przedzia\u0142y cenowe, w kt\u00f3rych handluj\u0105 najwi\u0119ksi gracze [&hellip;]<\/p>\n","protected":false},"author":3,"featured_media":0,"parent":0,"menu_order":0,"comment_status":"closed","ping_status":"closed","template":"","meta":{"inline_featured_image":false,"footnotes":""},"class_list":["post-13705","page","type-page","status-publish","hentry"],"yoast_head":"<!-- This site is optimized with the Yoast SEO plugin v27.3 - https:\/\/yoast.com\/product\/yoast-seo-wordpress\/ -->\n<title>M1 Armor - FXWare<\/title>\n<meta name=\"robots\" content=\"index, follow, max-snippet:-1, max-image-preview:large, max-video-preview:-1\" \/>\n<link rel=\"canonical\" href=\"https:\/\/new.fxware.pl\/en\/de\/m1armor-2\/\" \/>\n<meta property=\"og:locale\" content=\"en_GB\" \/>\n<meta property=\"og:type\" content=\"article\" \/>\n<meta property=\"og:title\" content=\"M1 Armor - FXWare\" \/>\n<meta property=\"og:description\" content=\"M1 Armor to pakiet 2 wska\u017anik\u00f3w oraz skanera rynkowego wspomagaj\u0105cych handel intraday wg strategii Temeta Nosce, do\u015bwiadczonego tradera z wieloletnim sta\u017cem, lidera grupy\u00a0\u00a0M1 Trading Office \/\/ M1 Fund M1 Auto UHVA automatycznie wyznaczanie stref najwy\u017cszego obrotu \u2013 strefy dzia\u0142aj\u0105 jak silne wsparcia i opory w perspektywie intraday \u2013 przedzia\u0142y cenowe, w kt\u00f3rych handluj\u0105 najwi\u0119ksi gracze [&hellip;]\" \/>\n<meta property=\"og:url\" content=\"https:\/\/new.fxware.pl\/en\/de\/m1armor-2\/\" \/>\n<meta property=\"og:site_name\" content=\"FXWare\" \/>\n<meta property=\"article:publisher\" content=\"https:\/\/facebook.com\/fxwarepl\/\" \/>\n<meta property=\"article:modified_time\" content=\"2023-08-08T23:05:09+00:00\" \/>\n<meta property=\"og:image\" content=\"https:\/\/new.fxware.pl\/wp-content\/uploads\/2020\/01\/M1_armor_1200x628-768x402.png\" \/>\n<meta name=\"twitter:card\" content=\"summary_large_image\" \/>\n<script type=\"application\/ld+json\" class=\"yoast-schema-graph\">{\"@context\":\"https:\\\/\\\/schema.org\",\"@graph\":[{\"@type\":\"WebPage\",\"@id\":\"https:\\\/\\\/new.fxware.pl\\\/de\\\/m1armor\\\/\",\"url\":\"https:\\\/\\\/new.fxware.pl\\\/de\\\/m1armor\\\/\",\"name\":\"M1 Armor - FXWare\",\"isPartOf\":{\"@id\":\"https:\\\/\\\/new.fxware.pl\\\/en\\\/#website\"},\"primaryImageOfPage\":{\"@id\":\"https:\\\/\\\/new.fxware.pl\\\/de\\\/m1armor\\\/#primaryimage\"},\"image\":{\"@id\":\"https:\\\/\\\/new.fxware.pl\\\/de\\\/m1armor\\\/#primaryimage\"},\"thumbnailUrl\":\"https:\\\/\\\/new.fxware.pl\\\/wp-content\\\/uploads\\\/2020\\\/01\\\/M1_armor_1200x628-768x402.png\",\"datePublished\":\"2020-01-19T17:22:59+00:00\",\"dateModified\":\"2023-08-08T23:05:09+00:00\",\"breadcrumb\":{\"@id\":\"https:\\\/\\\/new.fxware.pl\\\/de\\\/m1armor\\\/#breadcrumb\"},\"inLanguage\":\"en-GB\",\"potentialAction\":[{\"@type\":\"ReadAction\",\"target\":[\"https:\\\/\\\/new.fxware.pl\\\/de\\\/m1armor\\\/\"]}]},{\"@type\":\"ImageObject\",\"inLanguage\":\"en-GB\",\"@id\":\"https:\\\/\\\/new.fxware.pl\\\/de\\\/m1armor\\\/#primaryimage\",\"url\":\"https:\\\/\\\/new.fxware.pl\\\/wp-content\\\/uploads\\\/2020\\\/01\\\/M1_armor_1200x628-768x402.png\",\"contentUrl\":\"https:\\\/\\\/new.fxware.pl\\\/wp-content\\\/uploads\\\/2020\\\/01\\\/M1_armor_1200x628-768x402.png\"},{\"@type\":\"BreadcrumbList\",\"@id\":\"https:\\\/\\\/new.fxware.pl\\\/de\\\/m1armor\\\/#breadcrumb\",\"itemListElement\":[{\"@type\":\"ListItem\",\"position\":1,\"name\":\"Strona g\u0142\u00f3wna\",\"item\":\"https:\\\/\\\/new.fxware.pl\\\/\"},{\"@type\":\"ListItem\",\"position\":2,\"name\":\"M1 Armor\"}]},{\"@type\":\"WebSite\",\"@id\":\"https:\\\/\\\/new.fxware.pl\\\/en\\\/#website\",\"url\":\"https:\\\/\\\/new.fxware.pl\\\/en\\\/\",\"name\":\"FXWare\",\"description\":\"Rozwi\u0105zania dla Trader\u00f3w\",\"publisher\":{\"@id\":\"https:\\\/\\\/new.fxware.pl\\\/en\\\/#organization\"},\"potentialAction\":[{\"@type\":\"SearchAction\",\"target\":{\"@type\":\"EntryPoint\",\"urlTemplate\":\"https:\\\/\\\/new.fxware.pl\\\/en\\\/?s={search_term_string}\"},\"query-input\":{\"@type\":\"PropertyValueSpecification\",\"valueRequired\":true,\"valueName\":\"search_term_string\"}}],\"inLanguage\":\"en-GB\"},{\"@type\":\"Organization\",\"@id\":\"https:\\\/\\\/new.fxware.pl\\\/en\\\/#organization\",\"name\":\"FXWare - Rozwi\u0105zania Dla Inwestor\u00f3w\",\"url\":\"https:\\\/\\\/new.fxware.pl\\\/en\\\/\",\"logo\":{\"@type\":\"ImageObject\",\"inLanguage\":\"en-GB\",\"@id\":\"https:\\\/\\\/new.fxware.pl\\\/en\\\/#\\\/schema\\\/logo\\\/image\\\/\",\"url\":\"https:\\\/\\\/new.fxware.pl\\\/wp-content\\\/uploads\\\/2019\\\/07\\\/logo-ciemne-6-kwadrat-1024x1024.png\",\"contentUrl\":\"https:\\\/\\\/new.fxware.pl\\\/wp-content\\\/uploads\\\/2019\\\/07\\\/logo-ciemne-6-kwadrat-1024x1024.png\",\"width\":1024,\"height\":1024,\"caption\":\"FXWare - Rozwi\u0105zania Dla Inwestor\u00f3w\"},\"image\":{\"@id\":\"https:\\\/\\\/new.fxware.pl\\\/en\\\/#\\\/schema\\\/logo\\\/image\\\/\"},\"sameAs\":[\"https:\\\/\\\/facebook.com\\\/fxwarepl\\\/\",\"https:\\\/\\\/www.youtube.com\\\/channel\\\/UC8dWK9a2okrHo4Lu3x2H8pA\",\"https:\\\/\\\/instagram.com\\\/fxwarepl\"]}]}<\/script>\n<!-- \/ Yoast SEO plugin. -->","yoast_head_json":{"title":"M1 Armor - FXWare","robots":{"index":"index","follow":"follow","max-snippet":"max-snippet:-1","max-image-preview":"max-image-preview:large","max-video-preview":"max-video-preview:-1"},"canonical":"https:\/\/new.fxware.pl\/en\/de\/m1armor-2\/","og_locale":"en_GB","og_type":"article","og_title":"M1 Armor - FXWare","og_description":"M1 Armor to pakiet 2 wska\u017anik\u00f3w oraz skanera rynkowego wspomagaj\u0105cych handel intraday wg strategii Temeta Nosce, do\u015bwiadczonego tradera z wieloletnim sta\u017cem, lidera grupy\u00a0\u00a0M1 Trading Office \/\/ M1 Fund M1 Auto UHVA automatycznie wyznaczanie stref najwy\u017cszego obrotu \u2013 strefy dzia\u0142aj\u0105 jak silne wsparcia i opory w perspektywie intraday \u2013 przedzia\u0142y cenowe, w kt\u00f3rych handluj\u0105 najwi\u0119ksi gracze [&hellip;]","og_url":"https:\/\/new.fxware.pl\/en\/de\/m1armor-2\/","og_site_name":"FXWare","article_publisher":"https:\/\/facebook.com\/fxwarepl\/","article_modified_time":"2023-08-08T23:05:09+00:00","og_image":[{"url":"https:\/\/new.fxware.pl\/wp-content\/uploads\/2020\/01\/M1_armor_1200x628-768x402.png","type":"","width":"","height":""}],"twitter_card":"summary_large_image","schema":{"@context":"https:\/\/schema.org","@graph":[{"@type":"WebPage","@id":"https:\/\/new.fxware.pl\/de\/m1armor\/","url":"https:\/\/new.fxware.pl\/de\/m1armor\/","name":"M1 Armor - FXWare","isPartOf":{"@id":"https:\/\/new.fxware.pl\/en\/#website"},"primaryImageOfPage":{"@id":"https:\/\/new.fxware.pl\/de\/m1armor\/#primaryimage"},"image":{"@id":"https:\/\/new.fxware.pl\/de\/m1armor\/#primaryimage"},"thumbnailUrl":"https:\/\/new.fxware.pl\/wp-content\/uploads\/2020\/01\/M1_armor_1200x628-768x402.png","datePublished":"2020-01-19T17:22:59+00:00","dateModified":"2023-08-08T23:05:09+00:00","breadcrumb":{"@id":"https:\/\/new.fxware.pl\/de\/m1armor\/#breadcrumb"},"inLanguage":"en-GB","potentialAction":[{"@type":"ReadAction","target":["https:\/\/new.fxware.pl\/de\/m1armor\/"]}]},{"@type":"ImageObject","inLanguage":"en-GB","@id":"https:\/\/new.fxware.pl\/de\/m1armor\/#primaryimage","url":"https:\/\/new.fxware.pl\/wp-content\/uploads\/2020\/01\/M1_armor_1200x628-768x402.png","contentUrl":"https:\/\/new.fxware.pl\/wp-content\/uploads\/2020\/01\/M1_armor_1200x628-768x402.png"},{"@type":"BreadcrumbList","@id":"https:\/\/new.fxware.pl\/de\/m1armor\/#breadcrumb","itemListElement":[{"@type":"ListItem","position":1,"name":"Strona g\u0142\u00f3wna","item":"https:\/\/new.fxware.pl\/"},{"@type":"ListItem","position":2,"name":"M1 Armor"}]},{"@type":"WebSite","@id":"https:\/\/new.fxware.pl\/en\/#website","url":"https:\/\/new.fxware.pl\/en\/","name":"FXWare","description":"Solutions for Traders","publisher":{"@id":"https:\/\/new.fxware.pl\/en\/#organization"},"potentialAction":[{"@type":"SearchAction","target":{"@type":"EntryPoint","urlTemplate":"https:\/\/new.fxware.pl\/en\/?s={search_term_string}"},"query-input":{"@type":"PropertyValueSpecification","valueRequired":true,"valueName":"search_term_string"}}],"inLanguage":"en-GB"},{"@type":"Organization","@id":"https:\/\/new.fxware.pl\/en\/#organization","name":"FXWare - Solutions for Investors","url":"https:\/\/new.fxware.pl\/en\/","logo":{"@type":"ImageObject","inLanguage":"en-GB","@id":"https:\/\/new.fxware.pl\/en\/#\/schema\/logo\/image\/","url":"https:\/\/new.fxware.pl\/wp-content\/uploads\/2019\/07\/logo-ciemne-6-kwadrat-1024x1024.png","contentUrl":"https:\/\/new.fxware.pl\/wp-content\/uploads\/2019\/07\/logo-ciemne-6-kwadrat-1024x1024.png","width":1024,"height":1024,"caption":"FXWare - Rozwi\u0105zania Dla Inwestor\u00f3w"},"image":{"@id":"https:\/\/new.fxware.pl\/en\/#\/schema\/logo\/image\/"},"sameAs":["https:\/\/facebook.com\/fxwarepl\/","https:\/\/www.youtube.com\/channel\/UC8dWK9a2okrHo4Lu3x2H8pA","https:\/\/instagram.com\/fxwarepl"]}]}},"_links":{"self":[{"href":"https:\/\/new.fxware.pl\/en\/wp-json\/wp\/v2\/pages\/13705","targetHints":{"allow":["GET"]}}],"collection":[{"href":"https:\/\/new.fxware.pl\/en\/wp-json\/wp\/v2\/pages"}],"about":[{"href":"https:\/\/new.fxware.pl\/en\/wp-json\/wp\/v2\/types\/page"}],"author":[{"embeddable":true,"href":"https:\/\/new.fxware.pl\/en\/wp-json\/wp\/v2\/users\/3"}],"replies":[{"embeddable":true,"href":"https:\/\/new.fxware.pl\/en\/wp-json\/wp\/v2\/comments?post=13705"}],"version-history":[{"count":0,"href":"https:\/\/new.fxware.pl\/en\/wp-json\/wp\/v2\/pages\/13705\/revisions"}],"wp:attachment":[{"href":"https:\/\/new.fxware.pl\/en\/wp-json\/wp\/v2\/media?parent=13705"}],"curies":[{"name":"wp","href":"https:\/\/api.w.org\/{rel}","templated":true}]}}